{"id":2449,"date":"2011-08-23T01:24:52","date_gmt":"2011-08-22T23:24:52","guid":{"rendered":"http:\/\/museumek.eu\/?page_id=2449"},"modified":"2012-05-20T19:41:59","modified_gmt":"2012-05-20T17:41:59","slug":"fvii2","status":"publish","type":"page","link":"http:\/\/museumek.eu\/?page_id=2449","title":{"rendered":"F\/VII\/2"},"content":{"rendered":"<p><strong>Abteilung Frankreich, Keramik 1860 \u2013 1960, Inventarnummer F\/VII\/2<\/strong><\/p>\n<p>Manufaktur Soci\u00e8te Anonyme des Produits Ceramiques de Rambervillers (S.A.P.C.R), J.-B. A. Cyt\u00e8re, Frankreich, Rambervillers, um 1905, Taube als Buchst\u00fctze mit blau gr\u00fcner L\u00fcsterglasur, K\u00fcnstler A. Schneider, Werks.-Nr. 17, Exemplar Nr. ohne, gemarkt Pressstempel Unis France sowie A. Cytere, Rambervillers, nicht signiert, Ausf\u00fchrung in \u201eGr\u00e8s flamm\u00e9s, auf Silberbasis erzeugte L\u00fcsterglasur, nahmhafte Jugenstilk\u00fcnstler fertigten Entw\u00fcrfe f\u00fcr die Manufaktur z. B. Jacques Gruber, Charles Louis Eug\u00e8ne Virion und Louis Majorelle, Literatur: J. A. Schmoll genannt Eisenwerth und Helga Schmoll genannt Eisenwerth, Nancy 1900, Jugenstil in Lothringen, Ausstellung im M\u00fcnchner Stadtmuseum vom 28.08. bis 23.11. 1980, Seite 419, dort Manufakturbeschreibung, weitere Literatur: Ausstellung 21.08. \u2013 05.10. 1986, Hessisches Landesmuseum Darmstadt, Europ\u00e4ische Keramik 1880 \u2013 1930, Sammlung Silzer, Seite 154, Manufaktur dort beschrieben, siehe auch Quittenbaum, M\u00fcnchen, Auktionskatalog Seite 115, Auktion 03.05.2011, H\u00f6he 19 cm, Breite 18 cm<\/p>\n<p><a href=\"http:\/\/museumek.eu\/wp-content\/uploads\/2011\/08\/Museum-Europ\u00e4ischer-Keramikkunst-Qualit\u00e4tsfotos-355.jpg\"><img loading=\"lazy\" src=\"http:\/\/museumek.eu\/wp-content\/uploads\/2011\/08\/Museum-Europ\u00e4ischer-Keramikkunst-Qualit\u00e4tsfotos-355-190x300.jpg\" alt=\"\" title=\"Museum Europ\u00e4ischer Keramikkunst Qualit\u00e4tsfotos 355\" width=\"190\" height=\"300\" class=\"alignnone size-medium wp-image-2450\" srcset=\"http:\/\/museumek.eu\/wp-content\/uploads\/2011\/08\/Museum-Europ\u00e4ischer-Keramikkunst-Qualit\u00e4tsfotos-355-190x300.jpg 190w, http:\/\/museumek.eu\/wp-content\/uploads\/2011\/08\/Museum-Europ\u00e4ischer-Keramikkunst-Qualit\u00e4tsfotos-355.jpg 576w\" sizes=\"(max-width: 190px) 100vw, 190px\" \/><\/a><\/p>\n<p><a href=\"http:\/\/museumek.eu\/wp-content\/uploads\/2011\/08\/Museum-Europ\u00e4ischer-Keramikkunst-4891.jpg\"><img loading=\"lazy\" src=\"http:\/\/museumek.eu\/wp-content\/uploads\/2011\/08\/Museum-Europ\u00e4ischer-Keramikkunst-4891-300x156.jpg\" alt=\"\" title=\"Museum Europ\u00e4ischer Keramikkunst 489\" width=\"300\" height=\"156\" class=\"alignnone size-medium wp-image-2451\" srcset=\"http:\/\/museumek.eu\/wp-content\/uploads\/2011\/08\/Museum-Europ\u00e4ischer-Keramikkunst-4891-300x156.jpg 300w, http:\/\/museumek.eu\/wp-content\/uploads\/2011\/08\/Museum-Europ\u00e4ischer-Keramikkunst-4891-500x260.jpg 500w, http:\/\/museumek.eu\/wp-content\/uploads\/2011\/08\/Museum-Europ\u00e4ischer-Keramikkunst-4891.jpg 991w\" sizes=\"(max-width: 300px) 100vw, 300px\" \/><\/a><\/p>\n<p><a href=\"http:\/\/museumek.eu\/wp-content\/uploads\/2011\/08\/Taube-Cytere.jpg\"><img loading=\"lazy\" src=\"http:\/\/museumek.eu\/wp-content\/uploads\/2011\/08\/Taube-Cytere-237x300.jpg\" alt=\"\" title=\"Taube Cytere\" width=\"237\" height=\"300\" class=\"alignnone size-medium wp-image-2461\" srcset=\"http:\/\/museumek.eu\/wp-content\/uploads\/2011\/08\/Taube-Cytere-237x300.jpg 237w, http:\/\/museumek.eu\/wp-content\/uploads\/2011\/08\/Taube-Cytere.jpg 455w\" sizes=\"(max-width: 237px) 100vw, 237px\" \/><\/a><\/p>\n","protected":false},"excerpt":{"rendered":"<p>Abteilung Frankreich, Keramik 1860 \u2013 1960, Inventarnummer F\/VII\/2 Manufaktur Soci\u00e8te Anonyme des Produits Ceramiques de Rambervillers (S.A.P.C.R), J.-B. A. Cyt\u00e8re, Frankreich, Rambervillers, um 1905, Taube als Buchst\u00fctze mit blau gr\u00fcner L\u00fcsterglasur, K\u00fcnstler A. Schneider, Werks.-Nr. 17, Exemplar Nr. ohne, gemarkt &hellip; <a href=\"http:\/\/museumek.eu\/?page_id=2449\">Weiterlesen <span class=\"meta-nav\">&rarr;<\/span><\/a><\/p>\n","protected":false},"author":1,"featured_media":0,"parent":2438,"menu_order":2,"comment_status":"open","ping_status":"open","template":"","meta":[],"_links":{"self":[{"href":"http:\/\/museumek.eu\/index.php?rest_route=\/wp\/v2\/pages\/2449"}],"collection":[{"href":"http:\/\/museumek.eu\/index.php?rest_route=\/wp\/v2\/pages"}],"about":[{"href":"http:\/\/museumek.eu\/index.php?rest_route=\/wp\/v2\/types\/page"}],"author":[{"embeddable":true,"href":"http:\/\/museumek.eu\/index.php?rest_route=\/wp\/v2\/users\/1"}],"replies":[{"embeddable":true,"href":"http:\/\/museumek.eu\/index.php?rest_route=%2Fwp%2Fv2%2Fcomments&post=2449"}],"version-history":[{"count":6,"href":"http:\/\/museumek.eu\/index.php?rest_route=\/wp\/v2\/pages\/2449\/revisions"}],"predecessor-version":[{"id":9792,"href":"http:\/\/museumek.eu\/index.php?rest_route=\/wp\/v2\/pages\/2449\/revisions\/9792"}],"up":[{"embeddable":true,"href":"http:\/\/museumek.eu\/index.php?rest_route=\/wp\/v2\/pages\/2438"}],"wp:attachment":[{"href":"http:\/\/museumek.eu\/index.php?rest_route=%2Fwp%2Fv2%2Fmedia&parent=2449"}],"curies":[{"name":"wp","href":"https:\/\/api.w.org\/{rel}","templated":true}]}}