{"id":24492,"date":"2013-07-08T23:10:13","date_gmt":"2013-07-08T21:10:13","guid":{"rendered":"http:\/\/museumek.eu\/?page_id=24492"},"modified":"2013-07-08T23:10:13","modified_gmt":"2013-07-08T21:10:13","slug":"fotos-und-beschreibung","status":"publish","type":"page","link":"http:\/\/museumek.eu\/?page_id=24492","title":{"rendered":"Fotos und Beschreibung"},"content":{"rendered":"<p><strong>Abteilung Frankreich, Keramik 1860 \u2013 1960, Inventarnummer F\/XLIX\/1<\/strong><\/p>\n<p>Faiencerie de Gien, Frankreich, Gien, Teller, 1900 &#8211; 1920, K\u00fcnstler unbekannt, Werksnummer ohne, Exemplar Nr. ohne, gemarkt Firmenmarke Krone mit T\u00fcrmen, darunter Wappen mit T\u00fcrmen umlaufend beschriftet mit Porcelaine Opaque De Gien brauner Stempel unter Glasur (g\u00fcltig f\u00fcr die Zeit von 1886 \u2013 1938), nicht signiert, die Fabrik wurde 1821 vom Engl\u00e4nder Thomas Edme Hulm (wohl gerufener oder ge\u00e4nderter Nachname Hall) gegr\u00fcndet und wechselte in ihrer rund 200 j\u00e4hrigen Geschichte \u00f6fter den Besitzer, sie erhielt Auszeichnungen auf Weltausstellungen und stattet unter anderem die Pariser Metro mit Fliesen aus, Durchmesser 20 cm<\/p>\n<p><a href=\"http:\/\/museumek.eu\/?attachment_id=24482\" rel=\"attachment wp-att-24482\"><img loading=\"lazy\" src=\"http:\/\/museumek.eu\/wp-content\/uploads\/2013\/07\/Museum-Europ\u00e4ischer-Keramikkunst-2703-300x298.jpg\" alt=\"\" title=\"Museum Europ\u00e4ischer Keramikkunst 2703\" width=\"300\" height=\"298\" class=\"alignnone size-medium wp-image-24482\" srcset=\"http:\/\/museumek.eu\/wp-content\/uploads\/2013\/07\/Museum-Europ\u00e4ischer-Keramikkunst-2703-300x298.jpg 300w, http:\/\/museumek.eu\/wp-content\/uploads\/2013\/07\/Museum-Europ\u00e4ischer-Keramikkunst-2703-150x150.jpg 150w, http:\/\/museumek.eu\/wp-content\/uploads\/2013\/07\/Museum-Europ\u00e4ischer-Keramikkunst-2703-301x300.jpg 301w, http:\/\/museumek.eu\/wp-content\/uploads\/2013\/07\/Museum-Europ\u00e4ischer-Keramikkunst-2703.jpg 735w\" sizes=\"(max-width: 300px) 100vw, 300px\" \/><\/a><\/p>\n<p><a href=\"http:\/\/museumek.eu\/?attachment_id=24483\" rel=\"attachment wp-att-24483\"><img loading=\"lazy\" src=\"http:\/\/museumek.eu\/wp-content\/uploads\/2013\/07\/Museum-Europ\u00e4ischer-Keramikkunst-2704-225x300.jpg\" alt=\"\" title=\"Museum Europ\u00e4ischer Keramikkunst 2704\" width=\"225\" height=\"300\" class=\"alignnone size-medium wp-image-24483\" srcset=\"http:\/\/museumek.eu\/wp-content\/uploads\/2013\/07\/Museum-Europ\u00e4ischer-Keramikkunst-2704-225x300.jpg 225w, http:\/\/museumek.eu\/wp-content\/uploads\/2013\/07\/Museum-Europ\u00e4ischer-Keramikkunst-2704-112x150.jpg 112w, http:\/\/museumek.eu\/wp-content\/uploads\/2013\/07\/Museum-Europ\u00e4ischer-Keramikkunst-2704.jpg 768w\" sizes=\"(max-width: 225px) 100vw, 225px\" \/><\/a><\/p>\n<p><a href=\"http:\/\/museumek.eu\/?attachment_id=24484\" rel=\"attachment wp-att-24484\"><img loading=\"lazy\" src=\"http:\/\/museumek.eu\/wp-content\/uploads\/2013\/07\/Museum-Europ\u00e4ischer-Keramikkunst-2705-217x300.jpg\" alt=\"\" title=\"Museum Europ\u00e4ischer Keramikkunst 2705\" width=\"217\" height=\"300\" class=\"alignnone size-medium wp-image-24484\" srcset=\"http:\/\/museumek.eu\/wp-content\/uploads\/2013\/07\/Museum-Europ\u00e4ischer-Keramikkunst-2705-217x300.jpg 217w, http:\/\/museumek.eu\/wp-content\/uploads\/2013\/07\/Museum-Europ\u00e4ischer-Keramikkunst-2705-108x150.jpg 108w, http:\/\/museumek.eu\/wp-content\/uploads\/2013\/07\/Museum-Europ\u00e4ischer-Keramikkunst-2705.jpg 266w\" sizes=\"(max-width: 217px) 100vw, 217px\" \/><\/a><\/p>\n","protected":false},"excerpt":{"rendered":"<p>Abteilung Frankreich, Keramik 1860 \u2013 1960, Inventarnummer F\/XLIX\/1 Faiencerie de Gien, Frankreich, Gien, Teller, 1900 &#8211; 1920, K\u00fcnstler unbekannt, Werksnummer ohne, Exemplar Nr. ohne, gemarkt Firmenmarke Krone mit T\u00fcrmen, darunter Wappen mit T\u00fcrmen umlaufend beschriftet mit Porcelaine Opaque De Gien &hellip; <a href=\"http:\/\/museumek.eu\/?page_id=24492\">Weiterlesen <span class=\"meta-nav\">&rarr;<\/span><\/a><\/p>\n","protected":false},"author":1,"featured_media":0,"parent":24489,"menu_order":1,"comment_status":"closed","ping_status":"open","template":"","meta":[],"_links":{"self":[{"href":"http:\/\/museumek.eu\/index.php?rest_route=\/wp\/v2\/pages\/24492"}],"collection":[{"href":"http:\/\/museumek.eu\/index.php?rest_route=\/wp\/v2\/pages"}],"about":[{"href":"http:\/\/museumek.eu\/index.php?rest_route=\/wp\/v2\/types\/page"}],"author":[{"embeddable":true,"href":"http:\/\/museumek.eu\/index.php?rest_route=\/wp\/v2\/users\/1"}],"replies":[{"embeddable":true,"href":"http:\/\/museumek.eu\/index.php?rest_route=%2Fwp%2Fv2%2Fcomments&post=24492"}],"version-history":[{"count":4,"href":"http:\/\/museumek.eu\/index.php?rest_route=\/wp\/v2\/pages\/24492\/revisions"}],"predecessor-version":[{"id":24496,"href":"http:\/\/museumek.eu\/index.php?rest_route=\/wp\/v2\/pages\/24492\/revisions\/24496"}],"up":[{"embeddable":true,"href":"http:\/\/museumek.eu\/index.php?rest_route=\/wp\/v2\/pages\/24489"}],"wp:attachment":[{"href":"http:\/\/museumek.eu\/index.php?rest_route=%2Fwp%2Fv2%2Fmedia&parent=24492"}],"curies":[{"name":"wp","href":"https:\/\/api.w.org\/{rel}","templated":true}]}}