{"id":24527,"date":"2013-07-08T23:27:49","date_gmt":"2013-07-08T21:27:49","guid":{"rendered":"http:\/\/museumek.eu\/?page_id=24527"},"modified":"2013-07-08T23:27:49","modified_gmt":"2013-07-08T21:27:49","slug":"fotos-und-beschreibung","status":"publish","type":"page","link":"http:\/\/museumek.eu\/?page_id=24527","title":{"rendered":"Fotos und Beschreibung"},"content":{"rendered":"<p><strong>Abteilung Frankreich, Keramik 1860 \u2013 1960, Inventarnummer F\/L\/1<\/strong><\/p>\n<p>Paul Blot, Frankreich, Paris, Teller, 1901, K\u00fcnstler unbekannt, Werksnummer ohne, Exemplar Nr. ohne, gemarkt Paul Blot 3 rue de la paix Paris rot auf Glasur gemalt, nicht signiert, \u00fcber Paul Blot konnte nichts wesentliches recherchiert werden, vermutlich handelt es sich um einen Editeur d\u2019Art, ein Handelshaus oder eine Porzellanmalerei, der F\u00fcrstenhut entspricht wohl dem des Reichsf\u00fcrsten Graf Henckel von Donnersmark, WSF konnte nicht gedeutet werden, folgende Deutung ist m\u00f6glich, \u00fcber seine Ehefrau bekannt als Marquise de Paiva (vormals eine bedeutende Kurtisane mit b\u00fcrgerlichen Namen Esther Lachmann, die einen portugiesischen Adligen in erster Ehe heiratete) besteht eine Verbindung zu Donnersmarck und Paris, f\u00fcr seine Frau baute er in Paris das Hotel de la Paiva, das wohl auch nach dem Tode seiner Frau im Besitz von Donnersmarck blieb, 1901 wurde Donnersmarck durch Kaiser Wilhelm II in den F\u00fcrstenstand erhoben, vielleicht ist dieser Teller Teil eines Auftragsservice f\u00fcr Feierlichkeiten anl\u00e4\u00dflich der Erhebung in den F\u00fcrstenstand des Grafen Donnersmarck im eigenen Hotel in Paris, insofern l\u00e4\u00dft sich evtl. das W der verschlungenen Buchstaben WSF f\u00fcr Kaiser Wilhelm II deuten, Durchmesser 26 cm<\/p>\n<p><a href=\"http:\/\/museumek.eu\/?attachment_id=24518\" rel=\"attachment wp-att-24518\"><img loading=\"lazy\" src=\"http:\/\/museumek.eu\/wp-content\/uploads\/2013\/07\/Museum-Europ\u00e4ischer-Keramikkunst-2442-300x295.jpg\" alt=\"\" title=\"Museum Europ\u00e4ischer Keramikkunst 2442\" width=\"300\" height=\"295\" class=\"alignnone size-medium wp-image-24518\" srcset=\"http:\/\/museumek.eu\/wp-content\/uploads\/2013\/07\/Museum-Europ\u00e4ischer-Keramikkunst-2442-300x295.jpg 300w, http:\/\/museumek.eu\/wp-content\/uploads\/2013\/07\/Museum-Europ\u00e4ischer-Keramikkunst-2442-150x147.jpg 150w, http:\/\/museumek.eu\/wp-content\/uploads\/2013\/07\/Museum-Europ\u00e4ischer-Keramikkunst-2442-304x300.jpg 304w, http:\/\/museumek.eu\/wp-content\/uploads\/2013\/07\/Museum-Europ\u00e4ischer-Keramikkunst-2442.jpg 752w\" sizes=\"(max-width: 300px) 100vw, 300px\" \/><\/a><\/p>\n<p><a href=\"http:\/\/museumek.eu\/?attachment_id=24519\" rel=\"attachment wp-att-24519\"><img loading=\"lazy\" src=\"http:\/\/museumek.eu\/wp-content\/uploads\/2013\/07\/Museum-Europ\u00e4ischer-Keramikkunst-2443-300x189.jpg\" alt=\"\" title=\"Museum Europ\u00e4ischer Keramikkunst 2443\" width=\"300\" height=\"189\" class=\"alignnone size-medium wp-image-24519\" srcset=\"http:\/\/museumek.eu\/wp-content\/uploads\/2013\/07\/Museum-Europ\u00e4ischer-Keramikkunst-2443-300x189.jpg 300w, http:\/\/museumek.eu\/wp-content\/uploads\/2013\/07\/Museum-Europ\u00e4ischer-Keramikkunst-2443-150x94.jpg 150w, http:\/\/museumek.eu\/wp-content\/uploads\/2013\/07\/Museum-Europ\u00e4ischer-Keramikkunst-2443.jpg 433w\" sizes=\"(max-width: 300px) 100vw, 300px\" \/><\/a><\/p>\n","protected":false},"excerpt":{"rendered":"<p>Abteilung Frankreich, Keramik 1860 \u2013 1960, Inventarnummer F\/L\/1 Paul Blot, Frankreich, Paris, Teller, 1901, K\u00fcnstler unbekannt, Werksnummer ohne, Exemplar Nr. ohne, gemarkt Paul Blot 3 rue de la paix Paris rot auf Glasur gemalt, nicht signiert, \u00fcber Paul Blot konnte &hellip; <a href=\"http:\/\/museumek.eu\/?page_id=24527\">Weiterlesen <span class=\"meta-nav\">&rarr;<\/span><\/a><\/p>\n","protected":false},"author":1,"featured_media":0,"parent":24524,"menu_order":1,"comment_status":"closed","ping_status":"open","template":"","meta":[],"_links":{"self":[{"href":"http:\/\/museumek.eu\/index.php?rest_route=\/wp\/v2\/pages\/24527"}],"collection":[{"href":"http:\/\/museumek.eu\/index.php?rest_route=\/wp\/v2\/pages"}],"about":[{"href":"http:\/\/museumek.eu\/index.php?rest_route=\/wp\/v2\/types\/page"}],"author":[{"embeddable":true,"href":"http:\/\/museumek.eu\/index.php?rest_route=\/wp\/v2\/users\/1"}],"replies":[{"embeddable":true,"href":"http:\/\/museumek.eu\/index.php?rest_route=%2Fwp%2Fv2%2Fcomments&post=24527"}],"version-history":[{"count":4,"href":"http:\/\/museumek.eu\/index.php?rest_route=\/wp\/v2\/pages\/24527\/revisions"}],"predecessor-version":[{"id":24531,"href":"http:\/\/museumek.eu\/index.php?rest_route=\/wp\/v2\/pages\/24527\/revisions\/24531"}],"up":[{"embeddable":true,"href":"http:\/\/museumek.eu\/index.php?rest_route=\/wp\/v2\/pages\/24524"}],"wp:attachment":[{"href":"http:\/\/museumek.eu\/index.php?rest_route=%2Fwp%2Fv2%2Fmedia&parent=24527"}],"curies":[{"name":"wp","href":"https:\/\/api.w.org\/{rel}","templated":true}]}}