{"id":2455,"date":"2011-08-23T01:29:55","date_gmt":"2011-08-22T23:29:55","guid":{"rendered":"http:\/\/museumek.eu\/?page_id=2455"},"modified":"2012-05-20T19:43:05","modified_gmt":"2012-05-20T17:43:05","slug":"fvii3","status":"publish","type":"page","link":"http:\/\/museumek.eu\/?page_id=2455","title":{"rendered":"F\/VII\/3"},"content":{"rendered":"<p><strong>Abteilung Frankreich, Keramik 1860 \u2013 1960, Inventarnummer F\/VII\/3<\/strong><\/p>\n<p>Manufaktur Soci\u00e8te Anonyme des Produits Ceramiques de Rambervillers (S.A.P.C.R),<br \/>\nJ.-B. A. Cyt\u00e8re, Frankreich, Rambervillers, um 1903, Vase mit L\u00fcsterglasur, K\u00fcnstler Jean-Baptiste Alphonse Cyt\u00e8re, Werks.-Nr. 17, Exemplar Nr. ohne, gemarkt Pressstempel Unis France sowie A. Cytere, nicht signiert, Ausf\u00fchrung in \u201eGr\u00e8s flamm\u00e9s, auf Silberbasis erzeugte L\u00fcsterglasur, nahmhafte Jugenstilk\u00fcnstler fertigten Entw\u00fcrfe f\u00fcr die Manufaktur z. B. Jacques Gruber, Charles Louis Eug\u00e8ne Virion und Louis Majorelle, Literatur: J. A. Schmoll genannt Eisenwerth und Helga Schmoll genannt Eisenwerth, Nancy 1900, Jugenstil in Lothringen, Ausstellung im M\u00fcnchner Stadtmuseum vom 28.08. bis 23.11. 1980, Seite 419, dort Manufakturbeschreibung, weitere Literatur: Ausstellung 21.08. \u2013 05.10. 1986, Hessisches Landesmuseum Darmstadt, Europ\u00e4ische Keramik 1880 \u2013 1930, Sammlung Silzer, Seite 154, Manufaktur dort beschrieben, H\u00f6he 33 cm, Breite 12 cm<\/p>\n<p><a href=\"http:\/\/museumek.eu\/wp-content\/uploads\/2011\/08\/Museum-Europ\u00e4ischer-Keramikkunst-Qualit\u00e4tsfotos-357.jpg\"><img loading=\"lazy\" src=\"http:\/\/museumek.eu\/wp-content\/uploads\/2011\/08\/Museum-Europ\u00e4ischer-Keramikkunst-Qualit\u00e4tsfotos-357-120x300.jpg\" alt=\"\" title=\"Museum Europ\u00e4ischer Keramikkunst Qualit\u00e4tsfotos 357\" width=\"120\" height=\"300\" class=\"alignnone size-medium wp-image-2456\" srcset=\"http:\/\/museumek.eu\/wp-content\/uploads\/2011\/08\/Museum-Europ\u00e4ischer-Keramikkunst-Qualit\u00e4tsfotos-357-120x300.jpg 120w, http:\/\/museumek.eu\/wp-content\/uploads\/2011\/08\/Museum-Europ\u00e4ischer-Keramikkunst-Qualit\u00e4tsfotos-357.jpg 393w\" sizes=\"(max-width: 120px) 100vw, 120px\" \/><\/a><\/p>\n<p><a href=\"http:\/\/museumek.eu\/wp-content\/uploads\/2011\/08\/Museum-Europ\u00e4ischer-Keramikkunst-716.jpg\"><img loading=\"lazy\" src=\"http:\/\/museumek.eu\/wp-content\/uploads\/2011\/08\/Museum-Europ\u00e4ischer-Keramikkunst-716-248x300.jpg\" alt=\"\" title=\"Museum Europ\u00e4ischer Keramikkunst 716\" width=\"248\" height=\"300\" class=\"alignnone size-medium wp-image-2457\" srcset=\"http:\/\/museumek.eu\/wp-content\/uploads\/2011\/08\/Museum-Europ\u00e4ischer-Keramikkunst-716-248x300.jpg 248w, http:\/\/museumek.eu\/wp-content\/uploads\/2011\/08\/Museum-Europ\u00e4ischer-Keramikkunst-716.jpg 520w\" sizes=\"(max-width: 248px) 100vw, 248px\" \/><\/a><\/p>\n","protected":false},"excerpt":{"rendered":"<p>Abteilung Frankreich, Keramik 1860 \u2013 1960, Inventarnummer F\/VII\/3 Manufaktur Soci\u00e8te Anonyme des Produits Ceramiques de Rambervillers (S.A.P.C.R), J.-B. A. Cyt\u00e8re, Frankreich, Rambervillers, um 1903, Vase mit L\u00fcsterglasur, K\u00fcnstler Jean-Baptiste Alphonse Cyt\u00e8re, Werks.-Nr. 17, Exemplar Nr. ohne, gemarkt Pressstempel Unis France &hellip; <a href=\"http:\/\/museumek.eu\/?page_id=2455\">Weiterlesen <span class=\"meta-nav\">&rarr;<\/span><\/a><\/p>\n","protected":false},"author":1,"featured_media":0,"parent":2438,"menu_order":3,"comment_status":"closed","ping_status":"closed","template":"","meta":[],"_links":{"self":[{"href":"http:\/\/museumek.eu\/index.php?rest_route=\/wp\/v2\/pages\/2455"}],"collection":[{"href":"http:\/\/museumek.eu\/index.php?rest_route=\/wp\/v2\/pages"}],"about":[{"href":"http:\/\/museumek.eu\/index.php?rest_route=\/wp\/v2\/types\/page"}],"author":[{"embeddable":true,"href":"http:\/\/museumek.eu\/index.php?rest_route=\/wp\/v2\/users\/1"}],"replies":[{"embeddable":true,"href":"http:\/\/museumek.eu\/index.php?rest_route=%2Fwp%2Fv2%2Fcomments&post=2455"}],"version-history":[{"count":4,"href":"http:\/\/museumek.eu\/index.php?rest_route=\/wp\/v2\/pages\/2455\/revisions"}],"predecessor-version":[{"id":9793,"href":"http:\/\/museumek.eu\/index.php?rest_route=\/wp\/v2\/pages\/2455\/revisions\/9793"}],"up":[{"embeddable":true,"href":"http:\/\/museumek.eu\/index.php?rest_route=\/wp\/v2\/pages\/2438"}],"wp:attachment":[{"href":"http:\/\/museumek.eu\/index.php?rest_route=%2Fwp%2Fv2%2Fmedia&parent=2455"}],"curies":[{"name":"wp","href":"https:\/\/api.w.org\/{rel}","templated":true}]}}