{"id":24613,"date":"2013-07-10T14:57:30","date_gmt":"2013-07-10T12:57:30","guid":{"rendered":"http:\/\/museumek.eu\/?page_id=24613"},"modified":"2021-01-30T18:37:38","modified_gmt":"2021-01-30T17:37:38","slug":"diii5","status":"publish","type":"page","link":"http:\/\/museumek.eu\/?page_id=24613","title":{"rendered":"D\/III\/5"},"content":{"rendered":"<p><strong>Abteilung Deutschland, Keramik 1860 \u2013 1960, Inventarnummer D\/III\/5<\/strong><\/p>\n<p>Porzellanfabrik Zeh, Scherzer &#038; Cie. und Nachfolger Zeh, Scherzer &#038; Cie. AG, Deutschland, Rehau, 1930 &#8211; 1945, Teller, K\u00fcnstler unbekannt, Werks.-Nr. 2554 (Dekornummer), Exemplar Nr. ohne, gemarkt Firmenmarke mit Krone, ZehScherzer, Bavaria (Marke f\u00fcr die Zeit von 1930 bis 1945) gr\u00fcner Stempel unter Glasur, 2554 sowie 46 in Gold auf Glasur gemalt, nicht signiert, Literatur: J. G. Th. Graesse und E. Jaenicke, F\u00fchrer f\u00fcr Sammler von Porzellan und Fayence, Steinzeug, Steingut usw., Seite 503, Marke Nr. 1 identisch, weitere Literatur: Emanuel Poche, Porzellanmarken aus aller Welt, Marke 1725 identisch, weitere Literatur Gustav Wei\u00df, Ullstein Porzellanbuch, Seite 297, Marke Nr. 1 identisch, die Fabrik wurde am 02.11.1880 von einem Konsortium gegr\u00fcndet, die Gr\u00fcndungmitglieder waren: Johann Michael Scherzer jun., Georg Adam Winterling, Johan Nicol. Jakob jun., Hans Zeh, Johann-Andreas Karl W\u00f6lfel, Johann Paulus Hertel, Josef Zapf, Ernst W\u00f6lfel und Nicol. W\u00f6lfel, es wurde \u00fcberwiegend in die USA exportiert, dort erfolgte die Einfuhr \u00fcber den Hauptabnehmer Borgfeldt &#038; Co. New York, Firmierung als Porzellanfabrik Zeh, Scherzer &#038; Cie., 1910 erfolgte die Umwandlung in eine AG, Firmierung nun Zeh, Scherzer &#038; Cie. AG, die Fabrik bestand \u00fcber 100 Jahre, weitere Teile des Service siehe MEK D\/III\/6 bis MEK D\/III\/10, Durchmesser 28,5 cm<\/p>\n<p><a href=\"http:\/\/museumek.eu\/?attachment_id=24614\" rel=\"attachment wp-att-24614\"><img loading=\"lazy\" src=\"http:\/\/museumek.eu\/wp-content\/uploads\/2013\/07\/Museum-Europ\u00e4ischer-Keramikkunst-3666-300x286.jpg\" alt=\"\" title=\"Museum Europ\u00e4ischer Keramikkunst 3666\" width=\"300\" height=\"286\" class=\"alignnone size-medium wp-image-24614\" srcset=\"http:\/\/museumek.eu\/wp-content\/uploads\/2013\/07\/Museum-Europ\u00e4ischer-Keramikkunst-3666-300x286.jpg 300w, http:\/\/museumek.eu\/wp-content\/uploads\/2013\/07\/Museum-Europ\u00e4ischer-Keramikkunst-3666-150x143.jpg 150w, http:\/\/museumek.eu\/wp-content\/uploads\/2013\/07\/Museum-Europ\u00e4ischer-Keramikkunst-3666.jpg 756w\" sizes=\"(max-width: 300px) 100vw, 300px\" \/><\/a><\/p>\n<p><a href=\"http:\/\/museumek.eu\/?attachment_id=24619\" rel=\"attachment wp-att-24619\"><img loading=\"lazy\" src=\"http:\/\/museumek.eu\/wp-content\/uploads\/2013\/07\/Museum-Europ\u00e4ischer-Keramikkunst-3667-243x300.jpg\" alt=\"\" title=\"Museum Europ\u00e4ischer Keramikkunst 3667\" width=\"243\" height=\"300\" class=\"alignnone size-medium wp-image-24619\" srcset=\"http:\/\/museumek.eu\/wp-content\/uploads\/2013\/07\/Museum-Europ\u00e4ischer-Keramikkunst-3667-243x300.jpg 243w, http:\/\/museumek.eu\/wp-content\/uploads\/2013\/07\/Museum-Europ\u00e4ischer-Keramikkunst-3667-121x150.jpg 121w, http:\/\/museumek.eu\/wp-content\/uploads\/2013\/07\/Museum-Europ\u00e4ischer-Keramikkunst-3667.jpg 261w\" sizes=\"(max-width: 243px) 100vw, 243px\" \/><\/a><\/p>\n<p><a href=\"http:\/\/museumek.eu\/?attachment_id=24623\" rel=\"attachment wp-att-24623\"><img loading=\"lazy\" src=\"http:\/\/museumek.eu\/wp-content\/uploads\/2013\/07\/Museum-Europ\u00e4ischer-Keramikkunst-36681-300x165.jpg\" alt=\"\" title=\"Museum Europ\u00e4ischer Keramikkunst 3668\" width=\"300\" height=\"165\" class=\"alignnone size-medium wp-image-24623\" srcset=\"http:\/\/museumek.eu\/wp-content\/uploads\/2013\/07\/Museum-Europ\u00e4ischer-Keramikkunst-36681-300x165.jpg 300w, http:\/\/museumek.eu\/wp-content\/uploads\/2013\/07\/Museum-Europ\u00e4ischer-Keramikkunst-36681-150x82.jpg 150w, http:\/\/museumek.eu\/wp-content\/uploads\/2013\/07\/Museum-Europ\u00e4ischer-Keramikkunst-36681.jpg 381w\" sizes=\"(max-width: 300px) 100vw, 300px\" \/><\/a><\/p>\n","protected":false},"excerpt":{"rendered":"<p>Abteilung Deutschland, Keramik 1860 \u2013 1960, Inventarnummer D\/III\/5 Porzellanfabrik Zeh, Scherzer &#038; Cie. und Nachfolger Zeh, Scherzer &#038; Cie. AG, Deutschland, Rehau, 1930 &#8211; 1945, Teller, K\u00fcnstler unbekannt, Werks.-Nr. 2554 (Dekornummer), Exemplar Nr. ohne, gemarkt Firmenmarke mit Krone, ZehScherzer, Bavaria &hellip; <a href=\"http:\/\/museumek.eu\/?page_id=24613\">Weiterlesen <span class=\"meta-nav\">&rarr;<\/span><\/a><\/p>\n","protected":false},"author":1,"featured_media":0,"parent":1875,"menu_order":5,"comment_status":"closed","ping_status":"open","template":"","meta":[],"_links":{"self":[{"href":"http:\/\/museumek.eu\/index.php?rest_route=\/wp\/v2\/pages\/24613"}],"collection":[{"href":"http:\/\/museumek.eu\/index.php?rest_route=\/wp\/v2\/pages"}],"about":[{"href":"http:\/\/museumek.eu\/index.php?rest_route=\/wp\/v2\/types\/page"}],"author":[{"embeddable":true,"href":"http:\/\/museumek.eu\/index.php?rest_route=\/wp\/v2\/users\/1"}],"replies":[{"embeddable":true,"href":"http:\/\/museumek.eu\/index.php?rest_route=%2Fwp%2Fv2%2Fcomments&post=24613"}],"version-history":[{"count":10,"href":"http:\/\/museumek.eu\/index.php?rest_route=\/wp\/v2\/pages\/24613\/revisions"}],"predecessor-version":[{"id":52863,"href":"http:\/\/museumek.eu\/index.php?rest_route=\/wp\/v2\/pages\/24613\/revisions\/52863"}],"up":[{"embeddable":true,"href":"http:\/\/museumek.eu\/index.php?rest_route=\/wp\/v2\/pages\/1875"}],"wp:attachment":[{"href":"http:\/\/museumek.eu\/index.php?rest_route=%2Fwp%2Fv2%2Fmedia&parent=24613"}],"curies":[{"name":"wp","href":"https:\/\/api.w.org\/{rel}","templated":true}]}}