{"id":24668,"date":"2013-07-10T15:31:16","date_gmt":"2013-07-10T13:31:16","guid":{"rendered":"http:\/\/museumek.eu\/?page_id=24668"},"modified":"2021-01-30T18:34:22","modified_gmt":"2021-01-30T17:34:22","slug":"diii10","status":"publish","type":"page","link":"http:\/\/museumek.eu\/?page_id=24668","title":{"rendered":"D\/III\/10"},"content":{"rendered":"<p><strong>Abteilung Deutschland, Keramik 1860 \u2013 1960, Inventarnummer D\/III\/10<\/strong><\/p>\n<p>Porzellanfabrik Zeh, Scherzer &#038; Cie. und Nachfolger Zeh, Scherzer &#038; Cie. AG, Deutschland, Rehau, um 1930, Teller, K\u00fcnstler unbekannt, Werks.-Nr. 2554 (Dekornummer), Exemplar Nr. ohne, gemarkt Firmenmarke mit Krone, Zeh Scherzer, Bavaria gr\u00fcner Stempel unter Glasur, 2554 sowie 46 in Gold auf Glasur gemalt, nicht signiert, Literatur: J. G. Th. Graesse und E. Jaenicke, F\u00fchrer f\u00fcr Sammler von Porzellan und Fayence, Steinzeug, Steingut usw., Seite 503, Marke Nr. 1 identisch, weitere Literatur: Emanuel Poche, Porzellanmarken aus aller Welt, Marke 1725 identisch, weitere Literatur Gustav Wei\u00df, Ullstein Porzellanbuch, Seite 297, Marke Nr. 1 identisch, weitere Literatur: Dieter Z\u00fchlsdorff, Markenlexikon Band 1, Porzellan und Keramik Report 1885 &#8211; 1935, Seite 205, Werk-Teil Nr. 1., Gruppennummer des Werkteils 2., laufende Nummer innerhalb der Gruppe 2083, identische Marke (dort f\u00fcr die Zeit 1927 bis 1935) sowie Seite 592, Werk-Teil 3., laufende Nummer des Werkteils 1053, dort Fabrikbeschreibung, weitere Literatur: Robert E. R\u00f6ntgen, Deutsche Porzellanmarken von 1710 bis heute, Seite 287, Marke Nr. 2239 identisch (dort f\u00fcr die Zeit 1930 bis ca. 1945, Anm. MEK: das folgt Z\u00fchlsdorff, bez\u00fcglich der Datierung der Marke), die Fabrik wurde am 02.11.1880 von einem Konsortium gegr\u00fcndet, die Gr\u00fcndungmitglieder waren: Johann Michael Scherzer jun., Georg Adam Winterling, Johan Nicol. Jakob jun., Hans Zeh, Johann-Andreas Karl W\u00f6lfel, Johann Paulus Hertel, Josef Zapf, Ernst W\u00f6lfel und Nicol. W\u00f6lfel, es wurde \u00fcberwiegend in die USA exportiert, dort erfolgte die Einfuhr \u00fcber den Hauptabnehmer Borgfeldt &#038; Co. New York, Firmierung als Porzellanfabrik Zeh, Scherzer &#038; Cie., 1910 erfolgte die Umwandlung in eine AG, Firmierung nun Zeh, Scherzer &#038; Cie. AG, die Fabrik bestand \u00fcber 100 Jahre, weitere Teile des Service siehe MEK D\/III\/5 bis MEK D\/III\/9, Durchmesser 20 cm<\/p>\n<p><a href=\"http:\/\/museumek.eu\/?attachment_id=24669\" rel=\"attachment wp-att-24669\"><img loading=\"lazy\" src=\"http:\/\/museumek.eu\/wp-content\/uploads\/2013\/07\/Museum-Europ\u00e4ischer-Keramikkunst-3663-300x294.jpg\" alt=\"\" title=\"Museum Europ\u00e4ischer Keramikkunst 3663\" width=\"300\" height=\"294\" class=\"alignnone size-medium wp-image-24669\" srcset=\"http:\/\/museumek.eu\/wp-content\/uploads\/2013\/07\/Museum-Europ\u00e4ischer-Keramikkunst-3663-300x294.jpg 300w, http:\/\/museumek.eu\/wp-content\/uploads\/2013\/07\/Museum-Europ\u00e4ischer-Keramikkunst-3663-150x147.jpg 150w, http:\/\/museumek.eu\/wp-content\/uploads\/2013\/07\/Museum-Europ\u00e4ischer-Keramikkunst-3663-305x300.jpg 305w, http:\/\/museumek.eu\/wp-content\/uploads\/2013\/07\/Museum-Europ\u00e4ischer-Keramikkunst-3663.jpg 750w\" sizes=\"(max-width: 300px) 100vw, 300px\" \/><\/a><\/p>\n<p><a href=\"http:\/\/museumek.eu\/?attachment_id=24670\" rel=\"attachment wp-att-24670\"><img loading=\"lazy\" src=\"http:\/\/museumek.eu\/wp-content\/uploads\/2013\/07\/Museum-Europ\u00e4ischer-Keramikkunst-3664-300x269.jpg\" alt=\"\" title=\"Museum Europ\u00e4ischer Keramikkunst 3664\" width=\"300\" height=\"269\" class=\"alignnone size-medium wp-image-24670\" srcset=\"http:\/\/museumek.eu\/wp-content\/uploads\/2013\/07\/Museum-Europ\u00e4ischer-Keramikkunst-3664-300x269.jpg 300w, http:\/\/museumek.eu\/wp-content\/uploads\/2013\/07\/Museum-Europ\u00e4ischer-Keramikkunst-3664-150x134.jpg 150w, http:\/\/museumek.eu\/wp-content\/uploads\/2013\/07\/Museum-Europ\u00e4ischer-Keramikkunst-3664-334x300.jpg 334w, http:\/\/museumek.eu\/wp-content\/uploads\/2013\/07\/Museum-Europ\u00e4ischer-Keramikkunst-3664.jpg 397w\" sizes=\"(max-width: 300px) 100vw, 300px\" \/><\/a><\/p>\n<p><a href=\"http:\/\/museumek.eu\/?attachment_id=24671\" rel=\"attachment wp-att-24671\"><img loading=\"lazy\" src=\"http:\/\/museumek.eu\/wp-content\/uploads\/2013\/07\/Museum-Europ\u00e4ischer-Keramikkunst-3665-300x98.jpg\" alt=\"\" title=\"Museum Europ\u00e4ischer Keramikkunst 3665\" width=\"300\" height=\"98\" class=\"alignnone size-medium wp-image-24671\" srcset=\"http:\/\/museumek.eu\/wp-content\/uploads\/2013\/07\/Museum-Europ\u00e4ischer-Keramikkunst-3665-300x98.jpg 300w, http:\/\/museumek.eu\/wp-content\/uploads\/2013\/07\/Museum-Europ\u00e4ischer-Keramikkunst-3665-150x49.jpg 150w, http:\/\/museumek.eu\/wp-content\/uploads\/2013\/07\/Museum-Europ\u00e4ischer-Keramikkunst-3665-500x164.jpg 500w, http:\/\/museumek.eu\/wp-content\/uploads\/2013\/07\/Museum-Europ\u00e4ischer-Keramikkunst-3665.jpg 543w\" sizes=\"(max-width: 300px) 100vw, 300px\" \/><\/a><\/p>\n","protected":false},"excerpt":{"rendered":"<p>Abteilung Deutschland, Keramik 1860 \u2013 1960, Inventarnummer D\/III\/10 Porzellanfabrik Zeh, Scherzer &#038; Cie. und Nachfolger Zeh, Scherzer &#038; Cie. AG, Deutschland, Rehau, um 1930, Teller, K\u00fcnstler unbekannt, Werks.-Nr. 2554 (Dekornummer), Exemplar Nr. ohne, gemarkt Firmenmarke mit Krone, Zeh Scherzer, Bavaria &hellip; <a href=\"http:\/\/museumek.eu\/?page_id=24668\">Weiterlesen <span class=\"meta-nav\">&rarr;<\/span><\/a><\/p>\n","protected":false},"author":1,"featured_media":0,"parent":1875,"menu_order":10,"comment_status":"closed","ping_status":"open","template":"","meta":[],"_links":{"self":[{"href":"http:\/\/museumek.eu\/index.php?rest_route=\/wp\/v2\/pages\/24668"}],"collection":[{"href":"http:\/\/museumek.eu\/index.php?rest_route=\/wp\/v2\/pages"}],"about":[{"href":"http:\/\/museumek.eu\/index.php?rest_route=\/wp\/v2\/types\/page"}],"author":[{"embeddable":true,"href":"http:\/\/museumek.eu\/index.php?rest_route=\/wp\/v2\/users\/1"}],"replies":[{"embeddable":true,"href":"http:\/\/museumek.eu\/index.php?rest_route=%2Fwp%2Fv2%2Fcomments&post=24668"}],"version-history":[{"count":6,"href":"http:\/\/museumek.eu\/index.php?rest_route=\/wp\/v2\/pages\/24668\/revisions"}],"predecessor-version":[{"id":52853,"href":"http:\/\/museumek.eu\/index.php?rest_route=\/wp\/v2\/pages\/24668\/revisions\/52853"}],"up":[{"embeddable":true,"href":"http:\/\/museumek.eu\/index.php?rest_route=\/wp\/v2\/pages\/1875"}],"wp:attachment":[{"href":"http:\/\/museumek.eu\/index.php?rest_route=%2Fwp%2Fv2%2Fmedia&parent=24668"}],"curies":[{"name":"wp","href":"https:\/\/api.w.org\/{rel}","templated":true}]}}