{"id":24681,"date":"2013-07-10T15:38:17","date_gmt":"2013-07-10T13:38:17","guid":{"rendered":"http:\/\/museumek.eu\/?page_id=24681"},"modified":"2021-01-30T18:33:40","modified_gmt":"2021-01-30T17:33:40","slug":"diii11","status":"publish","type":"page","link":"http:\/\/museumek.eu\/?page_id=24681","title":{"rendered":"D\/III\/11"},"content":{"rendered":"<p><strong>Abteilung Deutschland, Keramik 1860 \u2013 1960, Inventarnummer D\/III\/11<\/strong><\/p>\n<p>Porzellanfabrik Zeh, Scherzer &#038; Cie. und Nachfolger Zeh, Scherzer &#038; Cie. AG, Deutschland, Rehau, um 1915, Vase, K\u00fcnstler unbekannt, Werks.-Nr. 8186 (Dekornummer), Exemplar Nr. ohne, gemarkt Firmenmarke mit Z.S. &#038; Cie., Wellenlinie, BAVARIA sowie 8186 gr\u00fcne Stempel unter Glasur, 4 gepresst, Dachauer Bauernmalerei sowie Echt Handmalerei in Silber auf Glasur gemalt, nicht signiert, Literatur: J. G. Th. Graesse und E. Jaenicke, F\u00fchrer f\u00fcr Sammler von Porzellan und Fayence, Steinzeug, Steingut usw., Seite 503, Marke Nr. 3 identisch, weitere Literatur: Emanuel Poche, Porzellanmarken aus aller Welt, Marke 605 identisch, weitere Literatur: Dieter Z\u00fchlsdorff, Markenlexikon Band 1, Porzellan und Keramik Report 1885 &#8211; 1935, Seite 75, Werk-Teil Nr. 1., Gruppennummer des Werkteils 1., laufende Nummer innerhalb der Gruppe 1466, identische Marke (dort f\u00fcr die Zeit 1880 bis nach 1910) sowie Seite 592, Werk-Teil 3., laufende Nummer des Werkteils 1053, dort Fabrikbeschreibung, weitere Literatur: Robert E. R\u00f6ntgen, Deutsche Porzellanmarken von 1710 bis heute, Seite 286, Marke Nr. 2231 identisch (dort f\u00fcr die Zeit 1880 bis ca. 1882, Anm. MEK: das folgt Z\u00fchlsdorff, dass die Marke bis nach 1910 verwendet worden ist), die Fabrik wurde am 02.11.1880 von einem Konsortium gegr\u00fcndet, die Gr\u00fcndungmitglieder waren: Johann Michael Scherzer jun., Georg Adam Winterling, Johan Nicol. Jakob jun., Hans Zeh, Johann-Andreas Karl W\u00f6lfel, Johann Paulus Hertel, Josef Zapf, Ernst W\u00f6lfel und Nicol. W\u00f6lfel, es wurde \u00fcberwiegend in die USA exportiert, dort erfolgte die Einfuhr \u00fcber den Hauptabnehmer Borgfeldt &#038; Co. New York, Firmierung als Porzellanfabrik Zeh, Scherzer &#038; Cie., 1910 erfolgte die Umwandlung in eine AG, Firmierung nun Zeh, Scherzer &#038; Cie. AG, die Fabrik bestand \u00fcber 100 Jahre, H\u00f6he 22 cm, Breite 14 cm<\/p>\n<p><a href=\"http:\/\/museumek.eu\/?attachment_id=24682\" rel=\"attachment wp-att-24682\"><img loading=\"lazy\" src=\"http:\/\/museumek.eu\/wp-content\/uploads\/2013\/07\/Museum-Europ\u00e4ischer-Keramikkunst-3819-191x300.jpg\" alt=\"\" title=\"Museum Europ\u00e4ischer Keramikkunst 3819\" width=\"191\" height=\"300\" class=\"alignnone size-medium wp-image-24682\" srcset=\"http:\/\/museumek.eu\/wp-content\/uploads\/2013\/07\/Museum-Europ\u00e4ischer-Keramikkunst-3819-191x300.jpg 191w, http:\/\/museumek.eu\/wp-content\/uploads\/2013\/07\/Museum-Europ\u00e4ischer-Keramikkunst-3819-95x150.jpg 95w, http:\/\/museumek.eu\/wp-content\/uploads\/2013\/07\/Museum-Europ\u00e4ischer-Keramikkunst-3819.jpg 509w\" sizes=\"(max-width: 191px) 100vw, 191px\" \/><\/a><\/p>\n<p><a href=\"http:\/\/museumek.eu\/?attachment_id=24683\" rel=\"attachment wp-att-24683\"><img loading=\"lazy\" src=\"http:\/\/museumek.eu\/wp-content\/uploads\/2013\/07\/Museum-Europ\u00e4ischer-Keramikkunst-3820-270x300.jpg\" alt=\"\" title=\"Museum Europ\u00e4ischer Keramikkunst 3820\" width=\"270\" height=\"300\" class=\"alignnone size-medium wp-image-24683\" srcset=\"http:\/\/museumek.eu\/wp-content\/uploads\/2013\/07\/Museum-Europ\u00e4ischer-Keramikkunst-3820-270x300.jpg 270w, http:\/\/museumek.eu\/wp-content\/uploads\/2013\/07\/Museum-Europ\u00e4ischer-Keramikkunst-3820-135x150.jpg 135w, http:\/\/museumek.eu\/wp-content\/uploads\/2013\/07\/Museum-Europ\u00e4ischer-Keramikkunst-3820.jpg 550w\" sizes=\"(max-width: 270px) 100vw, 270px\" \/><\/a><\/p>\n<p><a href=\"http:\/\/museumek.eu\/?attachment_id=24684\" rel=\"attachment wp-att-24684\"><img loading=\"lazy\" src=\"http:\/\/museumek.eu\/wp-content\/uploads\/2013\/07\/Museum-Europ\u00e4ischer-Keramikkunst-3821-296x300.jpg\" alt=\"\" title=\"Museum Europ\u00e4ischer Keramikkunst 3821\" width=\"296\" height=\"300\" class=\"alignnone size-medium wp-image-24684\" srcset=\"http:\/\/museumek.eu\/wp-content\/uploads\/2013\/07\/Museum-Europ\u00e4ischer-Keramikkunst-3821-296x300.jpg 296w, http:\/\/museumek.eu\/wp-content\/uploads\/2013\/07\/Museum-Europ\u00e4ischer-Keramikkunst-3821-148x150.jpg 148w, http:\/\/museumek.eu\/wp-content\/uploads\/2013\/07\/Museum-Europ\u00e4ischer-Keramikkunst-3821.jpg 646w\" sizes=\"(max-width: 296px) 100vw, 296px\" \/><\/a><\/p>\n","protected":false},"excerpt":{"rendered":"<p>Abteilung Deutschland, Keramik 1860 \u2013 1960, Inventarnummer D\/III\/11 Porzellanfabrik Zeh, Scherzer &#038; Cie. und Nachfolger Zeh, Scherzer &#038; Cie. AG, Deutschland, Rehau, um 1915, Vase, K\u00fcnstler unbekannt, Werks.-Nr. 8186 (Dekornummer), Exemplar Nr. ohne, gemarkt Firmenmarke mit Z.S. &#038; Cie., Wellenlinie, &hellip; <a href=\"http:\/\/museumek.eu\/?page_id=24681\">Weiterlesen <span class=\"meta-nav\">&rarr;<\/span><\/a><\/p>\n","protected":false},"author":1,"featured_media":0,"parent":24678,"menu_order":11,"comment_status":"closed","ping_status":"open","template":"","meta":[],"_links":{"self":[{"href":"http:\/\/museumek.eu\/index.php?rest_route=\/wp\/v2\/pages\/24681"}],"collection":[{"href":"http:\/\/museumek.eu\/index.php?rest_route=\/wp\/v2\/pages"}],"about":[{"href":"http:\/\/museumek.eu\/index.php?rest_route=\/wp\/v2\/types\/page"}],"author":[{"embeddable":true,"href":"http:\/\/museumek.eu\/index.php?rest_route=\/wp\/v2\/users\/1"}],"replies":[{"embeddable":true,"href":"http:\/\/museumek.eu\/index.php?rest_route=%2Fwp%2Fv2%2Fcomments&post=24681"}],"version-history":[{"count":6,"href":"http:\/\/museumek.eu\/index.php?rest_route=\/wp\/v2\/pages\/24681\/revisions"}],"predecessor-version":[{"id":52851,"href":"http:\/\/museumek.eu\/index.php?rest_route=\/wp\/v2\/pages\/24681\/revisions\/52851"}],"up":[{"embeddable":true,"href":"http:\/\/museumek.eu\/index.php?rest_route=\/wp\/v2\/pages\/24678"}],"wp:attachment":[{"href":"http:\/\/museumek.eu\/index.php?rest_route=%2Fwp%2Fv2%2Fmedia&parent=24681"}],"curies":[{"name":"wp","href":"https:\/\/api.w.org\/{rel}","templated":true}]}}