{"id":24731,"date":"2013-07-11T21:24:14","date_gmt":"2013-07-11T19:24:14","guid":{"rendered":"http:\/\/museumek.eu\/?page_id=24731"},"modified":"2013-07-11T21:25:01","modified_gmt":"2013-07-11T19:25:01","slug":"fotos-und-beschreibung","status":"publish","type":"page","link":"http:\/\/museumek.eu\/?page_id=24731","title":{"rendered":"Fotos und Beschreibung"},"content":{"rendered":"<p><strong>Abteilung Austria\/Ungarn\/B\u00f6hmen, Keramik 1860 \u2013 1960, Inventarnummer A\/XLIV\/1<\/strong><\/p>\n<p>Kunstkeramik Adolf Prischl Wien, Austria, Wien, um 1947, Wandmaske Frauenkopf, K\u00fcnstler Adolf Prischl, Werks.-Nr. ohne, Exemplar Nr. ohne, gemarkt Firmenmarke mit Schriftzug Kunstkeramik Adolf Prischl Wien sowie Entwurf Prischl gepresst, signiert = gemarkt, am 04. April 1947 gr\u00fcndete Adolf Prischl seine Werkstatt in Wien, die nach seinem Tod 1970, noch von seiner Witwe und seiner Tochter bis 1972 weiterbetrieben wurde, zwischenzeitlich hie\u00df die Werkstatt auch Kunstkeramik Prischl &#038; Sailer, der f\u00fcr Prischl mitentwerfende K\u00fcnstler Karl Sailer war wohl \u00fcbergangsweise einige Zeit Mitinhaber, H\u00f6he 24,5 cm, Breite 13 cm<\/p>\n<p><a href=\"http:\/\/museumek.eu\/?attachment_id=24732\" rel=\"attachment wp-att-24732\"><img loading=\"lazy\" src=\"http:\/\/museumek.eu\/wp-content\/uploads\/2013\/07\/Museum-Europ\u00e4ischer-Keramikkunst-20301-176x300.jpg\" alt=\"\" title=\"Museum Europ\u00e4ischer Keramikkunst 2030\" width=\"176\" height=\"300\" class=\"alignnone size-medium wp-image-24732\" srcset=\"http:\/\/museumek.eu\/wp-content\/uploads\/2013\/07\/Museum-Europ\u00e4ischer-Keramikkunst-20301-176x300.jpg 176w, http:\/\/museumek.eu\/wp-content\/uploads\/2013\/07\/Museum-Europ\u00e4ischer-Keramikkunst-20301-88x150.jpg 88w, http:\/\/museumek.eu\/wp-content\/uploads\/2013\/07\/Museum-Europ\u00e4ischer-Keramikkunst-20301.jpg 537w\" sizes=\"(max-width: 176px) 100vw, 176px\" \/><\/a><\/p>\n<p><a href=\"http:\/\/museumek.eu\/?attachment_id=24733\" rel=\"attachment wp-att-24733\"><img loading=\"lazy\" src=\"http:\/\/museumek.eu\/wp-content\/uploads\/2013\/07\/Museum-Europ\u00e4ischer-Keramikkunst-20311-260x300.jpg\" alt=\"\" title=\"Museum Europ\u00e4ischer Keramikkunst 2031\" width=\"260\" height=\"300\" class=\"alignnone size-medium wp-image-24733\" srcset=\"http:\/\/museumek.eu\/wp-content\/uploads\/2013\/07\/Museum-Europ\u00e4ischer-Keramikkunst-20311-260x300.jpg 260w, http:\/\/museumek.eu\/wp-content\/uploads\/2013\/07\/Museum-Europ\u00e4ischer-Keramikkunst-20311-130x150.jpg 130w, http:\/\/museumek.eu\/wp-content\/uploads\/2013\/07\/Museum-Europ\u00e4ischer-Keramikkunst-20311.jpg 452w\" sizes=\"(max-width: 260px) 100vw, 260px\" \/><\/a><\/p>\n","protected":false},"excerpt":{"rendered":"<p>Abteilung Austria\/Ungarn\/B\u00f6hmen, Keramik 1860 \u2013 1960, Inventarnummer A\/XLIV\/1 Kunstkeramik Adolf Prischl Wien, Austria, Wien, um 1947, Wandmaske Frauenkopf, K\u00fcnstler Adolf Prischl, Werks.-Nr. ohne, Exemplar Nr. ohne, gemarkt Firmenmarke mit Schriftzug Kunstkeramik Adolf Prischl Wien sowie Entwurf Prischl gepresst, signiert = &hellip; <a href=\"http:\/\/museumek.eu\/?page_id=24731\">Weiterlesen <span class=\"meta-nav\">&rarr;<\/span><\/a><\/p>\n","protected":false},"author":1,"featured_media":0,"parent":24728,"menu_order":1,"comment_status":"closed","ping_status":"open","template":"","meta":[],"_links":{"self":[{"href":"http:\/\/museumek.eu\/index.php?rest_route=\/wp\/v2\/pages\/24731"}],"collection":[{"href":"http:\/\/museumek.eu\/index.php?rest_route=\/wp\/v2\/pages"}],"about":[{"href":"http:\/\/museumek.eu\/index.php?rest_route=\/wp\/v2\/types\/page"}],"author":[{"embeddable":true,"href":"http:\/\/museumek.eu\/index.php?rest_route=\/wp\/v2\/users\/1"}],"replies":[{"embeddable":true,"href":"http:\/\/museumek.eu\/index.php?rest_route=%2Fwp%2Fv2%2Fcomments&post=24731"}],"version-history":[{"count":6,"href":"http:\/\/museumek.eu\/index.php?rest_route=\/wp\/v2\/pages\/24731\/revisions"}],"predecessor-version":[{"id":24739,"href":"http:\/\/museumek.eu\/index.php?rest_route=\/wp\/v2\/pages\/24731\/revisions\/24739"}],"up":[{"embeddable":true,"href":"http:\/\/museumek.eu\/index.php?rest_route=\/wp\/v2\/pages\/24728"}],"wp:attachment":[{"href":"http:\/\/museumek.eu\/index.php?rest_route=%2Fwp%2Fv2%2Fmedia&parent=24731"}],"curies":[{"name":"wp","href":"https:\/\/api.w.org\/{rel}","templated":true}]}}