{"id":24749,"date":"2013-07-11T21:39:22","date_gmt":"2013-07-11T19:39:22","guid":{"rendered":"http:\/\/museumek.eu\/?page_id=24749"},"modified":"2013-07-11T21:39:22","modified_gmt":"2013-07-11T19:39:22","slug":"kurzbiografie-und-inventar-zum-kunstler","status":"publish","type":"page","link":"http:\/\/museumek.eu\/?page_id=24749","title":{"rendered":"Kurzbiografie und Inventar zum K\u00fcnstler"},"content":{"rendered":"<p>Adolf Prischl wurde am 24.01.1912 in Wien geboren. Er starb am 07.06.1970 ebenda. Nach dem Besuch der Pflichtschule in Wien trat er in die Winerberger Werkst\u00e4ttenschule ein und lernte unter Prof. Obsieger. Ab 1933 arbeitete er als freier Bildhauer und Keramiker. Er schuf Entw\u00fcrfe f\u00fcr Friedrich Goldscheider, Keramos und William Goebel. Am 04.04.1947 gr\u00fcndete er seine eigene Werkstatt in Wien. Neben eigenen Entw\u00fcrfen fertigte er auch Keramiken nach Entw\u00fcrfen von Stephan Dakon und Karl Sailer. Au\u00dferdem entwarf er weiter f\u00fcr Goldscheider und Keramos.<\/p>\n<p><strong>Abteilung Austria\/Ungarn\/B\u00f6hmen, Keramik 1860 \u2013 1960, Inventarnummer A\/XLIV\/1<\/strong><\/p>\n<p>Kunstkeramik Adolf Prischl Wien, Austria, Wien, um 1947, Wandmaske Frauenkopf, K\u00fcnstler Adolf Prischl, Werks.-Nr. ohne, Exemplar Nr. ohne, gemarkt Firmenmarke mit Schriftzug Kunstkeramik Adolf Prischl Wien sowie Entwurf Prischl gepresst, signiert = gemarkt, am 04. April 1947 gr\u00fcndete Adolf Prischl seine Werkstatt in Wien, die nach seinem Tod 1970, noch von seiner Witwe und seiner Tochter bis 1972 weiterbetrieben wurde, zwischenzeitlich hie\u00df die Werkstatt auch Kunstkeramik Prischl &#038; Sailer, der f\u00fcr Prischl mitentwerfende K\u00fcnstler Karl Sailer war wohl \u00fcbergangsweise einige Zeit Mitinhaber, H\u00f6he 24,5 cm, Breite 13 cm<\/p>\n<p><a href=\"http:\/\/museumek.eu\/?attachment_id=24732\" rel=\"attachment wp-att-24732\"><img loading=\"lazy\" src=\"http:\/\/museumek.eu\/wp-content\/uploads\/2013\/07\/Museum-Europ\u00e4ischer-Keramikkunst-20301-176x300.jpg\" alt=\"\" title=\"Museum Europ\u00e4ischer Keramikkunst 2030\" width=\"176\" height=\"300\" class=\"alignnone size-medium wp-image-24732\" srcset=\"http:\/\/museumek.eu\/wp-content\/uploads\/2013\/07\/Museum-Europ\u00e4ischer-Keramikkunst-20301-176x300.jpg 176w, http:\/\/museumek.eu\/wp-content\/uploads\/2013\/07\/Museum-Europ\u00e4ischer-Keramikkunst-20301-88x150.jpg 88w, http:\/\/museumek.eu\/wp-content\/uploads\/2013\/07\/Museum-Europ\u00e4ischer-Keramikkunst-20301.jpg 537w\" sizes=\"(max-width: 176px) 100vw, 176px\" \/><\/a><\/p>\n<p><a href=\"http:\/\/museumek.eu\/?attachment_id=24733\" rel=\"attachment wp-att-24733\"><img loading=\"lazy\" src=\"http:\/\/museumek.eu\/wp-content\/uploads\/2013\/07\/Museum-Europ\u00e4ischer-Keramikkunst-20311-260x300.jpg\" alt=\"\" title=\"Museum Europ\u00e4ischer Keramikkunst 2031\" width=\"260\" height=\"300\" class=\"alignnone size-medium wp-image-24733\" srcset=\"http:\/\/museumek.eu\/wp-content\/uploads\/2013\/07\/Museum-Europ\u00e4ischer-Keramikkunst-20311-260x300.jpg 260w, http:\/\/museumek.eu\/wp-content\/uploads\/2013\/07\/Museum-Europ\u00e4ischer-Keramikkunst-20311-130x150.jpg 130w, http:\/\/museumek.eu\/wp-content\/uploads\/2013\/07\/Museum-Europ\u00e4ischer-Keramikkunst-20311.jpg 452w\" sizes=\"(max-width: 260px) 100vw, 260px\" \/><\/a><\/p>\n","protected":false},"excerpt":{"rendered":"<p>Adolf Prischl wurde am 24.01.1912 in Wien geboren. Er starb am 07.06.1970 ebenda. Nach dem Besuch der Pflichtschule in Wien trat er in die Winerberger Werkst\u00e4ttenschule ein und lernte unter Prof. Obsieger. Ab 1933 arbeitete er als freier Bildhauer und &hellip; <a href=\"http:\/\/museumek.eu\/?page_id=24749\">Weiterlesen <span class=\"meta-nav\">&rarr;<\/span><\/a><\/p>\n","protected":false},"author":1,"featured_media":0,"parent":24740,"menu_order":1,"comment_status":"closed","ping_status":"open","template":"","meta":[],"_links":{"self":[{"href":"http:\/\/museumek.eu\/index.php?rest_route=\/wp\/v2\/pages\/24749"}],"collection":[{"href":"http:\/\/museumek.eu\/index.php?rest_route=\/wp\/v2\/pages"}],"about":[{"href":"http:\/\/museumek.eu\/index.php?rest_route=\/wp\/v2\/types\/page"}],"author":[{"embeddable":true,"href":"http:\/\/museumek.eu\/index.php?rest_route=\/wp\/v2\/users\/1"}],"replies":[{"embeddable":true,"href":"http:\/\/museumek.eu\/index.php?rest_route=%2Fwp%2Fv2%2Fcomments&post=24749"}],"version-history":[{"count":4,"href":"http:\/\/museumek.eu\/index.php?rest_route=\/wp\/v2\/pages\/24749\/revisions"}],"predecessor-version":[{"id":24753,"href":"http:\/\/museumek.eu\/index.php?rest_route=\/wp\/v2\/pages\/24749\/revisions\/24753"}],"up":[{"embeddable":true,"href":"http:\/\/museumek.eu\/index.php?rest_route=\/wp\/v2\/pages\/24740"}],"wp:attachment":[{"href":"http:\/\/museumek.eu\/index.php?rest_route=%2Fwp%2Fv2%2Fmedia&parent=24749"}],"curies":[{"name":"wp","href":"https:\/\/api.w.org\/{rel}","templated":true}]}}