{"id":24833,"date":"2013-07-14T17:56:16","date_gmt":"2013-07-14T15:56:16","guid":{"rendered":"http:\/\/museumek.eu\/?page_id=24833"},"modified":"2015-09-05T23:40:35","modified_gmt":"2015-09-05T21:40:35","slug":"dxxx7","status":"publish","type":"page","link":"http:\/\/museumek.eu\/?page_id=24833","title":{"rendered":"D\/XXX\/7"},"content":{"rendered":"<p><strong>Abteilung Deutschland, Keramik 1860 \u2013 1960, Inventarnummer D\/XXX\/7<\/strong><\/p>\n<p>Rosenthal Porzellan AG, vormals Philipp Rosenthal &#038; Co. AG, vormals Philipp Rosenthal &#038; Co., vormals Porzellanmalerei Philipp Rosenthal, Deutschland, Erkersreuth, Kronach, Marktredewitz, Selb, Selb-Pl\u00f6ssberg, Sophienthal, Waldenburg, Waldershof, 1891, Vase , K\u00fcnstler unbekannt, Werks.-Nr. 31 (?), Exemplar-Nr. ohne, gemarkt Firmenmarke zwei gekreuzte St\u00e4be, in der oberen H\u00e4lfte des Kreuzes eine Krone, links R., rechts C. (Marke f\u00fcr die Zeit von 1891 \u2013 1907) gr\u00fcner Stempel, P. Raddatz &#038; Co. (f\u00fcr das Berliner Spezialhandelshaus Raddatz) nachgeahmte Bindenschildmarke (Anm. MEK: die Bindenschildmarke der Wiener Porzellanmanufaktur wurde von vielen Porzellanfabriken nachgeahmt u. a. auch von der Porzeallanfabrik Hutschenreuther, bei Graesse ist auf Seite 535, Deutschland, Marke Nr. 5 eine Hutschenreuther Nachahmung verzeichnet, da die Rosenthaler Porzellanmalerei u. a. auch Weissware von Hutschenreuther bezogen hat, k\u00f6nnte die Bindenschildmarke auf Hutschenreuther hinweisen, die Weissware stammt wohl noch aus der Lieferzeit vor 1891 und wurde entweder um 1891 bemalt, da der Rosenthal Stempel ab 1891, Aufnahme der eigenen Porzellanproduktion in Selb, verwendet worden ist oder die Vase wurde bereits vor 1891 in der Porzellanmalerei Rosenthal fertiggestellt, war Lagerware und wurde um 1891 kurz vor ihrem Verkauf, \u00fcber das Handelshaus Raddatz mit dem Rosenthal Stempel versehen), blauer Stempel, 31 in Gold gemalt, nicht signiert, Literatur: J. G. Th. Graesse und E. Jaenicke, F\u00fchrer f\u00fcr Sammler von Porzellan und Fayence, Steinzeug, Steingut usw., Seite 512, Marke Nr. 1 identisch, weitere Literatur: Emanuel Poche, Porzellanmarken, Marke Nr. 1419 identisch, weitere Literatur: Gustav Wei\u00df, Ullstein Porzellanbuch, Seite 302, Marke Nr. 8 identisch, weitere Literatur: Otto Pelka, Keramik der Neuzeit, Markentafel IX, Markenkasten 141 identische Marke abgebildet, Seite 212, Herstellerverzeichnis, Porzellanfabrik Ph. Rosenthal &#038; Co. AG, 141 sowie Seite 221, Namenverzeichnis, Rosenthal Philipp, &#038; Co., Selb, M 141, weitere Literatur: Robert E. R\u00f6ntgen, Deutsche Porzellanmarken von 1710 bis heute (Ausgabe Jahr 2000), Seite 315, Marke Nr. 2468 identisch (dort g\u00fcltig f\u00fcr die Zeit 1891 . 1904), zur Firmenhistorie, siehe die \u00dcbersichten nach den Inventarfotos, die bis auf einige Details in soweit richtig sind, 1879\/1880 pachtete der aus Werl nach Selb zugezogene Porzellanmaler Philipp Rosenthal das Schlo\u00df Erkersreuth bei Selb und gr\u00fcndete eine Porzellanmalerei, anf\u00e4nglich arbeitete er nur mit einem b\u00f6hmischen Mitarbeiter, die Weissware bezog er von den benachbarten Porzellanfabriken Hutschenreuther und Zeidler, die Firmierung lautete Porzellanmalerei Philipp Rosenthal, 1889\/1891 begann Rosenthal selbst Porzellan in Selb zu produzieren und firmierte als Philipp Rosenthal &#038; Co., am 28.08. 1897 wurde die Fabrik in eine AG umgewandelt, diese firmierte als Philipp Rosenthal &#038; Co. AG (1920 Verlegung des AG Sitzes nach Berlin, 1934 R\u00fcckverlegung des Sitzes nach Selb), zur gleichen Zeit gr\u00fcndete Rosenthal zusammen mit einem Herrn Bauer und weiteren Investoren eine Porzellanfabrik in Kronach, die als Bauer, Rosenthal &#038; Co. firmierte, diese Fabrik wurde gleich 1897 wieder in die AG integriert, evtl. auch erst 1901, dies ist in der Literatur mal so oder so beschrieben, 1934 scheidet Geheimrat Philipp Rosenthal aus der Fabrikleitung aus, ab 1939 lautete die Firmierung der Aktiengesellschaft Rosenthal Porzellan AG, ab 1965 Rosenthal Glas &#038; Porzellan AG und ab 1969 Rosenthal AG, Rosenthal kaufte diverse Porzellanfabriken zu, die in die AG integriert worden sind, z. B. firmierte die ehemalige Zeidler\u2019sche Fabrik dann als Rosenthal Porzellanfabrik Bahnhof Selb GmbH, Handmalerei, reichliche Goldh\u00f6hung,<br \/>\nH\u00f6he 13,5 cm, Breite 5 cm<\/p>\n<p><a href=\"http:\/\/museumek.eu\/?attachment_id=24834\" rel=\"attachment wp-att-24834\"><img loading=\"lazy\" src=\"http:\/\/museumek.eu\/wp-content\/uploads\/2013\/07\/Museum-Europ\u00e4ischer-Keramikkunst-2789-130x300.jpg\" alt=\"\" title=\"Museum Europ\u00e4ischer Keramikkunst 2789\" width=\"130\" height=\"300\" class=\"alignnone size-medium wp-image-24834\" srcset=\"http:\/\/museumek.eu\/wp-content\/uploads\/2013\/07\/Museum-Europ\u00e4ischer-Keramikkunst-2789-130x300.jpg 130w, http:\/\/museumek.eu\/wp-content\/uploads\/2013\/07\/Museum-Europ\u00e4ischer-Keramikkunst-2789-65x150.jpg 65w, http:\/\/museumek.eu\/wp-content\/uploads\/2013\/07\/Museum-Europ\u00e4ischer-Keramikkunst-2789.jpg 347w\" sizes=\"(max-width: 130px) 100vw, 130px\" \/><\/a><\/p>\n<p><a href=\"http:\/\/museumek.eu\/?attachment_id=24835\" rel=\"attachment wp-att-24835\"><img loading=\"lazy\" src=\"http:\/\/museumek.eu\/wp-content\/uploads\/2013\/07\/Museum-Europ\u00e4ischer-Keramikkunst-2790-132x300.jpg\" alt=\"\" title=\"Museum Europ\u00e4ischer Keramikkunst 2790\" width=\"132\" height=\"300\" class=\"alignnone size-medium wp-image-24835\" srcset=\"http:\/\/museumek.eu\/wp-content\/uploads\/2013\/07\/Museum-Europ\u00e4ischer-Keramikkunst-2790-132x300.jpg 132w, http:\/\/museumek.eu\/wp-content\/uploads\/2013\/07\/Museum-Europ\u00e4ischer-Keramikkunst-2790-66x150.jpg 66w, http:\/\/museumek.eu\/wp-content\/uploads\/2013\/07\/Museum-Europ\u00e4ischer-Keramikkunst-2790.jpg 352w\" sizes=\"(max-width: 132px) 100vw, 132px\" \/><\/a><\/p>\n<p><a href=\"http:\/\/museumek.eu\/?attachment_id=24842\" rel=\"attachment wp-att-24842\"><img loading=\"lazy\" src=\"http:\/\/museumek.eu\/wp-content\/uploads\/2013\/07\/Museum-Europ\u00e4ischer-Keramikkunst-27911-278x300.jpg\" alt=\"\" title=\"Museum Europ\u00e4ischer Keramikkunst 2791\" width=\"278\" height=\"300\" class=\"alignnone size-medium wp-image-24842\" srcset=\"http:\/\/museumek.eu\/wp-content\/uploads\/2013\/07\/Museum-Europ\u00e4ischer-Keramikkunst-27911-278x300.jpg 278w, http:\/\/museumek.eu\/wp-content\/uploads\/2013\/07\/Museum-Europ\u00e4ischer-Keramikkunst-27911-139x150.jpg 139w, http:\/\/museumek.eu\/wp-content\/uploads\/2013\/07\/Museum-Europ\u00e4ischer-Keramikkunst-27911.jpg 417w\" sizes=\"(max-width: 278px) 100vw, 278px\" \/><\/a><\/p>\n<p><a href=\"http:\/\/museumek.eu\/?attachment_id=24844\" rel=\"attachment wp-att-24844\"><img loading=\"lazy\" src=\"http:\/\/museumek.eu\/wp-content\/uploads\/2013\/07\/Museum-Europ\u00e4ischer-Keramikkunst-2792-247x300.jpg\" alt=\"\" title=\"Museum Europ\u00e4ischer Keramikkunst 2792\" width=\"247\" height=\"300\" class=\"alignnone size-medium wp-image-24844\" srcset=\"http:\/\/museumek.eu\/wp-content\/uploads\/2013\/07\/Museum-Europ\u00e4ischer-Keramikkunst-2792-247x300.jpg 247w, http:\/\/museumek.eu\/wp-content\/uploads\/2013\/07\/Museum-Europ\u00e4ischer-Keramikkunst-2792-123x150.jpg 123w, http:\/\/museumek.eu\/wp-content\/uploads\/2013\/07\/Museum-Europ\u00e4ischer-Keramikkunst-2792.jpg 445w\" sizes=\"(max-width: 247px) 100vw, 247px\" \/><\/a><\/p>\n<p><a href=\"http:\/\/museumek.eu\/?attachment_id=24849\" rel=\"attachment wp-att-24849\"><img loading=\"lazy\" src=\"http:\/\/museumek.eu\/wp-content\/uploads\/2013\/07\/002-Geschichte-Rosenthal-Porzellan-300x216.jpg\" alt=\"\" title=\"002 Geschichte Rosenthal Porzellan\" width=\"300\" height=\"216\" class=\"alignnone size-medium wp-image-24849\" srcset=\"http:\/\/museumek.eu\/wp-content\/uploads\/2013\/07\/002-Geschichte-Rosenthal-Porzellan-300x216.jpg 300w, http:\/\/museumek.eu\/wp-content\/uploads\/2013\/07\/002-Geschichte-Rosenthal-Porzellan-150x108.jpg 150w, http:\/\/museumek.eu\/wp-content\/uploads\/2013\/07\/002-Geschichte-Rosenthal-Porzellan-415x300.jpg 415w, http:\/\/museumek.eu\/wp-content\/uploads\/2013\/07\/002-Geschichte-Rosenthal-Porzellan.jpg 917w\" sizes=\"(max-width: 300px) 100vw, 300px\" \/><\/a><\/p>\n<p><a href=\"http:\/\/museumek.eu\/?attachment_id=24853\" rel=\"attachment wp-att-24853\"><img loading=\"lazy\" src=\"http:\/\/museumek.eu\/wp-content\/uploads\/2013\/07\/004-Geschichte-Rosenthal-Porzellan1-300x220.jpg\" alt=\"\" title=\"004 Geschichte Rosenthal Porzellan\" width=\"300\" height=\"220\" class=\"alignnone size-medium wp-image-24853\" srcset=\"http:\/\/museumek.eu\/wp-content\/uploads\/2013\/07\/004-Geschichte-Rosenthal-Porzellan1-300x220.jpg 300w, http:\/\/museumek.eu\/wp-content\/uploads\/2013\/07\/004-Geschichte-Rosenthal-Porzellan1-150x110.jpg 150w, http:\/\/museumek.eu\/wp-content\/uploads\/2013\/07\/004-Geschichte-Rosenthal-Porzellan1-407x300.jpg 407w, http:\/\/museumek.eu\/wp-content\/uploads\/2013\/07\/004-Geschichte-Rosenthal-Porzellan1.jpg 943w\" sizes=\"(max-width: 300px) 100vw, 300px\" \/><\/a><\/p>\n","protected":false},"excerpt":{"rendered":"<p>Abteilung Deutschland, Keramik 1860 \u2013 1960, Inventarnummer D\/XXX\/7 Rosenthal Porzellan AG, vormals Philipp Rosenthal &#038; Co. AG, vormals Philipp Rosenthal &#038; Co., vormals Porzellanmalerei Philipp Rosenthal, Deutschland, Erkersreuth, Kronach, Marktredewitz, Selb, Selb-Pl\u00f6ssberg, Sophienthal, Waldenburg, Waldershof, 1891, Vase , K\u00fcnstler unbekannt, &hellip; <a href=\"http:\/\/museumek.eu\/?page_id=24833\">Weiterlesen <span class=\"meta-nav\">&rarr;<\/span><\/a><\/p>\n","protected":false},"author":1,"featured_media":0,"parent":7280,"menu_order":7,"comment_status":"closed","ping_status":"open","template":"","meta":[],"_links":{"self":[{"href":"http:\/\/museumek.eu\/index.php?rest_route=\/wp\/v2\/pages\/24833"}],"collection":[{"href":"http:\/\/museumek.eu\/index.php?rest_route=\/wp\/v2\/pages"}],"about":[{"href":"http:\/\/museumek.eu\/index.php?rest_route=\/wp\/v2\/types\/page"}],"author":[{"embeddable":true,"href":"http:\/\/museumek.eu\/index.php?rest_route=\/wp\/v2\/users\/1"}],"replies":[{"embeddable":true,"href":"http:\/\/museumek.eu\/index.php?rest_route=%2Fwp%2Fv2%2Fcomments&post=24833"}],"version-history":[{"count":15,"href":"http:\/\/museumek.eu\/index.php?rest_route=\/wp\/v2\/pages\/24833\/revisions"}],"predecessor-version":[{"id":44709,"href":"http:\/\/museumek.eu\/index.php?rest_route=\/wp\/v2\/pages\/24833\/revisions\/44709"}],"up":[{"embeddable":true,"href":"http:\/\/museumek.eu\/index.php?rest_route=\/wp\/v2\/pages\/7280"}],"wp:attachment":[{"href":"http:\/\/museumek.eu\/index.php?rest_route=%2Fwp%2Fv2%2Fmedia&parent=24833"}],"curies":[{"name":"wp","href":"https:\/\/api.w.org\/{rel}","templated":true}]}}