{"id":24896,"date":"2013-07-15T21:53:53","date_gmt":"2013-07-15T19:53:53","guid":{"rendered":"http:\/\/museumek.eu\/?page_id=24896"},"modified":"2013-07-15T21:53:53","modified_gmt":"2013-07-15T19:53:53","slug":"porzellanfabrik-gieshubel-johann-schuldes-vormals-k-k-privilegierte-graflich-czerninsche-porzellanfabrik","status":"publish","type":"page","link":"http:\/\/museumek.eu\/?page_id=24896","title":{"rendered":"Porzellanfabrik Gie\u00dfh\u00fcbel Johann Schuldes, vormals K.K. privilegierte gr\u00e4flich Czernin&#8217;sche Porzellanfabrik"},"content":{"rendered":"","protected":false},"excerpt":{"rendered":"","protected":false},"author":1,"featured_media":0,"parent":29,"menu_order":45,"comment_status":"closed","ping_status":"open","template":"","meta":[],"_links":{"self":[{"href":"http:\/\/museumek.eu\/index.php?rest_route=\/wp\/v2\/pages\/24896"}],"collection":[{"href":"http:\/\/museumek.eu\/index.php?rest_route=\/wp\/v2\/pages"}],"about":[{"href":"http:\/\/museumek.eu\/index.php?rest_route=\/wp\/v2\/types\/page"}],"author":[{"embeddable":true,"href":"http:\/\/museumek.eu\/index.php?rest_route=\/wp\/v2\/users\/1"}],"replies":[{"embeddable":true,"href":"http:\/\/museumek.eu\/index.php?rest_route=%2Fwp%2Fv2%2Fcomments&post=24896"}],"version-history":[{"count":2,"href":"http:\/\/museumek.eu\/index.php?rest_route=\/wp\/v2\/pages\/24896\/revisions"}],"predecessor-version":[{"id":24898,"href":"http:\/\/museumek.eu\/index.php?rest_route=\/wp\/v2\/pages\/24896\/revisions\/24898"}],"up":[{"embeddable":true,"href":"http:\/\/museumek.eu\/index.php?rest_route=\/wp\/v2\/pages\/29"}],"wp:attachment":[{"href":"http:\/\/museumek.eu\/index.php?rest_route=%2Fwp%2Fv2%2Fmedia&parent=24896"}],"curies":[{"name":"wp","href":"https:\/\/api.w.org\/{rel}","templated":true}]}}