{"id":24909,"date":"2013-07-15T22:00:13","date_gmt":"2013-07-15T20:00:13","guid":{"rendered":"http:\/\/museumek.eu\/?page_id=24909"},"modified":"2021-05-04T10:30:52","modified_gmt":"2021-05-04T08:30:52","slug":"porzellanfabrik-gieshubel-johann-schuldes-vormals-k-k-privilegierte-graflich-czerninsche-porzellanfabrik","status":"publish","type":"page","link":"http:\/\/museumek.eu\/?page_id=24909","title":{"rendered":"Porzellanfabrik Gie\u00dfh\u00fcbel Johann Schuldes, vormals K.K. privilegierte gr\u00e4flich Czernin&#8217;sche Porzellanfabrik"},"content":{"rendered":"","protected":false},"excerpt":{"rendered":"","protected":false},"author":1,"featured_media":0,"parent":51269,"menu_order":69,"comment_status":"closed","ping_status":"open","template":"","meta":[],"_links":{"self":[{"href":"http:\/\/museumek.eu\/index.php?rest_route=\/wp\/v2\/pages\/24909"}],"collection":[{"href":"http:\/\/museumek.eu\/index.php?rest_route=\/wp\/v2\/pages"}],"about":[{"href":"http:\/\/museumek.eu\/index.php?rest_route=\/wp\/v2\/types\/page"}],"author":[{"embeddable":true,"href":"http:\/\/museumek.eu\/index.php?rest_route=\/wp\/v2\/users\/1"}],"replies":[{"embeddable":true,"href":"http:\/\/museumek.eu\/index.php?rest_route=%2Fwp%2Fv2%2Fcomments&post=24909"}],"version-history":[{"count":20,"href":"http:\/\/museumek.eu\/index.php?rest_route=\/wp\/v2\/pages\/24909\/revisions"}],"predecessor-version":[{"id":56559,"href":"http:\/\/museumek.eu\/index.php?rest_route=\/wp\/v2\/pages\/24909\/revisions\/56559"}],"up":[{"embeddable":true,"href":"http:\/\/museumek.eu\/index.php?rest_route=\/wp\/v2\/pages\/51269"}],"wp:attachment":[{"href":"http:\/\/museumek.eu\/index.php?rest_route=%2Fwp%2Fv2%2Fmedia&parent=24909"}],"curies":[{"name":"wp","href":"https:\/\/api.w.org\/{rel}","templated":true}]}}