{"id":24912,"date":"2013-07-15T22:01:03","date_gmt":"2013-07-15T20:01:03","guid":{"rendered":"http:\/\/museumek.eu\/?page_id=24912"},"modified":"2013-07-15T22:59:19","modified_gmt":"2013-07-15T20:59:19","slug":"fotos-und-beschreibung","status":"publish","type":"page","link":"http:\/\/museumek.eu\/?page_id=24912","title":{"rendered":"Fotos und Beschreibung"},"content":{"rendered":"<p><strong>Abteilung Austria\/Ungarn\/B\u00f6hmen, Keramik 1860 \u2013 1960, Inventarnummer A\/XLV\/1<\/strong><\/p>\n<p>Porzellanfabrik Gie\u00dfh\u00fcbel Johann Schuldes, vormals K.K. privilegierte gr\u00e4flich Czernin\u2019sche Porzellanfabrik, Austria\/B\u00f6hmen, Gie\u00dfh\u00fcbel\/Kysibl, um 1910, Teller, K\u00fcnstler unbekannt, Werks.-Nr. 411, Exemplar Nr. ohne, gemarkt Firmenmarke Giesshuebl, 411 sowie XI gepresst, nicht signiert, Literatur: Gustav Wei\u00df, Ullstein Porzellanbuch, Seite 258, Beschreibung der Fabrik, 1803 gr\u00fcndeten Christian Nonne und Karl R\u00f6sch eine Porzellanfabrik in Gie\u00dfh\u00fcbel, Firmierung als Porzellanfabrik Nonne &#038; R\u00f6sch, 1810 wurde die Fabrik an Johann Anton Hladik verkauft, 1815 verpachtete Hladik die Fabrik an Benedikt Knaut und Josef Schmellowski, 1825 oder 1829 verkauft Hladik die Fabrik an Johann Ritter von Neuberg und desssen Frau, 1835 wird Franz Lehnert Mitp\u00e4chter und sp\u00e4ter Alleinp\u00e4chter, 1846 wird der Pachtvertrag nicht verl\u00e4ngert, insofern betrieb Ritter von Neuberg wohl die Fabrik allein, die Firmierung f\u00fcr die Zeit 1810 bis 1868 konnte nicht recherchiert werden, 1868 verkauft Ritter von Neuberg die Fabrik an Graf Hermann von Czernin, die Fiermierung lautet nun K.K. gr\u00e4flich Czernin\u2019sche Porzellanfabrik, 1892 verpachtet Graf Czernin die Fabrik an Adalbert Schuldes, wahrscheinlich bleibt die Firmierung gleich, 1902 kauft Johann Schuldes, ein Sohn von Adalbert Schuldes, die Fabrik, Firmierung als Porzellanfabrik Gie\u00dfh\u00fcbel Johann Schuldes, 1923 wird die Fabrik in eine Handelsgesellschaft umgewandelt und die Eigent\u00fcmer sind Hugo Schuldes und Frieda Schindler, geb. Schuldes, 1940 sind die Eigent\u00fcmer Frida Schindler, geb. Schuldes und Irma Eckl, 1945 wird die Fabrik verstaatlicht und geh\u00f6rte sp\u00e4ter zu Dallwitzer Porzellanfabrik und damit zur EPIAG, siehe auch weitere Teller dieses Service MEK A\/XLV\/2 bis MEK A\/XLV\/6, Durchmesser 19 cm<\/p>\n<p><a href=\"http:\/\/museumek.eu\/?attachment_id=24903\" rel=\"attachment wp-att-24903\"><img loading=\"lazy\" src=\"http:\/\/museumek.eu\/wp-content\/uploads\/2013\/07\/Museum-Europ\u00e4ischer-Keramikkunst-2891-300x298.jpg\" alt=\"\" title=\"Museum Europ\u00e4ischer Keramikkunst 2891\" width=\"300\" height=\"298\" class=\"alignnone size-medium wp-image-24903\" srcset=\"http:\/\/museumek.eu\/wp-content\/uploads\/2013\/07\/Museum-Europ\u00e4ischer-Keramikkunst-2891-300x298.jpg 300w, http:\/\/museumek.eu\/wp-content\/uploads\/2013\/07\/Museum-Europ\u00e4ischer-Keramikkunst-2891-150x150.jpg 150w, http:\/\/museumek.eu\/wp-content\/uploads\/2013\/07\/Museum-Europ\u00e4ischer-Keramikkunst-2891-301x300.jpg 301w, http:\/\/museumek.eu\/wp-content\/uploads\/2013\/07\/Museum-Europ\u00e4ischer-Keramikkunst-2891.jpg 715w\" sizes=\"(max-width: 300px) 100vw, 300px\" \/><\/a><\/p>\n<p><a href=\"http:\/\/museumek.eu\/?attachment_id=24904\" rel=\"attachment wp-att-24904\"><img loading=\"lazy\" src=\"http:\/\/museumek.eu\/wp-content\/uploads\/2013\/07\/Museum-Europ\u00e4ischer-Keramikkunst-2892-158x300.jpg\" alt=\"\" title=\"Museum Europ\u00e4ischer Keramikkunst 2892\" width=\"158\" height=\"300\" class=\"alignnone size-medium wp-image-24904\" srcset=\"http:\/\/museumek.eu\/wp-content\/uploads\/2013\/07\/Museum-Europ\u00e4ischer-Keramikkunst-2892-158x300.jpg 158w, http:\/\/museumek.eu\/wp-content\/uploads\/2013\/07\/Museum-Europ\u00e4ischer-Keramikkunst-2892-79x150.jpg 79w, http:\/\/museumek.eu\/wp-content\/uploads\/2013\/07\/Museum-Europ\u00e4ischer-Keramikkunst-2892.jpg 301w\" sizes=\"(max-width: 158px) 100vw, 158px\" \/><\/a><\/p>\n<p><strong>Abteilung Austria\/Ungarn\/B\u00f6hmen, Keramik 1860 \u2013 1960, Inventarnummer A\/XLV\/2<\/strong><\/p>\n<p>Porzellanfabrik Gie\u00dfh\u00fcbel Johann Schuldes, vormals K.K. privilegierte gr\u00e4flich Czernin\u2019sche Porzellanfabrik, Austria\/B\u00f6hmen, Gie\u00dfh\u00fcbel\/Kysibl, um 1910, Teller, K\u00fcnstler unbekannt, Werks.-Nr. 411, Exemplar Nr. ohne, gemarkt Firmenmarke Giesshuebl sowie 411 gepresst, nicht signiert, Literatur: Gustav Wei\u00df, Ullstein Porzellanbuch, Seite 258, Beschreibung der Fabrik, 1803 gr\u00fcndeten Christian Nonne und Karl R\u00f6sch eine Porzellanfabrik in Gie\u00dfh\u00fcbel, Firmierung als Porzellanfabrik Nonne &#038; R\u00f6sch, 1810 wurde die Fabrik an Johann Anton Hladik verkauft, 1815 verpachtete Hladik die Fabrik an Benedikt Knaut und Josef Schmellowski, 1825 oder 1829 verkauft Hladik die Fabrik an Johann Ritter von Neuberg und desssen Frau, 1835 wird Franz Lehnert Mitp\u00e4chter und sp\u00e4ter Alleinp\u00e4chter, 1846 wird der Pachtvertrag nicht verl\u00e4ngert, insofern betrieb Ritter von Neuberg wohl die Fabrik allein, die Firmierung f\u00fcr die Zeit 1810 bis 1868 konnte nicht recherchiert werden, 1868 verkauft Ritter von Neuberg die Fabrik an Graf Hermann von Czernin, die Fiermierung lautet nun K.K. gr\u00e4flich Czernin\u2019sche Porzellanfabrik, 1892 verpachtet Graf Czernin die Fabrik an Adalbert Schuldes, wahrscheinlich bleibt die Firmierung gleich, 1902 kauft Johann Schuldes, ein Sohn von Adalbert Schuldes, die Fabrik, Firmierung als Porzellanfabrik Gie\u00dfh\u00fcbel Johann Schuldes, 1923 wird die Fabrik in eine Handelsgesellschaft umgewandelt und die Eigent\u00fcmer sind Hugo Schuldes und Frieda Schindler, geb. Schuldes, 1940 sind die Eigent\u00fcmer Frida Schindler, geb. Schuldes und Irma Eckl, 1945 wird die Fabrik verstaatlicht und geh\u00f6rte sp\u00e4ter zu Dallwitzer Porzellanfabrik und damit zur EPIAG, siehe auch weitere Teller dieses Service MEK A\/XLV\/1 sowie MEK A\/XLV\/3 bis MEK A\/XLV\/6, Durchmesser 19 cm<\/p>\n<p><a href=\"http:\/\/museumek.eu\/?attachment_id=24951\" rel=\"attachment wp-att-24951\"><img loading=\"lazy\" src=\"http:\/\/museumek.eu\/wp-content\/uploads\/2013\/07\/Museum-Europ\u00e4ischer-Keramikkunst-2894-300x294.jpg\" alt=\"\" title=\"Museum Europ\u00e4ischer Keramikkunst 2894\" width=\"300\" height=\"294\" class=\"alignnone size-medium wp-image-24951\" srcset=\"http:\/\/museumek.eu\/wp-content\/uploads\/2013\/07\/Museum-Europ\u00e4ischer-Keramikkunst-2894-300x294.jpg 300w, http:\/\/museumek.eu\/wp-content\/uploads\/2013\/07\/Museum-Europ\u00e4ischer-Keramikkunst-2894-150x147.jpg 150w, http:\/\/museumek.eu\/wp-content\/uploads\/2013\/07\/Museum-Europ\u00e4ischer-Keramikkunst-2894-305x300.jpg 305w, http:\/\/museumek.eu\/wp-content\/uploads\/2013\/07\/Museum-Europ\u00e4ischer-Keramikkunst-2894.jpg 711w\" sizes=\"(max-width: 300px) 100vw, 300px\" \/><\/a><\/p>\n<p><a href=\"http:\/\/museumek.eu\/?attachment_id=24952\" rel=\"attachment wp-att-24952\"><img loading=\"lazy\" src=\"http:\/\/museumek.eu\/wp-content\/uploads\/2013\/07\/Museum-Europ\u00e4ischer-Keramikkunst-2895-300x279.jpg\" alt=\"\" title=\"Museum Europ\u00e4ischer Keramikkunst 2895\" width=\"300\" height=\"279\" class=\"alignnone size-medium wp-image-24952\" srcset=\"http:\/\/museumek.eu\/wp-content\/uploads\/2013\/07\/Museum-Europ\u00e4ischer-Keramikkunst-2895-300x279.jpg 300w, http:\/\/museumek.eu\/wp-content\/uploads\/2013\/07\/Museum-Europ\u00e4ischer-Keramikkunst-2895-150x139.jpg 150w, http:\/\/museumek.eu\/wp-content\/uploads\/2013\/07\/Museum-Europ\u00e4ischer-Keramikkunst-2895-321x300.jpg 321w, http:\/\/museumek.eu\/wp-content\/uploads\/2013\/07\/Museum-Europ\u00e4ischer-Keramikkunst-2895.jpg 441w\" sizes=\"(max-width: 300px) 100vw, 300px\" \/><\/a><\/p>\n<p><strong>Abteilung Austria\/Ungarn\/B\u00f6hmen, Keramik 1860 \u2013 1960, Inventarnummer A\/XLV\/3<\/strong><\/p>\n<p>Porzellanfabrik Gie\u00dfh\u00fcbel Johann Schuldes, vormals K.K. privilegierte gr\u00e4flich Czernin\u2019sche Porzellanfabrik, Austria\/B\u00f6hmen, Gie\u00dfh\u00fcbel\/Kysibl, um 1910, Teller, K\u00fcnstler unbekannt, Werks.-Nr. 411, Exemplar Nr. ohne, gemarkt Firmenmarke Giesshuebl sowie 411 gepresst, nicht signiert, Literatur: Gustav Wei\u00df, Ullstein Porzellanbuch, Seite 258, Beschreibung der Fabrik, 1803 gr\u00fcndeten Christian Nonne und Karl R\u00f6sch eine Porzellanfabrik in Gie\u00dfh\u00fcbel, Firmierung als Porzellanfabrik Nonne &#038; R\u00f6sch, 1810 wurde die Fabrik an Johann Anton Hladik verkauft, 1815 verpachtete Hladik die Fabrik an Benedikt Knaut und Josef Schmellowski, 1825 oder 1829 verkauft Hladik die Fabrik an Johann Ritter von Neuberg und desssen Frau, 1835 wird Franz Lehnert Mitp\u00e4chter und sp\u00e4ter Alleinp\u00e4chter, 1846 wird der Pachtvertrag nicht verl\u00e4ngert, insofern betrieb Ritter von Neuberg wohl die Fabrik allein, die Firmierung f\u00fcr die Zeit 1810 bis 1868 konnte nicht recherchiert werden, 1868 verkauft Ritter von Neuberg die Fabrik an Graf Hermann von Czernin, die Fiermierung lautet nun K.K. gr\u00e4flich Czernin\u2019sche Porzellanfabrik, 1892 verpachtet Graf Czernin die Fabrik an Adalbert Schuldes, wahrscheinlich bleibt die Firmierung gleich, 1902 kauft Johann Schuldes, ein Sohn von Adalbert Schuldes, die Fabrik, Firmierung als Porzellanfabrik Gie\u00dfh\u00fcbel Johann Schuldes, 1923 wird die Fabrik in eine Handelsgesellschaft umgewandelt und die Eigent\u00fcmer sind Hugo Schuldes und Frieda Schindler, geb. Schuldes, 1940 sind die Eigent\u00fcmer Frida Schindler, geb. Schuldes und Irma Eckl, 1945 wird die Fabrik verstaatlicht und geh\u00f6rte sp\u00e4ter zu Dallwitzer Porzellanfabrik und damit zur EPIAG, siehe auch weitere Teller dieses Service MEK A\/XLV\/1, MEK A\/XLV\/2 sowie MEK A\/XLV\/4 bis MEK A\/XLV\/6, Durchmesser 19 cm<\/p>\n<p><a href=\"http:\/\/museumek.eu\/?attachment_id=24960\" rel=\"attachment wp-att-24960\"><img loading=\"lazy\" src=\"http:\/\/museumek.eu\/wp-content\/uploads\/2013\/07\/Museum-Europ\u00e4ischer-Keramikkunst-2898-300x300.jpg\" alt=\"\" title=\"Museum Europ\u00e4ischer Keramikkunst 2898\" width=\"300\" height=\"300\" class=\"alignnone size-medium wp-image-24960\" srcset=\"http:\/\/museumek.eu\/wp-content\/uploads\/2013\/07\/Museum-Europ\u00e4ischer-Keramikkunst-2898-300x300.jpg 300w, http:\/\/museumek.eu\/wp-content\/uploads\/2013\/07\/Museum-Europ\u00e4ischer-Keramikkunst-2898-150x150.jpg 150w, http:\/\/museumek.eu\/wp-content\/uploads\/2013\/07\/Museum-Europ\u00e4ischer-Keramikkunst-2898.jpg 660w\" sizes=\"(max-width: 300px) 100vw, 300px\" \/><\/a><\/p>\n<p><a href=\"http:\/\/museumek.eu\/?attachment_id=24961\" rel=\"attachment wp-att-24961\"><img loading=\"lazy\" src=\"http:\/\/museumek.eu\/wp-content\/uploads\/2013\/07\/Museum-Europ\u00e4ischer-Keramikkunst-2899-291x300.jpg\" alt=\"\" title=\"Museum Europ\u00e4ischer Keramikkunst 2899\" width=\"291\" height=\"300\" class=\"alignnone size-medium wp-image-24961\" srcset=\"http:\/\/museumek.eu\/wp-content\/uploads\/2013\/07\/Museum-Europ\u00e4ischer-Keramikkunst-2899-291x300.jpg 291w, http:\/\/museumek.eu\/wp-content\/uploads\/2013\/07\/Museum-Europ\u00e4ischer-Keramikkunst-2899-145x150.jpg 145w, http:\/\/museumek.eu\/wp-content\/uploads\/2013\/07\/Museum-Europ\u00e4ischer-Keramikkunst-2899.jpg 423w\" sizes=\"(max-width: 291px) 100vw, 291px\" \/><\/a><\/p>\n<p><strong>Abteilung Austria\/Ungarn\/B\u00f6hmen, Keramik 1860 \u2013 1960, Inventarnummer A\/XLV\/4<\/strong><\/p>\n<p>Porzellanfabrik Gie\u00dfh\u00fcbel Johann Schuldes, vormals K.K. privilegierte gr\u00e4flich Czernin\u2019sche Porzellanfabrik, Austria\/B\u00f6hmen, Gie\u00dfh\u00fcbel\/Kysibl, um 1910, Teller, K\u00fcnstler unbekannt, Werks.-Nr. 411, Exemplar Nr. ohne, gemarkt Firmenmarke Giesshuebl, 411 sowie XI gepresst, nicht signiert, Literatur: Gustav Wei\u00df, Ullstein Porzellanbuch, Seite 258, Beschreibung der Fabrik, 1803 gr\u00fcndeten Christian Nonne und Karl R\u00f6sch eine Porzellanfabrik in Gie\u00dfh\u00fcbel, Firmierung als Porzellanfabrik Nonne &#038; R\u00f6sch, 1810 wurde die Fabrik an Johann Anton Hladik verkauft, 1815 verpachtete Hladik die Fabrik an Benedikt Knaut und Josef Schmellowski, 1825 oder 1829 verkauft Hladik die Fabrik an Johann Ritter von Neuberg und desssen Frau, 1835 wird Franz Lehnert Mitp\u00e4chter und sp\u00e4ter Alleinp\u00e4chter, 1846 wird der Pachtvertrag nicht verl\u00e4ngert, insofern betrieb Ritter von Neuberg wohl die Fabrik allein, die Firmierung f\u00fcr die Zeit 1810 bis 1868 konnte nicht recherchiert werden, 1868 verkauft Ritter von Neuberg die Fabrik an Graf Hermann von Czernin, die Fiermierung lautet nun K.K. gr\u00e4flich Czernin\u2019sche Porzellanfabrik, 1892 verpachtet Graf Czernin die Fabrik an Adalbert Schuldes, wahrscheinlich bleibt die Firmierung gleich, 1902 kauft Johann Schuldes, ein Sohn von Adalbert Schuldes, die Fabrik, Firmierung als Porzellanfabrik Gie\u00dfh\u00fcbel Johann Schuldes, 1923 wird die Fabrik in eine Handelsgesellschaft umgewandelt und die Eigent\u00fcmer sind Hugo Schuldes und Frieda Schindler, geb. Schuldes, 1940 sind die Eigent\u00fcmer Frida Schindler, geb. Schuldes und Irma Eckl, 1945 wird die Fabrik verstaatlicht und geh\u00f6rte sp\u00e4ter zu Dallwitzer Porzellanfabrik und damit zur EPIAG, siehe auch weitere Teller dieses Service MEK A\/XLV\/1 bis MEK A\/XLV\/3, MEK A\/XLV\/5 sowie MEK A\/XLV\/6, Durchmesser 19 cm<\/p>\n<p><a href=\"http:\/\/museumek.eu\/?attachment_id=24969\" rel=\"attachment wp-att-24969\"><img loading=\"lazy\" src=\"http:\/\/museumek.eu\/wp-content\/uploads\/2013\/07\/Museum-Europ\u00e4ischer-Keramikkunst-2901-300x291.jpg\" alt=\"\" title=\"Museum Europ\u00e4ischer Keramikkunst 2901\" width=\"300\" height=\"291\" class=\"alignnone size-medium wp-image-24969\" srcset=\"http:\/\/museumek.eu\/wp-content\/uploads\/2013\/07\/Museum-Europ\u00e4ischer-Keramikkunst-2901-300x291.jpg 300w, http:\/\/museumek.eu\/wp-content\/uploads\/2013\/07\/Museum-Europ\u00e4ischer-Keramikkunst-2901-150x145.jpg 150w, http:\/\/museumek.eu\/wp-content\/uploads\/2013\/07\/Museum-Europ\u00e4ischer-Keramikkunst-2901-309x300.jpg 309w, http:\/\/museumek.eu\/wp-content\/uploads\/2013\/07\/Museum-Europ\u00e4ischer-Keramikkunst-2901.jpg 714w\" sizes=\"(max-width: 300px) 100vw, 300px\" \/><\/a><\/p>\n<p><a href=\"http:\/\/museumek.eu\/?attachment_id=24970\" rel=\"attachment wp-att-24970\"><img loading=\"lazy\" src=\"http:\/\/museumek.eu\/wp-content\/uploads\/2013\/07\/Museum-Europ\u00e4ischer-Keramikkunst-2904-161x300.jpg\" alt=\"\" title=\"Museum Europ\u00e4ischer Keramikkunst 2904\" width=\"161\" height=\"300\" class=\"alignnone size-medium wp-image-24970\" srcset=\"http:\/\/museumek.eu\/wp-content\/uploads\/2013\/07\/Museum-Europ\u00e4ischer-Keramikkunst-2904-161x300.jpg 161w, http:\/\/museumek.eu\/wp-content\/uploads\/2013\/07\/Museum-Europ\u00e4ischer-Keramikkunst-2904-80x150.jpg 80w, http:\/\/museumek.eu\/wp-content\/uploads\/2013\/07\/Museum-Europ\u00e4ischer-Keramikkunst-2904.jpg 343w\" sizes=\"(max-width: 161px) 100vw, 161px\" \/><\/a><\/p>\n<p><strong>Abteilung Austria\/Ungarn\/B\u00f6hmen, Keramik 1860 \u2013 1960, Inventarnummer A\/XLV\/5<\/strong><\/p>\n<p>Porzellanfabrik Gie\u00dfh\u00fcbel Johann Schuldes, vormals K.K. privilegierte gr\u00e4flich Czernin\u2019sche Porzellanfabrik, Austria\/B\u00f6hmen, Gie\u00dfh\u00fcbel\/Kysibl, um 1910, Teller, K\u00fcnstler unbekannt, Werks.-Nr. 411, Exemplar Nr. ohne, gemarkt Firmenmarke Giesshuebl sowie 411 gepresst, nicht signiert, Literatur: Gustav Wei\u00df, Ullstein Porzellanbuch, Seite 258, Beschreibung der Fabrik, 1803 gr\u00fcndeten Christian Nonne und Karl R\u00f6sch eine Porzellanfabrik in Gie\u00dfh\u00fcbel, Firmierung als Porzellanfabrik Nonne &#038; R\u00f6sch, 1810 wurde die Fabrik an Johann Anton Hladik verkauft, 1815 verpachtete Hladik die Fabrik an Benedikt Knaut und Josef Schmellowski, 1825 oder 1829 verkauft Hladik die Fabrik an Johann Ritter von Neuberg und desssen Frau, 1835 wird Franz Lehnert Mitp\u00e4chter und sp\u00e4ter Alleinp\u00e4chter, 1846 wird der Pachtvertrag nicht verl\u00e4ngert, insofern betrieb Ritter von Neuberg wohl die Fabrik allein, die Firmierung f\u00fcr die Zeit 1810 bis 1868 konnte nicht recherchiert werden, 1868 verkauft Ritter von Neuberg die Fabrik an Graf Hermann von Czernin, die Fiermierung lautet nun K.K. gr\u00e4flich Czernin\u2019sche Porzellanfabrik, 1892 verpachtet Graf Czernin die Fabrik an Adalbert Schuldes, wahrscheinlich bleibt die Firmierung gleich, 1902 kauft Johann Schuldes, ein Sohn von Adalbert Schuldes, die Fabrik, Firmierung als Porzellanfabrik Gie\u00dfh\u00fcbel Johann Schuldes, 1923 wird die Fabrik in eine Handelsgesellschaft umgewandelt und die Eigent\u00fcmer sind Hugo Schuldes und Frieda Schindler, geb. Schuldes, 1940 sind die Eigent\u00fcmer Frida Schindler, geb. Schuldes und Irma Eckl, 1945 wird die Fabrik verstaatlicht und geh\u00f6rte sp\u00e4ter zu Dallwitzer Porzellanfabrik und damit zur EPIAG, siehe auch weitere Teller dieses Service MEK A\/XLV\/1 bis MEK A\/XLV\/4 sowie MEK A\/XLV\/5, Durchmesser 19 cm<\/p>\n<p><a href=\"http:\/\/museumek.eu\/?attachment_id=24978\" rel=\"attachment wp-att-24978\"><img loading=\"lazy\" src=\"http:\/\/museumek.eu\/wp-content\/uploads\/2013\/07\/Museum-Europ\u00e4ischer-Keramikkunst-2906-300x294.jpg\" alt=\"\" title=\"Museum Europ\u00e4ischer Keramikkunst 2906\" width=\"300\" height=\"294\" class=\"alignnone size-medium wp-image-24978\" srcset=\"http:\/\/museumek.eu\/wp-content\/uploads\/2013\/07\/Museum-Europ\u00e4ischer-Keramikkunst-2906-300x294.jpg 300w, http:\/\/museumek.eu\/wp-content\/uploads\/2013\/07\/Museum-Europ\u00e4ischer-Keramikkunst-2906-150x147.jpg 150w, http:\/\/museumek.eu\/wp-content\/uploads\/2013\/07\/Museum-Europ\u00e4ischer-Keramikkunst-2906-305x300.jpg 305w, http:\/\/museumek.eu\/wp-content\/uploads\/2013\/07\/Museum-Europ\u00e4ischer-Keramikkunst-2906.jpg 701w\" sizes=\"(max-width: 300px) 100vw, 300px\" \/><\/a><\/p>\n<p><a href=\"http:\/\/museumek.eu\/?attachment_id=24979\" rel=\"attachment wp-att-24979\"><img loading=\"lazy\" src=\"http:\/\/museumek.eu\/wp-content\/uploads\/2013\/07\/Museum-Europ\u00e4ischer-Keramikkunst-2908-300x241.jpg\" alt=\"\" title=\"Museum Europ\u00e4ischer Keramikkunst 2908\" width=\"300\" height=\"241\" class=\"alignnone size-medium wp-image-24979\" srcset=\"http:\/\/museumek.eu\/wp-content\/uploads\/2013\/07\/Museum-Europ\u00e4ischer-Keramikkunst-2908-300x241.jpg 300w, http:\/\/museumek.eu\/wp-content\/uploads\/2013\/07\/Museum-Europ\u00e4ischer-Keramikkunst-2908-150x120.jpg 150w, http:\/\/museumek.eu\/wp-content\/uploads\/2013\/07\/Museum-Europ\u00e4ischer-Keramikkunst-2908.jpg 355w\" sizes=\"(max-width: 300px) 100vw, 300px\" \/><\/a><\/p>\n<p><strong>Abteilung Austria\/Ungarn\/B\u00f6hmen, Keramik 1860 \u2013 1960, Inventarnummer A\/XLV\/6<\/strong><\/p>\n<p>Porzellanfabrik Gie\u00dfh\u00fcbel Johann Schuldes, vormals K.K. privilegierte gr\u00e4flich Czernin\u2019sche Porzellanfabrik, Austria\/B\u00f6hmen, Gie\u00dfh\u00fcbel\/Kysibl, um 1910, Teller, K\u00fcnstler unbekannt, Werks.-Nr. 411, Exemplar Nr. ohne, gemarkt Firmenmarke Giesshuebl sowie 411 gepresst, nicht signiert, Literatur: Gustav Wei\u00df, Ullstein Porzellanbuch, Seite 258, Beschreibung der Fabrik, 1803 gr\u00fcndeten Christian Nonne und Karl R\u00f6sch eine Porzellanfabrik in Gie\u00dfh\u00fcbel, Firmierung als Porzellanfabrik Nonne &#038; R\u00f6sch, 1810 wurde die Fabrik an Johann Anton Hladik verkauft, 1815 verpachtete Hladik die Fabrik an Benedikt Knaut und Josef Schmellowski, 1825 oder 1829 verkauft Hladik die Fabrik an Johann Ritter von Neuberg und desssen Frau, 1835 wird Franz Lehnert Mitp\u00e4chter und sp\u00e4ter Alleinp\u00e4chter, 1846 wird der Pachtvertrag nicht verl\u00e4ngert, insofern betrieb Ritter von Neuberg wohl die Fabrik allein, die Firmierung f\u00fcr die Zeit 1810 bis 1868 konnte nicht recherchiert werden, 1868 verkauft Ritter von Neuberg die Fabrik an Graf Hermann von Czernin, die Fiermierung lautet nun K.K. gr\u00e4flich Czernin\u2019sche Porzellanfabrik, 1892 verpachtet Graf Czernin die Fabrik an Adalbert Schuldes, wahrscheinlich bleibt die Firmierung gleich, 1902 kauft Johann Schuldes, ein Sohn von Adalbert Schuldes, die Fabrik, Firmierung als Porzellanfabrik Gie\u00dfh\u00fcbel Johann Schuldes, 1923 wird die Fabrik in eine Handelsgesellschaft umgewandelt und die Eigent\u00fcmer sind Hugo Schuldes und Frieda Schindler, geb. Schuldes, 1940 sind die Eigent\u00fcmer Frida Schindler, geb. Schuldes und Irma Eckl, 1945 wird die Fabrik verstaatlicht und geh\u00f6rte sp\u00e4ter zu Dallwitzer Porzellanfabrik und damit zur EPIAG, siehe auch weitere Teller dieses Service MEK A\/XLV\/1 bis MEK A\/XLV\/5, Durchmesser 19 cm<\/p>\n<p><a href=\"http:\/\/museumek.eu\/?attachment_id=24987\" rel=\"attachment wp-att-24987\"><img loading=\"lazy\" src=\"http:\/\/museumek.eu\/wp-content\/uploads\/2013\/07\/Museum-Europ\u00e4ischer-Keramikkunst-2909-300x293.jpg\" alt=\"\" title=\"Museum Europ\u00e4ischer Keramikkunst 2909\" width=\"300\" height=\"293\" class=\"alignnone size-medium wp-image-24987\" srcset=\"http:\/\/museumek.eu\/wp-content\/uploads\/2013\/07\/Museum-Europ\u00e4ischer-Keramikkunst-2909-300x293.jpg 300w, http:\/\/museumek.eu\/wp-content\/uploads\/2013\/07\/Museum-Europ\u00e4ischer-Keramikkunst-2909-150x146.jpg 150w, http:\/\/museumek.eu\/wp-content\/uploads\/2013\/07\/Museum-Europ\u00e4ischer-Keramikkunst-2909-307x300.jpg 307w, http:\/\/museumek.eu\/wp-content\/uploads\/2013\/07\/Museum-Europ\u00e4ischer-Keramikkunst-2909.jpg 698w\" sizes=\"(max-width: 300px) 100vw, 300px\" \/><\/a><\/p>\n<p><a href=\"http:\/\/museumek.eu\/?attachment_id=24988\" rel=\"attachment wp-att-24988\"><img loading=\"lazy\" src=\"http:\/\/museumek.eu\/wp-content\/uploads\/2013\/07\/Museum-Europ\u00e4ischer-Keramikkunst-2910-300x300.jpg\" alt=\"\" title=\"Museum Europ\u00e4ischer Keramikkunst 2910\" width=\"300\" height=\"300\" class=\"alignnone size-medium wp-image-24988\" srcset=\"http:\/\/museumek.eu\/wp-content\/uploads\/2013\/07\/Museum-Europ\u00e4ischer-Keramikkunst-2910-300x300.jpg 300w, http:\/\/museumek.eu\/wp-content\/uploads\/2013\/07\/Museum-Europ\u00e4ischer-Keramikkunst-2910-150x150.jpg 150w, http:\/\/museumek.eu\/wp-content\/uploads\/2013\/07\/Museum-Europ\u00e4ischer-Keramikkunst-2910-299x300.jpg 299w, http:\/\/museumek.eu\/wp-content\/uploads\/2013\/07\/Museum-Europ\u00e4ischer-Keramikkunst-2910.jpg 339w\" sizes=\"(max-width: 300px) 100vw, 300px\" \/><\/a><\/p>\n","protected":false},"excerpt":{"rendered":"<p>Abteilung Austria\/Ungarn\/B\u00f6hmen, Keramik 1860 \u2013 1960, Inventarnummer A\/XLV\/1 Porzellanfabrik Gie\u00dfh\u00fcbel Johann Schuldes, vormals K.K. privilegierte gr\u00e4flich Czernin\u2019sche Porzellanfabrik, Austria\/B\u00f6hmen, Gie\u00dfh\u00fcbel\/Kysibl, um 1910, Teller, K\u00fcnstler unbekannt, Werks.-Nr. 411, Exemplar Nr. ohne, gemarkt Firmenmarke Giesshuebl, 411 sowie XI gepresst, nicht signiert, Literatur: &hellip; <a href=\"http:\/\/museumek.eu\/?page_id=24912\">Weiterlesen <span class=\"meta-nav\">&rarr;<\/span><\/a><\/p>\n","protected":false},"author":1,"featured_media":0,"parent":24909,"menu_order":1,"comment_status":"closed","ping_status":"open","template":"","meta":[],"_links":{"self":[{"href":"http:\/\/museumek.eu\/index.php?rest_route=\/wp\/v2\/pages\/24912"}],"collection":[{"href":"http:\/\/museumek.eu\/index.php?rest_route=\/wp\/v2\/pages"}],"about":[{"href":"http:\/\/museumek.eu\/index.php?rest_route=\/wp\/v2\/types\/page"}],"author":[{"embeddable":true,"href":"http:\/\/museumek.eu\/index.php?rest_route=\/wp\/v2\/users\/1"}],"replies":[{"embeddable":true,"href":"http:\/\/museumek.eu\/index.php?rest_route=%2Fwp%2Fv2%2Fcomments&post=24912"}],"version-history":[{"count":14,"href":"http:\/\/museumek.eu\/index.php?rest_route=\/wp\/v2\/pages\/24912\/revisions"}],"predecessor-version":[{"id":24994,"href":"http:\/\/museumek.eu\/index.php?rest_route=\/wp\/v2\/pages\/24912\/revisions\/24994"}],"up":[{"embeddable":true,"href":"http:\/\/museumek.eu\/index.php?rest_route=\/wp\/v2\/pages\/24909"}],"wp:attachment":[{"href":"http:\/\/museumek.eu\/index.php?rest_route=%2Fwp%2Fv2%2Fmedia&parent=24912"}],"curies":[{"name":"wp","href":"https:\/\/api.w.org\/{rel}","templated":true}]}}