{"id":25001,"date":"2013-07-16T15:08:50","date_gmt":"2013-07-16T13:08:50","guid":{"rendered":"http:\/\/museumek.eu\/?page_id=25001"},"modified":"2015-06-07T12:45:59","modified_gmt":"2015-06-07T10:45:59","slug":"dxcviii1","status":"publish","type":"page","link":"http:\/\/museumek.eu\/?page_id=25001","title":{"rendered":"D\/XCVIII\/1"},"content":{"rendered":"<p><strong>Abteilung Deutschland, Keramik 1860 \u2013 1960, Inventarnummer D\/XCVIII\/1<\/strong><\/p>\n<p>Annaburger Steingutfabrik AG, vormals Steingutfabrik Adolf Heckmann, Deutschland, Annaburg, um 1915, Vorlegeplatte Dekor Neisse, K\u00fcnstler unbekannt, Werks.-Nr. ohne, Exemplar Nr. ohne, gemarkt Firmenmarke mit Schriftzug Annaburg sowie Neisse braune Stempel unter Glasur, 5 sowie ein Herz mit Stiel gepresst, braun ausgemaltes Quadrat unter Glasur, nicht signiert, die Fabrik wurde 1874 als Hafnerwerkstatt von einem Hafner namens B\u00f6ttcher in Annaburg gegr\u00fcndet, 1883 kaufte Adolf Heckmann die Werkstatt und erweiterte sie zu einer Steingutfabrik, als Heckmann 1895 starb verkauften seine 3 S\u00f6hne die Fabrik, am 01.07.1895 gr\u00fcndete sich die Annaburger Steingutfabrik AG mit den Hauptaktion\u00e4ren Carl Untucht &#038; Co. (Berlin) und den beiden Annaburgern Gustav M\u00fcller und Hans Untucht, es gab in Magdeburg noch ein Zweigwerk, welches als Annaburger Steingutfabrik AG, Abteilung Untucht firmierte, 1945 wurde die Fabrik verstaatlicht, H\u00f6he 4,5 cm, Breite 34,5 cm<\/p>\n<p><a href=\"http:\/\/museumek.eu\/?attachment_id=25002\" rel=\"attachment wp-att-25002\"><img loading=\"lazy\" src=\"http:\/\/museumek.eu\/wp-content\/uploads\/2013\/07\/Museum-Europ\u00e4ischer-Keramikkunst-2949-300x204.jpg\" alt=\"\" title=\"Museum Europ\u00e4ischer Keramikkunst 2949\" width=\"300\" height=\"204\" class=\"alignnone size-medium wp-image-25002\" srcset=\"http:\/\/museumek.eu\/wp-content\/uploads\/2013\/07\/Museum-Europ\u00e4ischer-Keramikkunst-2949-300x204.jpg 300w, http:\/\/museumek.eu\/wp-content\/uploads\/2013\/07\/Museum-Europ\u00e4ischer-Keramikkunst-2949-150x102.jpg 150w, http:\/\/museumek.eu\/wp-content\/uploads\/2013\/07\/Museum-Europ\u00e4ischer-Keramikkunst-2949-440x300.jpg 440w, http:\/\/museumek.eu\/wp-content\/uploads\/2013\/07\/Museum-Europ\u00e4ischer-Keramikkunst-2949.jpg 932w\" sizes=\"(max-width: 300px) 100vw, 300px\" \/><\/a><\/p>\n<p><a href=\"http:\/\/museumek.eu\/?attachment_id=25003\" rel=\"attachment wp-att-25003\"><img loading=\"lazy\" src=\"http:\/\/museumek.eu\/wp-content\/uploads\/2013\/07\/Museum-Europ\u00e4ischer-Keramikkunst-2950-300x183.jpg\" alt=\"\" title=\"Museum Europ\u00e4ischer Keramikkunst 2950\" width=\"300\" height=\"183\" class=\"alignnone size-medium wp-image-25003\" srcset=\"http:\/\/museumek.eu\/wp-content\/uploads\/2013\/07\/Museum-Europ\u00e4ischer-Keramikkunst-2950-300x183.jpg 300w, http:\/\/museumek.eu\/wp-content\/uploads\/2013\/07\/Museum-Europ\u00e4ischer-Keramikkunst-2950-150x91.jpg 150w, http:\/\/museumek.eu\/wp-content\/uploads\/2013\/07\/Museum-Europ\u00e4ischer-Keramikkunst-2950-491x300.jpg 491w, http:\/\/museumek.eu\/wp-content\/uploads\/2013\/07\/Museum-Europ\u00e4ischer-Keramikkunst-2950.jpg 816w\" sizes=\"(max-width: 300px) 100vw, 300px\" \/><\/a><\/p>\n<p><a href=\"http:\/\/museumek.eu\/?attachment_id=25004\" rel=\"attachment wp-att-25004\"><img loading=\"lazy\" src=\"http:\/\/museumek.eu\/wp-content\/uploads\/2013\/07\/Museum-Europ\u00e4ischer-Keramikkunst-2951-300x135.jpg\" alt=\"\" title=\"Museum Europ\u00e4ischer Keramikkunst 2951\" width=\"300\" height=\"135\" class=\"alignnone size-medium wp-image-25004\" srcset=\"http:\/\/museumek.eu\/wp-content\/uploads\/2013\/07\/Museum-Europ\u00e4ischer-Keramikkunst-2951-300x135.jpg 300w, http:\/\/museumek.eu\/wp-content\/uploads\/2013\/07\/Museum-Europ\u00e4ischer-Keramikkunst-2951-150x67.jpg 150w, http:\/\/museumek.eu\/wp-content\/uploads\/2013\/07\/Museum-Europ\u00e4ischer-Keramikkunst-2951.jpg 317w\" sizes=\"(max-width: 300px) 100vw, 300px\" \/><\/a><\/p>\n","protected":false},"excerpt":{"rendered":"<p>Abteilung Deutschland, Keramik 1860 \u2013 1960, Inventarnummer D\/XCVIII\/1 Annaburger Steingutfabrik AG, vormals Steingutfabrik Adolf Heckmann, Deutschland, Annaburg, um 1915, Vorlegeplatte Dekor Neisse, K\u00fcnstler unbekannt, Werks.-Nr. ohne, Exemplar Nr. ohne, gemarkt Firmenmarke mit Schriftzug Annaburg sowie Neisse braune Stempel unter Glasur, &hellip; <a href=\"http:\/\/museumek.eu\/?page_id=25001\">Weiterlesen <span class=\"meta-nav\">&rarr;<\/span><\/a><\/p>\n","protected":false},"author":1,"featured_media":0,"parent":24998,"menu_order":1,"comment_status":"closed","ping_status":"open","template":"","meta":[],"_links":{"self":[{"href":"http:\/\/museumek.eu\/index.php?rest_route=\/wp\/v2\/pages\/25001"}],"collection":[{"href":"http:\/\/museumek.eu\/index.php?rest_route=\/wp\/v2\/pages"}],"about":[{"href":"http:\/\/museumek.eu\/index.php?rest_route=\/wp\/v2\/types\/page"}],"author":[{"embeddable":true,"href":"http:\/\/museumek.eu\/index.php?rest_route=\/wp\/v2\/users\/1"}],"replies":[{"embeddable":true,"href":"http:\/\/museumek.eu\/index.php?rest_route=%2Fwp%2Fv2%2Fcomments&post=25001"}],"version-history":[{"count":6,"href":"http:\/\/museumek.eu\/index.php?rest_route=\/wp\/v2\/pages\/25001\/revisions"}],"predecessor-version":[{"id":40815,"href":"http:\/\/museumek.eu\/index.php?rest_route=\/wp\/v2\/pages\/25001\/revisions\/40815"}],"up":[{"embeddable":true,"href":"http:\/\/museumek.eu\/index.php?rest_route=\/wp\/v2\/pages\/24998"}],"wp:attachment":[{"href":"http:\/\/museumek.eu\/index.php?rest_route=%2Fwp%2Fv2%2Fmedia&parent=25001"}],"curies":[{"name":"wp","href":"https:\/\/api.w.org\/{rel}","templated":true}]}}