{"id":25012,"date":"2013-07-16T15:12:40","date_gmt":"2013-07-16T13:12:40","guid":{"rendered":"http:\/\/museumek.eu\/?page_id=25012"},"modified":"2020-06-27T20:31:45","modified_gmt":"2020-06-27T18:31:45","slug":"fotos-und-beschreibung","status":"publish","type":"page","link":"http:\/\/museumek.eu\/?page_id=25012","title":{"rendered":"Fotos und Beschreibung"},"content":{"rendered":"<p><strong>Abteilung Deutschland, Keramik 1860 \u2013 1960, Inventarnummer D\/XCVIII\/1<\/strong><\/p>\n<p>Annaburger Steingutfabrik AG, vormals Steingutfabrik Adolf Heckmann, Deutschland, Annaburg, um 1915, Vorlegeplatte Dekor Neisse, K\u00fcnstler unbekannt, Werks.-Nr. ohne, Exemplar Nr. ohne, gemarkt Firmenmarke mit Schriftzug Annaburg sowie Neisse braune Stempel unter Glasur, 5 sowie ein Herz mit Stiel gepresst, braun ausgemaltes Quadrat unter Glasur, nicht signiert, die Fabrik wurde 1874 als Hafnerwerkstatt von einem Hafner namens B\u00f6ttcher in Annaburg gegr\u00fcndet, 1883 kaufte Adolf Heckmann die Werkstatt und erweiterte sie zu einer Steingutfabrik, als Heckmann 1895 starb verkauften seine 3 S\u00f6hne die Fabrik, am 01.07.1895 gr\u00fcndete sich die Annaburger Steingutfabrik AG mit den Hauptaktion\u00e4ren Carl Untucht &#038; Co. (Berlin) und den beiden Annaburgern Gustav M\u00fcller und Hans Untucht, es gab in Magdeburg noch ein Zweigwerk, welches als Annaburger Steingutfabrik AG, Abteilung Untucht firmierte, 1945 wurde die Fabrik verstaatlicht, H\u00f6he 4,5 cm, Breite 34,5 cm<\/p>\n<p><a href=\"http:\/\/museumek.eu\/?attachment_id=25002\" rel=\"attachment wp-att-25002\"><img loading=\"lazy\" src=\"http:\/\/museumek.eu\/wp-content\/uploads\/2013\/07\/Museum-Europ\u00e4ischer-Keramikkunst-2949-300x204.jpg\" alt=\"\" title=\"Museum Europ\u00e4ischer Keramikkunst 2949\" width=\"300\" height=\"204\" class=\"alignnone size-medium wp-image-25002\" srcset=\"http:\/\/museumek.eu\/wp-content\/uploads\/2013\/07\/Museum-Europ\u00e4ischer-Keramikkunst-2949-300x204.jpg 300w, http:\/\/museumek.eu\/wp-content\/uploads\/2013\/07\/Museum-Europ\u00e4ischer-Keramikkunst-2949-150x102.jpg 150w, http:\/\/museumek.eu\/wp-content\/uploads\/2013\/07\/Museum-Europ\u00e4ischer-Keramikkunst-2949-440x300.jpg 440w, http:\/\/museumek.eu\/wp-content\/uploads\/2013\/07\/Museum-Europ\u00e4ischer-Keramikkunst-2949.jpg 932w\" sizes=\"(max-width: 300px) 100vw, 300px\" \/><\/a><\/p>\n<p><a href=\"http:\/\/museumek.eu\/?attachment_id=25003\" rel=\"attachment wp-att-25003\"><img loading=\"lazy\" src=\"http:\/\/museumek.eu\/wp-content\/uploads\/2013\/07\/Museum-Europ\u00e4ischer-Keramikkunst-2950-300x183.jpg\" alt=\"\" title=\"Museum Europ\u00e4ischer Keramikkunst 2950\" width=\"300\" height=\"183\" class=\"alignnone size-medium wp-image-25003\" srcset=\"http:\/\/museumek.eu\/wp-content\/uploads\/2013\/07\/Museum-Europ\u00e4ischer-Keramikkunst-2950-300x183.jpg 300w, http:\/\/museumek.eu\/wp-content\/uploads\/2013\/07\/Museum-Europ\u00e4ischer-Keramikkunst-2950-150x91.jpg 150w, http:\/\/museumek.eu\/wp-content\/uploads\/2013\/07\/Museum-Europ\u00e4ischer-Keramikkunst-2950-491x300.jpg 491w, http:\/\/museumek.eu\/wp-content\/uploads\/2013\/07\/Museum-Europ\u00e4ischer-Keramikkunst-2950.jpg 816w\" sizes=\"(max-width: 300px) 100vw, 300px\" \/><\/a><\/p>\n<p><a href=\"http:\/\/museumek.eu\/?attachment_id=25004\" rel=\"attachment wp-att-25004\"><img loading=\"lazy\" src=\"http:\/\/museumek.eu\/wp-content\/uploads\/2013\/07\/Museum-Europ\u00e4ischer-Keramikkunst-2951-300x135.jpg\" alt=\"\" title=\"Museum Europ\u00e4ischer Keramikkunst 2951\" width=\"300\" height=\"135\" class=\"alignnone size-medium wp-image-25004\" srcset=\"http:\/\/museumek.eu\/wp-content\/uploads\/2013\/07\/Museum-Europ\u00e4ischer-Keramikkunst-2951-300x135.jpg 300w, http:\/\/museumek.eu\/wp-content\/uploads\/2013\/07\/Museum-Europ\u00e4ischer-Keramikkunst-2951-150x67.jpg 150w, http:\/\/museumek.eu\/wp-content\/uploads\/2013\/07\/Museum-Europ\u00e4ischer-Keramikkunst-2951.jpg 317w\" sizes=\"(max-width: 300px) 100vw, 300px\" \/><\/a><\/p>\n<p><strong>Abteilung Deutschland, Keramik 1860 \u2013 1960, Inventarnummer D\/XCVIII\/2<\/strong><\/p>\n<p>Annaburger Steingutfabrik AG, vormals Steingutfabrik Adolf Heckmann, Deutschland, Annaburg, um 1925, Schale, K\u00fcnstler unbekannt, Werks.-Nr. 1290 (?), Exemplar Nr. ohne, gemarkt Firmenmarke mit Krone, darunter ein A (f\u00fcr Annaburg), in dem A die Buchstaben AG sowie St (f\u00fcr Steingutfabrik AG) sowie 1290 schwarze Stempel, Schriftzug Annaburg schwarz gemalt, 371 gepresst, nicht signiert, Literatur: Otto Pelka, Keramik der Neuzeit, Markentafel 1, in Markenkasten Nr. 3 identische Marke, Seite 209, Herstellerverzeichnis, dort unter 3. Annaburger Steingutfabrik sowie Seite 217, Namenverzeichnis, Annaburger Steingutfabrik, die Fabrik wurde 1874 als Hafnerwerkstatt von einem Hafner namens B\u00f6ttcher in Annaburg gegr\u00fcndet, 1883 kaufte Adolf Heckmann die Werkstatt und erweiterte sie zu einer Steingutfabrik, als Heckmann 1895 starb verkauften seine 3 S\u00f6hne die Fabrik, am 01.07.1895 gr\u00fcndete sich die Annaburger Steingutfabrik AG mit den Hauptaktion\u00e4ren Carl Untucht &#038; Co. (Berlin) und den beiden Annaburgern Gustav M\u00fcller und Hans Untucht, es gab in Magdeburg noch ein Zweigwerk, welches als Annaburger Steingutfabrik AG, Abteilung Untucht firmierte, 1945 wurde die Fabrik verstaatlicht,<br \/>\nDurchmesser 31 cm (von Henkel zu Henkel)<\/p>\n<p><a href=\"http:\/\/museumek.eu\/?attachment_id=40802\" rel=\"attachment wp-att-40802\"><img loading=\"lazy\" src=\"http:\/\/museumek.eu\/wp-content\/uploads\/2015\/06\/437-300x261.jpg\" alt=\"\" title=\"437\" width=\"300\" height=\"261\" class=\"alignnone size-medium wp-image-40802\" srcset=\"http:\/\/museumek.eu\/wp-content\/uploads\/2015\/06\/437-300x261.jpg 300w, http:\/\/museumek.eu\/wp-content\/uploads\/2015\/06\/437-150x130.jpg 150w, http:\/\/museumek.eu\/wp-content\/uploads\/2015\/06\/437-344x300.jpg 344w, http:\/\/museumek.eu\/wp-content\/uploads\/2015\/06\/437.jpg 552w\" sizes=\"(max-width: 300px) 100vw, 300px\" \/><\/a><\/p>\n<p><a href=\"http:\/\/museumek.eu\/?attachment_id=40803\" rel=\"attachment wp-att-40803\"><img loading=\"lazy\" src=\"http:\/\/museumek.eu\/wp-content\/uploads\/2015\/06\/438-300x291.jpg\" alt=\"\" title=\"438\" width=\"300\" height=\"291\" class=\"alignnone size-medium wp-image-40803\" srcset=\"http:\/\/museumek.eu\/wp-content\/uploads\/2015\/06\/438-300x291.jpg 300w, http:\/\/museumek.eu\/wp-content\/uploads\/2015\/06\/438-150x145.jpg 150w, http:\/\/museumek.eu\/wp-content\/uploads\/2015\/06\/438-308x300.jpg 308w, http:\/\/museumek.eu\/wp-content\/uploads\/2015\/06\/438.jpg 551w\" sizes=\"(max-width: 300px) 100vw, 300px\" \/><\/a><\/p>\n<p><a href=\"http:\/\/museumek.eu\/?attachment_id=40804\" rel=\"attachment wp-att-40804\"><img loading=\"lazy\" src=\"http:\/\/museumek.eu\/wp-content\/uploads\/2015\/06\/439-287x300.jpg\" alt=\"\" title=\"439\" width=\"287\" height=\"300\" class=\"alignnone size-medium wp-image-40804\" srcset=\"http:\/\/museumek.eu\/wp-content\/uploads\/2015\/06\/439-287x300.jpg 287w, http:\/\/museumek.eu\/wp-content\/uploads\/2015\/06\/439-143x150.jpg 143w, http:\/\/museumek.eu\/wp-content\/uploads\/2015\/06\/439.jpg 600w\" sizes=\"(max-width: 287px) 100vw, 287px\" \/><\/a><\/p>\n<p><strong>Abteilung Deutschland, Keramik 1860 \u2013 1960, Inventarnummer D\/XCVIII\/3<\/strong><\/p>\n<p>Annaburger Steingutfabrik AG, vormals Steingutfabrik Adolf Heckmann, Deutschland, Annaburg, um 1925, Schale, K\u00fcnstler unbekannt, Werks.-Nr. 490, Exemplar Nr. ohne, gemarkt Firmenmarke mit Krone, darunter ein A (f\u00fcr Annaburg), in dem A die Buchstaben AG sowie St (f\u00fcr Steingutfabrik AG) dar\u00fcber Dec. 507, darunter ANNABURG schwarze Stempel unter Glasur, links neben der Firmenmarke HAND, rechts neben der Firmenmarke Malerei schwarz unter Glasur gemalt, 490 gepresst, nicht signiert, Literatur: Otto Pelka, Keramik der Neuzeit, Markentafel 1, in Markenkasten Nr. 3 identische Marke, Seite 209, Herstellerverzeichnis, dort unter 3. Annaburger Steingutfabrik sowie Seite 217, Namenverzeichnis, Annaburger Steingutfabrik, die Fabrik wurde 1874 als Hafnerwerkstatt von einem Hafner namens B\u00f6ttcher in Annaburg gegr\u00fcndet, 1883 kaufte Adolf Heckmann die Werkstatt und erweiterte sie zu einer Steingutfabrik, als Heckmann 1895 starb verkauften seine 3 S\u00f6hne die Fabrik, am 01.07.1895 gr\u00fcndete sich die Annaburger Steingutfabrik AG mit den Hauptaktion\u00e4ren Carl Untucht &#038; Co. (Berlin) und den beiden Annaburgern Gustav M\u00fcller und Hans Untucht, es gab in Magdeburg noch ein Zweigwerk, welches als Annaburger Steingutfabrik AG, Abteilung Untucht firmierte, 1945 wurde die Fabrik verstaatlicht, H\u00f6he 10 cm, Breite 21,5 cm<\/p>\n<p><a href=\"http:\/\/museumek.eu\/?attachment_id=41159\" rel=\"attachment wp-att-41159\"><img loading=\"lazy\" src=\"http:\/\/museumek.eu\/wp-content\/uploads\/2015\/06\/3897-300x181.jpg\" alt=\"\" title=\"3897\" width=\"300\" height=\"181\" class=\"alignnone size-medium wp-image-41159\" srcset=\"http:\/\/museumek.eu\/wp-content\/uploads\/2015\/06\/3897-300x181.jpg 300w, http:\/\/museumek.eu\/wp-content\/uploads\/2015\/06\/3897-150x90.jpg 150w, http:\/\/museumek.eu\/wp-content\/uploads\/2015\/06\/3897-495x300.jpg 495w, http:\/\/museumek.eu\/wp-content\/uploads\/2015\/06\/3897.jpg 800w\" sizes=\"(max-width: 300px) 100vw, 300px\" \/><\/a><\/p>\n<p><a href=\"http:\/\/museumek.eu\/?attachment_id=41160\" rel=\"attachment wp-att-41160\"><img loading=\"lazy\" src=\"http:\/\/museumek.eu\/wp-content\/uploads\/2015\/06\/3898-300x246.jpg\" alt=\"\" title=\"3898\" width=\"300\" height=\"246\" class=\"alignnone size-medium wp-image-41160\" srcset=\"http:\/\/museumek.eu\/wp-content\/uploads\/2015\/06\/3898-300x246.jpg 300w, http:\/\/museumek.eu\/wp-content\/uploads\/2015\/06\/3898-150x123.jpg 150w, http:\/\/museumek.eu\/wp-content\/uploads\/2015\/06\/3898-364x300.jpg 364w, http:\/\/museumek.eu\/wp-content\/uploads\/2015\/06\/3898.jpg 729w\" sizes=\"(max-width: 300px) 100vw, 300px\" \/><\/a><\/p>\n<p><a href=\"http:\/\/museumek.eu\/?attachment_id=41161\" rel=\"attachment wp-att-41161\"><img loading=\"lazy\" src=\"http:\/\/museumek.eu\/wp-content\/uploads\/2015\/06\/3903-300x185.jpg\" alt=\"\" title=\"3903\" width=\"300\" height=\"185\" class=\"alignnone size-medium wp-image-41161\" srcset=\"http:\/\/museumek.eu\/wp-content\/uploads\/2015\/06\/3903-300x185.jpg 300w, http:\/\/museumek.eu\/wp-content\/uploads\/2015\/06\/3903-150x92.jpg 150w, http:\/\/museumek.eu\/wp-content\/uploads\/2015\/06\/3903-484x300.jpg 484w, http:\/\/museumek.eu\/wp-content\/uploads\/2015\/06\/3903.jpg 800w\" sizes=\"(max-width: 300px) 100vw, 300px\" \/><\/a><\/p>\n<p><a href=\"http:\/\/museumek.eu\/?attachment_id=41162\" rel=\"attachment wp-att-41162\"><img loading=\"lazy\" src=\"http:\/\/museumek.eu\/wp-content\/uploads\/2015\/06\/3900-298x300.jpg\" alt=\"\" title=\"3900\" width=\"298\" height=\"300\" class=\"alignnone size-medium wp-image-41162\" srcset=\"http:\/\/museumek.eu\/wp-content\/uploads\/2015\/06\/3900-298x300.jpg 298w, http:\/\/museumek.eu\/wp-content\/uploads\/2015\/06\/3900-150x150.jpg 150w, http:\/\/museumek.eu\/wp-content\/uploads\/2015\/06\/3900.jpg 600w\" sizes=\"(max-width: 298px) 100vw, 298px\" \/><\/a><\/p>\n<p><a href=\"http:\/\/museumek.eu\/?attachment_id=41163\" rel=\"attachment wp-att-41163\"><img loading=\"lazy\" src=\"http:\/\/museumek.eu\/wp-content\/uploads\/2015\/06\/3901-298x300.jpg\" alt=\"\" title=\"3901\" width=\"298\" height=\"300\" class=\"alignnone size-medium wp-image-41163\" srcset=\"http:\/\/museumek.eu\/wp-content\/uploads\/2015\/06\/3901-298x300.jpg 298w, http:\/\/museumek.eu\/wp-content\/uploads\/2015\/06\/3901-150x150.jpg 150w, http:\/\/museumek.eu\/wp-content\/uploads\/2015\/06\/3901.jpg 600w\" sizes=\"(max-width: 298px) 100vw, 298px\" \/><\/a><\/p>\n<p><a href=\"http:\/\/museumek.eu\/?attachment_id=41164\" rel=\"attachment wp-att-41164\"><img loading=\"lazy\" src=\"http:\/\/museumek.eu\/wp-content\/uploads\/2015\/06\/3902-300x273.jpg\" alt=\"\" title=\"3902\" width=\"300\" height=\"273\" class=\"alignnone size-medium wp-image-41164\" srcset=\"http:\/\/museumek.eu\/wp-content\/uploads\/2015\/06\/3902-300x273.jpg 300w, http:\/\/museumek.eu\/wp-content\/uploads\/2015\/06\/3902-150x136.jpg 150w, http:\/\/museumek.eu\/wp-content\/uploads\/2015\/06\/3902-329x300.jpg 329w, http:\/\/museumek.eu\/wp-content\/uploads\/2015\/06\/3902.jpg 481w\" sizes=\"(max-width: 300px) 100vw, 300px\" \/><\/a><\/p>\n<p><strong>Abteilung Deutschland, Keramik 1860 \u2013 1960, Inventarnummer D\/XCVIII\/4<\/strong><\/p>\n<p>Vereinigung Volkseigener Betriebe, vormals Annaburger Steingutfabrik AG, vormals Steingutfabrik Adolf Heckmann, Deutschland, Annaburg, ab 1948, Souciere, K\u00fcnstler unbekannt, Werks.-Nr. ohne, Exemplar Nr. ohne, gemarkt Firmenmarke VVB (f\u00fcr Vereinigung Volkseigener Betriebe), darunter Wappen, darunter halbkreisf\u00f6rmig MAGDEBURG dunkelgr\u00fcner Stempel unter Glasur sowie B.N.51\/311\/1100 dunkelgr\u00fcner Stempel unter Glasur, nicht signiert, die Fabrik wurde 1874 als Hafnerwerkstatt von einem Hafner namens B\u00f6ttcher in Annaburg gegr\u00fcndet, 1883 kaufte Adolf Heckmann die Werkstatt und erweiterte sie zu einer Steingutfabrik, als Heckmann 1895 starb verkauften seine 3 S\u00f6hne die Fabrik, am 01.07.1895 gr\u00fcndete sich die Annaburger Steingutfabrik AG mit den Hauptaktion\u00e4ren Carl Untucht &#038; Co. (Berlin) und den beiden Annaburgern Gustav M\u00fcller und Hans Untucht, es gab in Magdeburg noch ein Zweigwerk, welches als Annaburger Steingutfabrik AG, Abteilung Untucht firmierte, 1945 wurde die Fabrik verstaatlicht, H\u00f6he 9 cm, Breite 21 cm<\/p>\n<p><a href=\"http:\/\/museumek.eu\/?attachment_id=47650\" rel=\"attachment wp-att-47650\"><img loading=\"lazy\" src=\"http:\/\/museumek.eu\/wp-content\/uploads\/2013\/07\/Annaburg-Souciere-VVB-1-300x180.jpg\" alt=\"\" title=\"Annaburg Souciere VVB 1\" width=\"300\" height=\"180\" class=\"alignnone size-medium wp-image-47650\" srcset=\"http:\/\/museumek.eu\/wp-content\/uploads\/2013\/07\/Annaburg-Souciere-VVB-1-300x180.jpg 300w, http:\/\/museumek.eu\/wp-content\/uploads\/2013\/07\/Annaburg-Souciere-VVB-1-150x90.jpg 150w, http:\/\/museumek.eu\/wp-content\/uploads\/2013\/07\/Annaburg-Souciere-VVB-1-497x300.jpg 497w, http:\/\/museumek.eu\/wp-content\/uploads\/2013\/07\/Annaburg-Souciere-VVB-1.jpg 640w\" sizes=\"(max-width: 300px) 100vw, 300px\" \/><\/a><\/p>\n<p><a href=\"http:\/\/museumek.eu\/?attachment_id=47651\" rel=\"attachment wp-att-47651\"><img loading=\"lazy\" src=\"http:\/\/museumek.eu\/wp-content\/uploads\/2013\/07\/Annaburg-Souciere-VVB-2-268x300.jpg\" alt=\"\" title=\"Annaburg Souciere VVB 2\" width=\"268\" height=\"300\" class=\"alignnone size-medium wp-image-47651\" srcset=\"http:\/\/museumek.eu\/wp-content\/uploads\/2013\/07\/Annaburg-Souciere-VVB-2-268x300.jpg 268w, http:\/\/museumek.eu\/wp-content\/uploads\/2013\/07\/Annaburg-Souciere-VVB-2-134x150.jpg 134w, http:\/\/museumek.eu\/wp-content\/uploads\/2013\/07\/Annaburg-Souciere-VVB-2.jpg 480w\" sizes=\"(max-width: 268px) 100vw, 268px\" \/><\/a><\/p>\n<p><a href=\"http:\/\/museumek.eu\/?attachment_id=47652\" rel=\"attachment wp-att-47652\"><img loading=\"lazy\" src=\"http:\/\/museumek.eu\/wp-content\/uploads\/2013\/07\/Annaburg-Souciere-VVB-3-173x300.jpg\" alt=\"\" title=\"Annaburg Souciere VVB 3\" width=\"173\" height=\"300\" class=\"alignnone size-medium wp-image-47652\" srcset=\"http:\/\/museumek.eu\/wp-content\/uploads\/2013\/07\/Annaburg-Souciere-VVB-3-173x300.jpg 173w, http:\/\/museumek.eu\/wp-content\/uploads\/2013\/07\/Annaburg-Souciere-VVB-3-86x150.jpg 86w, http:\/\/museumek.eu\/wp-content\/uploads\/2013\/07\/Annaburg-Souciere-VVB-3.jpg 370w\" sizes=\"(max-width: 173px) 100vw, 173px\" \/><\/a><\/p>\n<p><a href=\"http:\/\/museumek.eu\/?attachment_id=47653\" rel=\"attachment wp-att-47653\"><img loading=\"lazy\" src=\"http:\/\/museumek.eu\/wp-content\/uploads\/2013\/07\/Annaburg-Souciere-VVB-4-300x215.jpg\" alt=\"\" title=\"Annaburg Souciere VVB 4\" width=\"300\" height=\"215\" class=\"alignnone size-medium wp-image-47653\" srcset=\"http:\/\/museumek.eu\/wp-content\/uploads\/2013\/07\/Annaburg-Souciere-VVB-4-300x215.jpg 300w, http:\/\/museumek.eu\/wp-content\/uploads\/2013\/07\/Annaburg-Souciere-VVB-4-150x107.jpg 150w, http:\/\/museumek.eu\/wp-content\/uploads\/2013\/07\/Annaburg-Souciere-VVB-4-417x300.jpg 417w, http:\/\/museumek.eu\/wp-content\/uploads\/2013\/07\/Annaburg-Souciere-VVB-4.jpg 640w\" sizes=\"(max-width: 300px) 100vw, 300px\" \/><\/a><\/p>\n<p><a href=\"http:\/\/museumek.eu\/?attachment_id=47654\" rel=\"attachment wp-att-47654\"><img loading=\"lazy\" src=\"http:\/\/museumek.eu\/wp-content\/uploads\/2013\/07\/Annaburg-Souciere-VVB-5-226x300.jpg\" alt=\"\" title=\"Annaburg Souciere VVB 5\" width=\"226\" height=\"300\" class=\"alignnone size-medium wp-image-47654\" srcset=\"http:\/\/museumek.eu\/wp-content\/uploads\/2013\/07\/Annaburg-Souciere-VVB-5-226x300.jpg 226w, http:\/\/museumek.eu\/wp-content\/uploads\/2013\/07\/Annaburg-Souciere-VVB-5-113x150.jpg 113w, http:\/\/museumek.eu\/wp-content\/uploads\/2013\/07\/Annaburg-Souciere-VVB-5.jpg 480w\" sizes=\"(max-width: 226px) 100vw, 226px\" \/><\/a><\/p>\n<p><a href=\"http:\/\/museumek.eu\/?attachment_id=47655\" rel=\"attachment wp-att-47655\"><img loading=\"lazy\" src=\"http:\/\/museumek.eu\/wp-content\/uploads\/2013\/07\/Annaburg-Souciere-VVB-6-232x300.jpg\" alt=\"\" title=\"Annaburg Souciere VVB 6\" width=\"232\" height=\"300\" class=\"alignnone size-medium wp-image-47655\" srcset=\"http:\/\/museumek.eu\/wp-content\/uploads\/2013\/07\/Annaburg-Souciere-VVB-6-232x300.jpg 232w, http:\/\/museumek.eu\/wp-content\/uploads\/2013\/07\/Annaburg-Souciere-VVB-6-116x150.jpg 116w, http:\/\/museumek.eu\/wp-content\/uploads\/2013\/07\/Annaburg-Souciere-VVB-6.jpg 480w\" sizes=\"(max-width: 232px) 100vw, 232px\" \/><\/a><\/p>\n","protected":false},"excerpt":{"rendered":"<p>Abteilung Deutschland, Keramik 1860 \u2013 1960, Inventarnummer D\/XCVIII\/1 Annaburger Steingutfabrik AG, vormals Steingutfabrik Adolf Heckmann, Deutschland, Annaburg, um 1915, Vorlegeplatte Dekor Neisse, K\u00fcnstler unbekannt, Werks.-Nr. ohne, Exemplar Nr. ohne, gemarkt Firmenmarke mit Schriftzug Annaburg sowie Neisse braune Stempel unter Glasur, &hellip; <a href=\"http:\/\/museumek.eu\/?page_id=25012\">Weiterlesen <span class=\"meta-nav\">&rarr;<\/span><\/a><\/p>\n","protected":false},"author":1,"featured_media":0,"parent":25009,"menu_order":1,"comment_status":"closed","ping_status":"open","template":"","meta":[],"_links":{"self":[{"href":"http:\/\/museumek.eu\/index.php?rest_route=\/wp\/v2\/pages\/25012"}],"collection":[{"href":"http:\/\/museumek.eu\/index.php?rest_route=\/wp\/v2\/pages"}],"about":[{"href":"http:\/\/museumek.eu\/index.php?rest_route=\/wp\/v2\/types\/page"}],"author":[{"embeddable":true,"href":"http:\/\/museumek.eu\/index.php?rest_route=\/wp\/v2\/users\/1"}],"replies":[{"embeddable":true,"href":"http:\/\/museumek.eu\/index.php?rest_route=%2Fwp%2Fv2%2Fcomments&post=25012"}],"version-history":[{"count":18,"href":"http:\/\/museumek.eu\/index.php?rest_route=\/wp\/v2\/pages\/25012\/revisions"}],"predecessor-version":[{"id":59442,"href":"http:\/\/museumek.eu\/index.php?rest_route=\/wp\/v2\/pages\/25012\/revisions\/59442"}],"up":[{"embeddable":true,"href":"http:\/\/museumek.eu\/index.php?rest_route=\/wp\/v2\/pages\/25009"}],"wp:attachment":[{"href":"http:\/\/museumek.eu\/index.php?rest_route=%2Fwp%2Fv2%2Fmedia&parent=25012"}],"curies":[{"name":"wp","href":"https:\/\/api.w.org\/{rel}","templated":true}]}}