{"id":25044,"date":"2013-07-17T16:40:02","date_gmt":"2013-07-17T14:40:02","guid":{"rendered":"http:\/\/museumek.eu\/?page_id=25044"},"modified":"2013-07-17T16:40:39","modified_gmt":"2013-07-17T14:40:39","slug":"dxcix1","status":"publish","type":"page","link":"http:\/\/museumek.eu\/?page_id=25044","title":{"rendered":"D\/XCIX\/1"},"content":{"rendered":"<p><strong>Abteilung Deutschland, Keramik 1860 \u2013 1960, Inventarnummer D\/XCIX\/1<\/strong><\/p>\n<p>Porzellanmanufaktur A. W. Fr. Kister G.m.b.H., vormals Porzellanmanufaktur A. W. Fr. Kister, Deutschland, Scheibe-Alsbach, um 1910, Deckeldose, K\u00fcnstler unbekannt, Werks.-Nr. 1125, Exemplar Nr. ohne, gemarkt Firmenmarke mit zwei quer dargestellten gekreuzten Schwertern, die den Buchstaben S (f\u00fcr Scheibe) durchstreichen (Marke f\u00fcr die Zeit von 1905 bis 1972) blauer Stempel unter Glasur, 1125 gepresst, nicht signiert, Literatur: J. G. Th. Graesse und E. Jaenicke, F\u00fchrer f\u00fcr Sammler von Porzellan und Fayence, Steinzeug, Steingut usw., Seite 505, Marke Nr. 2 identisch, weitere Literatur: Emanuel Poche, Porzellanmarken aus aller Welt, Marke Nr. 14480 identisch, weitere Literatur: Gustav Wei\u00df, Ullstein Porzellanbuch, Seite 301, Marke Nr. 6 identisch, 1835 gr\u00fcndete Ludwig Oels in Scheibe die Porzellanmanufaktur und Pfeifenstummelmalerei Ludwig Oels und beantragte dazu beim f\u00fcrstlichen Hof von Schwarzburg und Rudolstadt das Privilegum zur Porzellanherstellung, dieses wurde aber erst 1840 gew\u00e4hrt, weil Oels bereits ohne Konzession produzierte, lie\u00dfen ihn die Beh\u00f6rden auflaufen und verweigerten die Genehmigung zum Bezug von Brennholz, deshalb mu\u00dfte Oels bereits 1839 die Fabrik verkaufen, neue Eigent\u00fcmer wurden Daniel K\u00e4mpfe und Friedemann Greiner, die als Porzellanmanufaktur K\u00e4mpfe &#038; Greiner firmierten, da Sie ebenfalls keine Genehmigung zum Bezug von Brennholz erhielten, mu\u00dften Sie die Fabrik 1844 ebenfalls wieder verkaufen, neue Eigent\u00fcmer wurden Dressel (Vorname unbekannt) und Johann Friedrich Andreas Kister, ihnen gelang es, die Genehmigung zum Bezug von Brennholz zu erhalten, sie firmierten als Porzellanmanufaktur Dressel, Kister &#038; Co., 1863 wurde Kisters Sohn August Wilhelm Fridolin Kister Alleineigent\u00fcmer und firmierte als Porzellanmanufaktur A. W. Fr. Kister, 1905 wandelte Kister die Fabrik in eine G.m.b.H. um, diese firmierte als Porzellanmanufaktur A. W. Fr. Kister G.m.b.H., 1920 wurde Baron von Schilling Eigent\u00fcmer, der die Firmierung beibehielt, ab 1962 befand sich die Fabrik unter staatlicher Aufsicht und wurde 1972 endg\u00fcltig verstaatlicht, die Firmierung blieb bis 1972 identisch, Ausf\u00fchrung in Bisquitporzellan,<br \/>\nH\u00f6he 10 cm, Breite 11,5 cm<\/p>\n<p><a href=\"http:\/\/museumek.eu\/?attachment_id=25045\" rel=\"attachment wp-att-25045\"><img loading=\"lazy\" src=\"http:\/\/museumek.eu\/wp-content\/uploads\/2013\/07\/420-271x300.jpg\" alt=\"\" title=\"420\" width=\"271\" height=\"300\" class=\"alignnone size-medium wp-image-25045\" srcset=\"http:\/\/museumek.eu\/wp-content\/uploads\/2013\/07\/420-271x300.jpg 271w, http:\/\/museumek.eu\/wp-content\/uploads\/2013\/07\/420-135x150.jpg 135w, http:\/\/museumek.eu\/wp-content\/uploads\/2013\/07\/420.jpg 484w\" sizes=\"(max-width: 271px) 100vw, 271px\" \/><\/a><\/p>\n<p><a href=\"http:\/\/museumek.eu\/?attachment_id=25046\" rel=\"attachment wp-att-25046\"><img loading=\"lazy\" src=\"http:\/\/museumek.eu\/wp-content\/uploads\/2013\/07\/421.jpg\" alt=\"\" title=\"421\" width=\"275\" height=\"241\" class=\"alignnone size-full wp-image-25046\" srcset=\"http:\/\/museumek.eu\/wp-content\/uploads\/2013\/07\/421.jpg 275w, http:\/\/museumek.eu\/wp-content\/uploads\/2013\/07\/421-150x131.jpg 150w\" sizes=\"(max-width: 275px) 100vw, 275px\" \/><\/a><\/p>\n","protected":false},"excerpt":{"rendered":"<p>Abteilung Deutschland, Keramik 1860 \u2013 1960, Inventarnummer D\/XCIX\/1 Porzellanmanufaktur A. W. Fr. Kister G.m.b.H., vormals Porzellanmanufaktur A. W. Fr. Kister, Deutschland, Scheibe-Alsbach, um 1910, Deckeldose, K\u00fcnstler unbekannt, Werks.-Nr. 1125, Exemplar Nr. ohne, gemarkt Firmenmarke mit zwei quer dargestellten gekreuzten Schwertern, &hellip; <a href=\"http:\/\/museumek.eu\/?page_id=25044\">Weiterlesen <span class=\"meta-nav\">&rarr;<\/span><\/a><\/p>\n","protected":false},"author":1,"featured_media":0,"parent":25041,"menu_order":1,"comment_status":"closed","ping_status":"open","template":"","meta":[],"_links":{"self":[{"href":"http:\/\/museumek.eu\/index.php?rest_route=\/wp\/v2\/pages\/25044"}],"collection":[{"href":"http:\/\/museumek.eu\/index.php?rest_route=\/wp\/v2\/pages"}],"about":[{"href":"http:\/\/museumek.eu\/index.php?rest_route=\/wp\/v2\/types\/page"}],"author":[{"embeddable":true,"href":"http:\/\/museumek.eu\/index.php?rest_route=\/wp\/v2\/users\/1"}],"replies":[{"embeddable":true,"href":"http:\/\/museumek.eu\/index.php?rest_route=%2Fwp%2Fv2%2Fcomments&post=25044"}],"version-history":[{"count":6,"href":"http:\/\/museumek.eu\/index.php?rest_route=\/wp\/v2\/pages\/25044\/revisions"}],"predecessor-version":[{"id":25052,"href":"http:\/\/museumek.eu\/index.php?rest_route=\/wp\/v2\/pages\/25044\/revisions\/25052"}],"up":[{"embeddable":true,"href":"http:\/\/museumek.eu\/index.php?rest_route=\/wp\/v2\/pages\/25041"}],"wp:attachment":[{"href":"http:\/\/museumek.eu\/index.php?rest_route=%2Fwp%2Fv2%2Fmedia&parent=25044"}],"curies":[{"name":"wp","href":"https:\/\/api.w.org\/{rel}","templated":true}]}}