{"id":2522,"date":"2011-08-24T00:36:30","date_gmt":"2011-08-23T22:36:30","guid":{"rendered":"http:\/\/museumek.eu\/?page_id=2522"},"modified":"2011-12-22T18:47:14","modified_gmt":"2011-12-22T17:47:14","slug":"fxi1","status":"publish","type":"page","link":"http:\/\/museumek.eu\/?page_id=2522","title":{"rendered":"F\/XI\/1"},"content":{"rendered":"<p><strong>Abteilung Frankreich, Keramik 1860 \u2013 1960, Inventarnummer F\/XI\/1<\/strong><\/p>\n<p>Manufaktur Pablo (Ruiz) Picasso (geb. Spanien, Malaga), gefertigt im eigenen Atelier in Vallauris oder in der Manufaktur Madoura, Frankreich, Vallauris, 1946, Vase, K\u00fcnstler Pablo Picasso, Werks.-Nr. 1, Exemplar Nr.<strong> Unikat<\/strong>, gemarkt Bodensignatur Picasso sowie 1 gemalt, wohl seine erste Keramikvase, keine sp\u00e4tere Nachproduktion der bei der Manufaktur Madoura in Auftrag gegebenen Edition Picasso, roter Keramikscherben, Glasur mit altersgerechter Kraquele, Abschluss oben und unten unregelm\u00e4\u00dfig, Handarbeit eines Lernenden, H\u00f6he 23 cm, Breite 14,5 cm<\/p>\n<p><a href=\"http:\/\/museumek.eu\/wp-content\/uploads\/2011\/08\/Museum-Europ\u00e4ischer-Keramikkunst-Qualit\u00e4tsfotos-447.jpg\"><img loading=\"lazy\" src=\"http:\/\/museumek.eu\/wp-content\/uploads\/2011\/08\/Museum-Europ\u00e4ischer-Keramikkunst-Qualit\u00e4tsfotos-447-175x300.jpg\" alt=\"\" title=\"Museum Europ\u00e4ischer Keramikkunst Qualit\u00e4tsfotos 447\" width=\"175\" height=\"300\" class=\"alignnone size-medium wp-image-2523\" \/><\/a><\/p>\n<p><a href=\"http:\/\/museumek.eu\/wp-content\/uploads\/2011\/08\/Museum-Europ\u00e4ischer-Keramikkunst-792.jpg\"><img loading=\"lazy\" src=\"http:\/\/museumek.eu\/wp-content\/uploads\/2011\/08\/Museum-Europ\u00e4ischer-Keramikkunst-792-300x185.jpg\" alt=\"\" title=\"Museum Europ\u00e4ischer Keramikkunst 792\" width=\"300\" height=\"185\" class=\"alignnone size-medium wp-image-2524\" srcset=\"http:\/\/museumek.eu\/wp-content\/uploads\/2011\/08\/Museum-Europ\u00e4ischer-Keramikkunst-792-300x185.jpg 300w, http:\/\/museumek.eu\/wp-content\/uploads\/2011\/08\/Museum-Europ\u00e4ischer-Keramikkunst-792-483x300.jpg 483w, http:\/\/museumek.eu\/wp-content\/uploads\/2011\/08\/Museum-Europ\u00e4ischer-Keramikkunst-792.jpg 871w\" sizes=\"(max-width: 300px) 100vw, 300px\" \/><\/a><\/p>\n","protected":false},"excerpt":{"rendered":"<p>Abteilung Frankreich, Keramik 1860 \u2013 1960, Inventarnummer F\/XI\/1 Manufaktur Pablo (Ruiz) Picasso (geb. Spanien, Malaga), gefertigt im eigenen Atelier in Vallauris oder in der Manufaktur Madoura, Frankreich, Vallauris, 1946, Vase, K\u00fcnstler Pablo Picasso, Werks.-Nr. 1, Exemplar Nr. Unikat, gemarkt Bodensignatur &hellip; <a href=\"http:\/\/museumek.eu\/?page_id=2522\">Weiterlesen <span class=\"meta-nav\">&rarr;<\/span><\/a><\/p>\n","protected":false},"author":1,"featured_media":0,"parent":2519,"menu_order":1,"comment_status":"closed","ping_status":"closed","template":"","meta":[],"_links":{"self":[{"href":"http:\/\/museumek.eu\/index.php?rest_route=\/wp\/v2\/pages\/2522"}],"collection":[{"href":"http:\/\/museumek.eu\/index.php?rest_route=\/wp\/v2\/pages"}],"about":[{"href":"http:\/\/museumek.eu\/index.php?rest_route=\/wp\/v2\/types\/page"}],"author":[{"embeddable":true,"href":"http:\/\/museumek.eu\/index.php?rest_route=\/wp\/v2\/users\/1"}],"replies":[{"embeddable":true,"href":"http:\/\/museumek.eu\/index.php?rest_route=%2Fwp%2Fv2%2Fcomments&post=2522"}],"version-history":[{"count":3,"href":"http:\/\/museumek.eu\/index.php?rest_route=\/wp\/v2\/pages\/2522\/revisions"}],"predecessor-version":[{"id":7305,"href":"http:\/\/museumek.eu\/index.php?rest_route=\/wp\/v2\/pages\/2522\/revisions\/7305"}],"up":[{"embeddable":true,"href":"http:\/\/museumek.eu\/index.php?rest_route=\/wp\/v2\/pages\/2519"}],"wp:attachment":[{"href":"http:\/\/museumek.eu\/index.php?rest_route=%2Fwp%2Fv2%2Fmedia&parent=2522"}],"curies":[{"name":"wp","href":"https:\/\/api.w.org\/{rel}","templated":true}]}}