{"id":25266,"date":"2013-07-19T17:57:46","date_gmt":"2013-07-19T15:57:46","guid":{"rendered":"http:\/\/museumek.eu\/?page_id=25266"},"modified":"2013-07-19T17:58:29","modified_gmt":"2013-07-19T15:58:29","slug":"nv1","status":"publish","type":"page","link":"http:\/\/museumek.eu\/?page_id=25266","title":{"rendered":"N\/V\/1"},"content":{"rendered":"<p><strong>Abteilung Niederlande, Keramik 1860 \u2013 1960, Inventarnummer N\/V\/1<\/strong><\/p>\n<p>Plateelbakkerij RAM N. V., Niederlande, Arnhem, um 1930, Vase, K\u00fcnstler unbekannt, Werks-Nr. 5235, Exemplar Nr. ohne, gemarkt Firmenmarke mit Widderkopf sowie RAM, 5255, Handpainted, Krone, Delfts, Made in Holland sowie H alles schwarz gemalt, signiert H, die Fabrik wurde 1921 von Henri van Lerven und Charles Engelberts in Arnhem gegr\u00fcndet, um die Entw\u00fcrfe von Theodorus Colenbrander zu produzieren, um 1927 trennte sich die Eigent\u00fcmer und Colenbrander, bis zum Konkurs 1935 wurden dann Entw\u00fcrfe anderer K\u00fcnstler produziert, H\u00f6he 17,5 cm, Breite 15 cm<\/p>\n<p><a href=\"http:\/\/museumek.eu\/?attachment_id=25267\" rel=\"attachment wp-att-25267\"><img loading=\"lazy\" src=\"http:\/\/museumek.eu\/wp-content\/uploads\/2013\/07\/Museum-Europ\u00e4ischer-Keramikkunst-2707-249x300.jpg\" alt=\"\" title=\"Museum Europ\u00e4ischer Keramikkunst 2707\" width=\"249\" height=\"300\" class=\"alignnone size-medium wp-image-25267\" srcset=\"http:\/\/museumek.eu\/wp-content\/uploads\/2013\/07\/Museum-Europ\u00e4ischer-Keramikkunst-2707-249x300.jpg 249w, http:\/\/museumek.eu\/wp-content\/uploads\/2013\/07\/Museum-Europ\u00e4ischer-Keramikkunst-2707-124x150.jpg 124w, http:\/\/museumek.eu\/wp-content\/uploads\/2013\/07\/Museum-Europ\u00e4ischer-Keramikkunst-2707.jpg 580w\" sizes=\"(max-width: 249px) 100vw, 249px\" \/><\/a><\/p>\n<p><a href=\"http:\/\/museumek.eu\/?attachment_id=25268\" rel=\"attachment wp-att-25268\"><img loading=\"lazy\" src=\"http:\/\/museumek.eu\/wp-content\/uploads\/2013\/07\/Museum-Europ\u00e4ischer-Keramikkunst-2708-226x300.jpg\" alt=\"\" title=\"Museum Europ\u00e4ischer Keramikkunst 2708\" width=\"226\" height=\"300\" class=\"alignnone size-medium wp-image-25268\" srcset=\"http:\/\/museumek.eu\/wp-content\/uploads\/2013\/07\/Museum-Europ\u00e4ischer-Keramikkunst-2708-226x300.jpg 226w, http:\/\/museumek.eu\/wp-content\/uploads\/2013\/07\/Museum-Europ\u00e4ischer-Keramikkunst-2708-113x150.jpg 113w, http:\/\/museumek.eu\/wp-content\/uploads\/2013\/07\/Museum-Europ\u00e4ischer-Keramikkunst-2708.jpg 438w\" sizes=\"(max-width: 226px) 100vw, 226px\" \/><\/a><\/p>\n","protected":false},"excerpt":{"rendered":"<p>Abteilung Niederlande, Keramik 1860 \u2013 1960, Inventarnummer N\/V\/1 Plateelbakkerij RAM N. V., Niederlande, Arnhem, um 1930, Vase, K\u00fcnstler unbekannt, Werks-Nr. 5235, Exemplar Nr. ohne, gemarkt Firmenmarke mit Widderkopf sowie RAM, 5255, Handpainted, Krone, Delfts, Made in Holland sowie H alles &hellip; <a href=\"http:\/\/museumek.eu\/?page_id=25266\">Weiterlesen <span class=\"meta-nav\">&rarr;<\/span><\/a><\/p>\n","protected":false},"author":1,"featured_media":0,"parent":25263,"menu_order":1,"comment_status":"closed","ping_status":"open","template":"","meta":[],"_links":{"self":[{"href":"http:\/\/museumek.eu\/index.php?rest_route=\/wp\/v2\/pages\/25266"}],"collection":[{"href":"http:\/\/museumek.eu\/index.php?rest_route=\/wp\/v2\/pages"}],"about":[{"href":"http:\/\/museumek.eu\/index.php?rest_route=\/wp\/v2\/types\/page"}],"author":[{"embeddable":true,"href":"http:\/\/museumek.eu\/index.php?rest_route=\/wp\/v2\/users\/1"}],"replies":[{"embeddable":true,"href":"http:\/\/museumek.eu\/index.php?rest_route=%2Fwp%2Fv2%2Fcomments&post=25266"}],"version-history":[{"count":6,"href":"http:\/\/museumek.eu\/index.php?rest_route=\/wp\/v2\/pages\/25266\/revisions"}],"predecessor-version":[{"id":25274,"href":"http:\/\/museumek.eu\/index.php?rest_route=\/wp\/v2\/pages\/25266\/revisions\/25274"}],"up":[{"embeddable":true,"href":"http:\/\/museumek.eu\/index.php?rest_route=\/wp\/v2\/pages\/25263"}],"wp:attachment":[{"href":"http:\/\/museumek.eu\/index.php?rest_route=%2Fwp%2Fv2%2Fmedia&parent=25266"}],"curies":[{"name":"wp","href":"https:\/\/api.w.org\/{rel}","templated":true}]}}