{"id":25390,"date":"2013-07-21T19:07:01","date_gmt":"2013-07-21T17:07:01","guid":{"rendered":"http:\/\/museumek.eu\/?page_id=25390"},"modified":"2013-07-21T19:07:01","modified_gmt":"2013-07-21T17:07:01","slug":"fotos-und-beschreibung","status":"publish","type":"page","link":"http:\/\/museumek.eu\/?page_id=25390","title":{"rendered":"Fotos und Beschreibung"},"content":{"rendered":"<p><strong>Abteilung Deutschland, Keramik 1860 \u2013 1960, Inventarnummer D\/CI\/1<\/strong><\/p>\n<p>Bayrische Ostmark, Deutschland, Niederbayern\/Oberpfalz\/Oberfranken, 1933 &#8211; 1945, Schale, K\u00fcnstler unbekannt, Werks.-Nr. ohne, Exemplar Nr. ohne, gemarkt ohne Firmenmarke aber Wappen \u00e4hnlicher Stempel mit Bayrische Ostmark gr\u00fcn auf Glasur, nicht signiert, das auschlie\u00dflich mit der Markung Bayrische Ostmark versehene Porzellan ist nur schwer einer Fabrik zuzuordnen, da es in o. g. Gebiet diverse Porzellanfabriken gab, fest steht, dass o. g. Gebiet den Produktionsort auf den Gau Bayrische Ostmark eingrenzt und die o. g. Zeitdauer der Zeitdauer der Gaubezeichnung entspricht, ausschlie\u00dfen l\u00e4\u00dft sich Hutschenreuther, da Hutschenreuther statt Bayrische das Wort Bayerische verwendete, H\u00f6he 5 cm, Breite 20 cm<\/p>\n<p><a href=\"http:\/\/museumek.eu\/?attachment_id=25382\" rel=\"attachment wp-att-25382\"><img loading=\"lazy\" src=\"http:\/\/museumek.eu\/wp-content\/uploads\/2013\/07\/Museum-Europ\u00e4ischer-Keramikkunst-29982-300x291.jpg\" alt=\"\" title=\"Museum Europ\u00e4ischer Keramikkunst 2998\" width=\"300\" height=\"291\" class=\"alignnone size-medium wp-image-25382\" srcset=\"http:\/\/museumek.eu\/wp-content\/uploads\/2013\/07\/Museum-Europ\u00e4ischer-Keramikkunst-29982-300x291.jpg 300w, http:\/\/museumek.eu\/wp-content\/uploads\/2013\/07\/Museum-Europ\u00e4ischer-Keramikkunst-29982-150x145.jpg 150w, http:\/\/museumek.eu\/wp-content\/uploads\/2013\/07\/Museum-Europ\u00e4ischer-Keramikkunst-29982-309x300.jpg 309w, http:\/\/museumek.eu\/wp-content\/uploads\/2013\/07\/Museum-Europ\u00e4ischer-Keramikkunst-29982.jpg 740w\" sizes=\"(max-width: 300px) 100vw, 300px\" \/><\/a><\/p>\n<p><a href=\"http:\/\/museumek.eu\/?attachment_id=25381\" rel=\"attachment wp-att-25381\"><img loading=\"lazy\" src=\"http:\/\/museumek.eu\/wp-content\/uploads\/2013\/07\/Museum-Europ\u00e4ischer-Keramikkunst-3000.jpg\" alt=\"\" title=\"Museum Europ\u00e4ischer Keramikkunst 3000\" width=\"202\" height=\"283\" class=\"alignnone size-full wp-image-25381\" srcset=\"http:\/\/museumek.eu\/wp-content\/uploads\/2013\/07\/Museum-Europ\u00e4ischer-Keramikkunst-3000.jpg 202w, http:\/\/museumek.eu\/wp-content\/uploads\/2013\/07\/Museum-Europ\u00e4ischer-Keramikkunst-3000-107x150.jpg 107w\" sizes=\"(max-width: 202px) 100vw, 202px\" \/><\/a><\/p>\n","protected":false},"excerpt":{"rendered":"<p>Abteilung Deutschland, Keramik 1860 \u2013 1960, Inventarnummer D\/CI\/1 Bayrische Ostmark, Deutschland, Niederbayern\/Oberpfalz\/Oberfranken, 1933 &#8211; 1945, Schale, K\u00fcnstler unbekannt, Werks.-Nr. ohne, Exemplar Nr. ohne, gemarkt ohne Firmenmarke aber Wappen \u00e4hnlicher Stempel mit Bayrische Ostmark gr\u00fcn auf Glasur, nicht signiert, das auschlie\u00dflich &hellip; <a href=\"http:\/\/museumek.eu\/?page_id=25390\">Weiterlesen <span class=\"meta-nav\">&rarr;<\/span><\/a><\/p>\n","protected":false},"author":1,"featured_media":0,"parent":25387,"menu_order":1,"comment_status":"closed","ping_status":"open","template":"","meta":[],"_links":{"self":[{"href":"http:\/\/museumek.eu\/index.php?rest_route=\/wp\/v2\/pages\/25390"}],"collection":[{"href":"http:\/\/museumek.eu\/index.php?rest_route=\/wp\/v2\/pages"}],"about":[{"href":"http:\/\/museumek.eu\/index.php?rest_route=\/wp\/v2\/types\/page"}],"author":[{"embeddable":true,"href":"http:\/\/museumek.eu\/index.php?rest_route=\/wp\/v2\/users\/1"}],"replies":[{"embeddable":true,"href":"http:\/\/museumek.eu\/index.php?rest_route=%2Fwp%2Fv2%2Fcomments&post=25390"}],"version-history":[{"count":4,"href":"http:\/\/museumek.eu\/index.php?rest_route=\/wp\/v2\/pages\/25390\/revisions"}],"predecessor-version":[{"id":25394,"href":"http:\/\/museumek.eu\/index.php?rest_route=\/wp\/v2\/pages\/25390\/revisions\/25394"}],"up":[{"embeddable":true,"href":"http:\/\/museumek.eu\/index.php?rest_route=\/wp\/v2\/pages\/25387"}],"wp:attachment":[{"href":"http:\/\/museumek.eu\/index.php?rest_route=%2Fwp%2Fv2%2Fmedia&parent=25390"}],"curies":[{"name":"wp","href":"https:\/\/api.w.org\/{rel}","templated":true}]}}