{"id":25412,"date":"2013-07-23T20:29:55","date_gmt":"2013-07-23T18:29:55","guid":{"rendered":"http:\/\/museumek.eu\/?page_id=25412"},"modified":"2013-07-23T20:29:55","modified_gmt":"2013-07-23T18:29:55","slug":"fi3-2","status":"publish","type":"page","link":"http:\/\/museumek.eu\/?page_id=25412","title":{"rendered":"F\/I\/3"},"content":{"rendered":"<p><strong>Abteilung Frankreich, Keramik 1860 \u2013 1960, Inventarnummer F\/I\/3<\/strong><\/p>\n<p>Manufacture Nationale de S\u00e8vres, Frankreich, S\u00e8vres, um 1920, Vase, K\u00fcnstler unbekannt, Werks.-Nr. ohne, Exemplar Nr. ohne, gemarkt Firmenmarke mit S\u00e8vres sowie nicht lesbarem Schriftzug braune Stempel unter Glasur, nicht signiert, das MEK nimmt f\u00fcr die Staatsmanufaktur keine Fabrikbeschreibung vor und verweist auf die umfangreiche Literatur zur Historie der Fabrik, z. B. Literatur: Br\u00f6han Museum, Bestandskatalog Bd. V.2, Porzellan, Kunst und Design 1889 bis 1939, Vom Jugendstil zum Funktionalismus, Seite 327, Beschreibungen der Fabrik, teilweise wolkige Laufglasur, H\u00f6he 12,5 cm, Breite 7,5 cm<\/p>\n<p><a href=\"http:\/\/museumek.eu\/?attachment_id=25413\" rel=\"attachment wp-att-25413\"><img loading=\"lazy\" src=\"http:\/\/museumek.eu\/wp-content\/uploads\/2013\/07\/Museum-Europ\u00e4ischer-Keramikkunst-3165-234x300.jpg\" alt=\"\" title=\"Museum Europ\u00e4ischer Keramikkunst 3165\" width=\"234\" height=\"300\" class=\"alignnone size-medium wp-image-25413\" srcset=\"http:\/\/museumek.eu\/wp-content\/uploads\/2013\/07\/Museum-Europ\u00e4ischer-Keramikkunst-3165-234x300.jpg 234w, http:\/\/museumek.eu\/wp-content\/uploads\/2013\/07\/Museum-Europ\u00e4ischer-Keramikkunst-3165-117x150.jpg 117w, http:\/\/museumek.eu\/wp-content\/uploads\/2013\/07\/Museum-Europ\u00e4ischer-Keramikkunst-3165.jpg 551w\" sizes=\"(max-width: 234px) 100vw, 234px\" \/><\/a><\/p>\n<p><a href=\"http:\/\/museumek.eu\/?attachment_id=25414\" rel=\"attachment wp-att-25414\"><img loading=\"lazy\" src=\"http:\/\/museumek.eu\/wp-content\/uploads\/2013\/07\/Museum-Europ\u00e4ischer-Keramikkunst-3166-300x283.jpg\" alt=\"\" title=\"Museum Europ\u00e4ischer Keramikkunst 3166\" width=\"300\" height=\"283\" class=\"alignnone size-medium wp-image-25414\" srcset=\"http:\/\/museumek.eu\/wp-content\/uploads\/2013\/07\/Museum-Europ\u00e4ischer-Keramikkunst-3166-300x283.jpg 300w, http:\/\/museumek.eu\/wp-content\/uploads\/2013\/07\/Museum-Europ\u00e4ischer-Keramikkunst-3166-150x141.jpg 150w, http:\/\/museumek.eu\/wp-content\/uploads\/2013\/07\/Museum-Europ\u00e4ischer-Keramikkunst-3166-317x300.jpg 317w, http:\/\/museumek.eu\/wp-content\/uploads\/2013\/07\/Museum-Europ\u00e4ischer-Keramikkunst-3166.jpg 379w\" sizes=\"(max-width: 300px) 100vw, 300px\" \/><\/a><\/p>\n","protected":false},"excerpt":{"rendered":"<p>Abteilung Frankreich, Keramik 1860 \u2013 1960, Inventarnummer F\/I\/3 Manufacture Nationale de S\u00e8vres, Frankreich, S\u00e8vres, um 1920, Vase, K\u00fcnstler unbekannt, Werks.-Nr. ohne, Exemplar Nr. ohne, gemarkt Firmenmarke mit S\u00e8vres sowie nicht lesbarem Schriftzug braune Stempel unter Glasur, nicht signiert, das MEK &hellip; <a href=\"http:\/\/museumek.eu\/?page_id=25412\">Weiterlesen <span class=\"meta-nav\">&rarr;<\/span><\/a><\/p>\n","protected":false},"author":1,"featured_media":0,"parent":2213,"menu_order":3,"comment_status":"closed","ping_status":"open","template":"","meta":[],"_links":{"self":[{"href":"http:\/\/museumek.eu\/index.php?rest_route=\/wp\/v2\/pages\/25412"}],"collection":[{"href":"http:\/\/museumek.eu\/index.php?rest_route=\/wp\/v2\/pages"}],"about":[{"href":"http:\/\/museumek.eu\/index.php?rest_route=\/wp\/v2\/types\/page"}],"author":[{"embeddable":true,"href":"http:\/\/museumek.eu\/index.php?rest_route=\/wp\/v2\/users\/1"}],"replies":[{"embeddable":true,"href":"http:\/\/museumek.eu\/index.php?rest_route=%2Fwp%2Fv2%2Fcomments&post=25412"}],"version-history":[{"count":4,"href":"http:\/\/museumek.eu\/index.php?rest_route=\/wp\/v2\/pages\/25412\/revisions"}],"predecessor-version":[{"id":25418,"href":"http:\/\/museumek.eu\/index.php?rest_route=\/wp\/v2\/pages\/25412\/revisions\/25418"}],"up":[{"embeddable":true,"href":"http:\/\/museumek.eu\/index.php?rest_route=\/wp\/v2\/pages\/2213"}],"wp:attachment":[{"href":"http:\/\/museumek.eu\/index.php?rest_route=%2Fwp%2Fv2%2Fmedia&parent=25412"}],"curies":[{"name":"wp","href":"https:\/\/api.w.org\/{rel}","templated":true}]}}