{"id":25500,"date":"2013-07-25T19:52:19","date_gmt":"2013-07-25T17:52:19","guid":{"rendered":"http:\/\/museumek.eu\/?page_id=25500"},"modified":"2013-07-25T20:53:13","modified_gmt":"2013-07-25T18:53:13","slug":"dxli12","status":"publish","type":"page","link":"http:\/\/museumek.eu\/?page_id=25500","title":{"rendered":"D\/XLI\/12"},"content":{"rendered":"<p><strong>Abteilung Deutschland, Keramik 1860 \u2013 1960, Inventarnummer D\/XLI\/12<\/strong><\/p>\n<p>W\u00e4chtersbacher Steingutfabrik, Deutschland, Schlierbach, 1896, Teller, K\u00fcnstler unbekannt, Werks.-Nr. ohne, Exemplar Nr. ohne, gemarkt Firmenmarke mit W\u00e4chtersbach mittig in einem Band,dessen beiden Enden wie Schwanenk\u00f6pfe ausgeformt sind (sog. Schwanenmarke, verwendet in der Zeit von 1896 bis 1903), zwischen den Schwanenk\u00f6pfen das Wappenschild, darunter eine Pflanze schwarzer Stempel unter Glasur sowie Schildmarke dar\u00fcber 00 (f\u00fcr die Gr\u00f6\u00dfe), rechts daneben R (f\u00fcr das Jahr 1896), darunter N (f\u00fcr Name des Formers) sowie links daneben D (f\u00fcr den Monat April) alles gepresst, nicht signiert, Literatur: Sparkassen-Kulturstiftung Hessen-Th\u00fcringen, W\u00e4chtersbacher Steingut, Die Sammlung der Sparkassen-Kulturstiftung Hessen-Th\u00fcringen, Seite 102, Marke 24 identisch, weitere Literatur: Ludwig Rinn und Vonderau Museum Fulda, Markentafel W\u00e4chtersbacher Keramik, Seite 11, Marke Nr. 24 identisch, weitere Literatur: Heinz und Lilo Frensch, W\u00e4chtersbacher Steingut, Seite 17, Markentafel, Marke identisch sowie Seite 129, Erkl\u00e4rung der Buchstaben um die Schildmarke, weitere Literatur: Museums- und Geschichtsverein Brachttal e. V., W\u00e4chtersbacher Steingut, Figuren und Fig\u00fcrliches, Seite 106, Marke identisch sowie Seite 108, Datierungssystem, weitere Teller dieses Service siehe MEK D\/XLI\/11, MEK D\/XLI\/13 sowie MEK D\/XLI\/14, Fahne regelm\u00e4\u00dfig durchbrochen sowie Gold geh\u00f6ht, das MEK nimmt keine Fabrikbeschreibung vor und verweist auf die o. g. Literatur, Durchmesser 18,5 cm<\/p>\n<p><a href=\"http:\/\/museumek.eu\/?attachment_id=25501\" rel=\"attachment wp-att-25501\"><img loading=\"lazy\" src=\"http:\/\/museumek.eu\/wp-content\/uploads\/2013\/07\/5050-300x279.jpg\" alt=\"\" title=\"5050\" width=\"300\" height=\"279\" class=\"alignnone size-medium wp-image-25501\" srcset=\"http:\/\/museumek.eu\/wp-content\/uploads\/2013\/07\/5050-300x279.jpg 300w, http:\/\/museumek.eu\/wp-content\/uploads\/2013\/07\/5050-150x139.jpg 150w, http:\/\/museumek.eu\/wp-content\/uploads\/2013\/07\/5050-321x300.jpg 321w, http:\/\/museumek.eu\/wp-content\/uploads\/2013\/07\/5050.jpg 582w\" sizes=\"(max-width: 300px) 100vw, 300px\" \/><\/a><\/p>\n<p><a href=\"http:\/\/museumek.eu\/?attachment_id=25502\" rel=\"attachment wp-att-25502\"><img loading=\"lazy\" src=\"http:\/\/museumek.eu\/wp-content\/uploads\/2013\/07\/5051-213x300.jpg\" alt=\"\" title=\"5051\" width=\"213\" height=\"300\" class=\"alignnone size-medium wp-image-25502\" srcset=\"http:\/\/museumek.eu\/wp-content\/uploads\/2013\/07\/5051-213x300.jpg 213w, http:\/\/museumek.eu\/wp-content\/uploads\/2013\/07\/5051-106x150.jpg 106w, http:\/\/museumek.eu\/wp-content\/uploads\/2013\/07\/5051.jpg 568w\" sizes=\"(max-width: 213px) 100vw, 213px\" \/><\/a><\/p>\n","protected":false},"excerpt":{"rendered":"<p>Abteilung Deutschland, Keramik 1860 \u2013 1960, Inventarnummer D\/XLI\/12 W\u00e4chtersbacher Steingutfabrik, Deutschland, Schlierbach, 1896, Teller, K\u00fcnstler unbekannt, Werks.-Nr. ohne, Exemplar Nr. ohne, gemarkt Firmenmarke mit W\u00e4chtersbach mittig in einem Band,dessen beiden Enden wie Schwanenk\u00f6pfe ausgeformt sind (sog. Schwanenmarke, verwendet in der &hellip; <a href=\"http:\/\/museumek.eu\/?page_id=25500\">Weiterlesen <span class=\"meta-nav\">&rarr;<\/span><\/a><\/p>\n","protected":false},"author":1,"featured_media":0,"parent":25480,"menu_order":12,"comment_status":"closed","ping_status":"open","template":"","meta":[],"_links":{"self":[{"href":"http:\/\/museumek.eu\/index.php?rest_route=\/wp\/v2\/pages\/25500"}],"collection":[{"href":"http:\/\/museumek.eu\/index.php?rest_route=\/wp\/v2\/pages"}],"about":[{"href":"http:\/\/museumek.eu\/index.php?rest_route=\/wp\/v2\/types\/page"}],"author":[{"embeddable":true,"href":"http:\/\/museumek.eu\/index.php?rest_route=\/wp\/v2\/users\/1"}],"replies":[{"embeddable":true,"href":"http:\/\/museumek.eu\/index.php?rest_route=%2Fwp%2Fv2%2Fcomments&post=25500"}],"version-history":[{"count":6,"href":"http:\/\/museumek.eu\/index.php?rest_route=\/wp\/v2\/pages\/25500\/revisions"}],"predecessor-version":[{"id":25571,"href":"http:\/\/museumek.eu\/index.php?rest_route=\/wp\/v2\/pages\/25500\/revisions\/25571"}],"up":[{"embeddable":true,"href":"http:\/\/museumek.eu\/index.php?rest_route=\/wp\/v2\/pages\/25480"}],"wp:attachment":[{"href":"http:\/\/museumek.eu\/index.php?rest_route=%2Fwp%2Fv2%2Fmedia&parent=25500"}],"curies":[{"name":"wp","href":"https:\/\/api.w.org\/{rel}","templated":true}]}}