{"id":25529,"date":"2013-07-25T20:08:25","date_gmt":"2013-07-25T18:08:25","guid":{"rendered":"http:\/\/museumek.eu\/?page_id=25529"},"modified":"2013-07-25T20:08:26","modified_gmt":"2013-07-25T18:08:26","slug":"dxli15","status":"publish","type":"page","link":"http:\/\/museumek.eu\/?page_id=25529","title":{"rendered":"D\/XLI\/15"},"content":{"rendered":"<p><strong>Abteilung Deutschland, Keramik 1860 \u2013 1960, Inventarnummer D\/XLI\/15<\/strong><\/p>\n<p>W\u00e4chtersbacher Steingutfabrik, Deutschland, Schlierbach, 1896, Teller, K\u00fcnstler unbekannt, Werks.-Nr. ohne, Exemplar Nr. ohne, gemarkt Firmenmarke mit Schildmarke, 000 (f\u00fcr die Gr\u00f6\u00dfe) sowie CNCE (in der Buchstabenfolge steckt sicher eine Datierung, die aber nicht aufzul\u00f6sen ist), gepresst, nicht signiert, ein weiterer Teller dieses Service siehe MEK D\/XLI\/16, Fahne regelm\u00e4\u00dfig durchbrochen sowie blau aufgelegtes Band mit Zacken, die Datierung wurde von den sehr \u00e4hnlichen Tellern des MEK Inventars D\/XLI\/11 bis MEK D\/XLI\/14 abgeleitet, das MEK nimmt keine Fabrikbeschreibung vor und verweist auf die unter MEK D\/XLI\/1 genannte Literatur,  Durchmesser 15 cm<\/p>\n<p><a href=\"http:\/\/museumek.eu\/?attachment_id=25530\" rel=\"attachment wp-att-25530\"><img loading=\"lazy\" src=\"http:\/\/museumek.eu\/wp-content\/uploads\/2013\/07\/5053-300x292.jpg\" alt=\"\" title=\"5053\" width=\"300\" height=\"292\" class=\"alignnone size-medium wp-image-25530\" srcset=\"http:\/\/museumek.eu\/wp-content\/uploads\/2013\/07\/5053-300x292.jpg 300w, http:\/\/museumek.eu\/wp-content\/uploads\/2013\/07\/5053-150x146.jpg 150w, http:\/\/museumek.eu\/wp-content\/uploads\/2013\/07\/5053-307x300.jpg 307w, http:\/\/museumek.eu\/wp-content\/uploads\/2013\/07\/5053.jpg 580w\" sizes=\"(max-width: 300px) 100vw, 300px\" \/><\/a><\/p>\n<p><a href=\"http:\/\/museumek.eu\/?attachment_id=25531\" rel=\"attachment wp-att-25531\"><img loading=\"lazy\" src=\"http:\/\/museumek.eu\/wp-content\/uploads\/2013\/07\/5054.jpg\" alt=\"\" title=\"5054\" width=\"280\" height=\"300\" class=\"alignnone size-full wp-image-25531\" srcset=\"http:\/\/museumek.eu\/wp-content\/uploads\/2013\/07\/5054.jpg 280w, http:\/\/museumek.eu\/wp-content\/uploads\/2013\/07\/5054-140x150.jpg 140w\" sizes=\"(max-width: 280px) 100vw, 280px\" \/><\/a><\/p>\n<p><a href=\"http:\/\/museumek.eu\/?attachment_id=25532\" rel=\"attachment wp-att-25532\"><img loading=\"lazy\" src=\"http:\/\/museumek.eu\/wp-content\/uploads\/2013\/07\/5055-245x300.jpg\" alt=\"\" title=\"5055\" width=\"245\" height=\"300\" class=\"alignnone size-medium wp-image-25532\" srcset=\"http:\/\/museumek.eu\/wp-content\/uploads\/2013\/07\/5055-245x300.jpg 245w, http:\/\/museumek.eu\/wp-content\/uploads\/2013\/07\/5055-122x150.jpg 122w, http:\/\/museumek.eu\/wp-content\/uploads\/2013\/07\/5055.jpg 322w\" sizes=\"(max-width: 245px) 100vw, 245px\" \/><\/a><\/p>\n","protected":false},"excerpt":{"rendered":"<p>Abteilung Deutschland, Keramik 1860 \u2013 1960, Inventarnummer D\/XLI\/15 W\u00e4chtersbacher Steingutfabrik, Deutschland, Schlierbach, 1896, Teller, K\u00fcnstler unbekannt, Werks.-Nr. ohne, Exemplar Nr. ohne, gemarkt Firmenmarke mit Schildmarke, 000 (f\u00fcr die Gr\u00f6\u00dfe) sowie CNCE (in der Buchstabenfolge steckt sicher eine Datierung, die aber &hellip; <a href=\"http:\/\/museumek.eu\/?page_id=25529\">Weiterlesen <span class=\"meta-nav\">&rarr;<\/span><\/a><\/p>\n","protected":false},"author":1,"featured_media":0,"parent":25480,"menu_order":15,"comment_status":"closed","ping_status":"open","template":"","meta":[],"_links":{"self":[{"href":"http:\/\/museumek.eu\/index.php?rest_route=\/wp\/v2\/pages\/25529"}],"collection":[{"href":"http:\/\/museumek.eu\/index.php?rest_route=\/wp\/v2\/pages"}],"about":[{"href":"http:\/\/museumek.eu\/index.php?rest_route=\/wp\/v2\/types\/page"}],"author":[{"embeddable":true,"href":"http:\/\/museumek.eu\/index.php?rest_route=\/wp\/v2\/users\/1"}],"replies":[{"embeddable":true,"href":"http:\/\/museumek.eu\/index.php?rest_route=%2Fwp%2Fv2%2Fcomments&post=25529"}],"version-history":[{"count":4,"href":"http:\/\/museumek.eu\/index.php?rest_route=\/wp\/v2\/pages\/25529\/revisions"}],"predecessor-version":[{"id":25536,"href":"http:\/\/museumek.eu\/index.php?rest_route=\/wp\/v2\/pages\/25529\/revisions\/25536"}],"up":[{"embeddable":true,"href":"http:\/\/museumek.eu\/index.php?rest_route=\/wp\/v2\/pages\/25480"}],"wp:attachment":[{"href":"http:\/\/museumek.eu\/index.php?rest_route=%2Fwp%2Fv2%2Fmedia&parent=25529"}],"curies":[{"name":"wp","href":"https:\/\/api.w.org\/{rel}","templated":true}]}}