{"id":25576,"date":"2013-07-27T11:27:14","date_gmt":"2013-07-27T09:27:14","guid":{"rendered":"http:\/\/museumek.eu\/?page_id=25576"},"modified":"2014-12-29T20:26:42","modified_gmt":"2014-12-29T19:26:42","slug":"dlxxxii8","status":"publish","type":"page","link":"http:\/\/museumek.eu\/?page_id=25576","title":{"rendered":"D\/LXXXII\/8"},"content":{"rendered":"<p><strong>Abteilung Deutschland, Keramik 1860 \u2013 1960, Inventarnummer D\/LXXXII\/8<\/strong><\/p>\n<p>Westerw\u00e4lder Steinzeug ohne Fabrikzuordnung, Deutschland, Westerwald, 1914, Seidel, K\u00fcnstler unbekannt, Werks.-Nr. 1644, Exemplar Nr. ohne, gemarkt keine Fabrikmarke aber 0,5 L \u00fcber Eichstrich sowie 1644 gepresst, nicht signiert, Zinndeckel mit ausf\u00fchrlicher Widmung, im Zinndeckel datiert 17.IX:14, geritzt,<br \/>\nH\u00f6he 11,3 cm, Breite 15 cm (nur die Keramik)<\/p>\n<p><a href=\"http:\/\/museumek.eu\/?attachment_id=35386\" rel=\"attachment wp-att-35386\"><img loading=\"lazy\" src=\"http:\/\/museumek.eu\/wp-content\/uploads\/2013\/07\/16841-211x300.jpg\" alt=\"\" title=\"1684\" width=\"211\" height=\"300\" class=\"alignnone size-medium wp-image-35386\" srcset=\"http:\/\/museumek.eu\/wp-content\/uploads\/2013\/07\/16841-211x300.jpg 211w, http:\/\/museumek.eu\/wp-content\/uploads\/2013\/07\/16841-105x150.jpg 105w, http:\/\/museumek.eu\/wp-content\/uploads\/2013\/07\/16841.jpg 563w\" sizes=\"(max-width: 211px) 100vw, 211px\" \/><\/a><\/p>\n<p><a href=\"http:\/\/museumek.eu\/?attachment_id=35387\" rel=\"attachment wp-att-35387\"><img loading=\"lazy\" src=\"http:\/\/museumek.eu\/wp-content\/uploads\/2013\/07\/1685-200x300.jpg\" alt=\"\" title=\"1685\" width=\"200\" height=\"300\" class=\"alignnone size-medium wp-image-35387\" srcset=\"http:\/\/museumek.eu\/wp-content\/uploads\/2013\/07\/1685-200x300.jpg 200w, http:\/\/museumek.eu\/wp-content\/uploads\/2013\/07\/1685-100x150.jpg 100w, http:\/\/museumek.eu\/wp-content\/uploads\/2013\/07\/1685.jpg 534w\" sizes=\"(max-width: 200px) 100vw, 200px\" \/><\/a><\/p>\n<p><a href=\"http:\/\/museumek.eu\/?attachment_id=35388\" rel=\"attachment wp-att-35388\"><img loading=\"lazy\" src=\"http:\/\/museumek.eu\/wp-content\/uploads\/2013\/07\/1686-214x300.jpg\" alt=\"\" title=\"1686\" width=\"214\" height=\"300\" class=\"alignnone size-medium wp-image-35388\" srcset=\"http:\/\/museumek.eu\/wp-content\/uploads\/2013\/07\/1686-214x300.jpg 214w, http:\/\/museumek.eu\/wp-content\/uploads\/2013\/07\/1686-107x150.jpg 107w, http:\/\/museumek.eu\/wp-content\/uploads\/2013\/07\/1686.jpg 571w\" sizes=\"(max-width: 214px) 100vw, 214px\" \/><\/a><\/p>\n<p><a href=\"http:\/\/museumek.eu\/?attachment_id=35389\" rel=\"attachment wp-att-35389\"><img loading=\"lazy\" src=\"http:\/\/museumek.eu\/wp-content\/uploads\/2013\/07\/1687-259x300.jpg\" alt=\"\" title=\"1687\" width=\"259\" height=\"300\" class=\"alignnone size-medium wp-image-35389\" srcset=\"http:\/\/museumek.eu\/wp-content\/uploads\/2013\/07\/1687-259x300.jpg 259w, http:\/\/museumek.eu\/wp-content\/uploads\/2013\/07\/1687-129x150.jpg 129w, http:\/\/museumek.eu\/wp-content\/uploads\/2013\/07\/1687.jpg 600w\" sizes=\"(max-width: 259px) 100vw, 259px\" \/><\/a><\/p>\n<p><a href=\"http:\/\/museumek.eu\/?attachment_id=35390\" rel=\"attachment wp-att-35390\"><img loading=\"lazy\" src=\"http:\/\/museumek.eu\/wp-content\/uploads\/2013\/07\/1688-255x300.jpg\" alt=\"\" title=\"1688\" width=\"255\" height=\"300\" class=\"alignnone size-medium wp-image-35390\" srcset=\"http:\/\/museumek.eu\/wp-content\/uploads\/2013\/07\/1688-255x300.jpg 255w, http:\/\/museumek.eu\/wp-content\/uploads\/2013\/07\/1688-127x150.jpg 127w, http:\/\/museumek.eu\/wp-content\/uploads\/2013\/07\/1688.jpg 600w\" sizes=\"(max-width: 255px) 100vw, 255px\" \/><\/a><\/p>\n<p><a href=\"http:\/\/museumek.eu\/?attachment_id=35391\" rel=\"attachment wp-att-35391\"><img loading=\"lazy\" src=\"http:\/\/museumek.eu\/wp-content\/uploads\/2013\/07\/1689-186x300.jpg\" alt=\"\" title=\"1689\" width=\"186\" height=\"300\" class=\"alignnone size-medium wp-image-35391\" srcset=\"http:\/\/museumek.eu\/wp-content\/uploads\/2013\/07\/1689-186x300.jpg 186w, http:\/\/museumek.eu\/wp-content\/uploads\/2013\/07\/1689-93x150.jpg 93w, http:\/\/museumek.eu\/wp-content\/uploads\/2013\/07\/1689.jpg 498w\" sizes=\"(max-width: 186px) 100vw, 186px\" \/><\/a><\/p>\n<p><a href=\"http:\/\/museumek.eu\/?attachment_id=35392\" rel=\"attachment wp-att-35392\"><img loading=\"lazy\" src=\"http:\/\/museumek.eu\/wp-content\/uploads\/2013\/07\/1690-300x277.jpg\" alt=\"\" title=\"1690\" width=\"300\" height=\"277\" class=\"alignnone size-medium wp-image-35392\" srcset=\"http:\/\/museumek.eu\/wp-content\/uploads\/2013\/07\/1690-300x277.jpg 300w, http:\/\/museumek.eu\/wp-content\/uploads\/2013\/07\/1690-150x138.jpg 150w, http:\/\/museumek.eu\/wp-content\/uploads\/2013\/07\/1690-324x300.jpg 324w, http:\/\/museumek.eu\/wp-content\/uploads\/2013\/07\/1690.jpg 648w\" sizes=\"(max-width: 300px) 100vw, 300px\" \/><\/a><\/p>\n<p><a href=\"http:\/\/museumek.eu\/?attachment_id=35393\" rel=\"attachment wp-att-35393\"><img loading=\"lazy\" src=\"http:\/\/museumek.eu\/wp-content\/uploads\/2013\/07\/1691-300x177.jpg\" alt=\"\" title=\"1691\" width=\"300\" height=\"177\" class=\"alignnone size-medium wp-image-35393\" srcset=\"http:\/\/museumek.eu\/wp-content\/uploads\/2013\/07\/1691-300x177.jpg 300w, http:\/\/museumek.eu\/wp-content\/uploads\/2013\/07\/1691-150x88.jpg 150w, http:\/\/museumek.eu\/wp-content\/uploads\/2013\/07\/1691-500x295.jpg 500w, http:\/\/museumek.eu\/wp-content\/uploads\/2013\/07\/1691.jpg 674w\" sizes=\"(max-width: 300px) 100vw, 300px\" \/><\/a><\/p>\n<p><a href=\"http:\/\/museumek.eu\/?attachment_id=35394\" rel=\"attachment wp-att-35394\"><img loading=\"lazy\" src=\"http:\/\/museumek.eu\/wp-content\/uploads\/2013\/07\/1692-300x267.jpg\" alt=\"\" title=\"1692\" width=\"300\" height=\"267\" class=\"alignnone size-medium wp-image-35394\" srcset=\"http:\/\/museumek.eu\/wp-content\/uploads\/2013\/07\/1692-300x267.jpg 300w, http:\/\/museumek.eu\/wp-content\/uploads\/2013\/07\/1692-150x133.jpg 150w, http:\/\/museumek.eu\/wp-content\/uploads\/2013\/07\/1692-337x300.jpg 337w, http:\/\/museumek.eu\/wp-content\/uploads\/2013\/07\/1692.jpg 674w\" sizes=\"(max-width: 300px) 100vw, 300px\" \/><\/a><\/p>\n<p><a href=\"http:\/\/museumek.eu\/?attachment_id=35395\" rel=\"attachment wp-att-35395\"><img loading=\"lazy\" src=\"http:\/\/museumek.eu\/wp-content\/uploads\/2013\/07\/1693-300x169.jpg\" alt=\"\" title=\"1693\" width=\"300\" height=\"169\" class=\"alignnone size-medium wp-image-35395\" srcset=\"http:\/\/museumek.eu\/wp-content\/uploads\/2013\/07\/1693-300x169.jpg 300w, http:\/\/museumek.eu\/wp-content\/uploads\/2013\/07\/1693-150x84.jpg 150w, http:\/\/museumek.eu\/wp-content\/uploads\/2013\/07\/1693.jpg 316w\" sizes=\"(max-width: 300px) 100vw, 300px\" \/><\/a><\/p>\n","protected":false},"excerpt":{"rendered":"<p>Abteilung Deutschland, Keramik 1860 \u2013 1960, Inventarnummer D\/LXXXII\/8 Westerw\u00e4lder Steinzeug ohne Fabrikzuordnung, Deutschland, Westerwald, 1914, Seidel, K\u00fcnstler unbekannt, Werks.-Nr. 1644, Exemplar Nr. ohne, gemarkt keine Fabrikmarke aber 0,5 L \u00fcber Eichstrich sowie 1644 gepresst, nicht signiert, Zinndeckel mit ausf\u00fchrlicher Widmung, &hellip; <a href=\"http:\/\/museumek.eu\/?page_id=25576\">Weiterlesen <span class=\"meta-nav\">&rarr;<\/span><\/a><\/p>\n","protected":false},"author":1,"featured_media":0,"parent":22443,"menu_order":8,"comment_status":"closed","ping_status":"open","template":"","meta":[],"_links":{"self":[{"href":"http:\/\/museumek.eu\/index.php?rest_route=\/wp\/v2\/pages\/25576"}],"collection":[{"href":"http:\/\/museumek.eu\/index.php?rest_route=\/wp\/v2\/pages"}],"about":[{"href":"http:\/\/museumek.eu\/index.php?rest_route=\/wp\/v2\/types\/page"}],"author":[{"embeddable":true,"href":"http:\/\/museumek.eu\/index.php?rest_route=\/wp\/v2\/users\/1"}],"replies":[{"embeddable":true,"href":"http:\/\/museumek.eu\/index.php?rest_route=%2Fwp%2Fv2%2Fcomments&post=25576"}],"version-history":[{"count":10,"href":"http:\/\/museumek.eu\/index.php?rest_route=\/wp\/v2\/pages\/25576\/revisions"}],"predecessor-version":[{"id":35398,"href":"http:\/\/museumek.eu\/index.php?rest_route=\/wp\/v2\/pages\/25576\/revisions\/35398"}],"up":[{"embeddable":true,"href":"http:\/\/museumek.eu\/index.php?rest_route=\/wp\/v2\/pages\/22443"}],"wp:attachment":[{"href":"http:\/\/museumek.eu\/index.php?rest_route=%2Fwp%2Fv2%2Fmedia&parent=25576"}],"curies":[{"name":"wp","href":"https:\/\/api.w.org\/{rel}","templated":true}]}}