{"id":25645,"date":"2013-07-27T12:18:27","date_gmt":"2013-07-27T10:18:27","guid":{"rendered":"http:\/\/museumek.eu\/?page_id=25645"},"modified":"2015-05-17T21:54:27","modified_gmt":"2015-05-17T19:54:27","slug":"dliii6","status":"publish","type":"page","link":"http:\/\/museumek.eu\/?page_id=25645","title":{"rendered":"D\/LIII\/5"},"content":{"rendered":"<p><strong>Abteilung Deutschland, Keramik 1860 \u2013 1960, Inventarnummer D\/LIII\/5<\/strong><\/p>\n<p>Steingut- und Steinzeugfabrik, Kunstt\u00f6pferei, Zinngie\u00dferei Merkelbach &#038; Wick und Nachfolger Steingutfabrik Wick Werke AG, Vereinigte Fabriken Merkelbach &#038; Wick und Merkelbach, Stadelmann &#038; Co., Deutschland, Grenzhausen, um 1925, Kanne, K\u00fcnstler Egon Braun, Werks.-Nr. ohne, Exemplar Nr. ohne, gemarkt Firmenmarke mit Wick Werke (Marke ab 1921\/1922) gepresst, Egon Braun geritzt, signiert Egon Braun, Literatur: Gisela Reineking von Bock, Meister der deutschen Keramik, Seite 329, Marke Nr. 216 identisch, weitere Literatur: J\u00fcrgen Schimanski und J\u00fcrgen Erlebach, Westerw\u00e4lder Steinzeug, Die Neue \u00c4ra, Seite 109, Fabrikbeschreibung sowie Marke Nr. 37 identisch, weitere Literatur: J\u00fcrgen Schimanski, Braun geflammt und grau gesalzen, Seite 216, Marke Nr. 37 identisch, weitere Literatur: Beate Dry-von Zezschwitz, Westerw\u00e4lder Steinzug des Jugendstils I, Reinhold Merkelbach, Spezialpreisliste 1905, Seite 10 ff., Fabrikbeschreibung, weitere Literatur: J. G. Th. Graesse, F\u00fchrer f\u00fcr Sammler von Porzellan und Fayence, Seite 104, Marke Nr. 1 identisch, der 1840 geborene Friedrich Wilhelm Merkelbach (gest. 1896) betrieb eine Kannenb\u00e4ckerei oder bereits eine keramische Fabrik, die unter dem Namen F. W. Merkelbach II. firmierte, 1872 (oder 1874) nimmt Friedrich Wilhelm Merkelbach den Bildhauer (Johann) Georg Peter Wick (geb. 1837, gest. 1914) in die Firma auf, die Firmierung \u00e4ndert sich in Steingut- und Steinzeugfabrik, Kunstt\u00f6pferei, Zinngie\u00dferei Merkelbach &#038; Wick, ab 1882\/1883 produzieren Sie als eine der ersten Westerw\u00e4lder Fabriken Elfenbeinsteinzeug, \u00fcber die H\u00e4lfte der Produktion wird in die USA exportiert, in der Zeit von 1886 bis 1897 liefert die Fabrik Halbfertigerzeugnisse an die keramische Fabrik von Hauber &#038; Reuther, Jugenstilk\u00fcnstler wie Peter Behrens und Henry van de Velde liefern um 1900 herausragende Entw\u00fcrfe, 1895 tritt Wicks Sohn (und evtl. gleichzeitig Merkelbachs Schwiegersohn) Ludwig Konrad Wick in die Fabrik ein und \u00fcbernimmt sicher zeitnah auch deren Leitung, bis er 1910\/1911 die Leitung an seine Frau Emma abgibt, 1921\/1922 fusioniert die Fabrik mit der um 1867 in Grenzhausen von Friedrich Wilhelm Merkelbach, Theodor Stadelmann und Julius Schr\u00f6der als Mahl- und Schleifsteinfabrik gegr\u00fcndeten Fabrik Merkelbach, Stadelmann &#038; Co. (wahrscheinlich war Konrad Wicks Frau Emma bereits Miteigent\u00fcmer dieser Fabrik) zur Steingutfabrik Wick Werke AG, Vereinigte Fabriken Merkelbach &#038; Wick und Merkelbach, Stadelmann &#038; Co., die Fabrik bestand rund 100 Jahre, <strong>das MEK Exemplar mit der Werks.-Nr. ohne ist in der Fachliteratur noch nicht erfasst<\/strong>, Ausf\u00fchrung als Steinzeug grau-blau glasiert, kugeliger, f\u00fcnfeckig gedr\u00fcckter K\u00f6rper, verzierter 90 Grad Henkel mit bandf\u00f6rmig angeordneten Punkten, gerader Hals, zugeh\u00f6riger Korken mit massiver Messingumh\u00fcllung fehlt, H\u00f6he 15 cm, Breite 10 cm<\/p>\n<p><a href=\"http:\/\/museumek.eu\/?attachment_id=25646\" rel=\"attachment wp-att-25646\"><img loading=\"lazy\" src=\"http:\/\/museumek.eu\/wp-content\/uploads\/2013\/07\/019-213x300.jpg\" alt=\"\" title=\"019\" width=\"213\" height=\"300\" class=\"alignnone size-medium wp-image-25646\" srcset=\"http:\/\/museumek.eu\/wp-content\/uploads\/2013\/07\/019-213x300.jpg 213w, http:\/\/museumek.eu\/wp-content\/uploads\/2013\/07\/019-106x150.jpg 106w, http:\/\/museumek.eu\/wp-content\/uploads\/2013\/07\/019.jpg 489w\" sizes=\"(max-width: 213px) 100vw, 213px\" \/><\/a><\/p>\n<p><a href=\"http:\/\/museumek.eu\/?attachment_id=25647\" rel=\"attachment wp-att-25647\"><img loading=\"lazy\" src=\"http:\/\/museumek.eu\/wp-content\/uploads\/2013\/07\/020-204x300.jpg\" alt=\"\" title=\"020\" width=\"204\" height=\"300\" class=\"alignnone size-medium wp-image-25647\" srcset=\"http:\/\/museumek.eu\/wp-content\/uploads\/2013\/07\/020-204x300.jpg 204w, http:\/\/museumek.eu\/wp-content\/uploads\/2013\/07\/020-102x150.jpg 102w, http:\/\/museumek.eu\/wp-content\/uploads\/2013\/07\/020.jpg 443w\" sizes=\"(max-width: 204px) 100vw, 204px\" \/><\/a><\/p>\n<p><a href=\"http:\/\/museumek.eu\/?attachment_id=25648\" rel=\"attachment wp-att-25648\"><img loading=\"lazy\" src=\"http:\/\/museumek.eu\/wp-content\/uploads\/2013\/07\/022-300x210.jpg\" alt=\"\" title=\"022\" width=\"300\" height=\"210\" class=\"alignnone size-medium wp-image-25648\" srcset=\"http:\/\/museumek.eu\/wp-content\/uploads\/2013\/07\/022-300x210.jpg 300w, http:\/\/museumek.eu\/wp-content\/uploads\/2013\/07\/022-150x105.jpg 150w, http:\/\/museumek.eu\/wp-content\/uploads\/2013\/07\/022-427x300.jpg 427w, http:\/\/museumek.eu\/wp-content\/uploads\/2013\/07\/022.jpg 800w\" sizes=\"(max-width: 300px) 100vw, 300px\" \/><\/a><\/p>\n","protected":false},"excerpt":{"rendered":"<p>Abteilung Deutschland, Keramik 1860 \u2013 1960, Inventarnummer D\/LIII\/5 Steingut- und Steinzeugfabrik, Kunstt\u00f6pferei, Zinngie\u00dferei Merkelbach &#038; Wick und Nachfolger Steingutfabrik Wick Werke AG, Vereinigte Fabriken Merkelbach &#038; Wick und Merkelbach, Stadelmann &#038; Co., Deutschland, Grenzhausen, um 1925, Kanne, K\u00fcnstler Egon Braun, &hellip; <a href=\"http:\/\/museumek.eu\/?page_id=25645\">Weiterlesen <span class=\"meta-nav\">&rarr;<\/span><\/a><\/p>\n","protected":false},"author":1,"featured_media":0,"parent":12474,"menu_order":6,"comment_status":"closed","ping_status":"open","template":"","meta":[],"_links":{"self":[{"href":"http:\/\/museumek.eu\/index.php?rest_route=\/wp\/v2\/pages\/25645"}],"collection":[{"href":"http:\/\/museumek.eu\/index.php?rest_route=\/wp\/v2\/pages"}],"about":[{"href":"http:\/\/museumek.eu\/index.php?rest_route=\/wp\/v2\/types\/page"}],"author":[{"embeddable":true,"href":"http:\/\/museumek.eu\/index.php?rest_route=\/wp\/v2\/users\/1"}],"replies":[{"embeddable":true,"href":"http:\/\/museumek.eu\/index.php?rest_route=%2Fwp%2Fv2%2Fcomments&post=25645"}],"version-history":[{"count":12,"href":"http:\/\/museumek.eu\/index.php?rest_route=\/wp\/v2\/pages\/25645\/revisions"}],"predecessor-version":[{"id":40039,"href":"http:\/\/museumek.eu\/index.php?rest_route=\/wp\/v2\/pages\/25645\/revisions\/40039"}],"up":[{"embeddable":true,"href":"http:\/\/museumek.eu\/index.php?rest_route=\/wp\/v2\/pages\/12474"}],"wp:attachment":[{"href":"http:\/\/museumek.eu\/index.php?rest_route=%2Fwp%2Fv2%2Fmedia&parent=25645"}],"curies":[{"name":"wp","href":"https:\/\/api.w.org\/{rel}","templated":true}]}}