{"id":26466,"date":"2013-08-22T21:49:02","date_gmt":"2013-08-22T19:49:02","guid":{"rendered":"http:\/\/museumek.eu\/?page_id=26466"},"modified":"2013-08-22T21:49:02","modified_gmt":"2013-08-22T19:49:02","slug":"dlxiii2","status":"publish","type":"page","link":"http:\/\/museumek.eu\/?page_id=26466","title":{"rendered":"D\/LXIII\/2"},"content":{"rendered":"<p><strong>Abteilung Deutschland, Keramik 1860 \u2013 1960, Inventarnummer D\/LXIII\/2<\/strong><\/p>\n<p>Meissner Ofen- und Porzellanfabrik (M.O. &#038; P.F.), vormals Carl Teichert Meissen (C.T.M.) und Nachfolger Teichert-Werke Meissen GmbH, Deutschland, Mei\u00dfen, nach 1930, Figur L\u00f6we auf Rechtecksockel, K\u00fcnstler unbekannt, Werks.-Nr. ohne, Exemplar Nr. ohne, gemarkt Firmenmarke Dreiecksstempel, darin Teichert Werke Meissen sowie ein Stern gepresst, nicht signiert, der Bossier der K\u00f6niglich-S\u00e4chsischen Porzellanmanufaktur Meissen, Gottfried Heinrich Melzer, entwickelte 1840 ein neues Verfahren f\u00fcr die Herstellung von Ofenkacheln, dieses wurde 1855 patentiert, der in Meissen ans\u00e4ssige T\u00f6pfermeister Johann Friedrich Carl Teichert \u00fcbernahm 1857 die Herstellung der Melzerschen Ofenkacheln, er firmierte als Carl Teichert Meissen, Teichert starb 1871 und die Fabrik wurde 1872 in eine AG umgewandelt, Firmierung dann wahrscheinlich als Carl Teichert Meissen AG, ab 1879 wurde mit der Herstellung von Porzellan begonnen und die Firmierung \u00e4nderte sich in Meissner Ofen- und Porzellanfabrik, vormals C. Teichert, gemarkt wurde M.O. &#038; P.F. vorm. C.T.M., um 1925 erwarb die Fabrik Anteile der Enrst Teichert GmbH und der Meissner Wandplattenwerke Saxonia GmbH, 1930 wurde die Produktion eingestellt und die Produktlizenz sowie die Originalmodelle f\u00fcr das blaue Zwiebelmuster an die Porzellanfabrik Lorenz Hutschenreuther in Selb abgegeben, der Bruder von Johann Friedrich Carl Teichert, Johann Friedrich Ernst Teichert arbeitete bis 1868 bei Carl Teichert Meissen mit, 1869 machte er sich mit einer Kachelofenfabrik selbstst\u00e4ndig, wahrscheinliche Firmierung Kachelofenfabrik E. Teichert, 1872 wurde aus der Fabrik eine AG, die als S\u00e4chsische Ofen- und Chamottewaaren Fabrik AG, vorm. E. Teichert firmierte, gemarkt wurde S.O.F. vorm. E.T.M., die AG kaufte 1905 die Markowskysche Ofenfabrik zu, bereits 1884 gr\u00fcndete Ernst Teichert in Meissen auch noch eine eigene Porzellanfabrik, Name und Firmierung konnte nicht recherchiert werden, Ernst Teichert starb 1886, sein Sohn Christian Teichert \u00fcbernahm diese Porzellanfabrik und stellte sie auf die Produktion von Ofenkacheln um, evtl. neue Firmierung, 1901 schloss Christian Teichert seine Fabriken zusammen und gr\u00fcndete die Ernst Teichert GmbH, um 1930 fusionierte die M.O. &#038; P.F. vorm. C.T.M. mit der Ernst Teichert GmbH, Firmierung ab diesem Zeitpunkt Teichert-Werke Meissen, H\u00f6he 17,5 cm, Breite 27 cm<\/p>\n<p><a href=\"http:\/\/museumek.eu\/wp-content\/uploads\/2011\/08\/Museum-Europ\u00e4ischer-Keramikkunst-Qualit\u00e4tsfotos-311.jpg\"><img loading=\"lazy\" src=\"http:\/\/museumek.eu\/wp-content\/uploads\/2011\/08\/Museum-Europ\u00e4ischer-Keramikkunst-Qualit\u00e4tsfotos-311-260x300.jpg\" alt=\"\" title=\"Museum Europ\u00e4ischer Keramikkunst Qualit\u00e4tsfotos 311\" width=\"260\" height=\"300\" class=\"alignnone size-medium wp-image-2006\" srcset=\"http:\/\/museumek.eu\/wp-content\/uploads\/2011\/08\/Museum-Europ\u00e4ischer-Keramikkunst-Qualit\u00e4tsfotos-311-260x300.jpg 260w, http:\/\/museumek.eu\/wp-content\/uploads\/2011\/08\/Museum-Europ\u00e4ischer-Keramikkunst-Qualit\u00e4tsfotos-311.jpg 585w\" sizes=\"(max-width: 260px) 100vw, 260px\" \/><\/a><\/p>\n<p><a href=\"http:\/\/museumek.eu\/wp-content\/uploads\/2011\/08\/Museum-Europ\u00e4ischer-Keramikkunst-856.jpg\"><img loading=\"lazy\" src=\"http:\/\/museumek.eu\/wp-content\/uploads\/2011\/08\/Museum-Europ\u00e4ischer-Keramikkunst-856-300x166.jpg\" alt=\"\" title=\"Museum Europ\u00e4ischer Keramikkunst 856\" width=\"300\" height=\"166\" class=\"alignnone size-medium wp-image-2007\" srcset=\"http:\/\/museumek.eu\/wp-content\/uploads\/2011\/08\/Museum-Europ\u00e4ischer-Keramikkunst-856-300x166.jpg 300w, http:\/\/museumek.eu\/wp-content\/uploads\/2011\/08\/Museum-Europ\u00e4ischer-Keramikkunst-856-500x277.jpg 500w, http:\/\/museumek.eu\/wp-content\/uploads\/2011\/08\/Museum-Europ\u00e4ischer-Keramikkunst-856.jpg 574w\" sizes=\"(max-width: 300px) 100vw, 300px\" \/><\/a><\/p>\n","protected":false},"excerpt":{"rendered":"<p>Abteilung Deutschland, Keramik 1860 \u2013 1960, Inventarnummer D\/LXIII\/2 Meissner Ofen- und Porzellanfabrik (M.O. &#038; P.F.), vormals Carl Teichert Meissen (C.T.M.) und Nachfolger Teichert-Werke Meissen GmbH, Deutschland, Mei\u00dfen, nach 1930, Figur L\u00f6we auf Rechtecksockel, K\u00fcnstler unbekannt, Werks.-Nr. ohne, Exemplar Nr. ohne, &hellip; <a href=\"http:\/\/museumek.eu\/?page_id=26466\">Weiterlesen <span class=\"meta-nav\">&rarr;<\/span><\/a><\/p>\n","protected":false},"author":1,"featured_media":0,"parent":14554,"menu_order":2,"comment_status":"closed","ping_status":"open","template":"","meta":[],"_links":{"self":[{"href":"http:\/\/museumek.eu\/index.php?rest_route=\/wp\/v2\/pages\/26466"}],"collection":[{"href":"http:\/\/museumek.eu\/index.php?rest_route=\/wp\/v2\/pages"}],"about":[{"href":"http:\/\/museumek.eu\/index.php?rest_route=\/wp\/v2\/types\/page"}],"author":[{"embeddable":true,"href":"http:\/\/museumek.eu\/index.php?rest_route=\/wp\/v2\/users\/1"}],"replies":[{"embeddable":true,"href":"http:\/\/museumek.eu\/index.php?rest_route=%2Fwp%2Fv2%2Fcomments&post=26466"}],"version-history":[{"count":2,"href":"http:\/\/museumek.eu\/index.php?rest_route=\/wp\/v2\/pages\/26466\/revisions"}],"predecessor-version":[{"id":26468,"href":"http:\/\/museumek.eu\/index.php?rest_route=\/wp\/v2\/pages\/26466\/revisions\/26468"}],"up":[{"embeddable":true,"href":"http:\/\/museumek.eu\/index.php?rest_route=\/wp\/v2\/pages\/14554"}],"wp:attachment":[{"href":"http:\/\/museumek.eu\/index.php?rest_route=%2Fwp%2Fv2%2Fmedia&parent=26466"}],"curies":[{"name":"wp","href":"https:\/\/api.w.org\/{rel}","templated":true}]}}