{"id":26479,"date":"2013-08-22T21:57:49","date_gmt":"2013-08-22T19:57:49","guid":{"rendered":"http:\/\/museumek.eu\/?page_id=26479"},"modified":"2021-04-04T12:14:46","modified_gmt":"2021-04-04T10:14:46","slug":"fotos-und-beschreibung","status":"publish","type":"page","link":"http:\/\/museumek.eu\/?page_id=26479","title":{"rendered":"Fotos und Beschreibung"},"content":{"rendered":"<p><strong>Abteilung Deutschland, Keramik 1860 \u2013 1960, Inventarnummer D\/IX\/1<\/strong><\/p>\n<p>Porzellanfabrik Johann Seltmann und Nachf. Porzellanfabrik Johann Seltmann GmbH, Deutschland, Vohenstrau\u00df, 1949 &#8211; 1955, Teller, K\u00fcnstler unbekannt, Werks.-Nr. ohne, Exemplar Nr. ohne, gemarkt Firmenmarke mit Krone, darunter BAVARIA, darunter Johann Seltmann, darunter Vohenstrau\u00df sowie 2 gr\u00fcne Stempel unter Glasur, nicht signiert, Literatur: Robert E. R\u00f6ntgen, Deutsche Porzellanmarken von 1710 bis heute, Seite 349, dort sehr kurze und unvollst\u00e4ndige Beschreibung der Fabrik sowie Seite 350, Marke 2766 identisch (dort f\u00fcr die Zeit nach 1945), weitere Literatur: Ludwig Danckert, Handbuch des Europ\u00e4ischen Porzellans, 7. Auflage, Seite 734, dort Beschreibung der Fabrik sowie identische Marke abgebildet, die Fabrik wurde 1901 von Johann Seltmann gegr\u00fcndet, Seltmanns Bruder Christian Seltmann wird Direktor der Fabrik, 1910 schied Christian aus und gr\u00fcndete in Weiden eine eigene Porzellanfabrik, 1921 starb Johann Seltmann und seine S\u00f6hne Robert und Christian f\u00fchrten die Fabrik weiter, 1941 wird die Fabrik GmbH, die Fabrik blieb bis 1993 in Familienbesitz, Durchmesser 11,7 cm<\/p>\n<p><a href=\"http:\/\/museumek.eu\/?attachment_id=26470\" rel=\"attachment wp-att-26470\"><img loading=\"lazy\" src=\"http:\/\/museumek.eu\/wp-content\/uploads\/2011\/08\/33-300x294.jpg\" alt=\"\" title=\"33\" width=\"300\" height=\"294\" class=\"alignnone size-medium wp-image-26470\" srcset=\"http:\/\/museumek.eu\/wp-content\/uploads\/2011\/08\/33-300x294.jpg 300w, http:\/\/museumek.eu\/wp-content\/uploads\/2011\/08\/33-150x147.jpg 150w, http:\/\/museumek.eu\/wp-content\/uploads\/2011\/08\/33-305x300.jpg 305w, http:\/\/museumek.eu\/wp-content\/uploads\/2011\/08\/33.jpg 534w\" sizes=\"(max-width: 300px) 100vw, 300px\" \/><\/a><\/p>\n<p><a href=\"http:\/\/museumek.eu\/?attachment_id=26471\" rel=\"attachment wp-att-26471\"><img loading=\"lazy\" src=\"http:\/\/museumek.eu\/wp-content\/uploads\/2011\/08\/34.jpg\" alt=\"\" title=\"34\" width=\"248\" height=\"226\" class=\"alignnone size-full wp-image-26471\" srcset=\"http:\/\/museumek.eu\/wp-content\/uploads\/2011\/08\/34.jpg 248w, http:\/\/museumek.eu\/wp-content\/uploads\/2011\/08\/34-150x136.jpg 150w\" sizes=\"(max-width: 248px) 100vw, 248px\" \/><\/a><\/p>\n<p><strong>Abteilung Deutschland, Keramik 1860 \u2013 1960, Inventarnummer D\/IX\/2<\/strong><\/p>\n<p>Porzellanfabrik Johann Seltmann und Nachf. Porzellanfabrik Johann Seltmann GmbH, Deutschland, Vohenstrau\u00df, um 1930, Zuckerdose, K\u00fcnstler unbekannt, Werks.-Nr. ohne, Exemplar Nr. ohne, gemarkt Firmenmarke mit Johann Seltmann, darunter Krone, darunter Vohenstrauss hellroter Stempel auf Glasur, 4 gepresst, nicht signiert, Literatur: Robert E. R\u00f6ntgen, Deutsche Porzellanmarken von 1710 bis heute, Seite 349, dort sehr kurze und unvollst\u00e4ndige Beschreibung der Fabrik sowie Seite 350, Marke 2763 identisch (dort f\u00fcr die Zeit 1917 bis ca. 1932), weitere Literatur: Dieter Z\u00fchlsdorff, Markenlexikon, Band 1, Porzellan und Keramik Report 1885 &#8211; 1935, Seite 97, Werk- Teil 1., Gruppennummer des Werkteils 4., laufende Nummer innerhalb der Gruppe 390, identische Marke (dort f\u00fcr die Zeit nach 1930) sowie Seite 635, Werkteil- Nummer 3., laufende Nummer des Werkteils 1329, dort kurze unvollst\u00e4ndige Beschreibung der Fabrik, weitere Literatur: Ludwig Danckert, Handbuch des Europ\u00e4ischen Porzellans, 7. Auflage, Seite 734, dort Beschreibung der Fabrik sowie Marke 206 identisch (die Marke wurde am 23.06.1917 ins RWZR eingetragen), die Fabrik wurde 1901 von Johann Seltmann gegr\u00fcndet, Seltmanns Bruder Christian Seltmann wird Direktor der Fabrik, 1910 schied Christian aus und gr\u00fcndete in Weiden eine eigene Porzellanfabrik, 1921 starb Johann Seltmann und seine S\u00f6hne Robert und Christian f\u00fchrten die Fabrik weiter, 1941 wird die Fabrik GmbH, die Fabrik blieb bis 1993 in Familienbesitz,<br \/>\nH\u00f6he 11,5 cm, Breite 18 cm<\/p>\n<p><a href=\"http:\/\/museumek.eu\/?attachment_id=55331\" rel=\"attachment wp-att-55331\"><img loading=\"lazy\" src=\"http:\/\/museumek.eu\/wp-content\/uploads\/2013\/08\/johann-seltmann-Zuckerdose-1-300x235.jpg\" alt=\"\" title=\"johann seltmann Zuckerdose 1\" width=\"300\" height=\"235\" class=\"alignnone size-medium wp-image-55331\" srcset=\"http:\/\/museumek.eu\/wp-content\/uploads\/2013\/08\/johann-seltmann-Zuckerdose-1-300x235.jpg 300w, http:\/\/museumek.eu\/wp-content\/uploads\/2013\/08\/johann-seltmann-Zuckerdose-1-150x117.jpg 150w, http:\/\/museumek.eu\/wp-content\/uploads\/2013\/08\/johann-seltmann-Zuckerdose-1-381x300.jpg 381w, http:\/\/museumek.eu\/wp-content\/uploads\/2013\/08\/johann-seltmann-Zuckerdose-1.jpg 611w\" sizes=\"(max-width: 300px) 100vw, 300px\" \/><\/a><\/p>\n<p><a href=\"http:\/\/museumek.eu\/?attachment_id=55332\" rel=\"attachment wp-att-55332\"><img loading=\"lazy\" src=\"http:\/\/museumek.eu\/wp-content\/uploads\/2013\/08\/johann-seltmann-Zuckerdose-2-250x300.jpg\" alt=\"\" title=\"johann seltmann Zuckerdose 2\" width=\"250\" height=\"300\" class=\"alignnone size-medium wp-image-55332\" srcset=\"http:\/\/museumek.eu\/wp-content\/uploads\/2013\/08\/johann-seltmann-Zuckerdose-2-250x300.jpg 250w, http:\/\/museumek.eu\/wp-content\/uploads\/2013\/08\/johann-seltmann-Zuckerdose-2-125x150.jpg 125w, http:\/\/museumek.eu\/wp-content\/uploads\/2013\/08\/johann-seltmann-Zuckerdose-2.jpg 480w\" sizes=\"(max-width: 250px) 100vw, 250px\" \/><\/a><\/p>\n<p><a href=\"http:\/\/museumek.eu\/?attachment_id=55333\" rel=\"attachment wp-att-55333\"><img loading=\"lazy\" src=\"http:\/\/museumek.eu\/wp-content\/uploads\/2013\/08\/johann-seltmann-Zuckerdose-3-185x300.jpg\" alt=\"\" title=\"johann seltmann Zuckerdose 3\" width=\"185\" height=\"300\" class=\"alignnone size-medium wp-image-55333\" srcset=\"http:\/\/museumek.eu\/wp-content\/uploads\/2013\/08\/johann-seltmann-Zuckerdose-3-185x300.jpg 185w, http:\/\/museumek.eu\/wp-content\/uploads\/2013\/08\/johann-seltmann-Zuckerdose-3-92x150.jpg 92w, http:\/\/museumek.eu\/wp-content\/uploads\/2013\/08\/johann-seltmann-Zuckerdose-3.jpg 395w\" sizes=\"(max-width: 185px) 100vw, 185px\" \/><\/a><\/p>\n<p><a href=\"http:\/\/museumek.eu\/?attachment_id=55334\" rel=\"attachment wp-att-55334\"><img loading=\"lazy\" src=\"http:\/\/museumek.eu\/wp-content\/uploads\/2013\/08\/johann-seltmann-Zuckerdose-4-298x300.jpg\" alt=\"\" title=\"johann seltmann Zuckerdose 4\" width=\"298\" height=\"300\" class=\"alignnone size-medium wp-image-55334\" srcset=\"http:\/\/museumek.eu\/wp-content\/uploads\/2013\/08\/johann-seltmann-Zuckerdose-4-298x300.jpg 298w, http:\/\/museumek.eu\/wp-content\/uploads\/2013\/08\/johann-seltmann-Zuckerdose-4-150x150.jpg 150w, http:\/\/museumek.eu\/wp-content\/uploads\/2013\/08\/johann-seltmann-Zuckerdose-4.jpg 480w\" sizes=\"(max-width: 298px) 100vw, 298px\" \/><\/a><\/p>\n<p><a href=\"http:\/\/museumek.eu\/?attachment_id=55335\" rel=\"attachment wp-att-55335\"><img loading=\"lazy\" src=\"http:\/\/museumek.eu\/wp-content\/uploads\/2013\/08\/johann-seltmann-Zuckerdose-5-300x241.jpg\" alt=\"\" title=\"johann seltmann Zuckerdose 5\" width=\"300\" height=\"241\" class=\"alignnone size-medium wp-image-55335\" srcset=\"http:\/\/museumek.eu\/wp-content\/uploads\/2013\/08\/johann-seltmann-Zuckerdose-5-300x241.jpg 300w, http:\/\/museumek.eu\/wp-content\/uploads\/2013\/08\/johann-seltmann-Zuckerdose-5-150x120.jpg 150w, http:\/\/museumek.eu\/wp-content\/uploads\/2013\/08\/johann-seltmann-Zuckerdose-5-372x300.jpg 372w, http:\/\/museumek.eu\/wp-content\/uploads\/2013\/08\/johann-seltmann-Zuckerdose-5.jpg 596w\" sizes=\"(max-width: 300px) 100vw, 300px\" \/><\/a><\/p>\n<p><a href=\"http:\/\/museumek.eu\/?attachment_id=55336\" rel=\"attachment wp-att-55336\"><img loading=\"lazy\" src=\"http:\/\/museumek.eu\/wp-content\/uploads\/2013\/08\/johann-seltmann-Zuckerdose-6-300x224.jpg\" alt=\"\" title=\"johann seltmann Zuckerdose 6\" width=\"300\" height=\"224\" class=\"alignnone size-medium wp-image-55336\" srcset=\"http:\/\/museumek.eu\/wp-content\/uploads\/2013\/08\/johann-seltmann-Zuckerdose-6-300x224.jpg 300w, http:\/\/museumek.eu\/wp-content\/uploads\/2013\/08\/johann-seltmann-Zuckerdose-6-150x112.jpg 150w, http:\/\/museumek.eu\/wp-content\/uploads\/2013\/08\/johann-seltmann-Zuckerdose-6-400x300.jpg 400w, http:\/\/museumek.eu\/wp-content\/uploads\/2013\/08\/johann-seltmann-Zuckerdose-6.jpg 640w\" sizes=\"(max-width: 300px) 100vw, 300px\" \/><\/a><\/p>\n","protected":false},"excerpt":{"rendered":"<p>Abteilung Deutschland, Keramik 1860 \u2013 1960, Inventarnummer D\/IX\/1 Porzellanfabrik Johann Seltmann und Nachf. Porzellanfabrik Johann Seltmann GmbH, Deutschland, Vohenstrau\u00df, 1949 &#8211; 1955, Teller, K\u00fcnstler unbekannt, Werks.-Nr. ohne, Exemplar Nr. ohne, gemarkt Firmenmarke mit Krone, darunter BAVARIA, darunter Johann Seltmann, darunter &hellip; <a href=\"http:\/\/museumek.eu\/?page_id=26479\">Weiterlesen <span class=\"meta-nav\">&rarr;<\/span><\/a><\/p>\n","protected":false},"author":1,"featured_media":0,"parent":26476,"menu_order":1,"comment_status":"closed","ping_status":"open","template":"","meta":[],"_links":{"self":[{"href":"http:\/\/museumek.eu\/index.php?rest_route=\/wp\/v2\/pages\/26479"}],"collection":[{"href":"http:\/\/museumek.eu\/index.php?rest_route=\/wp\/v2\/pages"}],"about":[{"href":"http:\/\/museumek.eu\/index.php?rest_route=\/wp\/v2\/types\/page"}],"author":[{"embeddable":true,"href":"http:\/\/museumek.eu\/index.php?rest_route=\/wp\/v2\/users\/1"}],"replies":[{"embeddable":true,"href":"http:\/\/museumek.eu\/index.php?rest_route=%2Fwp%2Fv2%2Fcomments&post=26479"}],"version-history":[{"count":21,"href":"http:\/\/museumek.eu\/index.php?rest_route=\/wp\/v2\/pages\/26479\/revisions"}],"predecessor-version":[{"id":55352,"href":"http:\/\/museumek.eu\/index.php?rest_route=\/wp\/v2\/pages\/26479\/revisions\/55352"}],"up":[{"embeddable":true,"href":"http:\/\/museumek.eu\/index.php?rest_route=\/wp\/v2\/pages\/26476"}],"wp:attachment":[{"href":"http:\/\/museumek.eu\/index.php?rest_route=%2Fwp%2Fv2%2Fmedia&parent=26479"}],"curies":[{"name":"wp","href":"https:\/\/api.w.org\/{rel}","templated":true}]}}