{"id":26602,"date":"2014-01-18T18:50:17","date_gmt":"2014-01-18T17:50:17","guid":{"rendered":"http:\/\/museumek.eu\/?page_id=26602"},"modified":"2014-01-18T18:50:17","modified_gmt":"2014-01-18T17:50:17","slug":"fotos-und-beschreibung","status":"publish","type":"page","link":"http:\/\/museumek.eu\/?page_id=26602","title":{"rendered":"Fotos und Beschreibung"},"content":{"rendered":"<p><strong>Abteilung Austria\/Ungarn\/B\u00f6hmen, Keramik 1860 \u2013 1960, Inventarnr. A\/XLVI\/1<\/strong><\/p>\n<p>\u00d6fen &#038; Thonwaaren-Fabrik Eduard Dubsky von Wittenau, B\u00f6hmen\/Austria, Pilsen\/Plzen, um 1875, Figur Falkner, K\u00fcnstler unbekannt, Werks.-Nr. ohne, Exemplar Nr. ohne, gemarkt Firmenmarke mit \u00d6fen &#038; Thonwaaren-Fabrik Ed. Dubsky von Wittenau n. Pilsen sowie J W geritzt, signiert J W (nicht identifiziert), die Fabrik wurde wohl von Eduard Johann Franz Dubsky von Wittenau (geb. 1845) gegr\u00fcndet und ging auf den Sohn Eduard Dubsky von Wittenau (geb. 1868) \u00fcber, Bemalung wurde restauriert, H\u00f6he 68 cm, Breite 33 cm<\/p>\n<p><a href=\"http:\/\/museumek.eu\/?attachment_id=26591\" rel=\"attachment wp-att-26591\"><img loading=\"lazy\" src=\"http:\/\/museumek.eu\/wp-content\/uploads\/2014\/01\/49-186x300.jpg\" alt=\"\" title=\"49\" width=\"186\" height=\"300\" class=\"alignnone size-medium wp-image-26591\" srcset=\"http:\/\/museumek.eu\/wp-content\/uploads\/2014\/01\/49-186x300.jpg 186w, http:\/\/museumek.eu\/wp-content\/uploads\/2014\/01\/49-93x150.jpg 93w, http:\/\/museumek.eu\/wp-content\/uploads\/2014\/01\/49.jpg 476w\" sizes=\"(max-width: 186px) 100vw, 186px\" \/><\/a><\/p>\n<p><a href=\"http:\/\/museumek.eu\/?attachment_id=26592\" rel=\"attachment wp-att-26592\"><img loading=\"lazy\" src=\"http:\/\/museumek.eu\/wp-content\/uploads\/2014\/01\/50-169x300.jpg\" alt=\"\" title=\"50\" width=\"169\" height=\"300\" class=\"alignnone size-medium wp-image-26592\" srcset=\"http:\/\/museumek.eu\/wp-content\/uploads\/2014\/01\/50-169x300.jpg 169w, http:\/\/museumek.eu\/wp-content\/uploads\/2014\/01\/50-84x150.jpg 84w, http:\/\/museumek.eu\/wp-content\/uploads\/2014\/01\/50.jpg 419w\" sizes=\"(max-width: 169px) 100vw, 169px\" \/><\/a><\/p>\n<p><a href=\"http:\/\/museumek.eu\/?attachment_id=26593\" rel=\"attachment wp-att-26593\"><img loading=\"lazy\" src=\"http:\/\/museumek.eu\/wp-content\/uploads\/2014\/01\/51-300x167.jpg\" alt=\"\" title=\"51\" width=\"300\" height=\"167\" class=\"alignnone size-medium wp-image-26593\" srcset=\"http:\/\/museumek.eu\/wp-content\/uploads\/2014\/01\/51-300x167.jpg 300w, http:\/\/museumek.eu\/wp-content\/uploads\/2014\/01\/51-150x83.jpg 150w, http:\/\/museumek.eu\/wp-content\/uploads\/2014\/01\/51-500x279.jpg 500w, http:\/\/museumek.eu\/wp-content\/uploads\/2014\/01\/51.jpg 800w\" sizes=\"(max-width: 300px) 100vw, 300px\" \/><\/a><\/p>\n<p><a href=\"http:\/\/museumek.eu\/?attachment_id=26594\" rel=\"attachment wp-att-26594\"><img loading=\"lazy\" src=\"http:\/\/museumek.eu\/wp-content\/uploads\/2014\/01\/54-300x260.jpg\" alt=\"\" title=\"54\" width=\"300\" height=\"260\" class=\"alignnone size-medium wp-image-26594\" srcset=\"http:\/\/museumek.eu\/wp-content\/uploads\/2014\/01\/54-300x260.jpg 300w, http:\/\/museumek.eu\/wp-content\/uploads\/2014\/01\/54-150x130.jpg 150w, http:\/\/museumek.eu\/wp-content\/uploads\/2014\/01\/54-346x300.jpg 346w, http:\/\/museumek.eu\/wp-content\/uploads\/2014\/01\/54.jpg 684w\" sizes=\"(max-width: 300px) 100vw, 300px\" \/><\/a><\/p>\n","protected":false},"excerpt":{"rendered":"<p>Abteilung Austria\/Ungarn\/B\u00f6hmen, Keramik 1860 \u2013 1960, Inventarnr. A\/XLVI\/1 \u00d6fen &#038; Thonwaaren-Fabrik Eduard Dubsky von Wittenau, B\u00f6hmen\/Austria, Pilsen\/Plzen, um 1875, Figur Falkner, K\u00fcnstler unbekannt, Werks.-Nr. ohne, Exemplar Nr. ohne, gemarkt Firmenmarke mit \u00d6fen &#038; Thonwaaren-Fabrik Ed. Dubsky von Wittenau n. Pilsen &hellip; <a href=\"http:\/\/museumek.eu\/?page_id=26602\">Weiterlesen <span class=\"meta-nav\">&rarr;<\/span><\/a><\/p>\n","protected":false},"author":1,"featured_media":0,"parent":26599,"menu_order":1,"comment_status":"closed","ping_status":"open","template":"","meta":[],"_links":{"self":[{"href":"http:\/\/museumek.eu\/index.php?rest_route=\/wp\/v2\/pages\/26602"}],"collection":[{"href":"http:\/\/museumek.eu\/index.php?rest_route=\/wp\/v2\/pages"}],"about":[{"href":"http:\/\/museumek.eu\/index.php?rest_route=\/wp\/v2\/types\/page"}],"author":[{"embeddable":true,"href":"http:\/\/museumek.eu\/index.php?rest_route=\/wp\/v2\/users\/1"}],"replies":[{"embeddable":true,"href":"http:\/\/museumek.eu\/index.php?rest_route=%2Fwp%2Fv2%2Fcomments&post=26602"}],"version-history":[{"count":5,"href":"http:\/\/museumek.eu\/index.php?rest_route=\/wp\/v2\/pages\/26602\/revisions"}],"predecessor-version":[{"id":59494,"href":"http:\/\/museumek.eu\/index.php?rest_route=\/wp\/v2\/pages\/26602\/revisions\/59494"}],"up":[{"embeddable":true,"href":"http:\/\/museumek.eu\/index.php?rest_route=\/wp\/v2\/pages\/26599"}],"wp:attachment":[{"href":"http:\/\/museumek.eu\/index.php?rest_route=%2Fwp%2Fv2%2Fmedia&parent=26602"}],"curies":[{"name":"wp","href":"https:\/\/api.w.org\/{rel}","templated":true}]}}