{"id":26963,"date":"2014-02-08T20:53:10","date_gmt":"2014-02-08T19:53:10","guid":{"rendered":"http:\/\/museumek.eu\/?page_id=26963"},"modified":"2014-02-08T21:01:25","modified_gmt":"2014-02-08T20:01:25","slug":"ai113","status":"publish","type":"page","link":"http:\/\/museumek.eu\/?page_id=26963","title":{"rendered":"A\/I\/113"},"content":{"rendered":"<p><strong>Abteilung Austria\/Ungarn\/B\u00f6hmen, Keramik 1860 &#8211; 1960, Inventarnummer A\/I\/113<\/strong><\/p>\n<p>Friedrich Goldscheider Erste Wiener Terrakottafabrik, Austria, Wien, ca. 1897\/1898, Figur Schenkm\u00e4dchen, K\u00fcnstler unbekannt, Werks.-Nr. 974, Exemplar Nr. XII (?), Modelleur Nr. ohne, gemarkt Firmenmarke mit Fr. Goldscheider in aufgelegtem Rechteck, Reproduction Reservee in aufgelegtem Rechteck, P gepresst, 974 sowie XII geritzt, nicht signiert, Literatur: Robert E. Dechant\/Filipp Goldscheider, Goldscheider Firmengeschichte und Werkverzeichnis, Seite 308, dort erw\u00e4hnt aber noch keine Ausf\u00fchrung erfasst, Seite 604, Firmenmarke Nr. GS 8 a (f\u00fcr die Zeit 1895 \u2013 1898) identisch, beim MEK Exemplar wurde lediglich der Schriftzug Reproction Reservee aus Platzgr\u00fcnden separat ausgef\u00fchrt sowie Seite 606, Zusatzzeichen GS Z 3 (f\u00fcr die Zeit 1885 \u2013 1922) identisch, die Urspr\u00fcnge der Firma gehen zur\u00fcck auf das Pilsener Handelsunternehmen Moritz Goldscheider der 1860\u2018 Jahre, nach dem Tode von Moritz Goldscheider werden die Br\u00fcder Eduard und Friedrich Goldscheider Eigent\u00fcmer und firmieren ab 1877 als M. Goldscheider\u2019s Erben, Thon-und Kunststeinmanufactur Werk Moldau und ab 1878 als Br\u00fcder Goldscheider, im Jahre 1878 wandert Friedrich Goldscheider nach Wien aus und Eduard f\u00fchrt die Firma in Pilsen bis zum Konkurs 1892 allein weiter, Friedrich Goldscheider firmiert in Wien ab 1880 als Goldscheider\u2019sche Porzellan-Manufaktur und Porzellanmalerei, neben Handelsgesch\u00e4ften betreibt die Firma vorwiegend die Porzellanmalerei, das Porzellan wird von b\u00f6hmischen Manufakturen bezogen und teilweise auch in B\u00f6hmen bemalt, ab 1885 \u00e4ndert sich die Firmierung in Goldscheider\u2019sche Porzellan-Manufaktur und Majolicafabrik, das Jahr 1885 gilt als das offizielle Gr\u00fcndungsjahr, ab 1887 bezeichnet Friedrich Goldscheider seine Fabrik als Erste Wiener Terracotta- und Majolika-Fabrik Friedrich Goldscheider oder als Erste Wiener Kunst-Terracotta-Fabrik und kunstgewerbliche Ateliers Friedrich Goldscheider und offiziell ab 1894 als Friedrich Goldscheider Erste Wiener Terrakottafabrik, Friedrich Goldscheider stirbt im Jahre 1897, seine Ehefrau Regine Goldscheider wird Alleineigent\u00fcmer und firmiert ab 1899 als Friedrich Goldscheider in Wien, Berlin und Leipzig, ab 1907 firmiert die Firma als Erste Wiener Terrakottafabrik und Atelier f\u00fcr k\u00fcnstlerische Fayencen Friedrich Goldscheider, im Jahre 1918 stirbt Regine und die S\u00f6hne Walter und Marcell Goldscheider werden Inhaber, ab 1921 \u00e4ndert sich die Firmierung in Wiener Manufaktur Friedrich Goldscheider, 1928 scheidet Marcell Goldscheider aus und gr\u00fcndet seine eigene Firma in Wien, 1939 wird die Firma arisiert und Josef Schuster wird Inhaber, Firmierung ab 1939, Wiener Manufaktur Friedrich Goldscheider Nachf., Inhaber Josef Schuster, ab 1941 lautet die Firmierung Wiener Manufaktur Josef Schuster, vorm. Friedrich Goldscheider, nach dem WK II erh\u00e4lt Friedrich Goldscheider seine Firma zur\u00fcck und firmiert ab 1950 wieder als Wiener Manufaktur Friedrich Goldscheider, in dieser Zeit verkauft er die Firma an die Majolikafabrik Carstens, in Fredelsloh, die in Fredelsloh Wiederauflagen alter Modelle in minderwertigem braunem Ton aber auch neue Modelle ebenfalls in dieser Tonart produziert, ab 1953 firmiert die Firma als Kunstkeramische Manufaktur Goldscheider GmbH und 1960 wird die Produktion in Fredelsloh eingestellt, Sch\u00e4tzpreisbrief des Auktionshauses Sotheby\u2019s \u00fcber 1.700 \u20ac bis 2.500 \u20ac aus dem Jahr 2001 wurde beim MEK Ankauf Jahr 2014 innerhalb der Figur aufgefunden, <strong>das MEK Exemplar dieser Figur ist eines der Wenigen, wenn nicht das Letzte weltweit erhalten gebliebene Exemplar<\/strong>, H\u00f6he 50 cm, Breite 19 cm<\/p>\n<p><a href=\"http:\/\/museumek.eu\/?attachment_id=26964\" rel=\"attachment wp-att-26964\"><img loading=\"lazy\" src=\"http:\/\/museumek.eu\/wp-content\/uploads\/2014\/02\/069-172x300.jpg\" alt=\"\" title=\"069\" width=\"172\" height=\"300\" class=\"alignnone size-medium wp-image-26964\" srcset=\"http:\/\/museumek.eu\/wp-content\/uploads\/2014\/02\/069-172x300.jpg 172w, http:\/\/museumek.eu\/wp-content\/uploads\/2014\/02\/069-86x150.jpg 86w\" sizes=\"(max-width: 172px) 100vw, 172px\" \/><\/a><\/p>\n<p><a href=\"http:\/\/museumek.eu\/?attachment_id=26965\" rel=\"attachment wp-att-26965\"><img loading=\"lazy\" src=\"http:\/\/museumek.eu\/wp-content\/uploads\/2014\/02\/068-177x300.jpg\" alt=\"\" title=\"068\" width=\"177\" height=\"300\" class=\"alignnone size-medium wp-image-26965\" srcset=\"http:\/\/museumek.eu\/wp-content\/uploads\/2014\/02\/068-177x300.jpg 177w, http:\/\/museumek.eu\/wp-content\/uploads\/2014\/02\/068-88x150.jpg 88w, http:\/\/museumek.eu\/wp-content\/uploads\/2014\/02\/068.jpg 454w\" sizes=\"(max-width: 177px) 100vw, 177px\" \/><\/a><\/p>\n<p><a href=\"http:\/\/museumek.eu\/?attachment_id=26966\" rel=\"attachment wp-att-26966\"><img loading=\"lazy\" src=\"http:\/\/museumek.eu\/wp-content\/uploads\/2014\/02\/071-180x300.jpg\" alt=\"\" title=\"071\" width=\"180\" height=\"300\" class=\"alignnone size-medium wp-image-26966\" srcset=\"http:\/\/museumek.eu\/wp-content\/uploads\/2014\/02\/071-180x300.jpg 180w, http:\/\/museumek.eu\/wp-content\/uploads\/2014\/02\/071-90x150.jpg 90w, http:\/\/museumek.eu\/wp-content\/uploads\/2014\/02\/071.jpg 480w\" sizes=\"(max-width: 180px) 100vw, 180px\" \/><\/a><\/p>\n<p><a href=\"http:\/\/museumek.eu\/?attachment_id=26972\" rel=\"attachment wp-att-26972\"><img loading=\"lazy\" src=\"http:\/\/museumek.eu\/wp-content\/uploads\/2014\/02\/0701-210x300.jpg\" alt=\"\" title=\"070\" width=\"210\" height=\"300\" class=\"alignnone size-medium wp-image-26972\" srcset=\"http:\/\/museumek.eu\/wp-content\/uploads\/2014\/02\/0701-210x300.jpg 210w, http:\/\/museumek.eu\/wp-content\/uploads\/2014\/02\/0701-105x150.jpg 105w, http:\/\/museumek.eu\/wp-content\/uploads\/2014\/02\/0701.jpg 512w\" sizes=\"(max-width: 210px) 100vw, 210px\" \/><\/a><\/p>\n<p><a href=\"http:\/\/museumek.eu\/?attachment_id=26974\" rel=\"attachment wp-att-26974\"><img loading=\"lazy\" src=\"http:\/\/museumek.eu\/wp-content\/uploads\/2014\/02\/072-300x266.jpg\" alt=\"\" title=\"072\" width=\"300\" height=\"266\" class=\"alignnone size-medium wp-image-26974\" srcset=\"http:\/\/museumek.eu\/wp-content\/uploads\/2014\/02\/072-300x266.jpg 300w, http:\/\/museumek.eu\/wp-content\/uploads\/2014\/02\/072-150x133.jpg 150w, http:\/\/museumek.eu\/wp-content\/uploads\/2014\/02\/072-338x300.jpg 338w, http:\/\/museumek.eu\/wp-content\/uploads\/2014\/02\/072.jpg 653w\" sizes=\"(max-width: 300px) 100vw, 300px\" \/><\/a><\/p>\n<p><a href=\"http:\/\/museumek.eu\/?attachment_id=26975\" rel=\"attachment wp-att-26975\"><img loading=\"lazy\" src=\"http:\/\/museumek.eu\/wp-content\/uploads\/2014\/02\/073-130x300.jpg\" alt=\"\" title=\"073\" width=\"130\" height=\"300\" class=\"alignnone size-medium wp-image-26975\" srcset=\"http:\/\/museumek.eu\/wp-content\/uploads\/2014\/02\/073-130x300.jpg 130w, http:\/\/museumek.eu\/wp-content\/uploads\/2014\/02\/073-65x150.jpg 65w, http:\/\/museumek.eu\/wp-content\/uploads\/2014\/02\/073.jpg 347w\" sizes=\"(max-width: 130px) 100vw, 130px\" \/><\/a><\/p>\n<p><a href=\"http:\/\/museumek.eu\/?attachment_id=26979\" rel=\"attachment wp-att-26979\"><img loading=\"lazy\" src=\"http:\/\/museumek.eu\/wp-content\/uploads\/2014\/02\/0741-154x300.jpg\" alt=\"\" title=\"074\" width=\"154\" height=\"300\" class=\"alignnone size-medium wp-image-26979\" srcset=\"http:\/\/museumek.eu\/wp-content\/uploads\/2014\/02\/0741-154x300.jpg 154w, http:\/\/museumek.eu\/wp-content\/uploads\/2014\/02\/0741-77x150.jpg 77w, http:\/\/museumek.eu\/wp-content\/uploads\/2014\/02\/0741.jpg 370w\" sizes=\"(max-width: 154px) 100vw, 154px\" \/><\/a><\/p>\n<p><a href=\"http:\/\/museumek.eu\/?attachment_id=26980\" rel=\"attachment wp-att-26980\"><img loading=\"lazy\" src=\"http:\/\/museumek.eu\/wp-content\/uploads\/2014\/02\/075-117x300.jpg\" alt=\"\" title=\"075\" width=\"117\" height=\"300\" class=\"alignnone size-medium wp-image-26980\" srcset=\"http:\/\/museumek.eu\/wp-content\/uploads\/2014\/02\/075-117x300.jpg 117w, http:\/\/museumek.eu\/wp-content\/uploads\/2014\/02\/075-58x150.jpg 58w, http:\/\/museumek.eu\/wp-content\/uploads\/2014\/02\/075.jpg 279w\" sizes=\"(max-width: 117px) 100vw, 117px\" \/><\/a><\/p>\n<p><a href=\"http:\/\/museumek.eu\/?attachment_id=26981\" rel=\"attachment wp-att-26981\"><img loading=\"lazy\" src=\"http:\/\/museumek.eu\/wp-content\/uploads\/2014\/02\/076-300x162.jpg\" alt=\"\" title=\"076\" width=\"300\" height=\"162\" class=\"alignnone size-medium wp-image-26981\" srcset=\"http:\/\/museumek.eu\/wp-content\/uploads\/2014\/02\/076-300x162.jpg 300w, http:\/\/museumek.eu\/wp-content\/uploads\/2014\/02\/076-150x81.jpg 150w, http:\/\/museumek.eu\/wp-content\/uploads\/2014\/02\/076.jpg 471w\" sizes=\"(max-width: 300px) 100vw, 300px\" \/><\/a><\/p>\n<p><a href=\"http:\/\/museumek.eu\/?attachment_id=26982\" rel=\"attachment wp-att-26982\"><img loading=\"lazy\" src=\"http:\/\/museumek.eu\/wp-content\/uploads\/2014\/02\/077-300x215.jpg\" alt=\"\" title=\"077\" width=\"300\" height=\"215\" class=\"alignnone size-medium wp-image-26982\" srcset=\"http:\/\/museumek.eu\/wp-content\/uploads\/2014\/02\/077-300x215.jpg 300w, http:\/\/museumek.eu\/wp-content\/uploads\/2014\/02\/077-150x107.jpg 150w, http:\/\/museumek.eu\/wp-content\/uploads\/2014\/02\/077.jpg 317w\" sizes=\"(max-width: 300px) 100vw, 300px\" \/><\/a><\/p>\n<p><a href=\"http:\/\/museumek.eu\/?attachment_id=26983\" rel=\"attachment wp-att-26983\"><img loading=\"lazy\" src=\"http:\/\/museumek.eu\/wp-content\/uploads\/2014\/02\/079-300x237.jpg\" alt=\"\" title=\"079\" width=\"300\" height=\"237\" class=\"alignnone size-medium wp-image-26983\" srcset=\"http:\/\/museumek.eu\/wp-content\/uploads\/2014\/02\/079-300x237.jpg 300w, http:\/\/museumek.eu\/wp-content\/uploads\/2014\/02\/079-150x118.jpg 150w, http:\/\/museumek.eu\/wp-content\/uploads\/2014\/02\/079-379x300.jpg 379w, http:\/\/museumek.eu\/wp-content\/uploads\/2014\/02\/079.jpg 758w\" sizes=\"(max-width: 300px) 100vw, 300px\" \/><\/a><\/p>\n<p><a href=\"http:\/\/museumek.eu\/?attachment_id=26984\" rel=\"attachment wp-att-26984\"><img loading=\"lazy\" src=\"http:\/\/museumek.eu\/wp-content\/uploads\/2014\/02\/078-300x200.jpg\" alt=\"\" title=\"078\" width=\"300\" height=\"200\" class=\"alignnone size-medium wp-image-26984\" srcset=\"http:\/\/museumek.eu\/wp-content\/uploads\/2014\/02\/078-300x200.jpg 300w, http:\/\/museumek.eu\/wp-content\/uploads\/2014\/02\/078-150x100.jpg 150w, http:\/\/museumek.eu\/wp-content\/uploads\/2014\/02\/078-450x300.jpg 450w, http:\/\/museumek.eu\/wp-content\/uploads\/2014\/02\/078.jpg 711w\" sizes=\"(max-width: 300px) 100vw, 300px\" \/><\/a><\/p>\n<p><a href=\"http:\/\/museumek.eu\/?attachment_id=26985\" rel=\"attachment wp-att-26985\"><img loading=\"lazy\" src=\"http:\/\/museumek.eu\/wp-content\/uploads\/2014\/02\/080-218x300.jpg\" alt=\"\" title=\"080\" width=\"218\" height=\"300\" class=\"alignnone size-medium wp-image-26985\" srcset=\"http:\/\/museumek.eu\/wp-content\/uploads\/2014\/02\/080-218x300.jpg 218w, http:\/\/museumek.eu\/wp-content\/uploads\/2014\/02\/080-109x150.jpg 109w, http:\/\/museumek.eu\/wp-content\/uploads\/2014\/02\/080.jpg 582w\" sizes=\"(max-width: 218px) 100vw, 218px\" \/><\/a><\/p>\n<p><a href=\"http:\/\/museumek.eu\/?attachment_id=26986\" rel=\"attachment wp-att-26986\"><img loading=\"lazy\" src=\"http:\/\/museumek.eu\/wp-content\/uploads\/2014\/02\/081-300x231.jpg\" alt=\"\" title=\"081\" width=\"300\" height=\"231\" class=\"alignnone size-medium wp-image-26986\" srcset=\"http:\/\/museumek.eu\/wp-content\/uploads\/2014\/02\/081-300x231.jpg 300w, http:\/\/museumek.eu\/wp-content\/uploads\/2014\/02\/081-150x115.jpg 150w, http:\/\/museumek.eu\/wp-content\/uploads\/2014\/02\/081-389x300.jpg 389w, http:\/\/museumek.eu\/wp-content\/uploads\/2014\/02\/081.jpg 779w\" sizes=\"(max-width: 300px) 100vw, 300px\" \/><\/a><\/p>\n","protected":false},"excerpt":{"rendered":"<p>Abteilung Austria\/Ungarn\/B\u00f6hmen, Keramik 1860 &#8211; 1960, Inventarnummer A\/I\/113 Friedrich Goldscheider Erste Wiener Terrakottafabrik, Austria, Wien, ca. 1897\/1898, Figur Schenkm\u00e4dchen, K\u00fcnstler unbekannt, Werks.-Nr. 974, Exemplar Nr. XII (?), Modelleur Nr. ohne, gemarkt Firmenmarke mit Fr. Goldscheider in aufgelegtem Rechteck, Reproduction Reservee &hellip; <a href=\"http:\/\/museumek.eu\/?page_id=26963\">Weiterlesen <span class=\"meta-nav\">&rarr;<\/span><\/a><\/p>\n","protected":false},"author":1,"featured_media":0,"parent":26798,"menu_order":113,"comment_status":"closed","ping_status":"open","template":"","meta":[],"_links":{"self":[{"href":"http:\/\/museumek.eu\/index.php?rest_route=\/wp\/v2\/pages\/26963"}],"collection":[{"href":"http:\/\/museumek.eu\/index.php?rest_route=\/wp\/v2\/pages"}],"about":[{"href":"http:\/\/museumek.eu\/index.php?rest_route=\/wp\/v2\/types\/page"}],"author":[{"embeddable":true,"href":"http:\/\/museumek.eu\/index.php?rest_route=\/wp\/v2\/users\/1"}],"replies":[{"embeddable":true,"href":"http:\/\/museumek.eu\/index.php?rest_route=%2Fwp%2Fv2%2Fcomments&post=26963"}],"version-history":[{"count":9,"href":"http:\/\/museumek.eu\/index.php?rest_route=\/wp\/v2\/pages\/26963\/revisions"}],"predecessor-version":[{"id":26988,"href":"http:\/\/museumek.eu\/index.php?rest_route=\/wp\/v2\/pages\/26963\/revisions\/26988"}],"up":[{"embeddable":true,"href":"http:\/\/museumek.eu\/index.php?rest_route=\/wp\/v2\/pages\/26798"}],"wp:attachment":[{"href":"http:\/\/museumek.eu\/index.php?rest_route=%2Fwp%2Fv2%2Fmedia&parent=26963"}],"curies":[{"name":"wp","href":"https:\/\/api.w.org\/{rel}","templated":true}]}}