{"id":27044,"date":"2014-02-10T19:33:46","date_gmt":"2014-02-10T18:33:46","guid":{"rendered":"http:\/\/museumek.eu\/?page_id=27044"},"modified":"2014-02-10T19:33:47","modified_gmt":"2014-02-10T18:33:47","slug":"dcii1","status":"publish","type":"page","link":"http:\/\/museumek.eu\/?page_id=27044","title":{"rendered":"D\/CII\/1"},"content":{"rendered":"<p><strong>Abteilung Deutschland, Keramik 1860 \u2013 1960, Inventarnummer D\/CII\/1<\/strong><\/p>\n<p>Schramberger Majolikafabrik GmbH, vormals Schramberger Majolikafabrik Gebr. Meyer, vormals Villeroy &#038; Boch Niederlassung Schramberg, vormals Steingut- und Majolikafabrik Uechtritz &#038; Faist, vormals Faist\u2019sche Steingutfabrik, Deutschland, Schramberg, vor 1950, Wandteller, K\u00fcnstler unbekannt, Werks.-Nr. 4572, Exemplar Nr. ohne, gemarkt Firmenmarke mit SMF in einem Rahmen, dar\u00fcber Majolika, darunter Schramberg, Handgemalt sowie 18 schwarze Stempel unter Glasur, 4572 gepresst, nicht signiert, Literatur: J. G. Th. Graesse und E. Jaenicke, F\u00fchrer f\u00fcr Sammler von Porzellan und Fayence, Steinzeug, Steingut usw., Seite 158, Marke identisch, die Fabrik wurde 1820 von Isidor Faist gegr\u00fcndet und firmierte bis 1829 als Faist\u2019sche Steingutfabrik, 1829 kam als Partner Baron Ferdinand von Uechtritz hinzu und die Firmierung \u00e4nderte sich in Steingut- und Majolikafabrik Uechtritz &#038; Faist, Firmierung so bis 1883, dem Jahr, an dem die Fabrik an Villeroy &#038; Boch verkauft wurde, Firmierung ab da Villeroy &#038; Boch Niederlassung Schramberg als Zweigwerk der Mettlacher Fabrik von Villeroy &#038; Boch, 1912 wurde die Fabrik an die Br\u00fcder Moritz und Leopold Meyer verkauft und ab dieser Zeit wurde die Marke in SMF in einem Rahmen ge\u00e4ndert, gleichfalls \u00e4nderte sich die Firmierung in Schramberger Majolikafabrik Gebr. Meyer und ab 1918 in Schramberger Majolikafabrik GmbH, ma\u00dfgebende Entwerferin Ende der 1920\u2018 Jahre Eva Zeisel, 1938 wurde die Fabrik arisiert und 1949 erhielt Moritz Meyer die Fabrik wieder zur\u00fcck, ab 1970 leitete der Sohn von Moritz Meyer, Peter Meyer die Fabrik, 1989 wurde die Fabrik geschlossen, Durchmesser 24 cm<\/p>\n<p><a href=\"http:\/\/museumek.eu\/?attachment_id=27045\" rel=\"attachment wp-att-27045\"><img loading=\"lazy\" src=\"http:\/\/museumek.eu\/wp-content\/uploads\/2014\/02\/91-300x286.jpg\" alt=\"\" title=\"91\" width=\"300\" height=\"286\" class=\"alignnone size-medium wp-image-27045\" srcset=\"http:\/\/museumek.eu\/wp-content\/uploads\/2014\/02\/91-300x286.jpg 300w, http:\/\/museumek.eu\/wp-content\/uploads\/2014\/02\/91-150x143.jpg 150w, http:\/\/museumek.eu\/wp-content\/uploads\/2014\/02\/91-314x300.jpg 314w, http:\/\/museumek.eu\/wp-content\/uploads\/2014\/02\/91.jpg 628w\" sizes=\"(max-width: 300px) 100vw, 300px\" \/><\/a><\/p>\n<p><a href=\"http:\/\/museumek.eu\/?attachment_id=27046\" rel=\"attachment wp-att-27046\"><img loading=\"lazy\" src=\"http:\/\/museumek.eu\/wp-content\/uploads\/2014\/02\/92-275x300.jpg\" alt=\"\" title=\"92\" width=\"275\" height=\"300\" class=\"alignnone size-medium wp-image-27046\" srcset=\"http:\/\/museumek.eu\/wp-content\/uploads\/2014\/02\/92-275x300.jpg 275w, http:\/\/museumek.eu\/wp-content\/uploads\/2014\/02\/92-137x150.jpg 137w, http:\/\/museumek.eu\/wp-content\/uploads\/2014\/02\/92.jpg 311w\" sizes=\"(max-width: 275px) 100vw, 275px\" \/><\/a><\/p>\n<p><a href=\"http:\/\/museumek.eu\/?attachment_id=27047\" rel=\"attachment wp-att-27047\"><img loading=\"lazy\" src=\"http:\/\/museumek.eu\/wp-content\/uploads\/2014\/02\/93-300x156.jpg\" alt=\"\" title=\"93\" width=\"300\" height=\"156\" class=\"alignnone size-medium wp-image-27047\" srcset=\"http:\/\/museumek.eu\/wp-content\/uploads\/2014\/02\/93-300x156.jpg 300w, http:\/\/museumek.eu\/wp-content\/uploads\/2014\/02\/93-150x78.jpg 150w, http:\/\/museumek.eu\/wp-content\/uploads\/2014\/02\/93.jpg 432w\" sizes=\"(max-width: 300px) 100vw, 300px\" \/><\/a><\/p>\n","protected":false},"excerpt":{"rendered":"<p>Abteilung Deutschland, Keramik 1860 \u2013 1960, Inventarnummer D\/CII\/1 Schramberger Majolikafabrik GmbH, vormals Schramberger Majolikafabrik Gebr. Meyer, vormals Villeroy &#038; Boch Niederlassung Schramberg, vormals Steingut- und Majolikafabrik Uechtritz &#038; Faist, vormals Faist\u2019sche Steingutfabrik, Deutschland, Schramberg, vor 1950, Wandteller, K\u00fcnstler unbekannt, Werks.-Nr. &hellip; <a href=\"http:\/\/museumek.eu\/?page_id=27044\">Weiterlesen <span class=\"meta-nav\">&rarr;<\/span><\/a><\/p>\n","protected":false},"author":1,"featured_media":0,"parent":27041,"menu_order":1,"comment_status":"closed","ping_status":"open","template":"","meta":[],"_links":{"self":[{"href":"http:\/\/museumek.eu\/index.php?rest_route=\/wp\/v2\/pages\/27044"}],"collection":[{"href":"http:\/\/museumek.eu\/index.php?rest_route=\/wp\/v2\/pages"}],"about":[{"href":"http:\/\/museumek.eu\/index.php?rest_route=\/wp\/v2\/types\/page"}],"author":[{"embeddable":true,"href":"http:\/\/museumek.eu\/index.php?rest_route=\/wp\/v2\/users\/1"}],"replies":[{"embeddable":true,"href":"http:\/\/museumek.eu\/index.php?rest_route=%2Fwp%2Fv2%2Fcomments&post=27044"}],"version-history":[{"count":4,"href":"http:\/\/museumek.eu\/index.php?rest_route=\/wp\/v2\/pages\/27044\/revisions"}],"predecessor-version":[{"id":27051,"href":"http:\/\/museumek.eu\/index.php?rest_route=\/wp\/v2\/pages\/27044\/revisions\/27051"}],"up":[{"embeddable":true,"href":"http:\/\/museumek.eu\/index.php?rest_route=\/wp\/v2\/pages\/27041"}],"wp:attachment":[{"href":"http:\/\/museumek.eu\/index.php?rest_route=%2Fwp%2Fv2%2Fmedia&parent=27044"}],"curies":[{"name":"wp","href":"https:\/\/api.w.org\/{rel}","templated":true}]}}