{"id":27094,"date":"2014-02-11T14:23:19","date_gmt":"2014-02-11T13:23:19","guid":{"rendered":"http:\/\/museumek.eu\/?page_id=27094"},"modified":"2014-08-06T00:24:54","modified_gmt":"2014-08-05T22:24:54","slug":"dciii1","status":"publish","type":"page","link":"http:\/\/museumek.eu\/?page_id=27094","title":{"rendered":"D\/CIII\/1"},"content":{"rendered":"<p><strong>Abteilung Deutschland, Keramik 1860 \u2013 1960, Inventarnummer D\/CIII\/1<\/strong><\/p>\n<p>Steinzeugfabrik Matthias Girmscheid, Deutschland, H\u00f6hr, um 1905, Kanne, K\u00fcnstler unbekannt, Werks.-Nr. 1355, Exemplar Nr. ohne, gemarkt Firmenmarke mit Kirchenhaus, darunter in einer quer abgebildeten Knochen \u00e4hnlichen Rahmung der Schriftzug GERMANY, darunter Wasserrad \u00e4hnliches Zeichen, 1355, 4, R sowie 1 \u00bd L gepresst, nicht signiert, Literatur: J\u00fcrgen Schimanski, Braun geflammt und grau gesalzen, Seite 201, Daten zur Fabrik, Abbildung 510, eine \u00e4hnliche Kanne mit Werks.-Nr. 1357 sowie Marke 47 identisch, die Fabrik wurde 1884 von Matthias Girmscheid gegr\u00fcndet, nach dessen Tod 1928 \u00fcbernahm dessen Sohn Karl Girmscheid die Fabrikleitung, nach dessen Tod 1949 leitete Cornelia Girmscheid die Fabrik, die Fabrik Girmscheid besteht noch heute, diese Girmscheid Marke ist angelehnt an die Mettlacher Marke von Villeroy &#038; Boch (wohl absichtlich aus verkaufstechnischen Gr\u00fcnden), die Fabrik markte mit zwei verschiedenen Fabrikstempeln, f\u00fcr den anderen Fabrikstempel siehe MEK D\/CIII\/3, Ausf\u00fchrung in Feinsteinzeug, Henkel oben mit Loch f\u00fcr die Deckelmontur, H\u00f6he 20,5 cm, Breite 18 cm<\/p>\n<p><a href=\"http:\/\/museumek.eu\/?attachment_id=27095\" rel=\"attachment wp-att-27095\"><img loading=\"lazy\" src=\"http:\/\/museumek.eu\/wp-content\/uploads\/2014\/02\/97-247x300.jpg\" alt=\"\" title=\"97\" width=\"247\" height=\"300\" class=\"alignnone size-medium wp-image-27095\" srcset=\"http:\/\/museumek.eu\/wp-content\/uploads\/2014\/02\/97-247x300.jpg 247w, http:\/\/museumek.eu\/wp-content\/uploads\/2014\/02\/97-123x150.jpg 123w, http:\/\/museumek.eu\/wp-content\/uploads\/2014\/02\/97.jpg 566w\" sizes=\"(max-width: 247px) 100vw, 247px\" \/><\/a><\/p>\n<p><a href=\"http:\/\/museumek.eu\/?attachment_id=27096\" rel=\"attachment wp-att-27096\"><img loading=\"lazy\" src=\"http:\/\/museumek.eu\/wp-content\/uploads\/2014\/02\/98-209x300.jpg\" alt=\"\" title=\"98\" width=\"209\" height=\"300\" class=\"alignnone size-medium wp-image-27096\" srcset=\"http:\/\/museumek.eu\/wp-content\/uploads\/2014\/02\/98-209x300.jpg 209w, http:\/\/museumek.eu\/wp-content\/uploads\/2014\/02\/98-104x150.jpg 104w, http:\/\/museumek.eu\/wp-content\/uploads\/2014\/02\/98.jpg 441w\" sizes=\"(max-width: 209px) 100vw, 209px\" \/><\/a><\/p>\n<p><a href=\"http:\/\/museumek.eu\/?attachment_id=27097\" rel=\"attachment wp-att-27097\"><img loading=\"lazy\" src=\"http:\/\/museumek.eu\/wp-content\/uploads\/2014\/02\/99-195x300.jpg\" alt=\"\" title=\"99\" width=\"195\" height=\"300\" class=\"alignnone size-medium wp-image-27097\" srcset=\"http:\/\/museumek.eu\/wp-content\/uploads\/2014\/02\/99-195x300.jpg 195w, http:\/\/museumek.eu\/wp-content\/uploads\/2014\/02\/99-97x150.jpg 97w, http:\/\/museumek.eu\/wp-content\/uploads\/2014\/02\/99.jpg 306w\" sizes=\"(max-width: 195px) 100vw, 195px\" \/><\/a><\/p>\n<p><a href=\"http:\/\/museumek.eu\/?attachment_id=27098\" rel=\"attachment wp-att-27098\"><img loading=\"lazy\" src=\"http:\/\/museumek.eu\/wp-content\/uploads\/2014\/02\/100-267x300.jpg\" alt=\"\" title=\"100\" width=\"267\" height=\"300\" class=\"alignnone size-medium wp-image-27098\" srcset=\"http:\/\/museumek.eu\/wp-content\/uploads\/2014\/02\/100-267x300.jpg 267w, http:\/\/museumek.eu\/wp-content\/uploads\/2014\/02\/100-133x150.jpg 133w, http:\/\/museumek.eu\/wp-content\/uploads\/2014\/02\/100.jpg 332w\" sizes=\"(max-width: 267px) 100vw, 267px\" \/><\/a><\/p>\n<p><a href=\"http:\/\/museumek.eu\/?attachment_id=27099\" rel=\"attachment wp-att-27099\"><img loading=\"lazy\" src=\"http:\/\/museumek.eu\/wp-content\/uploads\/2014\/02\/101-300x226.jpg\" alt=\"\" title=\"101\" width=\"300\" height=\"226\" class=\"alignnone size-medium wp-image-27099\" srcset=\"http:\/\/museumek.eu\/wp-content\/uploads\/2014\/02\/101-300x226.jpg 300w, http:\/\/museumek.eu\/wp-content\/uploads\/2014\/02\/101-150x113.jpg 150w, http:\/\/museumek.eu\/wp-content\/uploads\/2014\/02\/101-396x300.jpg 396w, http:\/\/museumek.eu\/wp-content\/uploads\/2014\/02\/101.jpg 603w\" sizes=\"(max-width: 300px) 100vw, 300px\" \/><\/a><\/p>\n","protected":false},"excerpt":{"rendered":"<p>Abteilung Deutschland, Keramik 1860 \u2013 1960, Inventarnummer D\/CIII\/1 Steinzeugfabrik Matthias Girmscheid, Deutschland, H\u00f6hr, um 1905, Kanne, K\u00fcnstler unbekannt, Werks.-Nr. 1355, Exemplar Nr. ohne, gemarkt Firmenmarke mit Kirchenhaus, darunter in einer quer abgebildeten Knochen \u00e4hnlichen Rahmung der Schriftzug GERMANY, darunter Wasserrad &hellip; <a href=\"http:\/\/museumek.eu\/?page_id=27094\">Weiterlesen <span class=\"meta-nav\">&rarr;<\/span><\/a><\/p>\n","protected":false},"author":1,"featured_media":0,"parent":27091,"menu_order":1,"comment_status":"closed","ping_status":"open","template":"","meta":[],"_links":{"self":[{"href":"http:\/\/museumek.eu\/index.php?rest_route=\/wp\/v2\/pages\/27094"}],"collection":[{"href":"http:\/\/museumek.eu\/index.php?rest_route=\/wp\/v2\/pages"}],"about":[{"href":"http:\/\/museumek.eu\/index.php?rest_route=\/wp\/v2\/types\/page"}],"author":[{"embeddable":true,"href":"http:\/\/museumek.eu\/index.php?rest_route=\/wp\/v2\/users\/1"}],"replies":[{"embeddable":true,"href":"http:\/\/museumek.eu\/index.php?rest_route=%2Fwp%2Fv2%2Fcomments&post=27094"}],"version-history":[{"count":10,"href":"http:\/\/museumek.eu\/index.php?rest_route=\/wp\/v2\/pages\/27094\/revisions"}],"predecessor-version":[{"id":32584,"href":"http:\/\/museumek.eu\/index.php?rest_route=\/wp\/v2\/pages\/27094\/revisions\/32584"}],"up":[{"embeddable":true,"href":"http:\/\/museumek.eu\/index.php?rest_route=\/wp\/v2\/pages\/27091"}],"wp:attachment":[{"href":"http:\/\/museumek.eu\/index.php?rest_route=%2Fwp%2Fv2%2Fmedia&parent=27094"}],"curies":[{"name":"wp","href":"https:\/\/api.w.org\/{rel}","templated":true}]}}