{"id":27201,"date":"2014-02-14T20:55:44","date_gmt":"2014-02-14T19:55:44","guid":{"rendered":"http:\/\/museumek.eu\/?page_id=27201"},"modified":"2014-05-08T23:31:38","modified_gmt":"2014-05-08T21:31:38","slug":"ai115","status":"publish","type":"page","link":"http:\/\/museumek.eu\/?page_id=27201","title":{"rendered":"A\/I\/115"},"content":{"rendered":"<p><strong>Abteilung Austria\/Ungarn\/B\u00f6hmen, Keramik 1860 &#8211; 1960, Inventarnummer A\/I\/115<\/strong><\/p>\n<p>Friedrich Goldscheider Erste Wiener Terrakottafabrik, Austria, Wien, ca. 1895, B\u00fcste Araber mit Vollbart und Turban, K\u00fcnstler Arthur Strasser, Werks.-Nr. 524, Exemplar Nr. 16, Modelleur Nr. ohne, gemarkt Firmenmarke mit Fr. Goldscheider in aufgelegtem Rechteck, 524 sowie 16 geritzt, nicht signiert, Literatur: Robert E. Dechant\/Filipp Goldscheider, Goldscheider Firmengeschichte und Werkverzeichnis, Seite 292, dort noch ohne Foto sowie Seite 604, Firmenmarke GS 8 a (f\u00fcr die Zeit 1895 \u2013 1898) identisch, weitere Literatur: Rosa Neuwirth, Wiener Keramik, Seite 27, Abbildung 15, dort schwarz-wei\u00df Foto der B\u00fcste ohne Sockel, dieser fehlt, Werks.-Nr 524, Exemplar Nr. 40, die Urspr\u00fcnge der Firma gehen zur\u00fcck auf das Pilsener Handelsunternehmen Moritz Goldscheider der 1860\u2018 Jahre, nach dem Tode von Moritz Goldscheider werden die Br\u00fcder Eduard und Friedrich Goldscheider Eigent\u00fcmer und firmieren ab 1877 als M. Goldscheider\u2019s Erben, Thon-und Kunststeinmanufactur Werk Moldau und ab 1878 als Br\u00fcder Goldscheider, im Jahre 1878 wandert Friedrich Goldscheider nach Wien aus und Eduard f\u00fchrt die Firma in Pilsen bis zum Konkurs 1892 allein weiter, Friedrich Goldscheider firmiert in Wien ab 1880 als Goldscheider\u2019sche Porzellan-Manufaktur und Porzellanmalerei, neben Handelsgesch\u00e4ften betreibt die Firma vorwiegend die Porzellanmalerei, das Porzellan wird von b\u00f6hmischen Manufakturen bezogen und teilweise auch in B\u00f6hmen bemalt, ab 1885 \u00e4ndert sich die Firmierung in Goldscheider\u2019sche Porzellan-Manufaktur und Majolicafabrik, das Jahr 1885 gilt als das offizielle Gr\u00fcndungsjahr, ab 1887 bezeichnet Friedrich Goldscheider seine Fabrik als Erste Wiener Terracotta- und Majolika-Fabrik Friedrich Goldscheider oder als Erste Wiener Kunst-Terracotta-Fabrik und kunstgewerbliche Ateliers Friedrich Goldscheider und offiziell ab 1894 als Friedrich Goldscheider Erste Wiener Terrakottafabrik, Friedrich Goldscheider stirbt im Jahre 1897, seine Ehefrau Regine Goldscheider wird Alleineigent\u00fcmer und firmiert ab 1899 als Friedrich Goldscheider in Wien, Berlin und Leipzig, ab 1907 firmiert die Firma als Erste Wiener Terrakottafabrik und Atelier f\u00fcr k\u00fcnstlerische Fayencen Friedrich Goldscheider, im Jahre 1918 stirbt Regine und die S\u00f6hne Walter und Marcell Goldscheider werden Inhaber, ab 1921 \u00e4ndert sich die Firmierung in Wiener Manufaktur Friedrich Goldscheider, 1928 scheidet Marcell Goldscheider aus und gr\u00fcndet seine eigene Firma in Wien, 1939 wird die Firma arisiert und Josef Schuster wird Inhaber, Firmierung ab 1939, Wiener Manufaktur Friedrich Goldscheider Nachf., Inhaber Josef Schuster, ab 1941 lautet die Firmierung Wiener Manufaktur Josef Schuster, vorm. Friedrich Goldscheider, nach dem WK II erh\u00e4lt Friedrich Goldscheider seine Firma zur\u00fcck und firmiert ab 1950 wieder als Wiener Manufaktur Friedrich Goldscheider, in dieser Zeit verkauft er die Firma an die Majolikafabrik Carstens, in Fredelsloh, die in Fredelsloh Wiederauflagen alter Modelle in minderwertigem braunem Ton aber auch neue Modelle ebenfalls in dieser Tonart produziert, ab 1953 firmiert die Firma als Kunstkeramische Manufaktur Goldscheider GmbH und 1960 wird die Produktion in Fredelsloh eingestellt, <strong>das MEK Exemplar dieser B\u00fcste ist eines der Wenigen, erhalten gebliebenen Exemplare, nach den Ausf\u00fchrungen von Dechant\/Goldscheider befindet sich eine weitere B\u00fcste im Wien Museum, Inv.Nr. 219.124, eine weitere B\u00fcste wurde vom Auktionhaus Dorotheum in Wien, eine vom Auktionshaus Mehlis in Plauen und eine vom Auktionshaus Spik in Berlin versteigert<\/strong>, H\u00f6he 16,5 cm, Breite 13 cm<\/p>\n<p><a href=\"http:\/\/museumek.eu\/?attachment_id=27204\" rel=\"attachment wp-att-27204\"><img loading=\"lazy\" src=\"http:\/\/museumek.eu\/wp-content\/uploads\/2014\/02\/110-199x300.jpg\" alt=\"\" title=\"110\" width=\"199\" height=\"300\" class=\"alignnone size-medium wp-image-27204\" srcset=\"http:\/\/museumek.eu\/wp-content\/uploads\/2014\/02\/110-199x300.jpg 199w, http:\/\/museumek.eu\/wp-content\/uploads\/2014\/02\/110-99x150.jpg 99w, http:\/\/museumek.eu\/wp-content\/uploads\/2014\/02\/110.jpg 520w\" sizes=\"(max-width: 199px) 100vw, 199px\" \/><\/a><\/p>\n<p><a href=\"http:\/\/museumek.eu\/?attachment_id=27205\" rel=\"attachment wp-att-27205\"><img loading=\"lazy\" src=\"http:\/\/museumek.eu\/wp-content\/uploads\/2014\/02\/114-225x300.jpg\" alt=\"\" title=\"114\" width=\"225\" height=\"300\" class=\"alignnone size-medium wp-image-27205\" srcset=\"http:\/\/museumek.eu\/wp-content\/uploads\/2014\/02\/114-225x300.jpg 225w, http:\/\/museumek.eu\/wp-content\/uploads\/2014\/02\/114-112x150.jpg 112w, http:\/\/museumek.eu\/wp-content\/uploads\/2014\/02\/114.jpg 600w\" sizes=\"(max-width: 225px) 100vw, 225px\" \/><\/a><\/p>\n<p><a href=\"http:\/\/museumek.eu\/?attachment_id=27208\" rel=\"attachment wp-att-27208\"><img loading=\"lazy\" src=\"http:\/\/museumek.eu\/wp-content\/uploads\/2014\/02\/111-143x300.jpg\" alt=\"\" title=\"111\" width=\"143\" height=\"300\" class=\"alignnone size-medium wp-image-27208\" srcset=\"http:\/\/museumek.eu\/wp-content\/uploads\/2014\/02\/111-143x300.jpg 143w, http:\/\/museumek.eu\/wp-content\/uploads\/2014\/02\/111-71x150.jpg 71w, http:\/\/museumek.eu\/wp-content\/uploads\/2014\/02\/111.jpg 361w\" sizes=\"(max-width: 143px) 100vw, 143px\" \/><\/a><\/p>\n<p><a href=\"http:\/\/museumek.eu\/?attachment_id=27209\" rel=\"attachment wp-att-27209\"><img loading=\"lazy\" src=\"http:\/\/museumek.eu\/wp-content\/uploads\/2014\/02\/112-218x300.jpg\" alt=\"\" title=\"112\" width=\"218\" height=\"300\" class=\"alignnone size-medium wp-image-27209\" srcset=\"http:\/\/museumek.eu\/wp-content\/uploads\/2014\/02\/112-218x300.jpg 218w, http:\/\/museumek.eu\/wp-content\/uploads\/2014\/02\/112-109x150.jpg 109w, http:\/\/museumek.eu\/wp-content\/uploads\/2014\/02\/112.jpg 503w\" sizes=\"(max-width: 218px) 100vw, 218px\" \/><\/a><\/p>\n<p><a href=\"http:\/\/museumek.eu\/?attachment_id=27210\" rel=\"attachment wp-att-27210\"><img loading=\"lazy\" src=\"http:\/\/museumek.eu\/wp-content\/uploads\/2014\/02\/113-137x300.jpg\" alt=\"\" title=\"113\" width=\"137\" height=\"300\" class=\"alignnone size-medium wp-image-27210\" srcset=\"http:\/\/museumek.eu\/wp-content\/uploads\/2014\/02\/113-137x300.jpg 137w, http:\/\/museumek.eu\/wp-content\/uploads\/2014\/02\/113-68x150.jpg 68w, http:\/\/museumek.eu\/wp-content\/uploads\/2014\/02\/113.jpg 319w\" sizes=\"(max-width: 137px) 100vw, 137px\" \/><\/a><\/p>\n<p><a href=\"http:\/\/museumek.eu\/?attachment_id=27213\" rel=\"attachment wp-att-27213\"><img loading=\"lazy\" src=\"http:\/\/museumek.eu\/wp-content\/uploads\/2014\/02\/115-300x91.jpg\" alt=\"\" title=\"115\" width=\"300\" height=\"91\" class=\"alignnone size-medium wp-image-27213\" srcset=\"http:\/\/museumek.eu\/wp-content\/uploads\/2014\/02\/115-300x91.jpg 300w, http:\/\/museumek.eu\/wp-content\/uploads\/2014\/02\/115-150x45.jpg 150w, http:\/\/museumek.eu\/wp-content\/uploads\/2014\/02\/115-500x152.jpg 500w, http:\/\/museumek.eu\/wp-content\/uploads\/2014\/02\/115.jpg 662w\" sizes=\"(max-width: 300px) 100vw, 300px\" \/><\/a><\/p>\n<p><a href=\"http:\/\/museumek.eu\/?attachment_id=27214\" rel=\"attachment wp-att-27214\"><img loading=\"lazy\" src=\"http:\/\/museumek.eu\/wp-content\/uploads\/2014\/02\/117-231x300.jpg\" alt=\"\" title=\"117\" width=\"231\" height=\"300\" class=\"alignnone size-medium wp-image-27214\" srcset=\"http:\/\/museumek.eu\/wp-content\/uploads\/2014\/02\/117-231x300.jpg 231w, http:\/\/museumek.eu\/wp-content\/uploads\/2014\/02\/117-115x150.jpg 115w, http:\/\/museumek.eu\/wp-content\/uploads\/2014\/02\/117.jpg 351w\" sizes=\"(max-width: 231px) 100vw, 231px\" \/><\/a><\/p>\n<p><a href=\"http:\/\/museumek.eu\/?attachment_id=27218\" rel=\"attachment wp-att-27218\"><img loading=\"lazy\" src=\"http:\/\/museumek.eu\/wp-content\/uploads\/2014\/02\/1161-300x247.jpg\" alt=\"\" title=\"116\" width=\"300\" height=\"247\" class=\"alignnone size-medium wp-image-27218\" srcset=\"http:\/\/museumek.eu\/wp-content\/uploads\/2014\/02\/1161-300x247.jpg 300w, http:\/\/museumek.eu\/wp-content\/uploads\/2014\/02\/1161-150x123.jpg 150w, http:\/\/museumek.eu\/wp-content\/uploads\/2014\/02\/1161-364x300.jpg 364w, http:\/\/museumek.eu\/wp-content\/uploads\/2014\/02\/1161.jpg 528w\" sizes=\"(max-width: 300px) 100vw, 300px\" \/><\/a><\/p>\n","protected":false},"excerpt":{"rendered":"<p>Abteilung Austria\/Ungarn\/B\u00f6hmen, Keramik 1860 &#8211; 1960, Inventarnummer A\/I\/115 Friedrich Goldscheider Erste Wiener Terrakottafabrik, Austria, Wien, ca. 1895, B\u00fcste Araber mit Vollbart und Turban, K\u00fcnstler Arthur Strasser, Werks.-Nr. 524, Exemplar Nr. 16, Modelleur Nr. ohne, gemarkt Firmenmarke mit Fr. Goldscheider in &hellip; <a href=\"http:\/\/museumek.eu\/?page_id=27201\">Weiterlesen <span class=\"meta-nav\">&rarr;<\/span><\/a><\/p>\n","protected":false},"author":1,"featured_media":0,"parent":26798,"menu_order":115,"comment_status":"closed","ping_status":"open","template":"","meta":[],"_links":{"self":[{"href":"http:\/\/museumek.eu\/index.php?rest_route=\/wp\/v2\/pages\/27201"}],"collection":[{"href":"http:\/\/museumek.eu\/index.php?rest_route=\/wp\/v2\/pages"}],"about":[{"href":"http:\/\/museumek.eu\/index.php?rest_route=\/wp\/v2\/types\/page"}],"author":[{"embeddable":true,"href":"http:\/\/museumek.eu\/index.php?rest_route=\/wp\/v2\/users\/1"}],"replies":[{"embeddable":true,"href":"http:\/\/museumek.eu\/index.php?rest_route=%2Fwp%2Fv2%2Fcomments&post=27201"}],"version-history":[{"count":14,"href":"http:\/\/museumek.eu\/index.php?rest_route=\/wp\/v2\/pages\/27201\/revisions"}],"predecessor-version":[{"id":30283,"href":"http:\/\/museumek.eu\/index.php?rest_route=\/wp\/v2\/pages\/27201\/revisions\/30283"}],"up":[{"embeddable":true,"href":"http:\/\/museumek.eu\/index.php?rest_route=\/wp\/v2\/pages\/26798"}],"wp:attachment":[{"href":"http:\/\/museumek.eu\/index.php?rest_route=%2Fwp%2Fv2%2Fmedia&parent=27201"}],"curies":[{"name":"wp","href":"https:\/\/api.w.org\/{rel}","templated":true}]}}