{"id":27451,"date":"2014-02-22T19:19:52","date_gmt":"2014-02-22T18:19:52","guid":{"rendered":"http:\/\/museumek.eu\/?page_id=27451"},"modified":"2014-02-22T19:19:52","modified_gmt":"2014-02-22T18:19:52","slug":"kurzbiografie-und-inventar-zum-kunstler","status":"publish","type":"page","link":"http:\/\/museumek.eu\/?page_id=27451","title":{"rendered":"Kurzbiografie und Inventar zum K\u00fcnstler"},"content":{"rendered":"<p>\u00dcber Rudolf Rempel konnten nur wenige biografische Daten recherchiert werden. Er wurde wohl am 09.06.1892 in Gelsenkirchen geboren und starb 1970 in Stuttgart. Ab 1912 studierte Rempel Bildhauerei an der M\u00fcnchner Akademie der Bildenden K\u00fcnste unter Baltasar Schmitt. Rempel fertigte Entw\u00fcrfe f\u00fcr Rosenthal, G\u00f6bel und die Karlsruher Majolika. 1945 gr\u00fcndete er in Stuttgart Zuffenhausen seine eigene Werkstatt. Er war haupts\u00e4chlich als Tierbildhauer t\u00e4tig.<\/p>\n<p><strong>Abteilung Deutschland, Keramik 1860 \u2013 1960, Inventarnummer D\/CIV\/1<\/strong><\/p>\n<p>Rudolf Rempel, Deutschland, Stuttgart, um 1950, Figur Rehgruppe, K\u00fcnstler Rudolf Rempel, Werks.-Nr. ohne, Exemplar Nr. ohne, gemarkt Firmenmarke mit Rudolf Rempel Bildhauer in einem Rechteck gepresst, nicht signiert, Rudolf Rempel gr\u00fcndete seine Werkstatt um 1945 in Stuttgart Zuffenhausen, H\u00f6he 17,5 cm, Breite 19,3 cm<\/p>\n<p><a href=\"http:\/\/museumek.eu\/?attachment_id=27427\" rel=\"attachment wp-att-27427\"><img loading=\"lazy\" src=\"http:\/\/museumek.eu\/wp-content\/uploads\/2014\/02\/127-2-298x300.jpg\" alt=\"\" title=\"127 (2)\" width=\"298\" height=\"300\" class=\"alignnone size-medium wp-image-27427\" srcset=\"http:\/\/museumek.eu\/wp-content\/uploads\/2014\/02\/127-2-298x300.jpg 298w, http:\/\/museumek.eu\/wp-content\/uploads\/2014\/02\/127-2-150x150.jpg 150w, http:\/\/museumek.eu\/wp-content\/uploads\/2014\/02\/127-2.jpg 586w\" sizes=\"(max-width: 298px) 100vw, 298px\" \/><\/a><\/p>\n<p><a href=\"http:\/\/museumek.eu\/?attachment_id=27428\" rel=\"attachment wp-att-27428\"><img loading=\"lazy\" src=\"http:\/\/museumek.eu\/wp-content\/uploads\/2014\/02\/128-218x300.jpg\" alt=\"\" title=\"128\" width=\"218\" height=\"300\" class=\"alignnone size-medium wp-image-27428\" srcset=\"http:\/\/museumek.eu\/wp-content\/uploads\/2014\/02\/128-218x300.jpg 218w, http:\/\/museumek.eu\/wp-content\/uploads\/2014\/02\/128-109x150.jpg 109w, http:\/\/museumek.eu\/wp-content\/uploads\/2014\/02\/128.jpg 399w\" sizes=\"(max-width: 218px) 100vw, 218px\" \/><\/a><\/p>\n<p><a href=\"http:\/\/museumek.eu\/?attachment_id=27429\" rel=\"attachment wp-att-27429\"><img loading=\"lazy\" src=\"http:\/\/museumek.eu\/wp-content\/uploads\/2014\/02\/129-300x101.jpg\" alt=\"\" title=\"129\" width=\"300\" height=\"101\" class=\"alignnone size-medium wp-image-27429\" srcset=\"http:\/\/museumek.eu\/wp-content\/uploads\/2014\/02\/129-300x101.jpg 300w, http:\/\/museumek.eu\/wp-content\/uploads\/2014\/02\/129-150x50.jpg 150w, http:\/\/museumek.eu\/wp-content\/uploads\/2014\/02\/129-500x169.jpg 500w, http:\/\/museumek.eu\/wp-content\/uploads\/2014\/02\/129.jpg 575w\" sizes=\"(max-width: 300px) 100vw, 300px\" \/><\/a><\/p>\n","protected":false},"excerpt":{"rendered":"<p>\u00dcber Rudolf Rempel konnten nur wenige biografische Daten recherchiert werden. Er wurde wohl am 09.06.1892 in Gelsenkirchen geboren und starb 1970 in Stuttgart. Ab 1912 studierte Rempel Bildhauerei an der M\u00fcnchner Akademie der Bildenden K\u00fcnste unter Baltasar Schmitt. Rempel fertigte &hellip; <a href=\"http:\/\/museumek.eu\/?page_id=27451\">Weiterlesen <span class=\"meta-nav\">&rarr;<\/span><\/a><\/p>\n","protected":false},"author":1,"featured_media":0,"parent":27446,"menu_order":1,"comment_status":"closed","ping_status":"open","template":"","meta":[],"_links":{"self":[{"href":"http:\/\/museumek.eu\/index.php?rest_route=\/wp\/v2\/pages\/27451"}],"collection":[{"href":"http:\/\/museumek.eu\/index.php?rest_route=\/wp\/v2\/pages"}],"about":[{"href":"http:\/\/museumek.eu\/index.php?rest_route=\/wp\/v2\/types\/page"}],"author":[{"embeddable":true,"href":"http:\/\/museumek.eu\/index.php?rest_route=\/wp\/v2\/users\/1"}],"replies":[{"embeddable":true,"href":"http:\/\/museumek.eu\/index.php?rest_route=%2Fwp%2Fv2%2Fcomments&post=27451"}],"version-history":[{"count":4,"href":"http:\/\/museumek.eu\/index.php?rest_route=\/wp\/v2\/pages\/27451\/revisions"}],"predecessor-version":[{"id":27455,"href":"http:\/\/museumek.eu\/index.php?rest_route=\/wp\/v2\/pages\/27451\/revisions\/27455"}],"up":[{"embeddable":true,"href":"http:\/\/museumek.eu\/index.php?rest_route=\/wp\/v2\/pages\/27446"}],"wp:attachment":[{"href":"http:\/\/museumek.eu\/index.php?rest_route=%2Fwp%2Fv2%2Fmedia&parent=27451"}],"curies":[{"name":"wp","href":"https:\/\/api.w.org\/{rel}","templated":true}]}}