{"id":27472,"date":"2014-03-01T20:45:08","date_gmt":"2014-03-01T19:45:08","guid":{"rendered":"http:\/\/museumek.eu\/?page_id=27472"},"modified":"2014-03-01T22:30:02","modified_gmt":"2014-03-01T21:30:02","slug":"dcv1","status":"publish","type":"page","link":"http:\/\/museumek.eu\/?page_id=27472","title":{"rendered":"D\/CV\/1"},"content":{"rendered":"<p><strong>Abteilung Deutschland, Keramik 1860 \u2013 1960, Inventarnummer D\/CV\/1<\/strong><\/p>\n<p>Jan Bontjes van Beek, Deutschland, Berlin, 1933 &#8211; 1943, Vase, K\u00fcnstler Jan Bontjes van Beek, Werks.-Nr. ohne, Exemplar Nr. ohne, gemarkt Firmenmarke in einem Rahmen gespiegeltes B links neben der Mittelachse, j als Mittelachse, dar\u00fcber v, dar\u00fcber der Punkt des kleingeschriebenen j sowie B rechts neben der Mittelachse gepresst, nicht signiert, Literatur: Gisela Reineking von Bock, Meister der deutschen Keramik 1900 bis 1950, Seite 73 ff., Beschreibung der Werkstatt und Biografie sowie Beschreibung der Marke, wobei die Mittelachse nicht als kleines j erkannt worden ist sowie Seite 319, Marken 34 sowie 35 identisch, dort jeweils ohne Rahmen, anscheinend ist die Marke mit Rahmen noch nicht dokumentiert, Jan Bontjes van Beek gr\u00fcndete 1933 eine Werkstatt in Berlin Charlottenburg, vorher betrieb er zusammen mit der Bildhauerin Amelie Breling die Werkstatt Fischerhuder Kunstkeramik in der N\u00e4he von Bremen, die Werkstatt in Berlin wurde 1943 bei einem Bombenangriff zerst\u00f6rt, H\u00f6he 11,5 cm, Breite 7 cm<\/p>\n<p><a href=\"http:\/\/museumek.eu\/?attachment_id=27473\" rel=\"attachment wp-att-27473\"><img loading=\"lazy\" src=\"http:\/\/museumek.eu\/wp-content\/uploads\/2014\/03\/136-209x300.jpg\" alt=\"\" title=\"136\" width=\"209\" height=\"300\" class=\"alignnone size-medium wp-image-27473\" srcset=\"http:\/\/museumek.eu\/wp-content\/uploads\/2014\/03\/136-209x300.jpg 209w, http:\/\/museumek.eu\/wp-content\/uploads\/2014\/03\/136-104x150.jpg 104w, http:\/\/museumek.eu\/wp-content\/uploads\/2014\/03\/136.jpg 480w\" sizes=\"(max-width: 209px) 100vw, 209px\" \/><\/a><\/p>\n<p><a href=\"http:\/\/museumek.eu\/?attachment_id=27474\" rel=\"attachment wp-att-27474\"><img loading=\"lazy\" src=\"http:\/\/museumek.eu\/wp-content\/uploads\/2014\/03\/137.jpg\" alt=\"\" title=\"137\" width=\"292\" height=\"238\" class=\"alignnone size-full wp-image-27474\" srcset=\"http:\/\/museumek.eu\/wp-content\/uploads\/2014\/03\/137.jpg 292w, http:\/\/museumek.eu\/wp-content\/uploads\/2014\/03\/137-150x122.jpg 150w\" sizes=\"(max-width: 292px) 100vw, 292px\" \/><\/a><\/p>\n","protected":false},"excerpt":{"rendered":"<p>Abteilung Deutschland, Keramik 1860 \u2013 1960, Inventarnummer D\/CV\/1 Jan Bontjes van Beek, Deutschland, Berlin, 1933 &#8211; 1943, Vase, K\u00fcnstler Jan Bontjes van Beek, Werks.-Nr. ohne, Exemplar Nr. ohne, gemarkt Firmenmarke in einem Rahmen gespiegeltes B links neben der Mittelachse, j &hellip; <a href=\"http:\/\/museumek.eu\/?page_id=27472\">Weiterlesen <span class=\"meta-nav\">&rarr;<\/span><\/a><\/p>\n","protected":false},"author":1,"featured_media":0,"parent":27469,"menu_order":1,"comment_status":"closed","ping_status":"open","template":"","meta":[],"_links":{"self":[{"href":"http:\/\/museumek.eu\/index.php?rest_route=\/wp\/v2\/pages\/27472"}],"collection":[{"href":"http:\/\/museumek.eu\/index.php?rest_route=\/wp\/v2\/pages"}],"about":[{"href":"http:\/\/museumek.eu\/index.php?rest_route=\/wp\/v2\/types\/page"}],"author":[{"embeddable":true,"href":"http:\/\/museumek.eu\/index.php?rest_route=\/wp\/v2\/users\/1"}],"replies":[{"embeddable":true,"href":"http:\/\/museumek.eu\/index.php?rest_route=%2Fwp%2Fv2%2Fcomments&post=27472"}],"version-history":[{"count":6,"href":"http:\/\/museumek.eu\/index.php?rest_route=\/wp\/v2\/pages\/27472\/revisions"}],"predecessor-version":[{"id":27521,"href":"http:\/\/museumek.eu\/index.php?rest_route=\/wp\/v2\/pages\/27472\/revisions\/27521"}],"up":[{"embeddable":true,"href":"http:\/\/museumek.eu\/index.php?rest_route=\/wp\/v2\/pages\/27469"}],"wp:attachment":[{"href":"http:\/\/museumek.eu\/index.php?rest_route=%2Fwp%2Fv2%2Fmedia&parent=27472"}],"curies":[{"name":"wp","href":"https:\/\/api.w.org\/{rel}","templated":true}]}}