{"id":2751,"date":"2011-08-25T16:43:59","date_gmt":"2011-08-25T14:43:59","guid":{"rendered":"http:\/\/museumek.eu\/?page_id=2751"},"modified":"2021-03-13T11:51:39","modified_gmt":"2021-03-13T10:51:39","slug":"koniglich-sachsische-porzellan-manufaktur-meissen-inv-nr-dxvi1","status":"publish","type":"page","link":"http:\/\/museumek.eu\/?page_id=2751","title":{"rendered":"K\u00f6niglich-Polnische und Churf\u00fcrstlich-S\u00e4chsische Porcelain-Fabrique Meissen u. Nachf. Churf\u00fcrstliche Porcelain-Fabrique Meissen u. Nachf. K\u00f6niglich-S\u00e4chsische Porzellan-Manufactur Meissen u. Nachf. Staatliche Porzellan-Manufaktur Meissen &#8211; Inv.Nr. D\/XVI\/1 bis D\/XVI\/4"},"content":{"rendered":"","protected":false},"excerpt":{"rendered":"","protected":false},"author":1,"featured_media":0,"parent":2733,"menu_order":182,"comment_status":"closed","ping_status":"closed","template":"","meta":[],"_links":{"self":[{"href":"http:\/\/museumek.eu\/index.php?rest_route=\/wp\/v2\/pages\/2751"}],"collection":[{"href":"http:\/\/museumek.eu\/index.php?rest_route=\/wp\/v2\/pages"}],"about":[{"href":"http:\/\/museumek.eu\/index.php?rest_route=\/wp\/v2\/types\/page"}],"author":[{"embeddable":true,"href":"http:\/\/museumek.eu\/index.php?rest_route=\/wp\/v2\/users\/1"}],"replies":[{"embeddable":true,"href":"http:\/\/museumek.eu\/index.php?rest_route=%2Fwp%2Fv2%2Fcomments&post=2751"}],"version-history":[{"count":49,"href":"http:\/\/museumek.eu\/index.php?rest_route=\/wp\/v2\/pages\/2751\/revisions"}],"predecessor-version":[{"id":54238,"href":"http:\/\/museumek.eu\/index.php?rest_route=\/wp\/v2\/pages\/2751\/revisions\/54238"}],"up":[{"embeddable":true,"href":"http:\/\/museumek.eu\/index.php?rest_route=\/wp\/v2\/pages\/2733"}],"wp:attachment":[{"href":"http:\/\/museumek.eu\/index.php?rest_route=%2Fwp%2Fv2%2Fmedia&parent=2751"}],"curies":[{"name":"wp","href":"https:\/\/api.w.org\/{rel}","templated":true}]}}