{"id":27578,"date":"2014-03-03T19:58:07","date_gmt":"2014-03-03T18:58:07","guid":{"rendered":"http:\/\/museumek.eu\/?page_id=27578"},"modified":"2014-03-03T19:58:07","modified_gmt":"2014-03-03T18:58:07","slug":"fotos-und-beschreibung","status":"publish","type":"page","link":"http:\/\/museumek.eu\/?page_id=27578","title":{"rendered":"Fotos und Beschreibung"},"content":{"rendered":"<p><strong>Abteilung Austria\/Ungarn\/B\u00f6hmen, Keramik 1860 \u2013 1960, Inventarnummer A\/XLVIII\/1<\/strong><\/p>\n<p>Porzellanfabrik Pfeiffer &#038; L\u00f6wenstein, B\u00f6hmen\/Austria, Schlackenwerth\/Ostrov, um 1900, Saliere, K\u00fcnstler unbekannt, Werks.-Nr. ohne, Exemplar Nr. ohne, gemarkt Firmenmarke mit PL (f\u00fcr Pfeiffer &#038; L\u00f6wenstein), Gesch\u00fctzt sowie S (f\u00fcr Schlackenwerth) in einem Wappen gr\u00fcner Stempel unter Glasur, nicht signiert, Literatur: Bestandskatalog Bd. V. 2 des Br\u00f6han Museums, Porzellan, Kunst und Design 1889 bis 1939, Vom Jugendstil zum Funktionalismus, Seite 458, Beschreibung der Manufaktur sowie abgebildete Marke identisch (dort ohne Zusatz Gesch\u00fctzt und als brauner Stempel), weitere Literatur: Emanuel Poche, Porzellanmarken aus aller Welt, Marke Nr. 1369 identisch, weitere Literatur: Otto Pelka, Keramik der Neuzeit, Markentafel VIII, Marke im Markenkasten 124 identisch, Seite 212, Herstellerverzeichnis, Schlackenwerth Pfeiffer &#038; L\u00f6wenstein sowie Seite 220, Namenverzeichnis, Pfeiffer &#038; L\u00f6wenstein M 124, weitere Literatur: Gustav Wei\u00df, Ullstein Porzellanbuch, Seite 301, Marke Nr. 9 identisch, die Fabrik wurde 1873 von Josef Pfeiffer sen. und Ludwig L\u00f6wenstein in Schlackenwerth gegr\u00fcndet, ab 1901 \u00fcbernahmen die S\u00f6hne Josef Pfeiffer jun. und Rudolf L\u00f6wenstein die Fabrik, ab diesem Zeitpunkt quantitativer und qualitativer Aufschwung und Zusammenarbeit mit der Wiener Porzellanmanufaktur B\u00f6ck und der Wiener Werkst\u00e4tte, Rudolf L\u00f6wenstein starb1923 und seine Witwe Luise L\u00f6wenstein trat in die Firma ein, um 1939 Arisierung der Firma und Austritt von Luise L\u00f6wenstein, nach WK II wurde die Fabrik verstaatlicht, H\u00f6he 5,5 cm, Breite 13 cm<\/p>\n<p><a href=\"http:\/\/museumek.eu\/?attachment_id=27569\" rel=\"attachment wp-att-27569\"><img loading=\"lazy\" src=\"http:\/\/museumek.eu\/wp-content\/uploads\/2014\/03\/138-300x178.jpg\" alt=\"\" title=\"138\" width=\"300\" height=\"178\" class=\"alignnone size-medium wp-image-27569\" srcset=\"http:\/\/museumek.eu\/wp-content\/uploads\/2014\/03\/138-300x178.jpg 300w, http:\/\/museumek.eu\/wp-content\/uploads\/2014\/03\/138-150x89.jpg 150w, http:\/\/museumek.eu\/wp-content\/uploads\/2014\/03\/138-500x297.jpg 500w, http:\/\/museumek.eu\/wp-content\/uploads\/2014\/03\/138.jpg 694w\" sizes=\"(max-width: 300px) 100vw, 300px\" \/><\/a><\/p>\n<p><a href=\"http:\/\/museumek.eu\/?attachment_id=27570\" rel=\"attachment wp-att-27570\"><img loading=\"lazy\" src=\"http:\/\/museumek.eu\/wp-content\/uploads\/2014\/03\/139-157x300.jpg\" alt=\"\" title=\"139\" width=\"157\" height=\"300\" class=\"alignnone size-medium wp-image-27570\" srcset=\"http:\/\/museumek.eu\/wp-content\/uploads\/2014\/03\/139-157x300.jpg 157w, http:\/\/museumek.eu\/wp-content\/uploads\/2014\/03\/139-78x150.jpg 78w, http:\/\/museumek.eu\/wp-content\/uploads\/2014\/03\/139.jpg 349w\" sizes=\"(max-width: 157px) 100vw, 157px\" \/><\/a><\/p>\n<p><a href=\"http:\/\/museumek.eu\/?attachment_id=27571\" rel=\"attachment wp-att-27571\"><img loading=\"lazy\" src=\"http:\/\/museumek.eu\/wp-content\/uploads\/2014\/03\/140-141x300.jpg\" alt=\"\" title=\"140\" width=\"141\" height=\"300\" class=\"alignnone size-medium wp-image-27571\" srcset=\"http:\/\/museumek.eu\/wp-content\/uploads\/2014\/03\/140-141x300.jpg 141w, http:\/\/museumek.eu\/wp-content\/uploads\/2014\/03\/140-70x150.jpg 70w, http:\/\/museumek.eu\/wp-content\/uploads\/2014\/03\/140.jpg 296w\" sizes=\"(max-width: 141px) 100vw, 141px\" \/><\/a><\/p>\n<p><a href=\"http:\/\/museumek.eu\/?attachment_id=27572\" rel=\"attachment wp-att-27572\"><img loading=\"lazy\" src=\"http:\/\/museumek.eu\/wp-content\/uploads\/2014\/03\/141.jpg\" alt=\"\" title=\"141\" width=\"247\" height=\"263\" class=\"alignnone size-full wp-image-27572\" srcset=\"http:\/\/museumek.eu\/wp-content\/uploads\/2014\/03\/141.jpg 247w, http:\/\/museumek.eu\/wp-content\/uploads\/2014\/03\/141-140x150.jpg 140w\" sizes=\"(max-width: 247px) 100vw, 247px\" \/><\/a><\/p>\n","protected":false},"excerpt":{"rendered":"<p>Abteilung Austria\/Ungarn\/B\u00f6hmen, Keramik 1860 \u2013 1960, Inventarnummer A\/XLVIII\/1 Porzellanfabrik Pfeiffer &#038; L\u00f6wenstein, B\u00f6hmen\/Austria, Schlackenwerth\/Ostrov, um 1900, Saliere, K\u00fcnstler unbekannt, Werks.-Nr. ohne, Exemplar Nr. ohne, gemarkt Firmenmarke mit PL (f\u00fcr Pfeiffer &#038; L\u00f6wenstein), Gesch\u00fctzt sowie S (f\u00fcr Schlackenwerth) in einem Wappen &hellip; <a href=\"http:\/\/museumek.eu\/?page_id=27578\">Weiterlesen <span class=\"meta-nav\">&rarr;<\/span><\/a><\/p>\n","protected":false},"author":1,"featured_media":0,"parent":27575,"menu_order":1,"comment_status":"closed","ping_status":"open","template":"","meta":[],"_links":{"self":[{"href":"http:\/\/museumek.eu\/index.php?rest_route=\/wp\/v2\/pages\/27578"}],"collection":[{"href":"http:\/\/museumek.eu\/index.php?rest_route=\/wp\/v2\/pages"}],"about":[{"href":"http:\/\/museumek.eu\/index.php?rest_route=\/wp\/v2\/types\/page"}],"author":[{"embeddable":true,"href":"http:\/\/museumek.eu\/index.php?rest_route=\/wp\/v2\/users\/1"}],"replies":[{"embeddable":true,"href":"http:\/\/museumek.eu\/index.php?rest_route=%2Fwp%2Fv2%2Fcomments&post=27578"}],"version-history":[{"count":5,"href":"http:\/\/museumek.eu\/index.php?rest_route=\/wp\/v2\/pages\/27578\/revisions"}],"predecessor-version":[{"id":59510,"href":"http:\/\/museumek.eu\/index.php?rest_route=\/wp\/v2\/pages\/27578\/revisions\/59510"}],"up":[{"embeddable":true,"href":"http:\/\/museumek.eu\/index.php?rest_route=\/wp\/v2\/pages\/27575"}],"wp:attachment":[{"href":"http:\/\/museumek.eu\/index.php?rest_route=%2Fwp%2Fv2%2Fmedia&parent=27578"}],"curies":[{"name":"wp","href":"https:\/\/api.w.org\/{rel}","templated":true}]}}