{"id":27617,"date":"2014-03-05T14:05:40","date_gmt":"2014-03-05T13:05:40","guid":{"rendered":"http:\/\/museumek.eu\/?page_id=27617"},"modified":"2014-03-05T14:08:52","modified_gmt":"2014-03-05T13:08:52","slug":"dlxxxii9","status":"publish","type":"page","link":"http:\/\/museumek.eu\/?page_id=27617","title":{"rendered":"D\/LXXXII\/9"},"content":{"rendered":"<p><strong>Abteilung Deutschland, Keramik 1860 \u2013 1960, Inventarnummer D\/LXXXII\/9<\/strong><\/p>\n<p>Westerw\u00e4lder Steinzeug ohne Fabrikzuordnung, Deutschland, Westerwald, um 1900, Krug, K\u00fcnstler unbekannt, Werks.-Nr. 367, Exemplar Nr. ohne, gemarkt keine Fabrikmarke aber 0,5 \u00fcber Eichstrich, 367 geritzt, 367 mit gegossen oder aufgelegt, ?R schwarz gemalt (eher nicht Hauber &#038; Reuter), nicht signiert,<br \/>\nH\u00f6he 14 cm, Breite 13 cm (nur die Keramik)<\/p>\n<p><a href=\"http:\/\/museumek.eu\/?attachment_id=27618\" rel=\"attachment wp-att-27618\"><img loading=\"lazy\" src=\"http:\/\/museumek.eu\/wp-content\/uploads\/2014\/03\/142-171x300.jpg\" alt=\"\" title=\"142\" width=\"171\" height=\"300\" class=\"alignnone size-medium wp-image-27618\" srcset=\"http:\/\/museumek.eu\/wp-content\/uploads\/2014\/03\/142-171x300.jpg 171w, http:\/\/museumek.eu\/wp-content\/uploads\/2014\/03\/142-85x150.jpg 85w, http:\/\/museumek.eu\/wp-content\/uploads\/2014\/03\/142.jpg 422w\" sizes=\"(max-width: 171px) 100vw, 171px\" \/><\/a><\/p>\n<p><a href=\"http:\/\/museumek.eu\/?attachment_id=27619\" rel=\"attachment wp-att-27619\"><img loading=\"lazy\" src=\"http:\/\/museumek.eu\/wp-content\/uploads\/2014\/03\/143-183x300.jpg\" alt=\"\" title=\"143\" width=\"183\" height=\"300\" class=\"alignnone size-medium wp-image-27619\" srcset=\"http:\/\/museumek.eu\/wp-content\/uploads\/2014\/03\/143-183x300.jpg 183w, http:\/\/museumek.eu\/wp-content\/uploads\/2014\/03\/143-91x150.jpg 91w, http:\/\/museumek.eu\/wp-content\/uploads\/2014\/03\/143.jpg 429w\" sizes=\"(max-width: 183px) 100vw, 183px\" \/><\/a><\/p>\n<p><a href=\"http:\/\/museumek.eu\/?attachment_id=27620\" rel=\"attachment wp-att-27620\"><img loading=\"lazy\" src=\"http:\/\/museumek.eu\/wp-content\/uploads\/2014\/03\/144-193x300.jpg\" alt=\"\" title=\"144\" width=\"193\" height=\"300\" class=\"alignnone size-medium wp-image-27620\" srcset=\"http:\/\/museumek.eu\/wp-content\/uploads\/2014\/03\/144-193x300.jpg 193w, http:\/\/museumek.eu\/wp-content\/uploads\/2014\/03\/144-96x150.jpg 96w, http:\/\/museumek.eu\/wp-content\/uploads\/2014\/03\/144.jpg 458w\" sizes=\"(max-width: 193px) 100vw, 193px\" \/><\/a><\/p>\n<p><a href=\"http:\/\/museumek.eu\/?attachment_id=27625\" rel=\"attachment wp-att-27625\"><img loading=\"lazy\" src=\"http:\/\/museumek.eu\/wp-content\/uploads\/2014\/03\/145-221x300.jpg\" alt=\"\" title=\"145\" width=\"221\" height=\"300\" class=\"alignnone size-medium wp-image-27625\" srcset=\"http:\/\/museumek.eu\/wp-content\/uploads\/2014\/03\/145-221x300.jpg 221w, http:\/\/museumek.eu\/wp-content\/uploads\/2014\/03\/145-110x150.jpg 110w, http:\/\/museumek.eu\/wp-content\/uploads\/2014\/03\/145.jpg 291w\" sizes=\"(max-width: 221px) 100vw, 221px\" \/><\/a><\/p>\n<p><a href=\"http:\/\/museumek.eu\/?attachment_id=27626\" rel=\"attachment wp-att-27626\"><img loading=\"lazy\" src=\"http:\/\/museumek.eu\/wp-content\/uploads\/2014\/03\/146-300x220.jpg\" alt=\"\" title=\"146\" width=\"300\" height=\"220\" class=\"alignnone size-medium wp-image-27626\" srcset=\"http:\/\/museumek.eu\/wp-content\/uploads\/2014\/03\/146-300x220.jpg 300w, http:\/\/museumek.eu\/wp-content\/uploads\/2014\/03\/146-150x110.jpg 150w, http:\/\/museumek.eu\/wp-content\/uploads\/2014\/03\/146-408x300.jpg 408w, http:\/\/museumek.eu\/wp-content\/uploads\/2014\/03\/146.jpg 734w\" sizes=\"(max-width: 300px) 100vw, 300px\" \/><\/a><\/p>\n<p><a href=\"http:\/\/museumek.eu\/?attachment_id=27628\" rel=\"attachment wp-att-27628\"><img loading=\"lazy\" src=\"http:\/\/museumek.eu\/wp-content\/uploads\/2014\/03\/147.jpg\" alt=\"\" title=\"147\" width=\"282\" height=\"253\" class=\"alignnone size-full wp-image-27628\" srcset=\"http:\/\/museumek.eu\/wp-content\/uploads\/2014\/03\/147.jpg 282w, http:\/\/museumek.eu\/wp-content\/uploads\/2014\/03\/147-150x134.jpg 150w\" sizes=\"(max-width: 282px) 100vw, 282px\" \/><\/a><\/p>\n<p><a href=\"http:\/\/museumek.eu\/?attachment_id=27629\" rel=\"attachment wp-att-27629\"><img loading=\"lazy\" src=\"http:\/\/museumek.eu\/wp-content\/uploads\/2014\/03\/148.jpg\" alt=\"\" title=\"148\" width=\"134\" height=\"131\" class=\"alignnone size-full wp-image-27629\" \/><\/a><\/p>\n","protected":false},"excerpt":{"rendered":"<p>Abteilung Deutschland, Keramik 1860 \u2013 1960, Inventarnummer D\/LXXXII\/9 Westerw\u00e4lder Steinzeug ohne Fabrikzuordnung, Deutschland, Westerwald, um 1900, Krug, K\u00fcnstler unbekannt, Werks.-Nr. 367, Exemplar Nr. ohne, gemarkt keine Fabrikmarke aber 0,5 \u00fcber Eichstrich, 367 geritzt, 367 mit gegossen oder aufgelegt, ?R schwarz &hellip; <a href=\"http:\/\/museumek.eu\/?page_id=27617\">Weiterlesen <span class=\"meta-nav\">&rarr;<\/span><\/a><\/p>\n","protected":false},"author":1,"featured_media":0,"parent":22443,"menu_order":9,"comment_status":"closed","ping_status":"open","template":"","meta":[],"_links":{"self":[{"href":"http:\/\/museumek.eu\/index.php?rest_route=\/wp\/v2\/pages\/27617"}],"collection":[{"href":"http:\/\/museumek.eu\/index.php?rest_route=\/wp\/v2\/pages"}],"about":[{"href":"http:\/\/museumek.eu\/index.php?rest_route=\/wp\/v2\/types\/page"}],"author":[{"embeddable":true,"href":"http:\/\/museumek.eu\/index.php?rest_route=\/wp\/v2\/users\/1"}],"replies":[{"embeddable":true,"href":"http:\/\/museumek.eu\/index.php?rest_route=%2Fwp%2Fv2%2Fcomments&post=27617"}],"version-history":[{"count":7,"href":"http:\/\/museumek.eu\/index.php?rest_route=\/wp\/v2\/pages\/27617\/revisions"}],"predecessor-version":[{"id":27631,"href":"http:\/\/museumek.eu\/index.php?rest_route=\/wp\/v2\/pages\/27617\/revisions\/27631"}],"up":[{"embeddable":true,"href":"http:\/\/museumek.eu\/index.php?rest_route=\/wp\/v2\/pages\/22443"}],"wp:attachment":[{"href":"http:\/\/museumek.eu\/index.php?rest_route=%2Fwp%2Fv2%2Fmedia&parent=27617"}],"curies":[{"name":"wp","href":"https:\/\/api.w.org\/{rel}","templated":true}]}}