{"id":28104,"date":"2014-03-16T13:22:02","date_gmt":"2014-03-16T12:22:02","guid":{"rendered":"http:\/\/museumek.eu\/?page_id=28104"},"modified":"2014-03-16T13:22:02","modified_gmt":"2014-03-16T12:22:02","slug":"dviii33","status":"publish","type":"page","link":"http:\/\/museumek.eu\/?page_id=28104","title":{"rendered":"D\/VIII\/33"},"content":{"rendered":"<p><strong>Abteilung Deutschland, Keramik 1860 \u2013 1960, Inventarnummer D\/VIII\/33<\/strong><\/p>\n<p>Manufaktur Villeroy &#038; Boch Werk Schramberg, Deutschland, Schramberg, vor\/um 1900, Vase mit Dekor Rembrandt, K\u00fcnstler Johannes Bartel, Werks.-Nr. 17?8 (evtl. 1783 oder 1788), Exemplar Nr. ohne, gemarkt keine Firmenmarke aber 17?8 gepresst, JB (f\u00fcr Johannes Bartel) sowie 10 schwarz gemalt sowie JB schwarz unter Glasur gemalt, signiert JB, Villeroy Boch war nur zeitweise Eigent\u00fcmer der Fabrik, die Fabrik wurde 1820 von Isidor Faist gegr\u00fcndet und firmierte bis 1829 als Faist\u2019sche Steingutfabrik, 1829 kam als Partner Baron Ferdinand von Uechtritz hinzu und die Firmierung \u00e4nderte sich in Steingut- und Majolikafabrik Uechtritz &#038; Faist, Firmierung so bis 1883, dem Jahr, an dem die Fabrik an Villeroy &#038; Boch verkauft wurde, Firmierung ab da Villeroy &#038; Boch Niederlassung Schramberg als Zweigwerk der Mettlacher Fabrik von Villeroy &#038; Boch, 1912 wurde die Fabrik an die Br\u00fcder Moritz und Leopold Meyer verkauft und ab dieser Zeit wurde die Marke in SMF in einem Rahmen ge\u00e4ndert, gleichfalls \u00e4nderte sich die Firmierung in Schramberger Majolikafabrik Gebr. Meyer und ab 1918 in Schramberger Majolikafabrik GmbH, ma\u00dfgebende Entwerferin Ende der 1920\u2018 Jahre Eva Zeisel, 1938 wurde die Fabrik arisiert und 1949 erhielt Moritz Meyer die Fabrik wieder zur\u00fcck, ab 1970 leitete der Sohn von Moritz Meyer, Peter Meyer die Fabrik, 1989 wurde die Fabrik geschlossen, Johannes Bartel, war als Obermaler f\u00fcr Villeroy &#038; Boch Werk Schramberg t\u00e4tig, Ende 1900 entwarf er das Schwarzwalddekor Rembrandt, nach dem Verkauf an die Br\u00fcder Meyer, war er weiterhin f\u00fcr die Fabrik t\u00e4tig, das Dekor Rembrandt wurde in vielf\u00e4ltigen Varianten viele Jahre lang produziert, wobei davon auszugehen ist, dass nur die mit JB signierten Keramiken auch von Bartels selbst gemalt worden sind und nur die mit vierstelligen gepressten Werksnummern in die Produktionszeit von Villeroy &#038; Boch Werk Schramberg fallen, H\u00f6he 10,7 cm, Breite 9,7 cm<\/p>\n<p><a href=\"http:\/\/museumek.eu\/?attachment_id=28105\" rel=\"attachment wp-att-28105\"><img loading=\"lazy\" src=\"http:\/\/museumek.eu\/wp-content\/uploads\/2014\/03\/195-252x300.jpg\" alt=\"\" title=\"195\" width=\"252\" height=\"300\" class=\"alignnone size-medium wp-image-28105\" srcset=\"http:\/\/museumek.eu\/wp-content\/uploads\/2014\/03\/195-252x300.jpg 252w, http:\/\/museumek.eu\/wp-content\/uploads\/2014\/03\/195-126x150.jpg 126w, http:\/\/museumek.eu\/wp-content\/uploads\/2014\/03\/195.jpg 468w\" sizes=\"(max-width: 252px) 100vw, 252px\" \/><\/a><\/p>\n<p><a href=\"http:\/\/museumek.eu\/?attachment_id=28106\" rel=\"attachment wp-att-28106\"><img loading=\"lazy\" src=\"http:\/\/museumek.eu\/wp-content\/uploads\/2014\/03\/196-220x300.jpg\" alt=\"\" title=\"196\" width=\"220\" height=\"300\" class=\"alignnone size-medium wp-image-28106\" srcset=\"http:\/\/museumek.eu\/wp-content\/uploads\/2014\/03\/196-220x300.jpg 220w, http:\/\/museumek.eu\/wp-content\/uploads\/2014\/03\/196-110x150.jpg 110w, http:\/\/museumek.eu\/wp-content\/uploads\/2014\/03\/196.jpg 401w\" sizes=\"(max-width: 220px) 100vw, 220px\" \/><\/a><\/p>\n<p><a href=\"http:\/\/museumek.eu\/?attachment_id=28107\" rel=\"attachment wp-att-28107\"><img loading=\"lazy\" src=\"http:\/\/museumek.eu\/wp-content\/uploads\/2014\/03\/197-238x300.jpg\" alt=\"\" title=\"197\" width=\"238\" height=\"300\" class=\"alignnone size-medium wp-image-28107\" srcset=\"http:\/\/museumek.eu\/wp-content\/uploads\/2014\/03\/197-238x300.jpg 238w, http:\/\/museumek.eu\/wp-content\/uploads\/2014\/03\/197-119x150.jpg 119w, http:\/\/museumek.eu\/wp-content\/uploads\/2014\/03\/197.jpg 413w\" sizes=\"(max-width: 238px) 100vw, 238px\" \/><\/a><\/p>\n<p><a href=\"http:\/\/museumek.eu\/?attachment_id=28108\" rel=\"attachment wp-att-28108\"><img loading=\"lazy\" src=\"http:\/\/museumek.eu\/wp-content\/uploads\/2014\/03\/198-229x300.jpg\" alt=\"\" title=\"198\" width=\"229\" height=\"300\" class=\"alignnone size-medium wp-image-28108\" srcset=\"http:\/\/museumek.eu\/wp-content\/uploads\/2014\/03\/198-229x300.jpg 229w, http:\/\/museumek.eu\/wp-content\/uploads\/2014\/03\/198-114x150.jpg 114w, http:\/\/museumek.eu\/wp-content\/uploads\/2014\/03\/198.jpg 376w\" sizes=\"(max-width: 229px) 100vw, 229px\" \/><\/a><\/p>\n<p><a href=\"http:\/\/museumek.eu\/?attachment_id=28109\" rel=\"attachment wp-att-28109\"><img loading=\"lazy\" src=\"http:\/\/museumek.eu\/wp-content\/uploads\/2014\/03\/199.jpg\" alt=\"\" title=\"199\" width=\"184\" height=\"167\" class=\"alignnone size-full wp-image-28109\" srcset=\"http:\/\/museumek.eu\/wp-content\/uploads\/2014\/03\/199.jpg 184w, http:\/\/museumek.eu\/wp-content\/uploads\/2014\/03\/199-150x136.jpg 150w\" sizes=\"(max-width: 184px) 100vw, 184px\" \/><\/a><\/p>\n<p><a href=\"http:\/\/museumek.eu\/?attachment_id=28110\" rel=\"attachment wp-att-28110\"><img loading=\"lazy\" src=\"http:\/\/museumek.eu\/wp-content\/uploads\/2014\/03\/200-300x256.jpg\" alt=\"\" title=\"200\" width=\"300\" height=\"256\" class=\"alignnone size-medium wp-image-28110\" srcset=\"http:\/\/museumek.eu\/wp-content\/uploads\/2014\/03\/200-300x256.jpg 300w, http:\/\/museumek.eu\/wp-content\/uploads\/2014\/03\/200-150x128.jpg 150w, http:\/\/museumek.eu\/wp-content\/uploads\/2014\/03\/200-350x300.jpg 350w, http:\/\/museumek.eu\/wp-content\/uploads\/2014\/03\/200.jpg 701w\" sizes=\"(max-width: 300px) 100vw, 300px\" \/><\/a><\/p>\n<p><a href=\"http:\/\/museumek.eu\/?attachment_id=28111\" rel=\"attachment wp-att-28111\"><img loading=\"lazy\" src=\"http:\/\/museumek.eu\/wp-content\/uploads\/2014\/03\/201-280x300.jpg\" alt=\"\" title=\"201\" width=\"280\" height=\"300\" class=\"alignnone size-medium wp-image-28111\" srcset=\"http:\/\/museumek.eu\/wp-content\/uploads\/2014\/03\/201-280x300.jpg 280w, http:\/\/museumek.eu\/wp-content\/uploads\/2014\/03\/201-140x150.jpg 140w, http:\/\/museumek.eu\/wp-content\/uploads\/2014\/03\/201.jpg 600w\" sizes=\"(max-width: 280px) 100vw, 280px\" \/><\/a><\/p>\n","protected":false},"excerpt":{"rendered":"<p>Abteilung Deutschland, Keramik 1860 \u2013 1960, Inventarnummer D\/VIII\/33 Manufaktur Villeroy &#038; Boch Werk Schramberg, Deutschland, Schramberg, vor\/um 1900, Vase mit Dekor Rembrandt, K\u00fcnstler Johannes Bartel, Werks.-Nr. 17?8 (evtl. 1783 oder 1788), Exemplar Nr. ohne, gemarkt keine Firmenmarke aber 17?8 gepresst, &hellip; <a href=\"http:\/\/museumek.eu\/?page_id=28104\">Weiterlesen <span class=\"meta-nav\">&rarr;<\/span><\/a><\/p>\n","protected":false},"author":1,"featured_media":0,"parent":20352,"menu_order":33,"comment_status":"closed","ping_status":"open","template":"","meta":[],"_links":{"self":[{"href":"http:\/\/museumek.eu\/index.php?rest_route=\/wp\/v2\/pages\/28104"}],"collection":[{"href":"http:\/\/museumek.eu\/index.php?rest_route=\/wp\/v2\/pages"}],"about":[{"href":"http:\/\/museumek.eu\/index.php?rest_route=\/wp\/v2\/types\/page"}],"author":[{"embeddable":true,"href":"http:\/\/museumek.eu\/index.php?rest_route=\/wp\/v2\/users\/1"}],"replies":[{"embeddable":true,"href":"http:\/\/museumek.eu\/index.php?rest_route=%2Fwp%2Fv2%2Fcomments&post=28104"}],"version-history":[{"count":4,"href":"http:\/\/museumek.eu\/index.php?rest_route=\/wp\/v2\/pages\/28104\/revisions"}],"predecessor-version":[{"id":28115,"href":"http:\/\/museumek.eu\/index.php?rest_route=\/wp\/v2\/pages\/28104\/revisions\/28115"}],"up":[{"embeddable":true,"href":"http:\/\/museumek.eu\/index.php?rest_route=\/wp\/v2\/pages\/20352"}],"wp:attachment":[{"href":"http:\/\/museumek.eu\/index.php?rest_route=%2Fwp%2Fv2%2Fmedia&parent=28104"}],"curies":[{"name":"wp","href":"https:\/\/api.w.org\/{rel}","templated":true}]}}