{"id":28647,"date":"2014-04-10T22:34:35","date_gmt":"2014-04-10T20:34:35","guid":{"rendered":"http:\/\/museumek.eu\/?page_id=28647"},"modified":"2014-04-10T23:01:12","modified_gmt":"2014-04-10T21:01:12","slug":"fiii3","status":"publish","type":"page","link":"http:\/\/museumek.eu\/?page_id=28647","title":{"rendered":"F\/III\/3"},"content":{"rendered":"<p><strong>Abteilung Frankreich, Keramik 1860 \u2013 1960, Inventarnummer F\/III\/3<\/strong><\/p>\n<p>Manufaktur Edmond Lachenal, Frankreich, Chatillon-sous-Bagneux, 1906, Wandteller, K\u00fcnstler Edmond Lachenal, Werks.-Nr. ohne, Exemplar Nr. ohne, gemarkt Firmenmarke mit E. Lachenal sowie 1906 blaue Pinselsignatur in der Malerei, unter dem Schriftzug evtl. noch ein nicht lesbarer Pressstempel, r\u00fcckseitig Papieraufkleber einer Kunsthandlung, signiert E. Lachenal, siehe auch Auktionshaus Quittenbaum, Auktion 95 \u2013 Teil 1, vom 03.05.2011, Lot 369, identischer, r\u00fcckseitig besch\u00e4digter Wandteller, Lachenal beginnt bereits im Alter von 12 Jahren eine T\u00f6pferlehre. Als 15-j\u00e4hriger tritt er ins Atelier von Theodore Deck ein. 1880 gr\u00fcndet er eine eigene Werkstatt in Malakoff bei Paris. Im Jahre 1887 wechselt er mit seiner Manufaktur nach Chatillon-sous-Bagneux. Lachenal experimentiert sehr viel und erfand u. a. das Dekor \u00c9mail-mat-velout\u00e9. In Jahre 1893 nimmt er das Waisenkind Emile D\u00e9coeur in seiner Werkstatt auf. Dieser entwickelte sich zu einem der bedeutensten Keramiker seiner Zeit. Seit 1901 ist Lachenals Sohn Raoul Pierre in der Werkstatt des Vaters t\u00e4tig. Raoul \u00fcbernimmt die Lachenal Werkstatt 1914, Ausf\u00fchrung als Fayence, runder Teller, leicht gemuldet, wei\u00df engobiert, farbige Handmalerei, r\u00fcckseitig mit zwei L\u00f6chern zur Wandhalterung, Durchmesser 37 cm<\/p>\n<p><a href=\"http:\/\/museumek.eu\/?attachment_id=28648\" rel=\"attachment wp-att-28648\"><img loading=\"lazy\" src=\"http:\/\/museumek.eu\/wp-content\/uploads\/2014\/04\/302-300x274.jpg\" alt=\"\" title=\"302\" width=\"300\" height=\"274\" class=\"alignnone size-medium wp-image-28648\" srcset=\"http:\/\/museumek.eu\/wp-content\/uploads\/2014\/04\/302-300x274.jpg 300w, http:\/\/museumek.eu\/wp-content\/uploads\/2014\/04\/302-150x137.jpg 150w, http:\/\/museumek.eu\/wp-content\/uploads\/2014\/04\/302-327x300.jpg 327w, http:\/\/museumek.eu\/wp-content\/uploads\/2014\/04\/302.jpg 655w\" sizes=\"(max-width: 300px) 100vw, 300px\" \/><\/a><\/p>\n<p><a href=\"http:\/\/museumek.eu\/?attachment_id=28649\" rel=\"attachment wp-att-28649\"><img loading=\"lazy\" src=\"http:\/\/museumek.eu\/wp-content\/uploads\/2014\/04\/303-300x225.jpg\" alt=\"\" title=\"303\" width=\"300\" height=\"225\" class=\"alignnone size-medium wp-image-28649\" srcset=\"http:\/\/museumek.eu\/wp-content\/uploads\/2014\/04\/303-300x225.jpg 300w, http:\/\/museumek.eu\/wp-content\/uploads\/2014\/04\/303-150x112.jpg 150w, http:\/\/museumek.eu\/wp-content\/uploads\/2014\/04\/303-400x300.jpg 400w, http:\/\/museumek.eu\/wp-content\/uploads\/2014\/04\/303.jpg 800w\" sizes=\"(max-width: 300px) 100vw, 300px\" \/><\/a><\/p>\n<p><a href=\"http:\/\/museumek.eu\/?attachment_id=28658\" rel=\"attachment wp-att-28658\"><img loading=\"lazy\" src=\"http:\/\/museumek.eu\/wp-content\/uploads\/2014\/04\/304-300x178.jpg\" alt=\"\" title=\"304\" width=\"300\" height=\"178\" class=\"alignnone size-medium wp-image-28658\" srcset=\"http:\/\/museumek.eu\/wp-content\/uploads\/2014\/04\/304-300x178.jpg 300w, http:\/\/museumek.eu\/wp-content\/uploads\/2014\/04\/304-150x89.jpg 150w, http:\/\/museumek.eu\/wp-content\/uploads\/2014\/04\/304-500x297.jpg 500w, http:\/\/museumek.eu\/wp-content\/uploads\/2014\/04\/304.jpg 800w\" sizes=\"(max-width: 300px) 100vw, 300px\" \/><\/a><\/p>\n<p><a href=\"http:\/\/museumek.eu\/?attachment_id=28650\" rel=\"attachment wp-att-28650\"><img loading=\"lazy\" src=\"http:\/\/museumek.eu\/wp-content\/uploads\/2014\/04\/305-300x282.jpg\" alt=\"\" title=\"305\" width=\"300\" height=\"282\" class=\"alignnone size-medium wp-image-28650\" srcset=\"http:\/\/museumek.eu\/wp-content\/uploads\/2014\/04\/305-300x282.jpg 300w, http:\/\/museumek.eu\/wp-content\/uploads\/2014\/04\/305-150x141.jpg 150w, http:\/\/museumek.eu\/wp-content\/uploads\/2014\/04\/305-318x300.jpg 318w, http:\/\/museumek.eu\/wp-content\/uploads\/2014\/04\/305.jpg 614w\" sizes=\"(max-width: 300px) 100vw, 300px\" \/><\/a><\/p>\n<p><a href=\"http:\/\/museumek.eu\/?attachment_id=28651\" rel=\"attachment wp-att-28651\"><img loading=\"lazy\" src=\"http:\/\/museumek.eu\/wp-content\/uploads\/2014\/04\/306-300x247.jpg\" alt=\"\" title=\"306\" width=\"300\" height=\"247\" class=\"alignnone size-medium wp-image-28651\" srcset=\"http:\/\/museumek.eu\/wp-content\/uploads\/2014\/04\/306-300x247.jpg 300w, http:\/\/museumek.eu\/wp-content\/uploads\/2014\/04\/306-150x123.jpg 150w, http:\/\/museumek.eu\/wp-content\/uploads\/2014\/04\/306-363x300.jpg 363w, http:\/\/museumek.eu\/wp-content\/uploads\/2014\/04\/306.jpg 498w\" sizes=\"(max-width: 300px) 100vw, 300px\" \/><\/a><\/p>\n","protected":false},"excerpt":{"rendered":"<p>Abteilung Frankreich, Keramik 1860 \u2013 1960, Inventarnummer F\/III\/3 Manufaktur Edmond Lachenal, Frankreich, Chatillon-sous-Bagneux, 1906, Wandteller, K\u00fcnstler Edmond Lachenal, Werks.-Nr. ohne, Exemplar Nr. ohne, gemarkt Firmenmarke mit E. Lachenal sowie 1906 blaue Pinselsignatur in der Malerei, unter dem Schriftzug evtl. noch &hellip; <a href=\"http:\/\/museumek.eu\/?page_id=28647\">Weiterlesen <span class=\"meta-nav\">&rarr;<\/span><\/a><\/p>\n","protected":false},"author":1,"featured_media":0,"parent":2281,"menu_order":3,"comment_status":"closed","ping_status":"open","template":"","meta":[],"_links":{"self":[{"href":"http:\/\/museumek.eu\/index.php?rest_route=\/wp\/v2\/pages\/28647"}],"collection":[{"href":"http:\/\/museumek.eu\/index.php?rest_route=\/wp\/v2\/pages"}],"about":[{"href":"http:\/\/museumek.eu\/index.php?rest_route=\/wp\/v2\/types\/page"}],"author":[{"embeddable":true,"href":"http:\/\/museumek.eu\/index.php?rest_route=\/wp\/v2\/users\/1"}],"replies":[{"embeddable":true,"href":"http:\/\/museumek.eu\/index.php?rest_route=%2Fwp%2Fv2%2Fcomments&post=28647"}],"version-history":[{"count":10,"href":"http:\/\/museumek.eu\/index.php?rest_route=\/wp\/v2\/pages\/28647\/revisions"}],"predecessor-version":[{"id":28678,"href":"http:\/\/museumek.eu\/index.php?rest_route=\/wp\/v2\/pages\/28647\/revisions\/28678"}],"up":[{"embeddable":true,"href":"http:\/\/museumek.eu\/index.php?rest_route=\/wp\/v2\/pages\/2281"}],"wp:attachment":[{"href":"http:\/\/museumek.eu\/index.php?rest_route=%2Fwp%2Fv2%2Fmedia&parent=28647"}],"curies":[{"name":"wp","href":"https:\/\/api.w.org\/{rel}","templated":true}]}}