{"id":2882,"date":"2011-08-25T22:50:05","date_gmt":"2011-08-25T20:50:05","guid":{"rendered":"http:\/\/museumek.eu\/?page_id=2882"},"modified":"2015-03-14T22:57:54","modified_gmt":"2015-03-14T21:57:54","slug":"oz11","status":"publish","type":"page","link":"http:\/\/museumek.eu\/?page_id=2882","title":{"rendered":"OZ\/10"},"content":{"rendered":"<p><strong>Abteilung Ohne Zuordnung, Keramik 1860 \u2013 1960, Inventarnummer OZ\/10<\/strong><\/p>\n<p>Unbekannter Hersteller, evtl. Westerw\u00e4lder Steinzeugindustrie oder Heinrich Baensch Porzellan \u2013 Manufactur Lettin, Seidel, 1880 \u2013 1839, Auftraggeber und Veredler Otto Buhlmann Hoflieferant, Kristall,- Glas,- Porzellan- und Steinguthandel, Deutschland, Leipzig, gemarkt keine Firmenmarke aber 0,4 L \u00fcber Eichstrich, dazu OTTO BUHLMANN, darunter LEIPZIG, darunter Ges gesch, darunter 1180, darunter N alles gepresst, nicht mehr lesbare schwarze Beschriftung, Zinndeckel gewidmet dem studentischen Verein f\u00fcr geschichtliche Hilfswissenschaften Roter L\u00f6we, gegr\u00fcndet 1875 in Zwickau als Heraldischer Verein zur Pflege der Wappenkunde, Sitz am 01.06.1880 nach Leipzig verlegt, Zinnmarkungen an der Montur O.B.L. (B schwer lesbar, schlecht gestempelt, sieht wie ein H aus) f\u00fcr Otto Buhlmann Leipzig, dazu 90 %, im Zinndeckel Rundstempel mit OTTO BUHLMANN LEIPZIG, Zinndeckel datiert mit 01\/06. 1880 (muss aber nicht dem Herstellungsjahr des Seidels entsprechen, weil vielleicht ein Gr\u00fcndungsdatum als Erinnerungsdatum verwendet wurde),<br \/>\nH\u00f6he 16,2 cm, Breite 13 cm (nur die Keramik)<\/p>\n<p><a href=\"http:\/\/museumek.eu\/?attachment_id=37573\" rel=\"attachment wp-att-37573\"><img loading=\"lazy\" src=\"http:\/\/museumek.eu\/wp-content\/uploads\/2011\/09\/2346-147x300.jpg\" alt=\"\" title=\"2346\" width=\"147\" height=\"300\" class=\"alignnone size-medium wp-image-37573\" srcset=\"http:\/\/museumek.eu\/wp-content\/uploads\/2011\/09\/2346-147x300.jpg 147w, http:\/\/museumek.eu\/wp-content\/uploads\/2011\/09\/2346-73x150.jpg 73w, http:\/\/museumek.eu\/wp-content\/uploads\/2011\/09\/2346.jpg 393w\" sizes=\"(max-width: 147px) 100vw, 147px\" \/><\/a><\/p>\n<p><a href=\"http:\/\/museumek.eu\/?attachment_id=37574\" rel=\"attachment wp-att-37574\"><img loading=\"lazy\" src=\"http:\/\/museumek.eu\/wp-content\/uploads\/2011\/09\/2347-190x300.jpg\" alt=\"\" title=\"2347\" width=\"190\" height=\"300\" class=\"alignnone size-medium wp-image-37574\" srcset=\"http:\/\/museumek.eu\/wp-content\/uploads\/2011\/09\/2347-190x300.jpg 190w, http:\/\/museumek.eu\/wp-content\/uploads\/2011\/09\/2347-95x150.jpg 95w, http:\/\/museumek.eu\/wp-content\/uploads\/2011\/09\/2347.jpg 507w\" sizes=\"(max-width: 190px) 100vw, 190px\" \/><\/a><\/p>\n<p><a href=\"http:\/\/museumek.eu\/?attachment_id=37575\" rel=\"attachment wp-att-37575\"><img loading=\"lazy\" src=\"http:\/\/museumek.eu\/wp-content\/uploads\/2011\/09\/2348-188x300.jpg\" alt=\"\" title=\"2348\" width=\"188\" height=\"300\" class=\"alignnone size-medium wp-image-37575\" srcset=\"http:\/\/museumek.eu\/wp-content\/uploads\/2011\/09\/2348-188x300.jpg 188w, http:\/\/museumek.eu\/wp-content\/uploads\/2011\/09\/2348-94x150.jpg 94w, http:\/\/museumek.eu\/wp-content\/uploads\/2011\/09\/2348.jpg 502w\" sizes=\"(max-width: 188px) 100vw, 188px\" \/><\/a><\/p>\n<p><a href=\"http:\/\/museumek.eu\/?attachment_id=37576\" rel=\"attachment wp-att-37576\"><img loading=\"lazy\" src=\"http:\/\/museumek.eu\/wp-content\/uploads\/2011\/09\/2349-138x300.jpg\" alt=\"\" title=\"2349\" width=\"138\" height=\"300\" class=\"alignnone size-medium wp-image-37576\" srcset=\"http:\/\/museumek.eu\/wp-content\/uploads\/2011\/09\/2349-138x300.jpg 138w, http:\/\/museumek.eu\/wp-content\/uploads\/2011\/09\/2349-69x150.jpg 69w\" sizes=\"(max-width: 138px) 100vw, 138px\" \/><\/a><\/p>\n<p><a href=\"http:\/\/museumek.eu\/?attachment_id=37591\" rel=\"attachment wp-att-37591\"><img loading=\"lazy\" src=\"http:\/\/museumek.eu\/wp-content\/uploads\/2011\/09\/2363-244x300.jpg\" alt=\"\" title=\"2363\" width=\"244\" height=\"300\" class=\"alignnone size-medium wp-image-37591\" srcset=\"http:\/\/museumek.eu\/wp-content\/uploads\/2011\/09\/2363-244x300.jpg 244w, http:\/\/museumek.eu\/wp-content\/uploads\/2011\/09\/2363-122x150.jpg 122w, http:\/\/museumek.eu\/wp-content\/uploads\/2011\/09\/2363.jpg 600w\" sizes=\"(max-width: 244px) 100vw, 244px\" \/><\/a><\/p>\n<p><a href=\"http:\/\/museumek.eu\/?attachment_id=37579\" rel=\"attachment wp-att-37579\"><img loading=\"lazy\" src=\"http:\/\/museumek.eu\/wp-content\/uploads\/2011\/09\/2350-172x300.jpg\" alt=\"\" title=\"2350\" width=\"172\" height=\"300\" class=\"alignnone size-medium wp-image-37579\" srcset=\"http:\/\/museumek.eu\/wp-content\/uploads\/2011\/09\/2350-172x300.jpg 172w, http:\/\/museumek.eu\/wp-content\/uploads\/2011\/09\/2350-86x150.jpg 86w\" sizes=\"(max-width: 172px) 100vw, 172px\" \/><\/a><\/p>\n<p><a href=\"http:\/\/museumek.eu\/?attachment_id=37583\" rel=\"attachment wp-att-37583\"><img loading=\"lazy\" src=\"http:\/\/museumek.eu\/wp-content\/uploads\/2011\/09\/23511-166x300.jpg\" alt=\"\" title=\"2351\" width=\"166\" height=\"300\" class=\"alignnone size-medium wp-image-37583\" srcset=\"http:\/\/museumek.eu\/wp-content\/uploads\/2011\/09\/23511-166x300.jpg 166w, http:\/\/museumek.eu\/wp-content\/uploads\/2011\/09\/23511-83x150.jpg 83w\" sizes=\"(max-width: 166px) 100vw, 166px\" \/><\/a><\/p>\n<p><a href=\"http:\/\/museumek.eu\/?attachment_id=37584\" rel=\"attachment wp-att-37584\"><img loading=\"lazy\" src=\"http:\/\/museumek.eu\/wp-content\/uploads\/2011\/09\/2352-300x251.jpg\" alt=\"\" title=\"2352\" width=\"300\" height=\"251\" class=\"alignnone size-medium wp-image-37584\" srcset=\"http:\/\/museumek.eu\/wp-content\/uploads\/2011\/09\/2352-300x251.jpg 300w, http:\/\/museumek.eu\/wp-content\/uploads\/2011\/09\/2352-150x125.jpg 150w, http:\/\/museumek.eu\/wp-content\/uploads\/2011\/09\/2352-358x300.jpg 358w, http:\/\/museumek.eu\/wp-content\/uploads\/2011\/09\/2352.jpg 450w\" sizes=\"(max-width: 300px) 100vw, 300px\" \/><\/a><\/p>\n<p><a href=\"http:\/\/museumek.eu\/?attachment_id=37585\" rel=\"attachment wp-att-37585\"><img loading=\"lazy\" src=\"http:\/\/museumek.eu\/wp-content\/uploads\/2011\/09\/2354-300x295.jpg\" alt=\"\" title=\"2354\" width=\"300\" height=\"295\" class=\"alignnone size-medium wp-image-37585\" srcset=\"http:\/\/museumek.eu\/wp-content\/uploads\/2011\/09\/2354-300x295.jpg 300w, http:\/\/museumek.eu\/wp-content\/uploads\/2011\/09\/2354-150x147.jpg 150w, http:\/\/museumek.eu\/wp-content\/uploads\/2011\/09\/2354-305x300.jpg 305w, http:\/\/museumek.eu\/wp-content\/uploads\/2011\/09\/2354.jpg 610w\" sizes=\"(max-width: 300px) 100vw, 300px\" \/><\/a><\/p>\n<p><a href=\"http:\/\/museumek.eu\/?attachment_id=37588\" rel=\"attachment wp-att-37588\"><img loading=\"lazy\" src=\"http:\/\/museumek.eu\/wp-content\/uploads\/2011\/09\/2358-300x129.jpg\" alt=\"\" title=\"2358\" width=\"300\" height=\"129\" class=\"alignnone size-medium wp-image-37588\" srcset=\"http:\/\/museumek.eu\/wp-content\/uploads\/2011\/09\/2358-300x129.jpg 300w, http:\/\/museumek.eu\/wp-content\/uploads\/2011\/09\/2358-150x64.jpg 150w, http:\/\/museumek.eu\/wp-content\/uploads\/2011\/09\/2358.jpg 311w\" sizes=\"(max-width: 300px) 100vw, 300px\" \/><\/a><\/p>\n<p><a href=\"http:\/\/museumek.eu\/?attachment_id=37589\" rel=\"attachment wp-att-37589\"><img loading=\"lazy\" src=\"http:\/\/museumek.eu\/wp-content\/uploads\/2011\/09\/2361.jpg\" alt=\"\" title=\"2361\" width=\"211\" height=\"124\" class=\"alignnone size-full wp-image-37589\" srcset=\"http:\/\/museumek.eu\/wp-content\/uploads\/2011\/09\/2361.jpg 211w, http:\/\/museumek.eu\/wp-content\/uploads\/2011\/09\/2361-150x88.jpg 150w\" sizes=\"(max-width: 211px) 100vw, 211px\" \/><\/a><\/p>\n<p><a href=\"http:\/\/museumek.eu\/?attachment_id=37590\" rel=\"attachment wp-att-37590\"><img loading=\"lazy\" src=\"http:\/\/museumek.eu\/wp-content\/uploads\/2011\/09\/2362-300x293.jpg\" alt=\"\" title=\"2362\" width=\"300\" height=\"293\" class=\"alignnone size-medium wp-image-37590\" srcset=\"http:\/\/museumek.eu\/wp-content\/uploads\/2011\/09\/2362-300x293.jpg 300w, http:\/\/museumek.eu\/wp-content\/uploads\/2011\/09\/2362-150x146.jpg 150w, http:\/\/museumek.eu\/wp-content\/uploads\/2011\/09\/2362-306x300.jpg 306w, http:\/\/museumek.eu\/wp-content\/uploads\/2011\/09\/2362.jpg 332w\" sizes=\"(max-width: 300px) 100vw, 300px\" \/><\/a><\/p>\n","protected":false},"excerpt":{"rendered":"<p>Abteilung Ohne Zuordnung, Keramik 1860 \u2013 1960, Inventarnummer OZ\/10 Unbekannter Hersteller, evtl. Westerw\u00e4lder Steinzeugindustrie oder Heinrich Baensch Porzellan \u2013 Manufactur Lettin, Seidel, 1880 \u2013 1839, Auftraggeber und Veredler Otto Buhlmann Hoflieferant, Kristall,- Glas,- Porzellan- und Steinguthandel, Deutschland, Leipzig, gemarkt keine &hellip; <a href=\"http:\/\/museumek.eu\/?page_id=2882\">Weiterlesen <span class=\"meta-nav\">&rarr;<\/span><\/a><\/p>\n","protected":false},"author":1,"featured_media":0,"parent":2630,"menu_order":10,"comment_status":"closed","ping_status":"closed","template":"","meta":[],"_links":{"self":[{"href":"http:\/\/museumek.eu\/index.php?rest_route=\/wp\/v2\/pages\/2882"}],"collection":[{"href":"http:\/\/museumek.eu\/index.php?rest_route=\/wp\/v2\/pages"}],"about":[{"href":"http:\/\/museumek.eu\/index.php?rest_route=\/wp\/v2\/types\/page"}],"author":[{"embeddable":true,"href":"http:\/\/museumek.eu\/index.php?rest_route=\/wp\/v2\/users\/1"}],"replies":[{"embeddable":true,"href":"http:\/\/museumek.eu\/index.php?rest_route=%2Fwp%2Fv2%2Fcomments&post=2882"}],"version-history":[{"count":7,"href":"http:\/\/museumek.eu\/index.php?rest_route=\/wp\/v2\/pages\/2882\/revisions"}],"predecessor-version":[{"id":37595,"href":"http:\/\/museumek.eu\/index.php?rest_route=\/wp\/v2\/pages\/2882\/revisions\/37595"}],"up":[{"embeddable":true,"href":"http:\/\/museumek.eu\/index.php?rest_route=\/wp\/v2\/pages\/2630"}],"wp:attachment":[{"href":"http:\/\/museumek.eu\/index.php?rest_route=%2Fwp%2Fv2%2Fmedia&parent=2882"}],"curies":[{"name":"wp","href":"https:\/\/api.w.org\/{rel}","templated":true}]}}