{"id":29013,"date":"2014-04-15T22:58:00","date_gmt":"2014-04-15T20:58:00","guid":{"rendered":"http:\/\/museumek.eu\/?page_id=29013"},"modified":"2014-04-15T22:58:00","modified_gmt":"2014-04-15T20:58:00","slug":"dliii8","status":"publish","type":"page","link":"http:\/\/museumek.eu\/?page_id=29013","title":{"rendered":"D\/LIII\/8"},"content":{"rendered":"<p><strong>Abteilung Deutschland, Keramik 1860 \u2013 1960, Inventarnummer D\/LIII\/8<\/strong><\/p>\n<p>Steingut- und Steinzeugfabrik, Kunstt\u00f6pferei, Zinngie\u00dferei Merkelbach &#038; Wick und Nachfolger Steingutfabrik Wick Werke AG, Vereinigte Fabriken Merkelbach &#038; Wick und Merkelbach, Stadelmann &#038; Co., Deutschland, Grenzhausen, um 1910, Bowle, K\u00fcnstler unbekannt, Werks.-Nr. 1630, Exemplar Nr. ohne, gemarkt Firmenmarke Rundstempel mit M &#038; W sowie Gr. (f\u00fcr Merkelbach, Wick, Grenzhausen), 1630 sowie L gepresst, nicht signiert, Literatur: Gisela Reineking von Bock, Meister der deutschen Keramik, Seite 329, Marke Nr. 214 identisch, weitere Literatur: J\u00fcrgen Schimanski und J\u00fcrgen Erlebach, Westerw\u00e4lder Steinzeug, Die Neue \u00c4ra, Seite 109, Fabrikbeschreibung sowie Marke Nr. 36 identisch, weitere Literatur: J\u00fcrgen Schimanski, Braun geflammt und grau gesalzen, Seite 215, Beschreibung der Fabrik, Seite 216, Marke Nr. 36 identisch sowie Seite 216\/217, Abbildung 556 identische Bowle mit anderem Motiv und Abbildungen 556 a bis 556 d weitere Motive abgebildet, weitere Literatur: Beate Dry-von Zezschwitz, Westerw\u00e4lder Steinzug des Jugendstils I, Reinhold Merkelbach, Spezialpreisliste 1905, Seite 10 ff., Fabrikbeschreibung, der 1840 geborene Friedrich Wilhelm Merkelbach (gest. 1896) betrieb eine Kannenb\u00e4ckerei oder bereits eine keramische Fabrik, die unter dem Namen F. W. Merkelbach II. firmierte, 1872 (oder 1874) nimmt Friedrich Wilhelm Merkelbach den Bildhauer (Johann) Georg Peter Wick (geb. 1837, gest. 1914) in die Firma auf, die Firmierung \u00e4ndert sich in Steingut- und Steinzeugfabrik, Kunstt\u00f6pferei, Zinngie\u00dferei Merkelbach &#038; Wick, ab 1882\/1883 produzieren Sie als eine der ersten Westerw\u00e4lder Fabriken Elfenbeinsteinzeug, \u00fcber die H\u00e4lfte der Produktion wird in die USA exportiert, in der Zeit von 1886 bis 1897 liefert die Fabrik Halbfertigerzeugnisse an die keramische Fabrik von Hauber &#038; Reuther, Jugenstilk\u00fcnstler wie Peter Behrens und Henry van de Velde liefern um 1900 herausragende Entw\u00fcrfe, 1895 tritt Wicks Sohn (und evtl. gleichzeitig Merkelbachs Schwiegersohn) Ludwig Konrad Wick in die Fabrik ein und \u00fcbernimmt sicher zeitnah auch deren Leitung, bis er 1910\/1911 die Leitung an seine Frau Emma abgibt, 1921\/1922 fusioniert die Fabrik mit der um 1867 in Grenzhausen von Friedrich Wilhelm Merkelbach, Theodor Stadelmann und Julius Schr\u00f6der als Mahl- und Schleifsteinfabrik gegr\u00fcndeten Fabrik Merkelbach, Stadelmann &#038; Co. (wahrscheinlich war Konrad Wicks Frau Emma bereits Miteigent\u00fcmer dieser Fabrik) zur Steingutfabrik Wick Werke AG, Vereinigte Fabriken Merkelbach &#038; Wick und Merkelbach, Stadelmann &#038; Co., die Fabrik bestand rund 100 Jahre, Ausf\u00fchrung als Steinzeug grau-blau salzglasiert, das Motiv der MEK Bowle ist in der Literatur noch nicht nachgewiesen, Ausf\u00fchrung als Feinsteinzeug, Elfenbeinsteinzeug, beige glasiert und bunt bemalt, H\u00f6he 25 cm, Breite 28 cm<\/p>\n<p><a href=\"http:\/\/museumek.eu\/?attachment_id=29014\" rel=\"attachment wp-att-29014\"><img loading=\"lazy\" src=\"http:\/\/museumek.eu\/wp-content\/uploads\/2014\/04\/348-297x300.jpg\" alt=\"\" title=\"348\" width=\"297\" height=\"300\" class=\"alignnone size-medium wp-image-29014\" srcset=\"http:\/\/museumek.eu\/wp-content\/uploads\/2014\/04\/348-297x300.jpg 297w, http:\/\/museumek.eu\/wp-content\/uploads\/2014\/04\/348-148x150.jpg 148w, http:\/\/museumek.eu\/wp-content\/uploads\/2014\/04\/348.jpg 561w\" sizes=\"(max-width: 297px) 100vw, 297px\" \/><\/a><\/p>\n<p><a href=\"http:\/\/museumek.eu\/?attachment_id=29015\" rel=\"attachment wp-att-29015\"><img loading=\"lazy\" src=\"http:\/\/museumek.eu\/wp-content\/uploads\/2014\/04\/349-300x236.jpg\" alt=\"\" title=\"349\" width=\"300\" height=\"236\" class=\"alignnone size-medium wp-image-29015\" srcset=\"http:\/\/museumek.eu\/wp-content\/uploads\/2014\/04\/349-300x236.jpg 300w, http:\/\/museumek.eu\/wp-content\/uploads\/2014\/04\/349-150x118.jpg 150w, http:\/\/museumek.eu\/wp-content\/uploads\/2014\/04\/349-380x300.jpg 380w, http:\/\/museumek.eu\/wp-content\/uploads\/2014\/04\/349.jpg 761w\" sizes=\"(max-width: 300px) 100vw, 300px\" \/><\/a><\/p>\n<p><a href=\"http:\/\/museumek.eu\/?attachment_id=29016\" rel=\"attachment wp-att-29016\"><img loading=\"lazy\" src=\"http:\/\/museumek.eu\/wp-content\/uploads\/2014\/04\/350-250x300.jpg\" alt=\"\" title=\"350\" width=\"250\" height=\"300\" class=\"alignnone size-medium wp-image-29016\" srcset=\"http:\/\/museumek.eu\/wp-content\/uploads\/2014\/04\/350-250x300.jpg 250w, http:\/\/museumek.eu\/wp-content\/uploads\/2014\/04\/350-125x150.jpg 125w, http:\/\/museumek.eu\/wp-content\/uploads\/2014\/04\/350.jpg 490w\" sizes=\"(max-width: 250px) 100vw, 250px\" \/><\/a><\/p>\n<p><a href=\"http:\/\/museumek.eu\/?attachment_id=29017\" rel=\"attachment wp-att-29017\"><img loading=\"lazy\" src=\"http:\/\/museumek.eu\/wp-content\/uploads\/2014\/04\/351-300x298.jpg\" alt=\"\" title=\"351\" width=\"300\" height=\"298\" class=\"alignnone size-medium wp-image-29017\" srcset=\"http:\/\/museumek.eu\/wp-content\/uploads\/2014\/04\/351-300x298.jpg 300w, http:\/\/museumek.eu\/wp-content\/uploads\/2014\/04\/351-150x150.jpg 150w, http:\/\/museumek.eu\/wp-content\/uploads\/2014\/04\/351-301x300.jpg 301w, http:\/\/museumek.eu\/wp-content\/uploads\/2014\/04\/351.jpg 537w\" sizes=\"(max-width: 300px) 100vw, 300px\" \/><\/a><\/p>\n<p><a href=\"http:\/\/museumek.eu\/?attachment_id=29018\" rel=\"attachment wp-att-29018\"><img loading=\"lazy\" src=\"http:\/\/museumek.eu\/wp-content\/uploads\/2014\/04\/352-300x266.jpg\" alt=\"\" title=\"352\" width=\"300\" height=\"266\" class=\"alignnone size-medium wp-image-29018\" srcset=\"http:\/\/museumek.eu\/wp-content\/uploads\/2014\/04\/352-300x266.jpg 300w, http:\/\/museumek.eu\/wp-content\/uploads\/2014\/04\/352-150x133.jpg 150w, http:\/\/museumek.eu\/wp-content\/uploads\/2014\/04\/352-338x300.jpg 338w, http:\/\/museumek.eu\/wp-content\/uploads\/2014\/04\/352.jpg 655w\" sizes=\"(max-width: 300px) 100vw, 300px\" \/><\/a><\/p>\n<p><a href=\"http:\/\/museumek.eu\/?attachment_id=29019\" rel=\"attachment wp-att-29019\"><img loading=\"lazy\" src=\"http:\/\/museumek.eu\/wp-content\/uploads\/2014\/04\/353-210x300.jpg\" alt=\"\" title=\"353\" width=\"210\" height=\"300\" class=\"alignnone size-medium wp-image-29019\" srcset=\"http:\/\/museumek.eu\/wp-content\/uploads\/2014\/04\/353-210x300.jpg 210w, http:\/\/museumek.eu\/wp-content\/uploads\/2014\/04\/353-105x150.jpg 105w, http:\/\/museumek.eu\/wp-content\/uploads\/2014\/04\/353.jpg 507w\" sizes=\"(max-width: 210px) 100vw, 210px\" \/><\/a><\/p>\n<p><a href=\"http:\/\/museumek.eu\/?attachment_id=29020\" rel=\"attachment wp-att-29020\"><img loading=\"lazy\" src=\"http:\/\/museumek.eu\/wp-content\/uploads\/2014\/04\/354-228x300.jpg\" alt=\"\" title=\"354\" width=\"228\" height=\"300\" class=\"alignnone size-medium wp-image-29020\" srcset=\"http:\/\/museumek.eu\/wp-content\/uploads\/2014\/04\/354-228x300.jpg 228w, http:\/\/museumek.eu\/wp-content\/uploads\/2014\/04\/354-114x150.jpg 114w, http:\/\/museumek.eu\/wp-content\/uploads\/2014\/04\/354.jpg 273w\" sizes=\"(max-width: 228px) 100vw, 228px\" \/><\/a><\/p>\n","protected":false},"excerpt":{"rendered":"<p>Abteilung Deutschland, Keramik 1860 \u2013 1960, Inventarnummer D\/LIII\/8 Steingut- und Steinzeugfabrik, Kunstt\u00f6pferei, Zinngie\u00dferei Merkelbach &#038; Wick und Nachfolger Steingutfabrik Wick Werke AG, Vereinigte Fabriken Merkelbach &#038; Wick und Merkelbach, Stadelmann &#038; Co., Deutschland, Grenzhausen, um 1910, Bowle, K\u00fcnstler unbekannt, Werks.-Nr. &hellip; <a href=\"http:\/\/museumek.eu\/?page_id=29013\">Weiterlesen <span class=\"meta-nav\">&rarr;<\/span><\/a><\/p>\n","protected":false},"author":1,"featured_media":0,"parent":12474,"menu_order":8,"comment_status":"closed","ping_status":"open","template":"","meta":[],"_links":{"self":[{"href":"http:\/\/museumek.eu\/index.php?rest_route=\/wp\/v2\/pages\/29013"}],"collection":[{"href":"http:\/\/museumek.eu\/index.php?rest_route=\/wp\/v2\/pages"}],"about":[{"href":"http:\/\/museumek.eu\/index.php?rest_route=\/wp\/v2\/types\/page"}],"author":[{"embeddable":true,"href":"http:\/\/museumek.eu\/index.php?rest_route=\/wp\/v2\/users\/1"}],"replies":[{"embeddable":true,"href":"http:\/\/museumek.eu\/index.php?rest_route=%2Fwp%2Fv2%2Fcomments&post=29013"}],"version-history":[{"count":4,"href":"http:\/\/museumek.eu\/index.php?rest_route=\/wp\/v2\/pages\/29013\/revisions"}],"predecessor-version":[{"id":29024,"href":"http:\/\/museumek.eu\/index.php?rest_route=\/wp\/v2\/pages\/29013\/revisions\/29024"}],"up":[{"embeddable":true,"href":"http:\/\/museumek.eu\/index.php?rest_route=\/wp\/v2\/pages\/12474"}],"wp:attachment":[{"href":"http:\/\/museumek.eu\/index.php?rest_route=%2Fwp%2Fv2%2Fmedia&parent=29013"}],"curies":[{"name":"wp","href":"https:\/\/api.w.org\/{rel}","templated":true}]}}