{"id":291,"date":"2011-08-06T23:15:50","date_gmt":"2011-08-06T21:15:50","guid":{"rendered":"http:\/\/museumek.eu\/?page_id=291"},"modified":"2021-07-22T17:33:53","modified_gmt":"2021-07-22T15:33:53","slug":"ai24","status":"publish","type":"page","link":"http:\/\/museumek.eu\/?page_id=291","title":{"rendered":"A\/I\/24"},"content":{"rendered":"<p><strong>Abteilung Austria\/Ungarn\/B\u00f6hmen, Keramik 1860 \u2013 1960, InventarnummerA\/I\/24<\/strong><\/p>\n<p>Manufaktur Friedrich Goldscheider, Austria, Wien, 1925, Figur Wolfshund liegend, K\u00fcnstler Hugo Postl, Werks.-Nr. 5541\/Exemplar Nr. 367\/Modelleur Nr. 11, gemarkt Goldscheider Wien, MADE IN AUSTRIA schwarze Stempel unter Glasur, F (f\u00fcr Fayence) schwarz auf Glasur gemalt, 5541, 367 und 11 gepresst, nicht signiert, Literatur: Robert E. Dechant\/Filipp Goldscheider, Firmengeschichte und Werkverzeichnis, Seite 410, dort noch ohne Foto, die Urspr\u00fcnge der Firma gehen zur\u00fcck auf das Pilsener Handelsunternehmen Moritz Goldscheider der 1860\u2018 Jahre, nach dem Tode von Moritz Goldscheider werden die Br\u00fcder Eduard und Friedrich Goldscheider Eigent\u00fcmer und firmieren ab 1877 als M. Goldscheider\u2019s Erben, Thon-und Kunststeinmanufactur Werk Moldau und ab 1878 als Br\u00fcder Goldscheider, im Jahre 1878 wandert Friedrich Goldscheider nach Wien aus und Eduard f\u00fchrt die Firma in Pilsen bis zum Konkurs 1892 allein weiter, Friedrich Goldscheider firmiert in Wien ab 1880 als Goldscheider\u2019sche Porzellan-Manufaktur und Porzellanmalerei, neben Handelsgesch\u00e4ften betreibt die Firma vorwiegend die Porzellanmalerei, das Porzellan wird von b\u00f6hmischen Manufakturen bezogen und teilweise auch in B\u00f6hmen bemalt, ab 1885 \u00e4ndert sich die Firmierung in Goldscheider\u2019sche Porzellan-Manufaktur und Majolicafabrik, das Jahr 1885 gilt als das offizielle Gr\u00fcndungsjahr, ab 1887 bezeichnet Friedrich Goldscheider seine Fabrik als Erste Wiener Terracotta- und Majolika-Fabrik Friedrich Goldscheider oder als Erste Wiener Kunst-Terracotta-Fabrik und kunstgewerbliche Ateliers Friedrich Goldscheider und offiziell ab 1894 als Friedrich Goldscheider Erste Wiener Terrakottafabrik, Friedrich Goldscheider stirbt im Jahre 1897, seine Ehefrau Regine Goldscheider wird Alleineigent\u00fcmer und firmiert ab 1899 als Friedrich Goldscheider in Wien, Berlin und Leipzig, ab 1907 firmiert die Firma als Erste Wiener Terrakottafabrik und Atelier f\u00fcr k\u00fcnstlerische Fayencen Friedrich Goldscheider, im Jahre 1918 stirbt Regine und die S\u00f6hne Walter und Marcell Goldscheider werden Inhaber, ab 1921 \u00e4ndert sich die Firmierung in Wiener Manufaktur Friedrich Goldscheider, 1928 scheidet Marcell Goldscheider aus und gr\u00fcndet seine eigene Firma in Wien, 1939 wird die Firma arisiert und Josef Schuster wird Inhaber, Firmierung ab 1939, Wiener Manufaktur Friedrich Goldscheider Nachf., Inhaber Josef Schuster, ab 1941 lautet die Firmierung Wiener Manufaktur Josef Schuster, vorm. Friedrich Goldscheider, nach dem WK II erh\u00e4lt Friedrich Goldscheider seine Firma zur\u00fcck und firmiert ab 1950 wieder als Wiener Manufaktur Friedrich Goldscheider, in dieser Zeit verkauft er die Firma an die Majolikafabrik Carstens, in Fredelsloh, die in Fredelsloh Wiederauflagen alter Modelle in minderwertigem braunem Ton aber auch neue Modelle ebenfalls in dieser Tonart produziert, ab 1953 firmiert die Firma als Kunstkeramische Manufaktur Goldscheider GmbH und 1960 wird die Produktion in Fredelsloh eingestellt, H\u00f6he 10 cm, Breite 26 cm<\/p>\n<p><a href=\"http:\/\/museumek.eu\/wp-content\/uploads\/2011\/08\/Museum-Europ\u00e4ischer-Keramikkunst-Qualit\u00e4tsfotos-041.jpg\"><img loading=\"lazy\" src=\"http:\/\/museumek.eu\/wp-content\/uploads\/2011\/08\/Museum-Europ\u00e4ischer-Keramikkunst-Qualit\u00e4tsfotos-041-300x167.jpg\" alt=\"\" title=\"Museum Europ\u00e4ischer Keramikkunst Qualit\u00e4tsfotos 041\" width=\"300\" height=\"167\" class=\"alignnone size-medium wp-image-294\" srcset=\"http:\/\/museumek.eu\/wp-content\/uploads\/2011\/08\/Museum-Europ\u00e4ischer-Keramikkunst-Qualit\u00e4tsfotos-041-300x167.jpg 300w, http:\/\/museumek.eu\/wp-content\/uploads\/2011\/08\/Museum-Europ\u00e4ischer-Keramikkunst-Qualit\u00e4tsfotos-041-500x278.jpg 500w, http:\/\/museumek.eu\/wp-content\/uploads\/2011\/08\/Museum-Europ\u00e4ischer-Keramikkunst-Qualit\u00e4tsfotos-041.jpg 957w\" sizes=\"(max-width: 300px) 100vw, 300px\" \/><\/a><\/p>\n<p><a href=\"http:\/\/museumek.eu\/wp-content\/uploads\/2011\/08\/Museum-Europ\u00e4ischer-Keramikkunst-077.jpg\"><img loading=\"lazy\" src=\"http:\/\/museumek.eu\/wp-content\/uploads\/2011\/08\/Museum-Europ\u00e4ischer-Keramikkunst-077-300x198.jpg\" alt=\"\" title=\"Museum Europ\u00e4ischer Keramikkunst 077\" width=\"300\" height=\"198\" class=\"alignnone size-medium wp-image-295\" srcset=\"http:\/\/museumek.eu\/wp-content\/uploads\/2011\/08\/Museum-Europ\u00e4ischer-Keramikkunst-077-300x198.jpg 300w, http:\/\/museumek.eu\/wp-content\/uploads\/2011\/08\/Museum-Europ\u00e4ischer-Keramikkunst-077-453x300.jpg 453w, http:\/\/museumek.eu\/wp-content\/uploads\/2011\/08\/Museum-Europ\u00e4ischer-Keramikkunst-077.jpg 894w\" sizes=\"(max-width: 300px) 100vw, 300px\" \/><\/a><\/p>\n<p><a href=\"http:\/\/museumek.eu\/wp-content\/uploads\/2011\/08\/Museum-Europ\u00e4ischer-Keramikkunst-076.jpg\"><img loading=\"lazy\" src=\"http:\/\/museumek.eu\/wp-content\/uploads\/2011\/08\/Museum-Europ\u00e4ischer-Keramikkunst-076-300x253.jpg\" alt=\"\" title=\"Museum Europ\u00e4ischer Keramikkunst 076\" width=\"300\" height=\"253\" class=\"alignnone size-medium wp-image-296\" srcset=\"http:\/\/museumek.eu\/wp-content\/uploads\/2011\/08\/Museum-Europ\u00e4ischer-Keramikkunst-076-300x253.jpg 300w, http:\/\/museumek.eu\/wp-content\/uploads\/2011\/08\/Museum-Europ\u00e4ischer-Keramikkunst-076-354x300.jpg 354w, http:\/\/museumek.eu\/wp-content\/uploads\/2011\/08\/Museum-Europ\u00e4ischer-Keramikkunst-076.jpg 822w\" sizes=\"(max-width: 300px) 100vw, 300px\" \/><\/a><\/p>\n","protected":false},"excerpt":{"rendered":"<p>Abteilung Austria\/Ungarn\/B\u00f6hmen, Keramik 1860 \u2013 1960, InventarnummerA\/I\/24 Manufaktur Friedrich Goldscheider, Austria, Wien, 1925, Figur Wolfshund liegend, K\u00fcnstler Hugo Postl, Werks.-Nr. 5541\/Exemplar Nr. 367\/Modelleur Nr. 11, gemarkt Goldscheider Wien, MADE IN AUSTRIA schwarze Stempel unter Glasur, F (f\u00fcr Fayence) schwarz auf &hellip; <a href=\"http:\/\/museumek.eu\/?page_id=291\">Weiterlesen <span class=\"meta-nav\">&rarr;<\/span><\/a><\/p>\n","protected":false},"author":1,"featured_media":0,"parent":263,"menu_order":24,"comment_status":"open","ping_status":"open","template":"","meta":[],"_links":{"self":[{"href":"http:\/\/museumek.eu\/index.php?rest_route=\/wp\/v2\/pages\/291"}],"collection":[{"href":"http:\/\/museumek.eu\/index.php?rest_route=\/wp\/v2\/pages"}],"about":[{"href":"http:\/\/museumek.eu\/index.php?rest_route=\/wp\/v2\/types\/page"}],"author":[{"embeddable":true,"href":"http:\/\/museumek.eu\/index.php?rest_route=\/wp\/v2\/users\/1"}],"replies":[{"embeddable":true,"href":"http:\/\/museumek.eu\/index.php?rest_route=%2Fwp%2Fv2%2Fcomments&post=291"}],"version-history":[{"count":7,"href":"http:\/\/museumek.eu\/index.php?rest_route=\/wp\/v2\/pages\/291\/revisions"}],"predecessor-version":[{"id":58744,"href":"http:\/\/museumek.eu\/index.php?rest_route=\/wp\/v2\/pages\/291\/revisions\/58744"}],"up":[{"embeddable":true,"href":"http:\/\/museumek.eu\/index.php?rest_route=\/wp\/v2\/pages\/263"}],"wp:attachment":[{"href":"http:\/\/museumek.eu\/index.php?rest_route=%2Fwp%2Fv2%2Fmedia&parent=291"}],"curies":[{"name":"wp","href":"https:\/\/api.w.org\/{rel}","templated":true}]}}