{"id":29998,"date":"2014-05-03T19:32:52","date_gmt":"2014-05-03T17:32:52","guid":{"rendered":"http:\/\/museumek.eu\/?page_id=29998"},"modified":"2015-02-07T19:21:34","modified_gmt":"2015-02-07T18:21:34","slug":"dxxxvii13","status":"publish","type":"page","link":"http:\/\/museumek.eu\/?page_id=29998","title":{"rendered":"D\/XXXVII\/13"},"content":{"rendered":"<p><strong>Abteilung Deutschland, Keramik 1860 \u2013 1960, Inventarnummer D\/XXXVII\/13<\/strong><\/p>\n<p>Thonwaaren \u2013 Fabrik Marzi &#038; Remy, Deutschland, H\u00f6hr, um 1936, Seidel, K\u00fcnstler unbekannt, Werks.-Nr. 2788, Exemplar Nr. ohne, gemarkt Firmenmarke als stilisierte T\u00f6pfermarke, bestehend aus Mittelachse, daran Antriebstretscheibe, diese immer in einem quadratischen oder trapezf\u00f6rmigen Rahmen, manchmal auch mit M links neben der Mittelachse und R rechts neben der Mittelachse (f\u00fcr Marzi &#038; Remy), Drehscheibe \u00fcber dem Rahmen, darauf eine Vase, 2788, 15 sowie 1 L (schwer lesbar) \u00fcber Eichstrich gepresst, nicht signiert, Literatur: J\u00fcrgen Erlebach, J\u00fcrgen Schimanski, Westerw\u00e4lder Steinzeug, Die Neue \u00c4ra 1900 \u2013 1930, Jugendstil und Werkbund, Seite 72, Marke Nr. 17 identisch, weitere Literatur: Gisela Reineking von Bock, Meister der deutschen Keramik, Seite 329, Marke Nr. 218 identisch (dort noch als unbekannte Marke gef\u00fchrt), weitere Literatur: J\u00fcrgen Schimanski, Braun geflammt und grau gesalzen, Seite 203, Beschreibung der Fabrik sowie Marke Nr. 17 identisch, au\u00dferdem dort beschrieben, dass eine eigene Firmenmarke erst Anfang der 1920\u2018 Jahre eingef\u00fchrt worden ist und dass Erzeugnisse der fr\u00fcheren Jahre oft mit dem Schriftzug \u201eGesetzl. Gesch\u00fctzt\u201c gemarkt sind, diese Beschreibung stellt das MEK bez\u00fcglich der Fabrikmarke in Frage, da unter http:\/\/www.steinmarks.co.uk\/pages\/pv.asp?p=stein164, verschiedene Fabrikmarken mit fr\u00fchen Werksnummern aus dem 1900 Jahrhundert abgebildet sind, eine Fabrikmarke sogar mit dem Zusatz Gesetzl. Gesch\u00fctzt, die Fabrik wurde 1879 von Anton Marzi und seinem Schwager Simon Peter Remy in H\u00f6hr gegr\u00fcndet und firmierte als Thonwaaren \u2013 Fabrik Marzi &#038; Remy, ab 1881 wurde eine eigene Zinngie\u00dferei angeschafft und ab 1883 neben dem grau \u2013 blau salzglasiertem Steinzeug auch Elfenbeinsteinzeug produziert, Simon Peter Remy verstarb 1919 und sein Sohn Werner Remy trat in die Fabrik ein, 1924 verstarb Anton Marzi und sein Schwiegersohn Johann Otto B\u00fchler trat in die Fabrik ein, Werner Remy verlie\u00df 1931 die Fabrik, 1941 trat Johann Otto B\u00fchlers Sohn Otto B\u00fchler in die Fabrik ein und 1953 dessen Sohn Otto Georg B\u00fchler, die Fabrik war bis zum Konkurs in den 1990\u2018 Jahren immer in Familienbesitz, <strong>das MEK Exemplar der Werks.-Nr. 2788 ist noch nicht in der Fachliteratur erfasst<\/strong>, Zinndeckel mit Widmung aus dem Jahre 1936,<br \/>\nH\u00f6he 16,5 cm, Breite 16 cm (nur die Keramik)<\/p>\n<p><a href=\"http:\/\/museumek.eu\/?attachment_id=29999\" rel=\"attachment wp-att-29999\"><img loading=\"lazy\" src=\"http:\/\/museumek.eu\/wp-content\/uploads\/2014\/05\/403-187x300.jpg\" alt=\"\" title=\"403\" width=\"187\" height=\"300\" class=\"alignnone size-medium wp-image-29999\" srcset=\"http:\/\/museumek.eu\/wp-content\/uploads\/2014\/05\/403-187x300.jpg 187w, http:\/\/museumek.eu\/wp-content\/uploads\/2014\/05\/403-93x150.jpg 93w, http:\/\/museumek.eu\/wp-content\/uploads\/2014\/05\/403.jpg 436w\" sizes=\"(max-width: 187px) 100vw, 187px\" \/><\/a><\/p>\n<p><a href=\"http:\/\/museumek.eu\/?attachment_id=30000\" rel=\"attachment wp-att-30000\"><img loading=\"lazy\" src=\"http:\/\/museumek.eu\/wp-content\/uploads\/2014\/05\/405-216x300.jpg\" alt=\"\" title=\"405\" width=\"216\" height=\"300\" class=\"alignnone size-medium wp-image-30000\" srcset=\"http:\/\/museumek.eu\/wp-content\/uploads\/2014\/05\/405-216x300.jpg 216w, http:\/\/museumek.eu\/wp-content\/uploads\/2014\/05\/405-108x150.jpg 108w, http:\/\/museumek.eu\/wp-content\/uploads\/2014\/05\/405.jpg 452w\" sizes=\"(max-width: 216px) 100vw, 216px\" \/><\/a><\/p>\n<p><a href=\"http:\/\/museumek.eu\/?attachment_id=30001\" rel=\"attachment wp-att-30001\"><img loading=\"lazy\" src=\"http:\/\/museumek.eu\/wp-content\/uploads\/2014\/05\/404-217x300.jpg\" alt=\"\" title=\"404\" width=\"217\" height=\"300\" class=\"alignnone size-medium wp-image-30001\" srcset=\"http:\/\/museumek.eu\/wp-content\/uploads\/2014\/05\/404-217x300.jpg 217w, http:\/\/museumek.eu\/wp-content\/uploads\/2014\/05\/404-108x150.jpg 108w, http:\/\/museumek.eu\/wp-content\/uploads\/2014\/05\/404.jpg 419w\" sizes=\"(max-width: 217px) 100vw, 217px\" \/><\/a><\/p>\n<p><a href=\"http:\/\/museumek.eu\/?attachment_id=30002\" rel=\"attachment wp-att-30002\"><img loading=\"lazy\" src=\"http:\/\/museumek.eu\/wp-content\/uploads\/2014\/05\/406-250x300.jpg\" alt=\"\" title=\"406\" width=\"250\" height=\"300\" class=\"alignnone size-medium wp-image-30002\" srcset=\"http:\/\/museumek.eu\/wp-content\/uploads\/2014\/05\/406-250x300.jpg 250w, http:\/\/museumek.eu\/wp-content\/uploads\/2014\/05\/406-125x150.jpg 125w, http:\/\/museumek.eu\/wp-content\/uploads\/2014\/05\/406.jpg 463w\" sizes=\"(max-width: 250px) 100vw, 250px\" \/><\/a><\/p>\n<p><a href=\"http:\/\/museumek.eu\/?attachment_id=30003\" rel=\"attachment wp-att-30003\"><img loading=\"lazy\" src=\"http:\/\/museumek.eu\/wp-content\/uploads\/2014\/05\/407-300x266.jpg\" alt=\"\" title=\"407\" width=\"300\" height=\"266\" class=\"alignnone size-medium wp-image-30003\" srcset=\"http:\/\/museumek.eu\/wp-content\/uploads\/2014\/05\/407-300x266.jpg 300w, http:\/\/museumek.eu\/wp-content\/uploads\/2014\/05\/407-150x133.jpg 150w, http:\/\/museumek.eu\/wp-content\/uploads\/2014\/05\/407-337x300.jpg 337w, http:\/\/museumek.eu\/wp-content\/uploads\/2014\/05\/407.jpg 511w\" sizes=\"(max-width: 300px) 100vw, 300px\" \/><\/a><\/p>\n<p><a href=\"http:\/\/museumek.eu\/?attachment_id=30004\" rel=\"attachment wp-att-30004\"><img loading=\"lazy\" src=\"http:\/\/museumek.eu\/wp-content\/uploads\/2014\/05\/408-300x207.jpg\" alt=\"\" title=\"408\" width=\"300\" height=\"207\" class=\"alignnone size-medium wp-image-30004\" srcset=\"http:\/\/museumek.eu\/wp-content\/uploads\/2014\/05\/408-300x207.jpg 300w, http:\/\/museumek.eu\/wp-content\/uploads\/2014\/05\/408-150x103.jpg 150w, http:\/\/museumek.eu\/wp-content\/uploads\/2014\/05\/408-433x300.jpg 433w, http:\/\/museumek.eu\/wp-content\/uploads\/2014\/05\/408.jpg 494w\" sizes=\"(max-width: 300px) 100vw, 300px\" \/><\/a><\/p>\n","protected":false},"excerpt":{"rendered":"<p>Abteilung Deutschland, Keramik 1860 \u2013 1960, Inventarnummer D\/XXXVII\/13 Thonwaaren \u2013 Fabrik Marzi &#038; Remy, Deutschland, H\u00f6hr, um 1936, Seidel, K\u00fcnstler unbekannt, Werks.-Nr. 2788, Exemplar Nr. ohne, gemarkt Firmenmarke als stilisierte T\u00f6pfermarke, bestehend aus Mittelachse, daran Antriebstretscheibe, diese immer in einem &hellip; <a href=\"http:\/\/museumek.eu\/?page_id=29998\">Weiterlesen <span class=\"meta-nav\">&rarr;<\/span><\/a><\/p>\n","protected":false},"author":1,"featured_media":0,"parent":29153,"menu_order":13,"comment_status":"closed","ping_status":"open","template":"","meta":[],"_links":{"self":[{"href":"http:\/\/museumek.eu\/index.php?rest_route=\/wp\/v2\/pages\/29998"}],"collection":[{"href":"http:\/\/museumek.eu\/index.php?rest_route=\/wp\/v2\/pages"}],"about":[{"href":"http:\/\/museumek.eu\/index.php?rest_route=\/wp\/v2\/types\/page"}],"author":[{"embeddable":true,"href":"http:\/\/museumek.eu\/index.php?rest_route=\/wp\/v2\/users\/1"}],"replies":[{"embeddable":true,"href":"http:\/\/museumek.eu\/index.php?rest_route=%2Fwp%2Fv2%2Fcomments&post=29998"}],"version-history":[{"count":10,"href":"http:\/\/museumek.eu\/index.php?rest_route=\/wp\/v2\/pages\/29998\/revisions"}],"predecessor-version":[{"id":36309,"href":"http:\/\/museumek.eu\/index.php?rest_route=\/wp\/v2\/pages\/29998\/revisions\/36309"}],"up":[{"embeddable":true,"href":"http:\/\/museumek.eu\/index.php?rest_route=\/wp\/v2\/pages\/29153"}],"wp:attachment":[{"href":"http:\/\/museumek.eu\/index.php?rest_route=%2Fwp%2Fv2%2Fmedia&parent=29998"}],"curies":[{"name":"wp","href":"https:\/\/api.w.org\/{rel}","templated":true}]}}