{"id":30032,"date":"2014-05-03T21:35:41","date_gmt":"2014-05-03T19:35:41","guid":{"rendered":"http:\/\/museumek.eu\/?page_id=30032"},"modified":"2015-06-21T00:04:49","modified_gmt":"2015-06-20T22:04:49","slug":"dlvii3","status":"publish","type":"page","link":"http:\/\/museumek.eu\/?page_id=30032","title":{"rendered":"D\/LVII\/3"},"content":{"rendered":"<p><strong>Abteilung Deutschland, Keramik 1860 \u2013 1960, Inventarnummer D\/LVII\/3<\/strong><\/p>\n<p>Meringer Kunstt\u00f6pferei Johann Lipp, vormals Meringer T\u00f6pferei Georg Lipp, Deutschland, Mering, um 1910, Vase, K\u00fcnstler Johann Lipp, Werks.-Nr. 502, Exemplar Nr. ohne, gemarkt Firmenmarke mit J. LIPP (zweiter Bestandteil des vollst\u00e4ndigen Stempels) dar\u00fcber nicht bzw. schwer erkennbar 3 Vasen, in den 3 Vasen die Buchstaben MKT (f\u00fcr Meringer Kunstt\u00f6pferei, erster Bestandteil des vollst\u00e4ndigen Stempels), siehe MEK D\/LVII\/5, dort der vollst\u00e4ndige zweiteilige Stempel) gepresst sowie 502 geritzt, nicht signiert, Literatur: Gisela Reineking von Bock, Meister der Deutschen Keramik 1900 bis 1950, Seite 200, Beschreibung der T\u00f6pferei, weitere Literatur: Otto Pelka, Keramik der Neuzeit, Seite 193, Nennung der Lippschen Kunstt\u00f6pferei sowie Seite 290, Namensverzeichnis Nr. 193, Johann Lipp, Hafnermeister Georg Lipp (geb. 1832, gest. 1893) aus Dinkelscherben heiratete 1862 Barbara Schegg, Tochter des Hafnermeisters Dominikus Schegg aus Mering, vermutlich \u00fcbernimmt er damit diese Meringer T\u00f6pferei oder er gr\u00fcndet mit Unterst\u00fctzung der Scheggs seine eigene T\u00f6pferei, das ist nicht genau nachvollziehbar, die Firmierung lautet wohl Meringer T\u00f6pferei Georg Lipp oder \u00e4hnlich, Johann Lipp (geb. 1867), Sohn von Georg Lipp, lernte im v\u00e4terlichen Betrieb und besuchte die Keramikfachschule in Landshut, sp\u00e4testens um 1893, dem Todesjahr von Georg Lipp, \u00fcbernahm Johann Lipp die v\u00e4terliche T\u00f6pferei, Firmierung nun Meringer Kunstt\u00f6pferei Johann Lipp, Johann Lipp versuchte das Handwerk auf die Stufe des Kunstgewerbes zu heben, war Kgl. Bayerischer Hoflieferant und beteiligte sich erfolgreich an nationalen und internationalen Ausstellungen und Messen, Lipp war mit Max Laeuger befreundet, der ihn zu Arbeiten mit Schlickermalerei anregte und sicher auch daf\u00fcr sorgte, dass das Handelshaus C. F. Otto M\u00fcller in Karlsruhe Lipps Produkte mitvertrieb, die T\u00f6pferei Lipp verwendete verschiedene Firmenmarken, das MEK kann die meisten davon nachweisen, ca. 1932 \u00fcbernahm Lipp die M\u00fcnchner Majolika Werkst\u00e4tte, Johann Lipp leitete seine T\u00f6pferei als Kaufmann und Handwerker bis 1936, danach \u00fcbernahm der Ehemann seiner in der T\u00f6pferei mitarbeitenden Tochter Elisabeth, der Bankkaufmann Ludwig Klopfer, die Gesch\u00e4ftsf\u00fchrung, Elisabeth verstarb 1943 und deren Schwester Maria arbeitete in der T\u00f6pferei mit, Elisabeth Klopfers Sohn, mit gleichem Namen wie sein Vater, Ludwig Klopfer trat nach seiner innerbetrieblichen T\u00f6pferlehre und dem Besuch der Keramikfachschule Landshut in die T\u00f6pferei ein, die T\u00f6pferei existiert noch heute, zeitliche Einordnung nach Werks.-Nr., vermutlich hat Georg Lipp seine Produkte nicht mit Werks.-Nr. versehen und die Werks.-Nr. Vergabe begann erst mit Johann Lipp, die kleinste Werks.-Nr. im MEK Inventar mit Stempel von Johann Lipp lautet 218, es ist unwahrscheinlich, das Georg Lipp in 30 Jahren T\u00e4tigkeit erst bei einer Werks.-Nr. unter 218 angekommen sein soll, wahrscheinlicher ist, dass Johann Lipp ab ca. 1893 seine Produkte mit Werks.-Nr. versah, so dass er ungef\u00e4hr um 1900 bei der Werks.-Nr. 200 angekommen war, um 1910 bei der Werks.-Nr. 500, um 1920 bei der Werks.-Nr. 800, H\u00f6he 10 cm, Breite 16 cm<\/p>\n<p><a href=\"http:\/\/museumek.eu\/?attachment_id=30033\" rel=\"attachment wp-att-30033\"><img loading=\"lazy\" src=\"http:\/\/museumek.eu\/wp-content\/uploads\/2014\/05\/446-300x239.jpg\" alt=\"\" title=\"446\" width=\"300\" height=\"239\" class=\"alignnone size-medium wp-image-30033\" srcset=\"http:\/\/museumek.eu\/wp-content\/uploads\/2014\/05\/446-300x239.jpg 300w, http:\/\/museumek.eu\/wp-content\/uploads\/2014\/05\/446-150x119.jpg 150w, http:\/\/museumek.eu\/wp-content\/uploads\/2014\/05\/446-376x300.jpg 376w, http:\/\/museumek.eu\/wp-content\/uploads\/2014\/05\/446.jpg 600w\" sizes=\"(max-width: 300px) 100vw, 300px\" \/><\/a><\/p>\n<p><a href=\"http:\/\/museumek.eu\/?attachment_id=30034\" rel=\"attachment wp-att-30034\"><img loading=\"lazy\" src=\"http:\/\/museumek.eu\/wp-content\/uploads\/2014\/05\/447-300x277.jpg\" alt=\"\" title=\"447\" width=\"300\" height=\"277\" class=\"alignnone size-medium wp-image-30034\" srcset=\"http:\/\/museumek.eu\/wp-content\/uploads\/2014\/05\/447-300x277.jpg 300w, http:\/\/museumek.eu\/wp-content\/uploads\/2014\/05\/447-150x138.jpg 150w, http:\/\/museumek.eu\/wp-content\/uploads\/2014\/05\/447-324x300.jpg 324w, http:\/\/museumek.eu\/wp-content\/uploads\/2014\/05\/447.jpg 504w\" sizes=\"(max-width: 300px) 100vw, 300px\" \/><\/a><\/p>\n<p><a href=\"http:\/\/museumek.eu\/?attachment_id=30035\" rel=\"attachment wp-att-30035\"><img loading=\"lazy\" src=\"http:\/\/museumek.eu\/wp-content\/uploads\/2014\/05\/448-300x280.jpg\" alt=\"\" title=\"448\" width=\"300\" height=\"280\" class=\"alignnone size-medium wp-image-30035\" srcset=\"http:\/\/museumek.eu\/wp-content\/uploads\/2014\/05\/448-300x280.jpg 300w, http:\/\/museumek.eu\/wp-content\/uploads\/2014\/05\/448-150x140.jpg 150w, http:\/\/museumek.eu\/wp-content\/uploads\/2014\/05\/448-321x300.jpg 321w, http:\/\/museumek.eu\/wp-content\/uploads\/2014\/05\/448.jpg 642w\" sizes=\"(max-width: 300px) 100vw, 300px\" \/><\/a><\/p>\n<p><a href=\"http:\/\/museumek.eu\/?attachment_id=30036\" rel=\"attachment wp-att-30036\"><img loading=\"lazy\" src=\"http:\/\/museumek.eu\/wp-content\/uploads\/2014\/05\/449-300x261.jpg\" alt=\"\" title=\"449\" width=\"300\" height=\"261\" class=\"alignnone size-medium wp-image-30036\" srcset=\"http:\/\/museumek.eu\/wp-content\/uploads\/2014\/05\/449-300x261.jpg 300w, http:\/\/museumek.eu\/wp-content\/uploads\/2014\/05\/449-150x130.jpg 150w, http:\/\/museumek.eu\/wp-content\/uploads\/2014\/05\/449-343x300.jpg 343w, http:\/\/museumek.eu\/wp-content\/uploads\/2014\/05\/449.jpg 623w\" sizes=\"(max-width: 300px) 100vw, 300px\" \/><\/a><\/p>\n","protected":false},"excerpt":{"rendered":"<p>Abteilung Deutschland, Keramik 1860 \u2013 1960, Inventarnummer D\/LVII\/3 Meringer Kunstt\u00f6pferei Johann Lipp, vormals Meringer T\u00f6pferei Georg Lipp, Deutschland, Mering, um 1910, Vase, K\u00fcnstler Johann Lipp, Werks.-Nr. 502, Exemplar Nr. ohne, gemarkt Firmenmarke mit J. LIPP (zweiter Bestandteil des vollst\u00e4ndigen Stempels) &hellip; <a href=\"http:\/\/museumek.eu\/?page_id=30032\">Weiterlesen <span class=\"meta-nav\">&rarr;<\/span><\/a><\/p>\n","protected":false},"author":1,"featured_media":0,"parent":13969,"menu_order":3,"comment_status":"closed","ping_status":"open","template":"","meta":[],"_links":{"self":[{"href":"http:\/\/museumek.eu\/index.php?rest_route=\/wp\/v2\/pages\/30032"}],"collection":[{"href":"http:\/\/museumek.eu\/index.php?rest_route=\/wp\/v2\/pages"}],"about":[{"href":"http:\/\/museumek.eu\/index.php?rest_route=\/wp\/v2\/types\/page"}],"author":[{"embeddable":true,"href":"http:\/\/museumek.eu\/index.php?rest_route=\/wp\/v2\/users\/1"}],"replies":[{"embeddable":true,"href":"http:\/\/museumek.eu\/index.php?rest_route=%2Fwp%2Fv2%2Fcomments&post=30032"}],"version-history":[{"count":6,"href":"http:\/\/museumek.eu\/index.php?rest_route=\/wp\/v2\/pages\/30032\/revisions"}],"predecessor-version":[{"id":41314,"href":"http:\/\/museumek.eu\/index.php?rest_route=\/wp\/v2\/pages\/30032\/revisions\/41314"}],"up":[{"embeddable":true,"href":"http:\/\/museumek.eu\/index.php?rest_route=\/wp\/v2\/pages\/13969"}],"wp:attachment":[{"href":"http:\/\/museumek.eu\/index.php?rest_route=%2Fwp%2Fv2%2Fmedia&parent=30032"}],"curies":[{"name":"wp","href":"https:\/\/api.w.org\/{rel}","templated":true}]}}