{"id":30115,"date":"2014-05-04T20:51:37","date_gmt":"2014-05-04T18:51:37","guid":{"rendered":"http:\/\/museumek.eu\/?page_id=30115"},"modified":"2015-03-22T13:47:40","modified_gmt":"2015-03-22T12:47:40","slug":"dlxxxii15-2","status":"publish","type":"page","link":"http:\/\/museumek.eu\/?page_id=30115","title":{"rendered":"D\/LXXXII\/15"},"content":{"rendered":"<p><strong>Abteilung Deutschland, Keramik 1860 \u2013 1960, Inventarnummer D\/LXXXII\/15<\/strong><\/p>\n<p>Westerw\u00e4lder Steinzeug ohne Fabrikzuordnung, Deutschland, Westerwald, um 1900, Seidel, K\u00fcnstler unbekannt, Werks.-Nr. ohne, Exemplar Nr. ohne, gemarkt keine Firmenmarke aber 03 \u00fcber Eichstrich sowie 0,125 gepresst, nicht signiert, der Blechdeckel wurde zu einer sp\u00e4teren Zeit an der Zinnmontur angebracht, wahrscheinlich war der originale Zinndeckel abgerissen,<br \/>\nH\u00f6he 12 cm, Breite 12 cm (nur die Keramik)<\/p>\n<p><a href=\"http:\/\/museumek.eu\/?attachment_id=37895\" rel=\"attachment wp-att-37895\"><img loading=\"lazy\" src=\"http:\/\/museumek.eu\/wp-content\/uploads\/2013\/05\/2573-172x300.jpg\" alt=\"\" title=\"2573\" width=\"172\" height=\"300\" class=\"alignnone size-medium wp-image-37895\" srcset=\"http:\/\/museumek.eu\/wp-content\/uploads\/2013\/05\/2573-172x300.jpg 172w, http:\/\/museumek.eu\/wp-content\/uploads\/2013\/05\/2573-86x150.jpg 86w, http:\/\/museumek.eu\/wp-content\/uploads\/2013\/05\/2573.jpg 460w\" sizes=\"(max-width: 172px) 100vw, 172px\" \/><\/a><\/p>\n<p><a href=\"http:\/\/museumek.eu\/?attachment_id=37896\" rel=\"attachment wp-att-37896\"><img loading=\"lazy\" src=\"http:\/\/museumek.eu\/wp-content\/uploads\/2013\/05\/2574-187x300.jpg\" alt=\"\" title=\"2574\" width=\"187\" height=\"300\" class=\"alignnone size-medium wp-image-37896\" srcset=\"http:\/\/museumek.eu\/wp-content\/uploads\/2013\/05\/2574-187x300.jpg 187w, http:\/\/museumek.eu\/wp-content\/uploads\/2013\/05\/2574-93x150.jpg 93w, http:\/\/museumek.eu\/wp-content\/uploads\/2013\/05\/2574.jpg 500w\" sizes=\"(max-width: 187px) 100vw, 187px\" \/><\/a><\/p>\n<p><a href=\"http:\/\/museumek.eu\/?attachment_id=37899\" rel=\"attachment wp-att-37899\"><img loading=\"lazy\" src=\"http:\/\/museumek.eu\/wp-content\/uploads\/2013\/05\/2575-219x300.jpg\" alt=\"\" title=\"2575\" width=\"219\" height=\"300\" class=\"alignnone size-medium wp-image-37899\" srcset=\"http:\/\/museumek.eu\/wp-content\/uploads\/2013\/05\/2575-219x300.jpg 219w, http:\/\/museumek.eu\/wp-content\/uploads\/2013\/05\/2575-109x150.jpg 109w, http:\/\/museumek.eu\/wp-content\/uploads\/2013\/05\/2575.jpg 584w\" sizes=\"(max-width: 219px) 100vw, 219px\" \/><\/a><\/p>\n<p><a href=\"http:\/\/museumek.eu\/?attachment_id=37903\" rel=\"attachment wp-att-37903\"><img loading=\"lazy\" src=\"http:\/\/museumek.eu\/wp-content\/uploads\/2013\/05\/25761-223x300.jpg\" alt=\"\" title=\"2576\" width=\"223\" height=\"300\" class=\"alignnone size-medium wp-image-37903\" srcset=\"http:\/\/museumek.eu\/wp-content\/uploads\/2013\/05\/25761-223x300.jpg 223w, http:\/\/museumek.eu\/wp-content\/uploads\/2013\/05\/25761-111x150.jpg 111w, http:\/\/museumek.eu\/wp-content\/uploads\/2013\/05\/25761.jpg 597w\" sizes=\"(max-width: 223px) 100vw, 223px\" \/><\/a><\/p>\n<p><a href=\"http:\/\/museumek.eu\/?attachment_id=37904\" rel=\"attachment wp-att-37904\"><img loading=\"lazy\" src=\"http:\/\/museumek.eu\/wp-content\/uploads\/2013\/05\/2577-172x300.jpg\" alt=\"\" title=\"2577\" width=\"172\" height=\"300\" class=\"alignnone size-medium wp-image-37904\" srcset=\"http:\/\/museumek.eu\/wp-content\/uploads\/2013\/05\/2577-172x300.jpg 172w, http:\/\/museumek.eu\/wp-content\/uploads\/2013\/05\/2577-86x150.jpg 86w, http:\/\/museumek.eu\/wp-content\/uploads\/2013\/05\/2577.jpg 459w\" sizes=\"(max-width: 172px) 100vw, 172px\" \/><\/a><\/p>\n<p><a href=\"http:\/\/museumek.eu\/?attachment_id=37907\" rel=\"attachment wp-att-37907\"><img loading=\"lazy\" src=\"http:\/\/museumek.eu\/wp-content\/uploads\/2013\/05\/2578-158x300.jpg\" alt=\"\" title=\"2578\" width=\"158\" height=\"300\" class=\"alignnone size-medium wp-image-37907\" srcset=\"http:\/\/museumek.eu\/wp-content\/uploads\/2013\/05\/2578-158x300.jpg 158w, http:\/\/museumek.eu\/wp-content\/uploads\/2013\/05\/2578-79x150.jpg 79w, http:\/\/museumek.eu\/wp-content\/uploads\/2013\/05\/2578.jpg 423w\" sizes=\"(max-width: 158px) 100vw, 158px\" \/><\/a><\/p>\n<p><a href=\"http:\/\/museumek.eu\/?attachment_id=37908\" rel=\"attachment wp-att-37908\"><img loading=\"lazy\" src=\"http:\/\/museumek.eu\/wp-content\/uploads\/2013\/05\/2579-296x300.jpg\" alt=\"\" title=\"2579\" width=\"296\" height=\"300\" class=\"alignnone size-medium wp-image-37908\" srcset=\"http:\/\/museumek.eu\/wp-content\/uploads\/2013\/05\/2579-296x300.jpg 296w, http:\/\/museumek.eu\/wp-content\/uploads\/2013\/05\/2579-148x150.jpg 148w, http:\/\/museumek.eu\/wp-content\/uploads\/2013\/05\/2579.jpg 600w\" sizes=\"(max-width: 296px) 100vw, 296px\" \/><\/a><\/p>\n<p><a href=\"http:\/\/museumek.eu\/?attachment_id=37909\" rel=\"attachment wp-att-37909\"><img loading=\"lazy\" src=\"http:\/\/museumek.eu\/wp-content\/uploads\/2013\/05\/2580-300x191.jpg\" alt=\"\" title=\"2580\" width=\"300\" height=\"191\" class=\"alignnone size-medium wp-image-37909\" srcset=\"http:\/\/museumek.eu\/wp-content\/uploads\/2013\/05\/2580-300x191.jpg 300w, http:\/\/museumek.eu\/wp-content\/uploads\/2013\/05\/2580-150x95.jpg 150w, http:\/\/museumek.eu\/wp-content\/uploads\/2013\/05\/2580-469x300.jpg 469w, http:\/\/museumek.eu\/wp-content\/uploads\/2013\/05\/2580.jpg 800w\" sizes=\"(max-width: 300px) 100vw, 300px\" \/><\/a><\/p>\n","protected":false},"excerpt":{"rendered":"<p>Abteilung Deutschland, Keramik 1860 \u2013 1960, Inventarnummer D\/LXXXII\/15 Westerw\u00e4lder Steinzeug ohne Fabrikzuordnung, Deutschland, Westerwald, um 1900, Seidel, K\u00fcnstler unbekannt, Werks.-Nr. ohne, Exemplar Nr. ohne, gemarkt keine Firmenmarke aber 03 \u00fcber Eichstrich sowie 0,125 gepresst, nicht signiert, der Blechdeckel wurde zu &hellip; <a href=\"http:\/\/museumek.eu\/?page_id=30115\">Weiterlesen <span class=\"meta-nav\">&rarr;<\/span><\/a><\/p>\n","protected":false},"author":1,"featured_media":0,"parent":27686,"menu_order":15,"comment_status":"closed","ping_status":"open","template":"","meta":[],"_links":{"self":[{"href":"http:\/\/museumek.eu\/index.php?rest_route=\/wp\/v2\/pages\/30115"}],"collection":[{"href":"http:\/\/museumek.eu\/index.php?rest_route=\/wp\/v2\/pages"}],"about":[{"href":"http:\/\/museumek.eu\/index.php?rest_route=\/wp\/v2\/types\/page"}],"author":[{"embeddable":true,"href":"http:\/\/museumek.eu\/index.php?rest_route=\/wp\/v2\/users\/1"}],"replies":[{"embeddable":true,"href":"http:\/\/museumek.eu\/index.php?rest_route=%2Fwp%2Fv2%2Fcomments&post=30115"}],"version-history":[{"count":7,"href":"http:\/\/museumek.eu\/index.php?rest_route=\/wp\/v2\/pages\/30115\/revisions"}],"predecessor-version":[{"id":37924,"href":"http:\/\/museumek.eu\/index.php?rest_route=\/wp\/v2\/pages\/30115\/revisions\/37924"}],"up":[{"embeddable":true,"href":"http:\/\/museumek.eu\/index.php?rest_route=\/wp\/v2\/pages\/27686"}],"wp:attachment":[{"href":"http:\/\/museumek.eu\/index.php?rest_route=%2Fwp%2Fv2%2Fmedia&parent=30115"}],"curies":[{"name":"wp","href":"https:\/\/api.w.org\/{rel}","templated":true}]}}