{"id":30151,"date":"2014-05-05T20:11:21","date_gmt":"2014-05-05T18:11:21","guid":{"rendered":"http:\/\/museumek.eu\/?page_id=30151"},"modified":"2021-05-22T19:03:41","modified_gmt":"2021-05-22T17:03:41","slug":"dlxxxiv2","status":"publish","type":"page","link":"http:\/\/museumek.eu\/?page_id=30151","title":{"rendered":"D\/LXXXIV\/2"},"content":{"rendered":"<p><strong>Abteilung Deutschland, Keramik 1860 \u2013 1960, Inventarnummer D\/LXXXIV\/\/2<\/strong><\/p>\n<p>Hansa-Gotha-Keramik Wilhelm Diebener, vormals Th\u00fcringer Ofen- und Wandplatten-Fabrik Hilmar Merten, vormals Th\u00fcringer Ofen- und Wandplatten-Fabrik Carl Merten und Nachf. Gotha-Keramik Wilh. Diebener, Deutschland, Gotha, um 1937, Figur Musikant, K\u00fcnstler M. H\u00d6LDL, Werks.-Nr. ohne, Exemplar Nr. ohne, gemarkt keine Firmenmarke aber M. H\u00d6LDL geritzt, signiert M. H\u00d6LDL, 207 mit Bleistift geschrieben, unleserliche blaue Zahlen, signiert M. H\u00f6ldl, siehe auch Angebot in ebay, dort besser lesbar M. H\u00f6ldl sowie die Diebener Firmenmarke mit 3 Tannen, die Gothaer Ofenfabrik wurde bereits 1850 gegr\u00fcndet, \u00fcber die ersten Jahrzehnte der Historie der Fabrik ist nichts bekannt, bekannt ist, dass Carl Merten 1909 im Besitz der Ofenfabrik war, Firmierung wohl Th\u00fcringer Ofen- und Wandplatten-Fabrik Carl Merten, 1918 \u00fcbernimmt Carl Mertens Bruder Hilmar Merten (geb. 08.Juli 1868 in Stadtilm, gest. 27.04.1949, wohl in Gotha) die Fabrik, Firmierung nun Th\u00fcringer Ofen- und Wandplatten-Fabrik Hilmar Merten, 1937 \u00fcbernimmt Wilhelm Diebener (geb. 1898, gest. 1947 in Kriegsgefangenschaft), Schwiegersohn von Wilhelm Merten, zusammen mit Mertens Tochter Elsa (wohl die Ehefrau von Wilhelm Diebener) die Fabrik, Firmierung Hansa-Gotha-Keramik Wilhelm Diebener, zu einem nicht bekannten Zeitpunkt, wohl nach WK II, evtl. nach Diebeners Tod 1947, \u00e4ndert sich die Firmierung in Gotha-Keramik Wilh. Diebener, nach WK II verstaatlicht, Anm. MEK: die Firmenmarke mit den 3 Tannen, wurde bereits von Hilmar Merten benutzt (evtl. auch Carl Merten) und von Diebener weiter verwendet, H\u00f6he 27,5 cm, Breite 11 cm<\/p>\n<p><a href=\"http:\/\/museumek.eu\/?attachment_id=30155\" rel=\"attachment wp-att-30155\"><img loading=\"lazy\" src=\"http:\/\/museumek.eu\/wp-content\/uploads\/2014\/05\/Museum-Europ\u00e4ischer-Keramikkunst-Qualit\u00e4tsfotos-407-151x300.jpg\" alt=\"\" title=\"Museum Europ\u00e4ischer Keramikkunst Qualit\u00e4tsfotos 407\" width=\"151\" height=\"300\" class=\"alignnone size-medium wp-image-30155\" srcset=\"http:\/\/museumek.eu\/wp-content\/uploads\/2014\/05\/Museum-Europ\u00e4ischer-Keramikkunst-Qualit\u00e4tsfotos-407-151x300.jpg 151w, http:\/\/museumek.eu\/wp-content\/uploads\/2014\/05\/Museum-Europ\u00e4ischer-Keramikkunst-Qualit\u00e4tsfotos-407-75x150.jpg 75w, http:\/\/museumek.eu\/wp-content\/uploads\/2014\/05\/Museum-Europ\u00e4ischer-Keramikkunst-Qualit\u00e4tsfotos-407.jpg 470w\" sizes=\"(max-width: 151px) 100vw, 151px\" \/><\/a><\/p>\n<p><a href=\"http:\/\/museumek.eu\/?attachment_id=30152\" rel=\"attachment wp-att-30152\"><img loading=\"lazy\" src=\"http:\/\/museumek.eu\/wp-content\/uploads\/2014\/05\/Museum-Europ\u00e4ischer-Keramikkunst-437-300x295.jpg\" alt=\"\" title=\"Museum Europ\u00e4ischer Keramikkunst 437\" width=\"300\" height=\"295\" class=\"alignnone size-medium wp-image-30152\" srcset=\"http:\/\/museumek.eu\/wp-content\/uploads\/2014\/05\/Museum-Europ\u00e4ischer-Keramikkunst-437-300x295.jpg 300w, http:\/\/museumek.eu\/wp-content\/uploads\/2014\/05\/Museum-Europ\u00e4ischer-Keramikkunst-437-150x147.jpg 150w, http:\/\/museumek.eu\/wp-content\/uploads\/2014\/05\/Museum-Europ\u00e4ischer-Keramikkunst-437-304x300.jpg 304w, http:\/\/museumek.eu\/wp-content\/uploads\/2014\/05\/Museum-Europ\u00e4ischer-Keramikkunst-437.jpg 780w\" sizes=\"(max-width: 300px) 100vw, 300px\" \/><\/a><\/p>\n<p><a href=\"http:\/\/museumek.eu\/?attachment_id=30153\" rel=\"attachment wp-att-30153\"><img loading=\"lazy\" src=\"http:\/\/museumek.eu\/wp-content\/uploads\/2014\/05\/Museum-Europ\u00e4ischer-Keramikkunst-438-300x255.jpg\" alt=\"\" title=\"Museum Europ\u00e4ischer Keramikkunst 438\" width=\"300\" height=\"255\" class=\"alignnone size-medium wp-image-30153\" srcset=\"http:\/\/museumek.eu\/wp-content\/uploads\/2014\/05\/Museum-Europ\u00e4ischer-Keramikkunst-438-300x255.jpg 300w, http:\/\/museumek.eu\/wp-content\/uploads\/2014\/05\/Museum-Europ\u00e4ischer-Keramikkunst-438-150x127.jpg 150w, http:\/\/museumek.eu\/wp-content\/uploads\/2014\/05\/Museum-Europ\u00e4ischer-Keramikkunst-438-352x300.jpg 352w, http:\/\/museumek.eu\/wp-content\/uploads\/2014\/05\/Museum-Europ\u00e4ischer-Keramikkunst-438.jpg 643w\" sizes=\"(max-width: 300px) 100vw, 300px\" \/><\/a><\/p>\n<p><a href=\"http:\/\/museumek.eu\/?attachment_id=30154\" rel=\"attachment wp-att-30154\"><img loading=\"lazy\" src=\"http:\/\/museumek.eu\/wp-content\/uploads\/2014\/05\/Museum-Europ\u00e4ischer-Keramikkunst-439-245x300.jpg\" alt=\"\" title=\"Museum Europ\u00e4ischer Keramikkunst 439\" width=\"245\" height=\"300\" class=\"alignnone size-medium wp-image-30154\" srcset=\"http:\/\/museumek.eu\/wp-content\/uploads\/2014\/05\/Museum-Europ\u00e4ischer-Keramikkunst-439-245x300.jpg 245w, http:\/\/museumek.eu\/wp-content\/uploads\/2014\/05\/Museum-Europ\u00e4ischer-Keramikkunst-439-122x150.jpg 122w, http:\/\/museumek.eu\/wp-content\/uploads\/2014\/05\/Museum-Europ\u00e4ischer-Keramikkunst-439.jpg 567w\" sizes=\"(max-width: 245px) 100vw, 245px\" \/><\/a><\/p>\n<p><a href=\"http:\/\/museumek.eu\/?attachment_id=30156\" rel=\"attachment wp-att-30156\"><img loading=\"lazy\" src=\"http:\/\/museumek.eu\/wp-content\/uploads\/2014\/05\/AAA-Hansa-Keramik-M.-H\u00f6ldl-bild-1-300x149.jpg\" alt=\"\" title=\"AAA Hansa Keramik M. H\u00f6ldl bild 1\" width=\"300\" height=\"149\" class=\"alignnone size-medium wp-image-30156\" srcset=\"http:\/\/museumek.eu\/wp-content\/uploads\/2014\/05\/AAA-Hansa-Keramik-M.-H\u00f6ldl-bild-1-300x149.jpg 300w, http:\/\/museumek.eu\/wp-content\/uploads\/2014\/05\/AAA-Hansa-Keramik-M.-H\u00f6ldl-bild-1-150x74.jpg 150w, http:\/\/museumek.eu\/wp-content\/uploads\/2014\/05\/AAA-Hansa-Keramik-M.-H\u00f6ldl-bild-1-1024x509.jpg 1024w, http:\/\/museumek.eu\/wp-content\/uploads\/2014\/05\/AAA-Hansa-Keramik-M.-H\u00f6ldl-bild-1-500x248.jpg 500w, http:\/\/museumek.eu\/wp-content\/uploads\/2014\/05\/AAA-Hansa-Keramik-M.-H\u00f6ldl-bild-1.jpg 1203w\" sizes=\"(max-width: 300px) 100vw, 300px\" \/><\/a><\/p>\n<p><a href=\"http:\/\/museumek.eu\/?attachment_id=30157\" rel=\"attachment wp-att-30157\"><img loading=\"lazy\" src=\"http:\/\/museumek.eu\/wp-content\/uploads\/2014\/05\/AAA-Hansa-Keramik-M.-H\u00f6ldl-Bild-2-287x300.jpg\" alt=\"\" title=\"AAA Hansa Keramik M. H\u00f6ldl Bild 2\" width=\"287\" height=\"300\" class=\"alignnone size-medium wp-image-30157\" srcset=\"http:\/\/museumek.eu\/wp-content\/uploads\/2014\/05\/AAA-Hansa-Keramik-M.-H\u00f6ldl-Bild-2-287x300.jpg 287w, http:\/\/museumek.eu\/wp-content\/uploads\/2014\/05\/AAA-Hansa-Keramik-M.-H\u00f6ldl-Bild-2-143x150.jpg 143w, http:\/\/museumek.eu\/wp-content\/uploads\/2014\/05\/AAA-Hansa-Keramik-M.-H\u00f6ldl-Bild-2.jpg 514w\" sizes=\"(max-width: 287px) 100vw, 287px\" \/><\/a><\/p>\n<p><a href=\"http:\/\/museumek.eu\/?attachment_id=30158\" rel=\"attachment wp-att-30158\"><img loading=\"lazy\" src=\"http:\/\/museumek.eu\/wp-content\/uploads\/2014\/05\/AAA-Hansa-Keramik-M.-H\u00f6ldl-bild-3-300x289.jpg\" alt=\"\" title=\"AAA Hansa Keramik M. H\u00f6ldl bild 3\" width=\"300\" height=\"289\" class=\"alignnone size-medium wp-image-30158\" srcset=\"http:\/\/museumek.eu\/wp-content\/uploads\/2014\/05\/AAA-Hansa-Keramik-M.-H\u00f6ldl-bild-3-300x289.jpg 300w, http:\/\/museumek.eu\/wp-content\/uploads\/2014\/05\/AAA-Hansa-Keramik-M.-H\u00f6ldl-bild-3-150x144.jpg 150w, http:\/\/museumek.eu\/wp-content\/uploads\/2014\/05\/AAA-Hansa-Keramik-M.-H\u00f6ldl-bild-3-310x300.jpg 310w, http:\/\/museumek.eu\/wp-content\/uploads\/2014\/05\/AAA-Hansa-Keramik-M.-H\u00f6ldl-bild-3.jpg 532w\" sizes=\"(max-width: 300px) 100vw, 300px\" \/><\/a><\/p>\n","protected":false},"excerpt":{"rendered":"<p>Abteilung Deutschland, Keramik 1860 \u2013 1960, Inventarnummer D\/LXXXIV\/\/2 Hansa-Gotha-Keramik Wilhelm Diebener, vormals Th\u00fcringer Ofen- und Wandplatten-Fabrik Hilmar Merten, vormals Th\u00fcringer Ofen- und Wandplatten-Fabrik Carl Merten und Nachf. Gotha-Keramik Wilh. Diebener, Deutschland, Gotha, um 1937, Figur Musikant, K\u00fcnstler M. H\u00d6LDL, Werks.-Nr. &hellip; <a href=\"http:\/\/museumek.eu\/?page_id=30151\">Weiterlesen <span class=\"meta-nav\">&rarr;<\/span><\/a><\/p>\n","protected":false},"author":1,"featured_media":0,"parent":23068,"menu_order":2,"comment_status":"closed","ping_status":"open","template":"","meta":[],"_links":{"self":[{"href":"http:\/\/museumek.eu\/index.php?rest_route=\/wp\/v2\/pages\/30151"}],"collection":[{"href":"http:\/\/museumek.eu\/index.php?rest_route=\/wp\/v2\/pages"}],"about":[{"href":"http:\/\/museumek.eu\/index.php?rest_route=\/wp\/v2\/types\/page"}],"author":[{"embeddable":true,"href":"http:\/\/museumek.eu\/index.php?rest_route=\/wp\/v2\/users\/1"}],"replies":[{"embeddable":true,"href":"http:\/\/museumek.eu\/index.php?rest_route=%2Fwp%2Fv2%2Fcomments&post=30151"}],"version-history":[{"count":6,"href":"http:\/\/museumek.eu\/index.php?rest_route=\/wp\/v2\/pages\/30151\/revisions"}],"predecessor-version":[{"id":57081,"href":"http:\/\/museumek.eu\/index.php?rest_route=\/wp\/v2\/pages\/30151\/revisions\/57081"}],"up":[{"embeddable":true,"href":"http:\/\/museumek.eu\/index.php?rest_route=\/wp\/v2\/pages\/23068"}],"wp:attachment":[{"href":"http:\/\/museumek.eu\/index.php?rest_route=%2Fwp%2Fv2%2Fmedia&parent=30151"}],"curies":[{"name":"wp","href":"https:\/\/api.w.org\/{rel}","templated":true}]}}