{"id":30199,"date":"2014-05-06T22:14:59","date_gmt":"2014-05-06T20:14:59","guid":{"rendered":"http:\/\/museumek.eu\/?page_id=30199"},"modified":"2014-05-06T22:16:30","modified_gmt":"2014-05-06T20:16:30","slug":"dlxxxii16","status":"publish","type":"page","link":"http:\/\/museumek.eu\/?page_id=30199","title":{"rendered":"D\/LXXXII\/16"},"content":{"rendered":"<p><strong>Abteilung Deutschland, Keramik 1860 \u2013 1960, Inventarnummer D\/LXXXII\/16<\/strong><\/p>\n<p>Westerw\u00e4lder Steinzeug ohne Fabrikzuordnung, Deutschland, Westerwald, um 1910, Seidel, K\u00fcnstler Ludwig Hohlwein, Werks.-Nr. 579, Exemplar Nr. ohne, gemarkt keine Fabrikmarke aber 579, 3 sowie 0,5 L \u00fcber Eichstrich gepresst, nicht signiert, Literatur: J\u00fcrgen Schimanski, Braun geflammt und blau gesalzen, Westerw\u00e4lder Steinzeug des Jugendstils, Seite 159, dort beschrieben, dass Hohlwein Entw\u00fcrfe f\u00fcr Marzi &#038; Remy, Reinhold Merkelbach und Merkelbach &#038; Wick lieferte,<br \/>\nH\u00f6he 12 cm, Breite 13,5 cm (nur die Keramik)<\/p>\n<p><a href=\"http:\/\/museumek.eu\/?attachment_id=30200\" rel=\"attachment wp-att-30200\"><img loading=\"lazy\" src=\"http:\/\/museumek.eu\/wp-content\/uploads\/2014\/05\/451-185x300.jpg\" alt=\"\" title=\"451\" width=\"185\" height=\"300\" class=\"alignnone size-medium wp-image-30200\" srcset=\"http:\/\/museumek.eu\/wp-content\/uploads\/2014\/05\/451-185x300.jpg 185w, http:\/\/museumek.eu\/wp-content\/uploads\/2014\/05\/451-92x150.jpg 92w, http:\/\/museumek.eu\/wp-content\/uploads\/2014\/05\/451.jpg 434w\" sizes=\"(max-width: 185px) 100vw, 185px\" \/><\/a><\/p>\n<p><a href=\"http:\/\/museumek.eu\/?attachment_id=30201\" rel=\"attachment wp-att-30201\"><img loading=\"lazy\" src=\"http:\/\/museumek.eu\/wp-content\/uploads\/2014\/05\/452-255x300.jpg\" alt=\"\" title=\"452\" width=\"255\" height=\"300\" class=\"alignnone size-medium wp-image-30201\" srcset=\"http:\/\/museumek.eu\/wp-content\/uploads\/2014\/05\/452-255x300.jpg 255w, http:\/\/museumek.eu\/wp-content\/uploads\/2014\/05\/452-127x150.jpg 127w, http:\/\/museumek.eu\/wp-content\/uploads\/2014\/05\/452.jpg 546w\" sizes=\"(max-width: 255px) 100vw, 255px\" \/><\/a><\/p>\n<p><a href=\"http:\/\/museumek.eu\/?attachment_id=30202\" rel=\"attachment wp-att-30202\"><img loading=\"lazy\" src=\"http:\/\/museumek.eu\/wp-content\/uploads\/2014\/05\/453-237x300.jpg\" alt=\"\" title=\"453\" width=\"237\" height=\"300\" class=\"alignnone size-medium wp-image-30202\" srcset=\"http:\/\/museumek.eu\/wp-content\/uploads\/2014\/05\/453-237x300.jpg 237w, http:\/\/museumek.eu\/wp-content\/uploads\/2014\/05\/453-118x150.jpg 118w, http:\/\/museumek.eu\/wp-content\/uploads\/2014\/05\/453.jpg 509w\" sizes=\"(max-width: 237px) 100vw, 237px\" \/><\/a><\/p>\n<p><a href=\"http:\/\/museumek.eu\/?attachment_id=30203\" rel=\"attachment wp-att-30203\"><img loading=\"lazy\" src=\"http:\/\/museumek.eu\/wp-content\/uploads\/2014\/05\/455-274x300.jpg\" alt=\"\" title=\"455\" width=\"274\" height=\"300\" class=\"alignnone size-medium wp-image-30203\" srcset=\"http:\/\/museumek.eu\/wp-content\/uploads\/2014\/05\/455-274x300.jpg 274w, http:\/\/museumek.eu\/wp-content\/uploads\/2014\/05\/455-137x150.jpg 137w, http:\/\/museumek.eu\/wp-content\/uploads\/2014\/05\/455.jpg 517w\" sizes=\"(max-width: 274px) 100vw, 274px\" \/><\/a><\/p>\n<p><a href=\"http:\/\/museumek.eu\/?attachment_id=30204\" rel=\"attachment wp-att-30204\"><img loading=\"lazy\" src=\"http:\/\/museumek.eu\/wp-content\/uploads\/2014\/05\/454-300x256.jpg\" alt=\"\" title=\"454\" width=\"300\" height=\"256\" class=\"alignnone size-medium wp-image-30204\" srcset=\"http:\/\/museumek.eu\/wp-content\/uploads\/2014\/05\/454-300x256.jpg 300w, http:\/\/museumek.eu\/wp-content\/uploads\/2014\/05\/454-150x128.jpg 150w, http:\/\/museumek.eu\/wp-content\/uploads\/2014\/05\/454-351x300.jpg 351w, http:\/\/museumek.eu\/wp-content\/uploads\/2014\/05\/454.jpg 440w\" sizes=\"(max-width: 300px) 100vw, 300px\" \/><\/a><\/p>\n<p><a href=\"http:\/\/museumek.eu\/?attachment_id=30205\" rel=\"attachment wp-att-30205\"><img loading=\"lazy\" src=\"http:\/\/museumek.eu\/wp-content\/uploads\/2014\/05\/456-174x300.jpg\" alt=\"\" title=\"456\" width=\"174\" height=\"300\" class=\"alignnone size-medium wp-image-30205\" srcset=\"http:\/\/museumek.eu\/wp-content\/uploads\/2014\/05\/456-174x300.jpg 174w, http:\/\/museumek.eu\/wp-content\/uploads\/2014\/05\/456-87x150.jpg 87w, http:\/\/museumek.eu\/wp-content\/uploads\/2014\/05\/456.jpg 231w\" sizes=\"(max-width: 174px) 100vw, 174px\" \/><\/a><\/p>\n","protected":false},"excerpt":{"rendered":"<p>Abteilung Deutschland, Keramik 1860 \u2013 1960, Inventarnummer D\/LXXXII\/16 Westerw\u00e4lder Steinzeug ohne Fabrikzuordnung, Deutschland, Westerwald, um 1910, Seidel, K\u00fcnstler Ludwig Hohlwein, Werks.-Nr. 579, Exemplar Nr. ohne, gemarkt keine Fabrikmarke aber 579, 3 sowie 0,5 L \u00fcber Eichstrich gepresst, nicht signiert, Literatur: &hellip; <a href=\"http:\/\/museumek.eu\/?page_id=30199\">Weiterlesen <span class=\"meta-nav\">&rarr;<\/span><\/a><\/p>\n","protected":false},"author":1,"featured_media":0,"parent":27686,"menu_order":16,"comment_status":"closed","ping_status":"open","template":"","meta":[],"_links":{"self":[{"href":"http:\/\/museumek.eu\/index.php?rest_route=\/wp\/v2\/pages\/30199"}],"collection":[{"href":"http:\/\/museumek.eu\/index.php?rest_route=\/wp\/v2\/pages"}],"about":[{"href":"http:\/\/museumek.eu\/index.php?rest_route=\/wp\/v2\/types\/page"}],"author":[{"embeddable":true,"href":"http:\/\/museumek.eu\/index.php?rest_route=\/wp\/v2\/users\/1"}],"replies":[{"embeddable":true,"href":"http:\/\/museumek.eu\/index.php?rest_route=%2Fwp%2Fv2%2Fcomments&post=30199"}],"version-history":[{"count":6,"href":"http:\/\/museumek.eu\/index.php?rest_route=\/wp\/v2\/pages\/30199\/revisions"}],"predecessor-version":[{"id":30211,"href":"http:\/\/museumek.eu\/index.php?rest_route=\/wp\/v2\/pages\/30199\/revisions\/30211"}],"up":[{"embeddable":true,"href":"http:\/\/museumek.eu\/index.php?rest_route=\/wp\/v2\/pages\/27686"}],"wp:attachment":[{"href":"http:\/\/museumek.eu\/index.php?rest_route=%2Fwp%2Fv2%2Fmedia&parent=30199"}],"curies":[{"name":"wp","href":"https:\/\/api.w.org\/{rel}","templated":true}]}}