{"id":30371,"date":"2014-05-13T21:15:36","date_gmt":"2014-05-13T19:15:36","guid":{"rendered":"http:\/\/museumek.eu\/?page_id=30371"},"modified":"2015-01-03T19:17:47","modified_gmt":"2015-01-03T18:17:47","slug":"dxlviii7","status":"publish","type":"page","link":"http:\/\/museumek.eu\/?page_id=30371","title":{"rendered":"D\/XLVIII\/7"},"content":{"rendered":"<p><strong>Abteilung Deutschland, Keramik 1860 \u2013 1960, Inventarnummer D\/XLVIII\/7<\/strong><\/p>\n<p>Albert Jacob Thewalt, Fabrik fein verzierter Steinzeugwaren, Deutschland, H\u00f6hr, um 1920, Seidel, K\u00fcnstler Wilhelm Kamp (attr.), Werks.-Nr. 964, Exemplar Nr. ohne, gemarkt keine Firmenmarke, 964. mit gegossen oder aufgelegt, 3 sowie 4 geritzt, 0,5 L. \u00fcber Eichstrich gepresst, nicht signiert, Literatur: J\u00fcrgen Schimanski, Braun geflammt und grau gesalzen, Seite 226, Beschreibung der Fabrik, Beschreibung sowie Beschreibung, dass fast alle Entw\u00fcrfe von Wilhelm Anton Kamp stammen, die Signatur K oder WK verweist auf den Hauptentwerfer der Fabrik Wilhelm Anton Kamp, der zweite Sohn von Joahnn Peter Thewalt jr., Albert Jacob Thewalt (1857 \u2013 1939) gr\u00fcndete 1882 zusammen mit seinem Schwager Jean Paulus die keramische Fabrik Paulus und Thewalt, trennt sich dann von Jean Paulus und gr\u00fcndet 1894 seine eigene Fabrik, die als Albert Jacob Thewalt, Fabrik fein verzierter Steinzeugwaren firmiert, nach Albert Jacobs\u2019s Tod f\u00fchren sein Sohn Albert Johann Thewalt und danach sein Enkel Albert Jakob Thewalt die Fabrik fort, K\u00fcnstlerzuschreibung: Wilhelm Anton Kamp trat 1897 in die Fabrik ein und schuf rund 800 Entw\u00fcrfe,<br \/>\nH\u00f6he 15,5 cm, Breite 11,5 cm (nur die Keramik)<\/p>\n<p><a href=\"http:\/\/museumek.eu\/?attachment_id=30372\" rel=\"attachment wp-att-30372\"><img loading=\"lazy\" src=\"http:\/\/museumek.eu\/wp-content\/uploads\/2014\/05\/259-156x300.jpg\" alt=\"\" title=\"259\" width=\"156\" height=\"300\" class=\"alignnone size-medium wp-image-30372\" srcset=\"http:\/\/museumek.eu\/wp-content\/uploads\/2014\/05\/259-156x300.jpg 156w, http:\/\/museumek.eu\/wp-content\/uploads\/2014\/05\/259-78x150.jpg 78w, http:\/\/museumek.eu\/wp-content\/uploads\/2014\/05\/259.jpg 395w\" sizes=\"(max-width: 156px) 100vw, 156px\" \/><\/a><\/p>\n<p><a href=\"http:\/\/museumek.eu\/?attachment_id=30373\" rel=\"attachment wp-att-30373\"><img loading=\"lazy\" src=\"http:\/\/museumek.eu\/wp-content\/uploads\/2014\/05\/260-181x300.jpg\" alt=\"\" title=\"260\" width=\"181\" height=\"300\" class=\"alignnone size-medium wp-image-30373\" srcset=\"http:\/\/museumek.eu\/wp-content\/uploads\/2014\/05\/260-181x300.jpg 181w, http:\/\/museumek.eu\/wp-content\/uploads\/2014\/05\/260-90x150.jpg 90w, http:\/\/museumek.eu\/wp-content\/uploads\/2014\/05\/260.jpg 419w\" sizes=\"(max-width: 181px) 100vw, 181px\" \/><\/a><\/p>\n<p><a href=\"http:\/\/museumek.eu\/?attachment_id=30374\" rel=\"attachment wp-att-30374\"><img loading=\"lazy\" src=\"http:\/\/museumek.eu\/wp-content\/uploads\/2014\/05\/261-193x300.jpg\" alt=\"\" title=\"261\" width=\"193\" height=\"300\" class=\"alignnone size-medium wp-image-30374\" srcset=\"http:\/\/museumek.eu\/wp-content\/uploads\/2014\/05\/261-193x300.jpg 193w, http:\/\/museumek.eu\/wp-content\/uploads\/2014\/05\/261-96x150.jpg 96w, http:\/\/museumek.eu\/wp-content\/uploads\/2014\/05\/261.jpg 450w\" sizes=\"(max-width: 193px) 100vw, 193px\" \/><\/a><\/p>\n<p><a href=\"http:\/\/museumek.eu\/?attachment_id=30375\" rel=\"attachment wp-att-30375\"><img loading=\"lazy\" src=\"http:\/\/museumek.eu\/wp-content\/uploads\/2014\/05\/262.jpg\" alt=\"\" title=\"262\" width=\"249\" height=\"231\" class=\"alignnone size-full wp-image-30375\" srcset=\"http:\/\/museumek.eu\/wp-content\/uploads\/2014\/05\/262.jpg 249w, http:\/\/museumek.eu\/wp-content\/uploads\/2014\/05\/262-150x139.jpg 150w\" sizes=\"(max-width: 249px) 100vw, 249px\" \/><\/a><\/p>\n<p><a href=\"http:\/\/museumek.eu\/?attachment_id=30376\" rel=\"attachment wp-att-30376\"><img loading=\"lazy\" src=\"http:\/\/museumek.eu\/wp-content\/uploads\/2014\/05\/263-276x300.jpg\" alt=\"\" title=\"263\" width=\"276\" height=\"300\" class=\"alignnone size-medium wp-image-30376\" srcset=\"http:\/\/museumek.eu\/wp-content\/uploads\/2014\/05\/263-276x300.jpg 276w, http:\/\/museumek.eu\/wp-content\/uploads\/2014\/05\/263-138x150.jpg 138w, http:\/\/museumek.eu\/wp-content\/uploads\/2014\/05\/263.jpg 384w\" sizes=\"(max-width: 276px) 100vw, 276px\" \/><\/a><\/p>\n<p><a href=\"http:\/\/museumek.eu\/?attachment_id=30377\" rel=\"attachment wp-att-30377\"><img loading=\"lazy\" src=\"http:\/\/museumek.eu\/wp-content\/uploads\/2014\/05\/264-210x300.jpg\" alt=\"\" title=\"264\" width=\"210\" height=\"300\" class=\"alignnone size-medium wp-image-30377\" srcset=\"http:\/\/museumek.eu\/wp-content\/uploads\/2014\/05\/264-210x300.jpg 210w, http:\/\/museumek.eu\/wp-content\/uploads\/2014\/05\/264-105x150.jpg 105w, http:\/\/museumek.eu\/wp-content\/uploads\/2014\/05\/264.jpg 237w\" sizes=\"(max-width: 210px) 100vw, 210px\" \/><\/a><\/p>\n<p><a href=\"http:\/\/museumek.eu\/?attachment_id=30378\" rel=\"attachment wp-att-30378\"><img loading=\"lazy\" src=\"http:\/\/museumek.eu\/wp-content\/uploads\/2014\/05\/265-241x300.jpg\" alt=\"\" title=\"265\" width=\"241\" height=\"300\" class=\"alignnone size-medium wp-image-30378\" srcset=\"http:\/\/museumek.eu\/wp-content\/uploads\/2014\/05\/265-241x300.jpg 241w, http:\/\/museumek.eu\/wp-content\/uploads\/2014\/05\/265-120x150.jpg 120w, http:\/\/museumek.eu\/wp-content\/uploads\/2014\/05\/265.jpg 321w\" sizes=\"(max-width: 241px) 100vw, 241px\" \/><\/a><\/p>\n","protected":false},"excerpt":{"rendered":"<p>Abteilung Deutschland, Keramik 1860 \u2013 1960, Inventarnummer D\/XLVIII\/7 Albert Jacob Thewalt, Fabrik fein verzierter Steinzeugwaren, Deutschland, H\u00f6hr, um 1920, Seidel, K\u00fcnstler Wilhelm Kamp (attr.), Werks.-Nr. 964, Exemplar Nr. ohne, gemarkt keine Firmenmarke, 964. mit gegossen oder aufgelegt, 3 sowie 4 &hellip; <a href=\"http:\/\/museumek.eu\/?page_id=30371\">Weiterlesen <span class=\"meta-nav\">&rarr;<\/span><\/a><\/p>\n","protected":false},"author":1,"featured_media":0,"parent":11506,"menu_order":7,"comment_status":"closed","ping_status":"open","template":"","meta":[],"_links":{"self":[{"href":"http:\/\/museumek.eu\/index.php?rest_route=\/wp\/v2\/pages\/30371"}],"collection":[{"href":"http:\/\/museumek.eu\/index.php?rest_route=\/wp\/v2\/pages"}],"about":[{"href":"http:\/\/museumek.eu\/index.php?rest_route=\/wp\/v2\/types\/page"}],"author":[{"embeddable":true,"href":"http:\/\/museumek.eu\/index.php?rest_route=\/wp\/v2\/users\/1"}],"replies":[{"embeddable":true,"href":"http:\/\/museumek.eu\/index.php?rest_route=%2Fwp%2Fv2%2Fcomments&post=30371"}],"version-history":[{"count":8,"href":"http:\/\/museumek.eu\/index.php?rest_route=\/wp\/v2\/pages\/30371\/revisions"}],"predecessor-version":[{"id":35713,"href":"http:\/\/museumek.eu\/index.php?rest_route=\/wp\/v2\/pages\/30371\/revisions\/35713"}],"up":[{"embeddable":true,"href":"http:\/\/museumek.eu\/index.php?rest_route=\/wp\/v2\/pages\/11506"}],"wp:attachment":[{"href":"http:\/\/museumek.eu\/index.php?rest_route=%2Fwp%2Fv2%2Fmedia&parent=30371"}],"curies":[{"name":"wp","href":"https:\/\/api.w.org\/{rel}","templated":true}]}}