{"id":30536,"date":"2014-05-17T22:55:47","date_gmt":"2014-05-17T20:55:47","guid":{"rendered":"http:\/\/museumek.eu\/?page_id=30536"},"modified":"2014-05-17T22:55:47","modified_gmt":"2014-05-17T20:55:47","slug":"fotos-und-beschreibung","status":"publish","type":"page","link":"http:\/\/museumek.eu\/?page_id=30536","title":{"rendered":"Fotos und Beschreibung"},"content":{"rendered":"<p><strong>Abteilung Deutschland, Keramik 1860 \u2013 1960, Inventarnummer D\/CXII\/1<\/strong><\/p>\n<p>Laboratorium f\u00fcr Kunstemail und Kunstkeramik Theodor Keerl und Nachfolger Bayerische Kunst-Keramik Keerl &#038; Schumann GmbH, Deutschland, Landshut und Arzberg, 1903 -1921, Vase, K\u00fcnstler Theodor Keerl, Werks.-Nr. 2\/IV, Exemplar Nr. ohne, gemarkt Firmenmarke TKLL (davon ein L gespiegelt) f\u00fcr Theodor Keerl Landshut Laboratorium ligiert gepresst, 2\/IV geritzt, nicht signiert, Literatur: Gisela Reineking von Bock, Meister der deutschen Keramik 1900 bis 1950, Seite 178, Beschreibung der Werkstatt sowie Seite 323, Marke Nr. 106 identisch (dort als Laboratorium Keerl, Landshut gef\u00fchrt), weitere Literatur: Jana Kybalov\u00e1, Keramikmarken aus aller Welt, Marke Nr. 1555 identisch (dort als Bayerische Kunstkeramik Keerl &#038; Schumann G.m.b.H., Arzberg gef\u00fchrt, Theodor Keerl gr\u00fcndete 1903 in Landshut eine Keramikwerkstatt, er firmierte als Laboratorium f\u00fcr Kunstemail und Kunstkeramik Theodor Keerl, 1921 verlegte er aus finanziellen Gr\u00fcnden die Werkstatt nach Arzberg und gr\u00fcndete am 04.12.1921 zusammen mit dem Porzellanfabrikanten Carl Schumann und dessen Sohn Karl Schumann die Bayerische Kunst-Keramik Keerl &#038; Schumann GmbH auf dem Gel\u00e4nde der Arzberger Porzellanfabrik, ob Keerl zu diesem Zeitpunkt die o. g. Firmenmarke \u00e4nderte ist nicht bekannt, zwischen 1934 und 1937 wurde die Produktion eingestellt und die GmbH aufgel\u00f6st, siehe auch Auktionshaus Quittenbaum, Auktion 108, Jugendstil \u2013 Art Deco \u2013 Moderne Kunst, vom 14.\/15.04.2013, Lot 643, gr\u00f6\u00dfere Vase in \u00e4hnlicher Farbgebung, angenommenes Herstellungsjahr, um 1920, H\u00f6he 7,5 cm, Breite 13 cm<\/p>\n<p><a href=\"http:\/\/museumek.eu\/?attachment_id=30523\" rel=\"attachment wp-att-30523\"><img loading=\"lazy\" src=\"http:\/\/museumek.eu\/wp-content\/uploads\/2014\/05\/432-300x241.jpg\" alt=\"\" title=\"432\" width=\"300\" height=\"241\" class=\"alignnone size-medium wp-image-30523\" srcset=\"http:\/\/museumek.eu\/wp-content\/uploads\/2014\/05\/432-300x241.jpg 300w, http:\/\/museumek.eu\/wp-content\/uploads\/2014\/05\/432-150x120.jpg 150w, http:\/\/museumek.eu\/wp-content\/uploads\/2014\/05\/432-372x300.jpg 372w, http:\/\/museumek.eu\/wp-content\/uploads\/2014\/05\/432.jpg 558w\" sizes=\"(max-width: 300px) 100vw, 300px\" \/><\/a><\/p>\n<p><a href=\"http:\/\/museumek.eu\/?attachment_id=30529\" rel=\"attachment wp-att-30529\"><img loading=\"lazy\" src=\"http:\/\/museumek.eu\/wp-content\/uploads\/2014\/05\/4331-249x300.jpg\" alt=\"\" title=\"433\" width=\"249\" height=\"300\" class=\"alignnone size-medium wp-image-30529\" srcset=\"http:\/\/museumek.eu\/wp-content\/uploads\/2014\/05\/4331-249x300.jpg 249w, http:\/\/museumek.eu\/wp-content\/uploads\/2014\/05\/4331-124x150.jpg 124w, http:\/\/museumek.eu\/wp-content\/uploads\/2014\/05\/4331.jpg 453w\" sizes=\"(max-width: 249px) 100vw, 249px\" \/><\/a><\/p>\n<p><a href=\"http:\/\/museumek.eu\/?attachment_id=30530\" rel=\"attachment wp-att-30530\"><img loading=\"lazy\" src=\"http:\/\/museumek.eu\/wp-content\/uploads\/2014\/05\/AAAAA-Keerl-4-300x196.jpg\" alt=\"\" title=\"AAAAA Keerl 4\" width=\"300\" height=\"196\" class=\"alignnone size-medium wp-image-30530\" srcset=\"http:\/\/museumek.eu\/wp-content\/uploads\/2014\/05\/AAAAA-Keerl-4-300x196.jpg 300w, http:\/\/museumek.eu\/wp-content\/uploads\/2014\/05\/AAAAA-Keerl-4-150x98.jpg 150w, http:\/\/museumek.eu\/wp-content\/uploads\/2014\/05\/AAAAA-Keerl-4-457x300.jpg 457w, http:\/\/museumek.eu\/wp-content\/uploads\/2014\/05\/AAAAA-Keerl-4.jpg 605w\" sizes=\"(max-width: 300px) 100vw, 300px\" \/><\/a><\/p>\n","protected":false},"excerpt":{"rendered":"<p>Abteilung Deutschland, Keramik 1860 \u2013 1960, Inventarnummer D\/CXII\/1 Laboratorium f\u00fcr Kunstemail und Kunstkeramik Theodor Keerl und Nachfolger Bayerische Kunst-Keramik Keerl &#038; Schumann GmbH, Deutschland, Landshut und Arzberg, 1903 -1921, Vase, K\u00fcnstler Theodor Keerl, Werks.-Nr. 2\/IV, Exemplar Nr. ohne, gemarkt Firmenmarke &hellip; <a href=\"http:\/\/museumek.eu\/?page_id=30536\">Weiterlesen <span class=\"meta-nav\">&rarr;<\/span><\/a><\/p>\n","protected":false},"author":1,"featured_media":0,"parent":30533,"menu_order":1,"comment_status":"closed","ping_status":"open","template":"","meta":[],"_links":{"self":[{"href":"http:\/\/museumek.eu\/index.php?rest_route=\/wp\/v2\/pages\/30536"}],"collection":[{"href":"http:\/\/museumek.eu\/index.php?rest_route=\/wp\/v2\/pages"}],"about":[{"href":"http:\/\/museumek.eu\/index.php?rest_route=\/wp\/v2\/types\/page"}],"author":[{"embeddable":true,"href":"http:\/\/museumek.eu\/index.php?rest_route=\/wp\/v2\/users\/1"}],"replies":[{"embeddable":true,"href":"http:\/\/museumek.eu\/index.php?rest_route=%2Fwp%2Fv2%2Fcomments&post=30536"}],"version-history":[{"count":4,"href":"http:\/\/museumek.eu\/index.php?rest_route=\/wp\/v2\/pages\/30536\/revisions"}],"predecessor-version":[{"id":30540,"href":"http:\/\/museumek.eu\/index.php?rest_route=\/wp\/v2\/pages\/30536\/revisions\/30540"}],"up":[{"embeddable":true,"href":"http:\/\/museumek.eu\/index.php?rest_route=\/wp\/v2\/pages\/30533"}],"wp:attachment":[{"href":"http:\/\/museumek.eu\/index.php?rest_route=%2Fwp%2Fv2%2Fmedia&parent=30536"}],"curies":[{"name":"wp","href":"https:\/\/api.w.org\/{rel}","templated":true}]}}