{"id":30592,"date":"2014-05-18T16:09:04","date_gmt":"2014-05-18T14:09:04","guid":{"rendered":"http:\/\/museumek.eu\/?page_id=30592"},"modified":"2014-05-18T16:09:52","modified_gmt":"2014-05-18T14:09:52","slug":"di8","status":"publish","type":"page","link":"http:\/\/museumek.eu\/?page_id=30592","title":{"rendered":"D\/I\/8"},"content":{"rendered":"<p><strong>Abteilung Deutschland, Keramik 1860 \u2013 1960, Inventarnummer D\/I\/8<\/strong><\/p>\n<p>Neuhaldensleber Majolika- und Terrakottafabrik Waldemar Stahlknecht vormals Porzellan-, Steingut,- Majolika- und Terrakottafabrik Hugo Lonitz, Deutschland, Neuhaldensleben, Jugendstilvase, K\u00fcnstler unbekannt, Werks.-Nr. 2465, Exemplar Nr. ohne, gemarkt Firmenmarke mit Stahlknecht in einem Kreis, 2465 sowie zwei nicht lesbare Zahlen gepresst, f geritzt, nicht signiert, Literatur: Heinrich Pudor, Dokumente zum Jugendstil, Modernes Kunstgewerbe 1902 -1908, Seite 243, Fabrikbeschreibung, 1868 Gr\u00fcndung der keramischen Werkstatt Hugo Lonitz in Neuhaldensleben evtl. mit stillen Teilhabern (Marke H. Lonitz in einem Rechteck), ab 1886 Firmierung als Porzellan-, Steingut,- Majolika- und Terrakottafabrik Hugo Lonitz &#038; Co. bis 1904 (ab 1875 Marke zwei gegenst\u00e4ndige Fische in einem Kreis oder einem Oval) gepresst, 1904 \u00dcbergang auf Neuhaldenslebener Majolika- und Terrakottafabrik Waldemar Stahlknecht (Marke Stahlknecht in einem Kreis), H\u00f6he 19 cm, Breite 9,5 cm<\/p>\n<p><a href=\"http:\/\/museumek.eu\/?attachment_id=30593\" rel=\"attachment wp-att-30593\"><img loading=\"lazy\" src=\"http:\/\/museumek.eu\/wp-content\/uploads\/2014\/05\/507-160x300.jpg\" alt=\"\" title=\"507\" width=\"160\" height=\"300\" class=\"alignnone size-medium wp-image-30593\" srcset=\"http:\/\/museumek.eu\/wp-content\/uploads\/2014\/05\/507-160x300.jpg 160w, http:\/\/museumek.eu\/wp-content\/uploads\/2014\/05\/507-80x150.jpg 80w, http:\/\/museumek.eu\/wp-content\/uploads\/2014\/05\/507.jpg 379w\" sizes=\"(max-width: 160px) 100vw, 160px\" \/><\/a><\/p>\n<p><a href=\"http:\/\/museumek.eu\/?attachment_id=30594\" rel=\"attachment wp-att-30594\"><img loading=\"lazy\" src=\"http:\/\/museumek.eu\/wp-content\/uploads\/2014\/05\/508-151x300.jpg\" alt=\"\" title=\"508\" width=\"151\" height=\"300\" class=\"alignnone size-medium wp-image-30594\" srcset=\"http:\/\/museumek.eu\/wp-content\/uploads\/2014\/05\/508-151x300.jpg 151w, http:\/\/museumek.eu\/wp-content\/uploads\/2014\/05\/508-75x150.jpg 75w\" sizes=\"(max-width: 151px) 100vw, 151px\" \/><\/a><\/p>\n<p><a href=\"http:\/\/museumek.eu\/?attachment_id=30595\" rel=\"attachment wp-att-30595\"><img loading=\"lazy\" src=\"http:\/\/museumek.eu\/wp-content\/uploads\/2014\/05\/509-300x222.jpg\" alt=\"\" title=\"509\" width=\"300\" height=\"222\" class=\"alignnone size-medium wp-image-30595\" srcset=\"http:\/\/museumek.eu\/wp-content\/uploads\/2014\/05\/509-300x222.jpg 300w, http:\/\/museumek.eu\/wp-content\/uploads\/2014\/05\/509-150x111.jpg 150w, http:\/\/museumek.eu\/wp-content\/uploads\/2014\/05\/509-404x300.jpg 404w, http:\/\/museumek.eu\/wp-content\/uploads\/2014\/05\/509.jpg 800w\" sizes=\"(max-width: 300px) 100vw, 300px\" \/><\/a><\/p>\n<p><a href=\"http:\/\/museumek.eu\/?attachment_id=30596\" rel=\"attachment wp-att-30596\"><img loading=\"lazy\" src=\"http:\/\/museumek.eu\/wp-content\/uploads\/2014\/05\/510-217x300.jpg\" alt=\"\" title=\"510\" width=\"217\" height=\"300\" class=\"alignnone size-medium wp-image-30596\" srcset=\"http:\/\/museumek.eu\/wp-content\/uploads\/2014\/05\/510-217x300.jpg 217w, http:\/\/museumek.eu\/wp-content\/uploads\/2014\/05\/510-108x150.jpg 108w, http:\/\/museumek.eu\/wp-content\/uploads\/2014\/05\/510.jpg 579w\" sizes=\"(max-width: 217px) 100vw, 217px\" \/><\/a><\/p>\n","protected":false},"excerpt":{"rendered":"<p>Abteilung Deutschland, Keramik 1860 \u2013 1960, Inventarnummer D\/I\/8 Neuhaldensleber Majolika- und Terrakottafabrik Waldemar Stahlknecht vormals Porzellan-, Steingut,- Majolika- und Terrakottafabrik Hugo Lonitz, Deutschland, Neuhaldensleben, Jugendstilvase, K\u00fcnstler unbekannt, Werks.-Nr. 2465, Exemplar Nr. ohne, gemarkt Firmenmarke mit Stahlknecht in einem Kreis, 2465 &hellip; <a href=\"http:\/\/museumek.eu\/?page_id=30592\">Weiterlesen <span class=\"meta-nav\">&rarr;<\/span><\/a><\/p>\n","protected":false},"author":1,"featured_media":0,"parent":1786,"menu_order":8,"comment_status":"closed","ping_status":"open","template":"","meta":[],"_links":{"self":[{"href":"http:\/\/museumek.eu\/index.php?rest_route=\/wp\/v2\/pages\/30592"}],"collection":[{"href":"http:\/\/museumek.eu\/index.php?rest_route=\/wp\/v2\/pages"}],"about":[{"href":"http:\/\/museumek.eu\/index.php?rest_route=\/wp\/v2\/types\/page"}],"author":[{"embeddable":true,"href":"http:\/\/museumek.eu\/index.php?rest_route=\/wp\/v2\/users\/1"}],"replies":[{"embeddable":true,"href":"http:\/\/museumek.eu\/index.php?rest_route=%2Fwp%2Fv2%2Fcomments&post=30592"}],"version-history":[{"count":6,"href":"http:\/\/museumek.eu\/index.php?rest_route=\/wp\/v2\/pages\/30592\/revisions"}],"predecessor-version":[{"id":30602,"href":"http:\/\/museumek.eu\/index.php?rest_route=\/wp\/v2\/pages\/30592\/revisions\/30602"}],"up":[{"embeddable":true,"href":"http:\/\/museumek.eu\/index.php?rest_route=\/wp\/v2\/pages\/1786"}],"wp:attachment":[{"href":"http:\/\/museumek.eu\/index.php?rest_route=%2Fwp%2Fv2%2Fmedia&parent=30592"}],"curies":[{"name":"wp","href":"https:\/\/api.w.org\/{rel}","templated":true}]}}