{"id":30648,"date":"2014-05-19T21:19:52","date_gmt":"2014-05-19T19:19:52","guid":{"rendered":"http:\/\/museumek.eu\/?page_id=30648"},"modified":"2015-01-03T19:15:44","modified_gmt":"2015-01-03T18:15:44","slug":"dxlviii8","status":"publish","type":"page","link":"http:\/\/museumek.eu\/?page_id=30648","title":{"rendered":"D\/XLVIII\/8"},"content":{"rendered":"<p><strong>Abteilung Deutschland, Keramik 1860 \u2013 1960, Inventarnummer D\/XLVIII\/8<\/strong><\/p>\n<p>Albert Jacob Thewalt, Fabrik fein verzierter Steinzeugwaren, Deutschland, H\u00f6hr, um 1900, Krug, K\u00fcnstler Wilhelm Kamp (attr.), Werks.-Nr. ohne, Exemplar Nr. ohne, gemarkt Firmenmarke mit A T und \u00fcber dem T ein Punkt, dieser besagt folgendes: im alten Schreibduktus wurde I und J oft gleich gesetzt, um den Buchstaben I bzw. J kenntlich zu machen, wurde dar\u00fcber ein Punkt gesetzt, Beispiel: ein senkrechter Strich mit einem Punkt dar\u00fcber bedeutet Buchstabe I oder bei Gleichsetzung auch J, insofern versteckt sich in der Marke beim Buchstabe T auch das J, somit ist der Sinn des Punktes ermittelt, so dass die Marke als AJT f\u00fcr Albert Jacob Thewalt zu lesen ist, GERMANY, H sowie 1 L. \u00fcber Eichstrich gepresst, nicht gedeutetes Zeichen geritzt, nicht signiert, Literatur: J\u00fcrgen Schimanski, Braun geflammt und grau gesalzen, Seite 226, Beschreibung der Fabrik, Beschreibung, dass fast alle Entw\u00fcrfe von Wilhelm Anton Kamp stammen sowie Marke Nr. 43 identisch, der zweite Sohn von Joahnn Peter Thewalt jr., Albert Jacob Thewalt (1857 \u2013 1939) gr\u00fcndete 1882 zusammen mit seinem Schwager Jean Paulus die keramische Fabrik Paulus und Thewalt, trennt sich dann von Jean Paulus und gr\u00fcndet 1894 seine eigene Fabrik, die als Albert Jacob Thewalt, Fabrik fein verzierter Steinzeugwaren firmiert, nach Albert Jacobs\u2019s Tod f\u00fchren sein Sohn Albert Johann Thewalt und danach sein Enkel Albert Jakob Thewalt die Fabrik fort, K\u00fcnstlerzuschreibung: Wilhelm Anton Kamp trat 1897 in die Fabrik ein und schuf rund 800 Entw\u00fcrfe, H\u00f6he 22 cm, Breite 15,5 cm<\/p>\n<p><a href=\"http:\/\/museumek.eu\/?attachment_id=30649\" rel=\"attachment wp-att-30649\"><img loading=\"lazy\" src=\"http:\/\/museumek.eu\/wp-content\/uploads\/2014\/05\/547-154x300.jpg\" alt=\"\" title=\"547\" width=\"154\" height=\"300\" class=\"alignnone size-medium wp-image-30649\" srcset=\"http:\/\/museumek.eu\/wp-content\/uploads\/2014\/05\/547-154x300.jpg 154w, http:\/\/museumek.eu\/wp-content\/uploads\/2014\/05\/547-77x150.jpg 77w, http:\/\/museumek.eu\/wp-content\/uploads\/2014\/05\/547.jpg 351w\" sizes=\"(max-width: 154px) 100vw, 154px\" \/><\/a><\/p>\n<p><a href=\"http:\/\/museumek.eu\/?attachment_id=30650\" rel=\"attachment wp-att-30650\"><img loading=\"lazy\" src=\"http:\/\/museumek.eu\/wp-content\/uploads\/2014\/05\/548-192x300.jpg\" alt=\"\" title=\"548\" width=\"192\" height=\"300\" class=\"alignnone size-medium wp-image-30650\" srcset=\"http:\/\/museumek.eu\/wp-content\/uploads\/2014\/05\/548-192x300.jpg 192w, http:\/\/museumek.eu\/wp-content\/uploads\/2014\/05\/548-96x150.jpg 96w, http:\/\/museumek.eu\/wp-content\/uploads\/2014\/05\/548.jpg 457w\" sizes=\"(max-width: 192px) 100vw, 192px\" \/><\/a><\/p>\n<p><a href=\"http:\/\/museumek.eu\/?attachment_id=30651\" rel=\"attachment wp-att-30651\"><img loading=\"lazy\" src=\"http:\/\/museumek.eu\/wp-content\/uploads\/2014\/05\/549-174x300.jpg\" alt=\"\" title=\"549\" width=\"174\" height=\"300\" class=\"alignnone size-medium wp-image-30651\" srcset=\"http:\/\/museumek.eu\/wp-content\/uploads\/2014\/05\/549-174x300.jpg 174w, http:\/\/museumek.eu\/wp-content\/uploads\/2014\/05\/549-87x150.jpg 87w, http:\/\/museumek.eu\/wp-content\/uploads\/2014\/05\/549.jpg 425w\" sizes=\"(max-width: 174px) 100vw, 174px\" \/><\/a><\/p>\n<p><a href=\"http:\/\/museumek.eu\/?attachment_id=30652\" rel=\"attachment wp-att-30652\"><img loading=\"lazy\" src=\"http:\/\/museumek.eu\/wp-content\/uploads\/2014\/05\/550-293x300.jpg\" alt=\"\" title=\"550\" width=\"293\" height=\"300\" class=\"alignnone size-medium wp-image-30652\" srcset=\"http:\/\/museumek.eu\/wp-content\/uploads\/2014\/05\/550-293x300.jpg 293w, http:\/\/museumek.eu\/wp-content\/uploads\/2014\/05\/550-146x150.jpg 146w, http:\/\/museumek.eu\/wp-content\/uploads\/2014\/05\/550.jpg 600w\" sizes=\"(max-width: 293px) 100vw, 293px\" \/><\/a><\/p>\n<p><a href=\"http:\/\/museumek.eu\/?attachment_id=30653\" rel=\"attachment wp-att-30653\"><img loading=\"lazy\" src=\"http:\/\/museumek.eu\/wp-content\/uploads\/2014\/05\/551-300x224.jpg\" alt=\"\" title=\"551\" width=\"300\" height=\"224\" class=\"alignnone size-medium wp-image-30653\" srcset=\"http:\/\/museumek.eu\/wp-content\/uploads\/2014\/05\/551-300x224.jpg 300w, http:\/\/museumek.eu\/wp-content\/uploads\/2014\/05\/551-150x112.jpg 150w, http:\/\/museumek.eu\/wp-content\/uploads\/2014\/05\/551-400x300.jpg 400w, http:\/\/museumek.eu\/wp-content\/uploads\/2014\/05\/551.jpg 800w\" sizes=\"(max-width: 300px) 100vw, 300px\" \/><\/a><\/p>\n","protected":false},"excerpt":{"rendered":"<p>Abteilung Deutschland, Keramik 1860 \u2013 1960, Inventarnummer D\/XLVIII\/8 Albert Jacob Thewalt, Fabrik fein verzierter Steinzeugwaren, Deutschland, H\u00f6hr, um 1900, Krug, K\u00fcnstler Wilhelm Kamp (attr.), Werks.-Nr. ohne, Exemplar Nr. ohne, gemarkt Firmenmarke mit A T und \u00fcber dem T ein Punkt, &hellip; <a href=\"http:\/\/museumek.eu\/?page_id=30648\">Weiterlesen <span class=\"meta-nav\">&rarr;<\/span><\/a><\/p>\n","protected":false},"author":1,"featured_media":0,"parent":11506,"menu_order":8,"comment_status":"closed","ping_status":"open","template":"","meta":[],"_links":{"self":[{"href":"http:\/\/museumek.eu\/index.php?rest_route=\/wp\/v2\/pages\/30648"}],"collection":[{"href":"http:\/\/museumek.eu\/index.php?rest_route=\/wp\/v2\/pages"}],"about":[{"href":"http:\/\/museumek.eu\/index.php?rest_route=\/wp\/v2\/types\/page"}],"author":[{"embeddable":true,"href":"http:\/\/museumek.eu\/index.php?rest_route=\/wp\/v2\/users\/1"}],"replies":[{"embeddable":true,"href":"http:\/\/museumek.eu\/index.php?rest_route=%2Fwp%2Fv2%2Fcomments&post=30648"}],"version-history":[{"count":6,"href":"http:\/\/museumek.eu\/index.php?rest_route=\/wp\/v2\/pages\/30648\/revisions"}],"predecessor-version":[{"id":35709,"href":"http:\/\/museumek.eu\/index.php?rest_route=\/wp\/v2\/pages\/30648\/revisions\/35709"}],"up":[{"embeddable":true,"href":"http:\/\/museumek.eu\/index.php?rest_route=\/wp\/v2\/pages\/11506"}],"wp:attachment":[{"href":"http:\/\/museumek.eu\/index.php?rest_route=%2Fwp%2Fv2%2Fmedia&parent=30648"}],"curies":[{"name":"wp","href":"https:\/\/api.w.org\/{rel}","templated":true}]}}